{"id":9921,"date":"2021-06-16T14:37:13","date_gmt":"2021-06-16T14:37:13","guid":{"rendered":"https:\/\/www.inventec.dehon.com\/product\/ecofrec-pop-ws30\/"},"modified":"2026-01-20T13:46:58","modified_gmt":"2026-01-20T12:46:58","slug":"ecofrec-pop-ws30","status":"publish","type":"product","link":"https:\/\/www.inventec.dehon.com\/de\/product\/ecofrec-pop-ws30\/","title":{"rendered":"ECOFREC POP WS30"},"content":{"rendered":"<p><img decoding=\"async\" src=\"https:\/\/www.inventec.dehon.com\/wp-content\/uploads\/2021\/06\/Ecofrec-syringe-tacky-flux-1-600x600.png\" alt=\"ECOFREC POP WS30\" class=\"responsive-img\" align=\"right\" style=\"border-radius:10px; margin-bottom:10px; margin-top:-10px; margin-left:15px; width:300px\" \/><\/p>\n<h2 style=\"color:#9bc947; margin-bottom:15px\">Wasserbasierter klebriger Flussmittel<\/h2>\n<ul>\n<li>Wasserl\u00f6sliches klebriges Flussmittel<\/li>\n<li>PoP- und Flip-Chip-Verfahren<\/li>\n<li>Ausgezeichnete Benetzungseigenschaften<\/li>\n<\/ul>\n<h5>ECOFREC POP WS30<\/h5>\n<p>Ist ein wasserl\u00f6sliches, klebriges Flussmittel, das f\u00fcr Package-on-Package- und Flip-Chip-Prozesse entwickelt wurde. Es eignet sich f\u00fcr bleifreies und verbleites L\u00f6ten, mit oder ohne Stickstoff. <\/p>\n<p>Die Rheologie und die Klebrigkeit von <strong>ECOFREC POP WS30<\/strong> sind so optimiert, dass die Verpackungen vor und w\u00e4hrend des Reflows ausreichend fixiert werden. Die Leiterplatte muss nach dem L\u00f6ten mit einem wasserbasierten Verfahren gereinigt werden.<\/p>\n<p><!-- FEATURES Section --><\/p>\n<div style=\"font-weight:bold; border-bottom:2px solid #9DBB2F; padding-bottom:6px; margin-bottom:10px;\">\n  MERKMALE\n<\/div>\n<table width=\"100%\" cellpadding=\"0\" cellspacing=\"0\" style=\"border-collapse:collapse; width:100%; max-width:100%;\">\n<tr>\n<th align=\"left\" style=\"background:#7A7A7A; color:#fff; padding:8px 12px; border:1px solid #BDBDBD;\">SPEZIFIKATIONEN<\/th>\n<th align=\"left\" style=\"background:#7A7A7A; color:#fff; padding:8px 12px; border:1px solid #BDBDBD;\">ECOFREC POP WS30<\/th>\n<\/tr>\n<tr>\n<td style=\"padding:8px 12px; border:1px solid #BDBDBD;\">Farbe<\/td>\n<td style=\"padding:8px 12px; border:1px solid #BDBDBD;\">Hellgelb<\/td>\n<\/tr>\n<tr style=\"background:#E6E6E6;\">\n<td style=\"padding:8px 12px; border:1px solid #BDBDBD;\">Geruch<\/td>\n<td style=\"padding:8px 12px; border:1px solid #BDBDBD;\">Sehr gering<\/td>\n<\/tr>\n<tr>\n<td style=\"padding:8px 12px; border:1px solid #BDBDBD;\">L\u00f6slichkeit in Wasser<\/td>\n<td style=\"padding:8px 12px; border:1px solid #BDBDBD;\">L\u00f6slich<\/td>\n<\/tr>\n<tr style=\"background:#E6E6E6;\">\n<td style=\"padding:8px 12px; border:1px solid #BDBDBD;\">L\u00f6slichkeit in Alkohol<\/td>\n<td style=\"padding:8px 12px; border:1px solid #BDBDBD;\">L\u00f6slich<\/td>\n<\/tr>\n<tr>\n<td style=\"padding:8px 12px; border:1px solid #BDBDBD;\">Dichte bei 20 \u00b0C<\/td>\n<td style=\"padding:8px 12px; border:1px solid #BDBDBD;\">Etwa 1<\/td>\n<\/tr>\n<tr style=\"background:#E6E6E6;\">\n<td style=\"padding:8px 12px; border:1px solid #BDBDBD;\">Typische Viskosit\u00e4t bei 25 \u00b0C<br \/>Thermowissenschaftliches Rheometer*<\/td>\n<td style=\"padding:8px 12px; border:1px solid #BDBDBD;\">Etwa 20 Pa.s<\/td>\n<\/tr>\n<\/table>\n<p style=\"font-size:12px;\">*Die zum Testen verwendete Ausr\u00fcstung ist Platte\/Platte mobil mit 35 mm Durchmesser<\/p>\n<p><!-- CHARACTERISTICS Section --><\/p>\n<div style=\"font-weight:bold; border-bottom:2px solid #9DBB2F; padding-bottom:6px; margin:30px 0 10px 0;\">\n  KENNDATEN\n<\/div>\n<table width=\"100%\" cellpadding=\"0\" cellspacing=\"0\" style=\"border-collapse:collapse; width:100%; max-width:100%;\">\n<tr>\n<th align=\"left\" style=\"background:#7A7A7A; color:#fff; padding:8px 12px; border:1px solid #BDBDBD;\">KENNDATEN<\/th>\n<th align=\"left\" style=\"background:#7A7A7A; color:#fff; padding:8px 12px; border:1px solid #BDBDBD;\">WERTE<\/th>\n<th align=\"left\" style=\"background:#7A7A7A; color:#fff; padding:8px 12px; border:1px solid #BDBDBD;\">METHODEN<\/th>\n<\/tr>\n<tr>\n<td style=\"padding:8px 12px; border:1px solid #BDBDBD;\">Flussmittelklassifizierung<\/td>\n<td style=\"padding:8px 12px; border:1px solid #BDBDBD;\">REH1 \/ 122<\/td>\n<td style=\"padding:8px 12px; border:1px solid #BDBDBD;\">ANSI\/J-STD-004 \/ ISO 9454<\/td>\n<\/tr>\n<tr style=\"background:#E6E6E6;\">\n<td style=\"padding:8px 12px; border:1px solid #BDBDBD;\">Lotperlenbildungstest<\/td>\n<td style=\"padding:8px 12px; border:1px solid #BDBDBD;\">OK<\/td>\n<td style=\"padding:8px 12px; border:1px solid #BDBDBD;\">ANSI\/J-STD-005<\/td>\n<\/tr>\n<tr>\n<td style=\"padding:8px 12px; border:1px solid #BDBDBD;\">Kupferspiegeltest<\/td>\n<td style=\"padding:8px 12px; border:1px solid #BDBDBD;\">H OK<\/td>\n<td style=\"padding:8px 12px; border:1px solid #BDBDBD;\">ANSI\/J-STD-004<\/td>\n<\/tr>\n<tr style=\"background:#E6E6E6;\">\n<td style=\"padding:8px 12px; border:1px solid #BDBDBD;\">Kupferkorrosionstest hoch<\/td>\n<td style=\"padding:8px 12px; border:1px solid #BDBDBD;\">Bestanden<\/td>\n<td style=\"padding:8px 12px; border:1px solid #BDBDBD;\">ANSI\/J-STD-004<\/td>\n<\/tr>\n<\/table>\n","protected":false},"excerpt":{"rendered":"<ul>\n<li>Wasserl\u00f6sliches klebriges Flussmittel<\/li>\n<li>PoP- und Flip-Chip-Verfahren<\/li>\n<li>Ausgezeichnete Benetzungseigenschaften<\/li>\n<\/ul>\n<p><a href=\"https:\/\/www.inventec.dehon.com\/wp-content\/uploads\/2023\/07\/GW-Score-47.png\"><img decoding=\"async\" class=\"alignleft size-full wp-image-15530\" src=\"https:\/\/www.inventec.dehon.com\/wp-content\/uploads\/2023\/07\/GW-Score-47.png\" alt=\"\" width=\"278\" height=\"236\" \/><\/a><\/p>\n","protected":false},"featured_media":4019,"comment_status":"closed","ping_status":"closed","template":"","meta":{"_acf_changed":false,"inline_featured_image":false},"product_brand":[],"product_cat":[2849,2850,2845],"product_tag":[5095,5083,1459,5035,3997,1460,5326,3995,5254,1461],"class_list":{"0":"post-9921","1":"product","2":"type-product","3":"status-publish","4":"has-post-thumbnail","6":"product_cat-flip-chip-und-csp-verpackungsprozess-fur-halbleiter","7":"product_cat-pop-montageprozess-fur-halbleiter","8":"product_cat-tacky-flux-hochviskose-flussmittellosungen","9":"product_tag-blei","10":"product_tag-bleifrei","11":"product_tag-ecofrec-pop-ws30-de","12":"product_tag-exzellente-benetzung","13":"product_tag-flip-chip-de","14":"product_tag-pop-de","15":"product_tag-stickstoff","16":"product_tag-tacky-flux-de","17":"product_tag-wasserbasiert-de","18":"product_tag-ws30-de","19":"pa_application-flip-chip-de","20":"pa_application-pop-de","21":"pa_brand-ecofrec-de-2","22":"pa_features-wasserbasiert","23":"pa_product-category-klebriges-flussmittel","25":"first","26":"instock","27":"shipping-taxable","28":"product-type-simple"},"acf":[],"_links":{"self":[{"href":"https:\/\/www.inventec.dehon.com\/de\/wp-json\/wp\/v2\/product\/9921","targetHints":{"allow":["GET"]}}],"collection":[{"href":"https:\/\/www.inventec.dehon.com\/de\/wp-json\/wp\/v2\/product"}],"about":[{"href":"https:\/\/www.inventec.dehon.com\/de\/wp-json\/wp\/v2\/types\/product"}],"replies":[{"embeddable":true,"href":"https:\/\/www.inventec.dehon.com\/de\/wp-json\/wp\/v2\/comments?post=9921"}],"wp:featuredmedia":[{"embeddable":true,"href":"https:\/\/www.inventec.dehon.com\/de\/wp-json\/wp\/v2\/media\/4019"}],"wp:attachment":[{"href":"https:\/\/www.inventec.dehon.com\/de\/wp-json\/wp\/v2\/media?parent=9921"}],"wp:term":[{"taxonomy":"product_brand","embeddable":true,"href":"https:\/\/www.inventec.dehon.com\/de\/wp-json\/wp\/v2\/product_brand?post=9921"},{"taxonomy":"product_cat","embeddable":true,"href":"https:\/\/www.inventec.dehon.com\/de\/wp-json\/wp\/v2\/product_cat?post=9921"},{"taxonomy":"product_tag","embeddable":true,"href":"https:\/\/www.inventec.dehon.com\/de\/wp-json\/wp\/v2\/product_tag?post=9921"}],"curies":[{"name":"wp","href":"https:\/\/api.w.org\/{rel}","templated":true}]}}