{"id":9919,"date":"2021-06-16T14:58:46","date_gmt":"2021-06-16T14:58:46","guid":{"rendered":"https:\/\/www.inventec.dehon.com\/product\/ecofrec-tf48\/"},"modified":"2026-01-21T09:52:34","modified_gmt":"2026-01-21T08:52:34","slug":"ecofrec-tf48","status":"publish","type":"product","link":"https:\/\/www.inventec.dehon.com\/de\/product\/ecofrec-tf48\/","title":{"rendered":"ECOFREC TF48"},"content":{"rendered":"<p><img decoding=\"async\" src=\"https:\/\/www.inventec.dehon.com\/wp-content\/uploads\/2021\/06\/Ecofrec-syringe-tacky-flux-1-600x600.png\" alt=\"ECOFREC TF48\" class=\"responsive-img\" align=\"right\" style=\"border-radius:10px; margin-bottom:10px; margin-top:-10px; margin-left:15px; width:300px\" \/><\/p>\n<h2 style=\"color:#9bc947; margin-bottom:15px\">Exzellentes Drucken bei hoher Viskosit\u00e4t<\/h2>\n<ul>\n<li>Kein sauberes klebriges Flussmittel<\/li>\n<li>Flip Chip, Kugeln l\u00f6ten &amp; Komponenten nacharbeiten<\/li>\n<li>Ausgezeichneter Druck und hohe Viskosit\u00e4t<\/li>\n<\/ul>\n<h5>ECOFREC TF48<\/h5>\n<p>Ist ein halogenfreies, nicht zu reinigendes, klebriges Flussmittel, das f\u00fcr bleifreie und verbleite Anwendungen entwickelt wurde. Nach dem Reflow ist der R\u00fcckstand nicht korrosiv. Klassenbester f\u00fcr Dosier-, Tauch- und insbesondere f\u00fcr Druckanwendungen.<\/p>\n<p><strong>ECOFREC TF48<\/strong> kann punktuell mit einer Spritze, durch Eintauchen, mit einem Pinsel oder durch Siebdruck unter Verwendung einer Schablone aufgetragen werden.<\/p>\n<p>Nach der Anwendung weist <strong>ECOFREC TF48<\/strong> eine gute Haftkraft auf und erm\u00f6glicht das Fixieren der Bauteile, bis die Refusion der Legierung mithilfe einer Hei\u00dfluftstation, eines Infrarotofens, eines Konvektionsofens, eines Dampffasenofens oder eines L\u00f6tkolbens erfolgt.<\/p>\n<p><!-- EIGENSCHAFTEN Section --><\/p>\n<div style=\"font-weight:bold; text-transform:uppercase; border-bottom:2px solid #9DBB2F; padding-bottom:6px; margin-bottom:10px;\">\n  EIGENSCHAFTEN\n<\/div>\n<table width=\"100%\" cellpadding=\"0\" cellspacing=\"0\" style=\"border-collapse:collapse; width:100%; max-width:100%;\">\n<tr>\n<th align=\"left\" style=\"background:#7A7A7A; color:#fff; padding:8px 12px; border:1px solid #BDBDBD;\">\n      SPEZIFIKATIONEN\n    <\/th>\n<th align=\"left\" style=\"background:#7A7A7A; color:#fff; padding:8px 12px; border:1px solid #BDBDBD;\">\n      ECOFREC TF48\n    <\/th>\n<\/tr>\n<tr>\n<td style=\"padding:8px 12px; border:1px solid #BDBDBD;\">\n      Aussehen des Flussmittels\n    <\/td>\n<td style=\"padding:8px 12px; border:1px solid #BDBDBD;\">\n      Bernsteinfarben\n    <\/td>\n<\/tr>\n<tr style=\"background:#E6E6E6;\">\n<td style=\"padding:8px 12px; border:1px solid #BDBDBD;\">\n      Dichte bei 20\u00b0C (g\/cm\u00b3)\n    <\/td>\n<td style=\"padding:8px 12px; border:1px solid #BDBDBD;\">\n      1\n    <\/td>\n<\/tr>\n<tr>\n<td style=\"padding:8px 12px; border:1px solid #BDBDBD;\">\n      Wasserl\u00f6slichkeit\n    <\/td>\n<td style=\"padding:8px 12px; border:1px solid #BDBDBD;\">\n      Unl\u00f6slich\n    <\/td>\n<\/tr>\n<tr style=\"background:#E6E6E6;\">\n<td style=\"padding:8px 12px; border:1px solid #BDBDBD;\">\n      Alkoholl\u00f6slichkeit\n    <\/td>\n<td style=\"padding:8px 12px; border:1px solid #BDBDBD;\">\n      L\u00f6slich\n    <\/td>\n<\/tr>\n<tr>\n<td style=\"padding:8px 12px; border:1px solid #BDBDBD;\">\n      Halogen\n    <\/td>\n<td style=\"padding:8px 12px; border:1px solid #BDBDBD;\">\n      Halogenfrei\n    <\/td>\n<\/tr>\n<tr style=\"background:#E6E6E6;\">\n<td style=\"padding:8px 12px; border:1px solid #BDBDBD;\">\n      Viskosit\u00e4t (Pa\u00b7s bei 20\u00b0C)<br \/>\n      (Brookfield RVT TF bei 5 RPM)\n    <\/td>\n<td style=\"padding:8px 12px; border:1px solid #BDBDBD;\">\n      350 \u2013 550\n    <\/td>\n<\/tr>\n<\/table>\n<p><!-- MERKMALE Section --><\/p>\n<div style=\"font-weight:bold; text-transform:uppercase; border-bottom:2px solid #9DBB2F; padding-bottom:6px; margin:30px 0 10px 0;\">\n  MERKMALE\n<\/div>\n<table width=\"100%\" cellpadding=\"0\" cellspacing=\"0\" style=\"border-collapse:collapse; width:100%; max-width:100%;\">\n<tr>\n<th align=\"left\" style=\"background:#7A7A7A; color:#fff; padding:8px 12px; border:1px solid #BDBDBD;\">\n      STANDARDPR\u00dcFUNGEN\n    <\/th>\n<th align=\"left\" style=\"background:#7A7A7A; color:#fff; padding:8px 12px; border:1px solid #BDBDBD;\">\n      ERGEBNISSE\n    <\/th>\n<th align=\"left\" style=\"background:#7A7A7A; color:#fff; padding:8px 12px; border:1px solid #BDBDBD;\">\n      VERFAHREN\n    <\/th>\n<\/tr>\n<tr>\n<td style=\"padding:8px 12px; border:1px solid #BDBDBD;\">\n      Flussmittelklassifizierung\n    <\/td>\n<td style=\"padding:8px 12px; border:1px solid #BDBDBD;\">\n      ROL0\n    <\/td>\n<td style=\"padding:8px 12px; border:1px solid #BDBDBD;\">\n      ANSI\/J-STD-004\n    <\/td>\n<\/tr>\n<tr style=\"background:#E6E6E6;\">\n<td style=\"padding:8px 12px; border:1px solid #BDBDBD;\">\n      Oberfl\u00e4chen-Isolationswiderstand \/<br \/>\n      Elektromigration (IPC)\n    <\/td>\n<td style=\"padding:8px 12px; border:1px solid #BDBDBD;\">\n      Bestanden\n    <\/td>\n<td style=\"padding:8px 12px; border:1px solid #BDBDBD;\">\n      ANSI\/J-STD-004\n    <\/td>\n<\/tr>\n<tr>\n<td style=\"padding:8px 12px; border:1px solid #BDBDBD;\">\n      BONO-Test<br \/>\n      85\u00b0C \/ 85% rF \u2013 15 Tage\n    <\/td>\n<td style=\"padding:8px 12px; border:1px solid #BDBDBD;\">\n      Bestanden: Fc &lt; 1%\n    <\/td>\n<td style=\"padding:8px 12px; border:1px solid #BDBDBD;\">\n      Inventec MO.SB.10029\n    <\/td>\n<\/tr>\n<tr style=\"background:#E6E6E6;\">\n<td style=\"padding:8px 12px; border:1px solid #BDBDBD;\">\n      Chromatpapier\n    <\/td>\n<td style=\"padding:8px 12px; border:1px solid #BDBDBD;\">\n      Bestanden\n    <\/td>\n<td style=\"padding:8px 12px; border:1px solid #BDBDBD;\">\n      ANSI\/J-STD-004\n    <\/td>\n<\/tr>\n<tr>\n<td style=\"padding:8px 12px; border:1px solid #BDBDBD;\">\n      Kupferspiegel\n    <\/td>\n<td style=\"padding:8px 12px; border:1px solid #BDBDBD;\">\n      Bestanden\n    <\/td>\n<td style=\"padding:8px 12px; border:1px solid #BDBDBD;\">\n      ANSI\/J-STD-004\n    <\/td>\n<\/tr>\n<\/table>\n","protected":false},"excerpt":{"rendered":"<ul>\n<li>Kein sauberes klebriges Flussmittel<\/li>\n<li>Flip Chip, Kugeln l\u00f6ten &amp; Komponenten nacharbeiten<\/li>\n<li>Ausgezeichneter Druck und hohe Viskosit\u00e4t<\/li>\n<\/ul>\n","protected":false},"featured_media":4019,"comment_status":"closed","ping_status":"closed","template":"","meta":{"_acf_changed":false,"inline_featured_image":false},"product_brand":[],"product_cat":[2847,2849,2853,2845],"product_tag":[3996,5402,5031,4639,1472,3997,5390,5382,5386,4611,5378,4635,5346,5306,1460,5398,3998,5210,3995,1473,3999,5230,5394],"class_list":{"0":"post-9919","1":"product","2":"type-product","3":"status-publish","4":"has-post-thumbnail","6":"product_cat-ball-attach-verpackungsprozess-fur-halbleiter","7":"product_cat-flip-chip-und-csp-verpackungsprozess-fur-halbleiter","8":"product_cat-reparaturlosungen-fur-lotflussmittel","9":"product_cat-tacky-flux-hochviskose-flussmittellosungen","10":"product_tag-ball-attach-de","11":"product_tag-bauteilnacharbeit","12":"product_tag-dosierung","13":"product_tag-durch-eintauchen-auftragen","14":"product_tag-ecofrec-tf48-de","15":"product_tag-flip-chip-de","16":"product_tag-hohe-viskositaet","17":"product_tag-kugel","18":"product_tag-kugelloeten","19":"product_tag-loesungsmittelbasiert","20":"product_tag-loetkugel","21":"product_tag-mit-pinsel-auftragen","22":"product_tag-nacharbeit","23":"product_tag-no-clean","24":"product_tag-pop-de","25":"product_tag-schablonendruck","26":"product_tag-smt-de","27":"product_tag-smt-loten","28":"product_tag-tacky-flux-de","29":"product_tag-tf48-de","30":"product_tag-tht-de","31":"product_tag-tht-loten","32":"product_tag-viskositaet","33":"pa_application-ball-attach-de","34":"pa_application-flip-chip-de","35":"pa_application-pop-de","36":"pa_application-smt-thtloeten","37":"pa_brand-ecofrec-de-2","38":"pa_features-loesungsmittelbasiert","39":"pa_processes-auftrag-durch-tauchen","40":"pa_processes-auftrag-mit-pinsel","41":"pa_processes-dosierung","42":"pa_processes-druck","43":"pa_product-category-klebriges-flussmittel","45":"first","46":"instock","47":"shipping-taxable","48":"product-type-simple"},"acf":[],"_links":{"self":[{"href":"https:\/\/www.inventec.dehon.com\/de\/wp-json\/wp\/v2\/product\/9919","targetHints":{"allow":["GET"]}}],"collection":[{"href":"https:\/\/www.inventec.dehon.com\/de\/wp-json\/wp\/v2\/product"}],"about":[{"href":"https:\/\/www.inventec.dehon.com\/de\/wp-json\/wp\/v2\/types\/product"}],"replies":[{"embeddable":true,"href":"https:\/\/www.inventec.dehon.com\/de\/wp-json\/wp\/v2\/comments?post=9919"}],"wp:featuredmedia":[{"embeddable":true,"href":"https:\/\/www.inventec.dehon.com\/de\/wp-json\/wp\/v2\/media\/4019"}],"wp:attachment":[{"href":"https:\/\/www.inventec.dehon.com\/de\/wp-json\/wp\/v2\/media?parent=9919"}],"wp:term":[{"taxonomy":"product_brand","embeddable":true,"href":"https:\/\/www.inventec.dehon.com\/de\/wp-json\/wp\/v2\/product_brand?post=9919"},{"taxonomy":"product_cat","embeddable":true,"href":"https:\/\/www.inventec.dehon.com\/de\/wp-json\/wp\/v2\/product_cat?post=9919"},{"taxonomy":"product_tag","embeddable":true,"href":"https:\/\/www.inventec.dehon.com\/de\/wp-json\/wp\/v2\/product_tag?post=9919"}],"curies":[{"name":"wp","href":"https:\/\/api.w.org\/{rel}","templated":true}]}}