{"id":9910,"date":"2021-05-12T15:14:22","date_gmt":"2021-05-12T15:14:22","guid":{"rendered":"https:\/\/www.inventec.dehon.com\/product\/topklean-el-20p\/"},"modified":"2026-01-29T13:46:15","modified_gmt":"2026-01-29T12:46:15","slug":"topklean-el-20p","status":"publish","type":"product","link":"https:\/\/www.inventec.dehon.com\/de\/product\/topklean-el-20p\/","title":{"rendered":"TOPKLEAN EL 20P"},"content":{"rendered":"<p><img decoding=\"async\" src=\"https:\/\/www.inventec.dehon.com\/wp-content\/uploads\/2021\/03\/TOPKLEAN-canister-yellow-1-600x600.jpg\" alt=\"TOPKLEAN EL 20P\" class=\"responsive-img\" align=\"right\" style=\"border-radius:10px; margin-bottom:10px; margin-top:-10px; margin-left:15px; width:300px\" \/><\/p>\n<h2 style=\"color:#9bc947; margin-bottom:15px\">Hochleistungs-Flussmittelr\u00fcckstandreiniger<\/h2>\n<ul>\n<li>Beseitigung von Flussmittelr\u00fcckst\u00e4nden<\/li>\n<li>Co-L\u00f6sungsmittel-Verfahren<\/li>\n<li>Schnellster Reinigungsprozess &amp; nachhaltige L\u00f6sung<\/li>\n<\/ul>\n<h5>TOPKLEAN EL 20P<\/h5>\n<p>Wurde speziell f\u00fcr die Reinigung von L\u00f6tflussmittelr\u00fcckst\u00e4nden nach dem Reflowprozess entwickelt. Es ist eine weiterentwickelte Formulierung von <a href=\"https:\/\/www.inventec.dehon.com\/de\/product\/topklean-el-20a\/\">TOPKLEAN EL 20A<\/a> mit verbesserter Nachhaltigkeit und einer Reduzierung der Oberfl\u00e4chenspannung, um eine bessere Reinigung bei sehr niedrigen Bauteilabst\u00e4nden zu erm\u00f6glichen. Seine ausgezeichnete F\u00e4higkeit, organische und mineralische Verbindungen zu l\u00f6sen, erm\u00f6glicht es, fast alle Flussmittelr\u00fcckst\u00e4nde zu entfernen, die heute in der Elektronikindustrie verwendet werden. Es hinterl\u00e4sst keine wei\u00dfen R\u00fcckst\u00e4nde und sorgt au\u00dferdem f\u00fcr einen Glanzeffekt auf Legierungen und Metallen.<\/p>\n<p>Es wird im Co-Solvent-Verfahren verwendet, um einen schnellen und nachhaltigen Reinigungsprozess mit sehr hoher Reinigungseffizienz zu bieten. In diesem Prozess wird <strong>TOPKLEAN EL 20P<\/strong> perfekt mit Sp\u00fclfl\u00fcssigkeiten auf Hydrofluorether (HFE)-Basis von 3M\u2122 Novec oder unserer eigenen PROMOSOLV\u2122 -Reihe gesp\u00fclt. Dank der sehr geringen Oberfl\u00e4chenspannung von HFE dringen die Sp\u00fclungen auch in sehr enge Zwischenr\u00e4ume und unter Bauteile mit geringem Abstand ein. Es l\u00f6st alle verbleibenden Flussmittelr\u00fcckst\u00e4nde auf, was zu einer sehr geringen Ionenkontamination f\u00fchrt. Au\u00dferdem besteht im Vergleich zu einem wasserbasierten Reinigungssystem keine Korrosionsgefahr, da kein Restwasser auf den Platten verbleibt.<\/p>\n<p>Das Co-Solvent-Verfahren ist seit \u00fcber 15 Jahren bahnbrechend und wird von mehreren Akteuren in der Elektronikindustrie qualifiziert und eingesetzt.<\/p>\n<p><!-- SPECIFICATIONS Section --><\/p>\n<div style=\"font-weight:bold; text-transform:uppercase; border-bottom:2px solid #9DBB2F; padding-bottom:6px; margin-bottom:10px;\">\n  SPEZIFIKATIONEN\n<\/div>\n<table width=\"100%\" cellpadding=\"0\" cellspacing=\"0\" style=\"border-collapse:collapse; width:100%; max-width:100%;\">\n<tr>\n<th align=\"left\" style=\"background:#7A7A7A; color:#fff; padding:8px 12px; border:1px solid #BDBDBD;\">SPEZIFIKATIONEN<\/th>\n<th align=\"left\" style=\"background:#7A7A7A; color:#fff; padding:8px 12px; border:1px solid #BDBDBD;\">WERTE<\/th>\n<th align=\"left\" style=\"background:#7A7A7A; color:#fff; padding:8px 12px; border:1px solid #BDBDBD;\">METHODEN<\/th>\n<\/tr>\n<tr>\n<td style=\"padding:8px 12px; border:1px solid #BDBDBD;\">Aspekt<\/td>\n<td style=\"padding:8px 12px; border:1px solid #BDBDBD;\">Transparent, farblos<\/td>\n<td style=\"padding:8px 12px; border:1px solid #BDBDBD;\">Visuell<\/td>\n<\/tr>\n<tr style=\"background:#E6E6E6;\">\n<td style=\"padding:8px 12px; border:1px solid #BDBDBD;\">Dichte bei 20\u00b0C (g\/ml)<\/td>\n<td style=\"padding:8px 12px; border:1px solid #BDBDBD;\">0.880 \u00b1 0.020<\/td>\n<td style=\"padding:8px 12px; border:1px solid #BDBDBD;\">BRY MO 028<\/td>\n<\/tr>\n<\/table>\n<p><!-- CHARACTERISTICS Section --><\/p>\n<div style=\"font-weight:bold; text-transform:uppercase; border-bottom:2px solid #9DBB2F; padding-bottom:6px; margin:30px 0 10px 0;\">\n  KENNDATEN\n<\/div>\n<table width=\"100%\" cellpadding=\"0\" cellspacing=\"0\" style=\"border-collapse:collapse; width:100%; max-width:100%;\">\n<tr>\n<th align=\"left\" style=\"background:#7A7A7A; color:#fff; padding:8px 12px; border:1px solid #BDBDBD;\">KENNDATEN<\/th>\n<th align=\"left\" style=\"background:#7A7A7A; color:#fff; padding:8px 12px; border:1px solid #BDBDBD;\">WERTE<\/th>\n<th align=\"left\" style=\"background:#7A7A7A; color:#fff; padding:8px 12px; border:1px solid #BDBDBD;\">METHODEN<\/th>\n<\/tr>\n<tr>\n<td style=\"padding:8px 12px; border:1px solid #BDBDBD;\">Flammpunkt (PMCC)<\/td>\n<td style=\"padding:8px 12px; border:1px solid #BDBDBD;\">62.5\u00b0C \/ 144.5 \u00b0F<\/td>\n<td style=\"padding:8px 12px; border:1px solid #BDBDBD;\">ASTM D93<\/td>\n<\/tr>\n<tr style=\"background:#E6E6E6;\">\n<td style=\"padding:8px 12px; border:1px solid #BDBDBD;\">Oberfl\u00e4chenspannung bei 20\u00b0C (dyn\/cm)<\/td>\n<td style=\"padding:8px 12px; border:1px solid #BDBDBD;\">38<\/td>\n<td style=\"padding:8px 12px; border:1px solid #BDBDBD;\">ASTM D971<\/td>\n<\/tr>\n<tr>\n<td style=\"padding:8px 12px; border:1px solid #BDBDBD;\">Relative Verdunstungsrate: nBuAc=1<\/td>\n<td style=\"padding:8px 12px; border:1px solid #BDBDBD;\">0,077<\/td>\n<td style=\"padding:8px 12px; border:1px solid #BDBDBD;\">ASTM D3539<\/td>\n<\/tr>\n<tr style=\"background:#E6E6E6;\">\n<td style=\"padding:8px 12px; border:1px solid #BDBDBD;\">Mischbarkeit in Wasser<\/td>\n<td style=\"padding:8px 12px; border:1px solid #BDBDBD;\">Teilweise mischbar<\/td>\n<td style=\"padding:8px 12px; border:1px solid #BDBDBD;\">Intern<\/td>\n<\/tr>\n<tr>\n<td style=\"padding:8px 12px; border:1px solid #BDBDBD;\">Vorhandensein von aromatischen Verbindungen (% Gew.)<\/td>\n<td style=\"padding:8px 12px; border:1px solid #BDBDBD;\">&lt; 0.1<\/td>\n<td style=\"padding:8px 12px; border:1px solid #BDBDBD;\">SMS 2728<\/td>\n<\/tr>\n<tr style=\"background:#E6E6E6;\">\n<td style=\"padding:8px 12px; border:1px solid #BDBDBD;\">Wassergehalt (% Gew.)<\/td>\n<td style=\"padding:8px 12px; border:1px solid #BDBDBD;\">&lt; 0.1<\/td>\n<td style=\"padding:8px 12px; border:1px solid #BDBDBD;\">ASTM E1364<\/td>\n<\/tr>\n<tr>\n<td style=\"padding:8px 12px; border:1px solid #BDBDBD;\">Siedebereich (\u00b0C \/ \u00b0K)<\/td>\n<td style=\"padding:8px 12px; border:1px solid #BDBDBD;\">180-210 \u00b0C \/ 356-410 \u00b0F<\/td>\n<td style=\"padding:8px 12px; border:1px solid #BDBDBD;\">ASTM D1078<\/td>\n<\/tr>\n<\/table>\n","protected":false},"excerpt":{"rendered":"<ul>\n<li>Beseitigung von Flussmittelr\u00fcckst\u00e4nden<\/li>\n<li>Co-L\u00f6sungsmittel-Verfahren<\/li>\n<li>Schnellster Reinigungsprozess &amp; nachhaltige L\u00f6sung<\/li>\n<\/ul>\n","protected":false},"featured_media":24450,"comment_status":"closed","ping_status":"closed","template":"","meta":{"_acf_changed":false,"inline_featured_image":false},"product_brand":[],"product_cat":[411,2855],"product_tag":[2202,4282,2106,2194,4298,4302,4286,4314,4326,4374,547,4185,4386,4382,2042,2193,4390],"class_list":{"0":"post-9910","1":"product","2":"type-product","3":"status-publish","4":"has-post-thumbnail","6":"industries-elektronik-und-elektrische-systeme","7":"industries-komfort-fahrhilfe-adas","8":"industries-medizinische-gerate-scanner","9":"product_cat-reinigung","10":"product_cat-reinigung-und-flussmittelentfernung-von-leiterplatten","11":"product_tag-20p-de","12":"product_tag-co-losungsmittel","13":"product_tag-el-de","14":"product_tag-el-20p-de","15":"product_tag-elektronik","16":"product_tag-elektronikindustrie","17":"product_tag-flussmittelentfernung-de","18":"product_tag-flussmittelruckstande","19":"product_tag-greenway","20":"product_tag-kein-gwp","21":"product_tag-losungsmittel","22":"product_tag-loesungsmittelbasierte-reinigungsfluessigkeiten","23":"product_tag-nicht-entzundlich","24":"product_tag-nicht-korrosiv","25":"product_tag-topklean-de","26":"product_tag-topklean-el-20p-de","27":"product_tag-ungiftig","28":"pa_application-flussmittelentfernung","29":"pa_brand-topklean-de-2","30":"pa_features-greenway","31":"pa_processes-co-losungsmittel","32":"pa_product-category-loesungsmittelbasierte-reinigungsfluessigkeiten","34":"first","35":"instock","36":"shipping-taxable","37":"product-type-simple"},"acf":[],"_links":{"self":[{"href":"https:\/\/www.inventec.dehon.com\/de\/wp-json\/wp\/v2\/product\/9910","targetHints":{"allow":["GET"]}}],"collection":[{"href":"https:\/\/www.inventec.dehon.com\/de\/wp-json\/wp\/v2\/product"}],"about":[{"href":"https:\/\/www.inventec.dehon.com\/de\/wp-json\/wp\/v2\/types\/product"}],"replies":[{"embeddable":true,"href":"https:\/\/www.inventec.dehon.com\/de\/wp-json\/wp\/v2\/comments?post=9910"}],"wp:featuredmedia":[{"embeddable":true,"href":"https:\/\/www.inventec.dehon.com\/de\/wp-json\/wp\/v2\/media\/24450"}],"wp:attachment":[{"href":"https:\/\/www.inventec.dehon.com\/de\/wp-json\/wp\/v2\/media?parent=9910"}],"wp:term":[{"taxonomy":"product_brand","embeddable":true,"href":"https:\/\/www.inventec.dehon.com\/de\/wp-json\/wp\/v2\/product_brand?post=9910"},{"taxonomy":"product_cat","embeddable":true,"href":"https:\/\/www.inventec.dehon.com\/de\/wp-json\/wp\/v2\/product_cat?post=9910"},{"taxonomy":"product_tag","embeddable":true,"href":"https:\/\/www.inventec.dehon.com\/de\/wp-json\/wp\/v2\/product_tag?post=9910"}],"curies":[{"name":"wp","href":"https:\/\/api.w.org\/{rel}","templated":true}]}}