{"id":9840,"date":"2021-05-14T09:34:58","date_gmt":"2021-05-14T09:34:58","guid":{"rendered":"https:\/\/www.inventec.dehon.com\/product\/promoclean-disper-607\/"},"modified":"2026-01-27T13:49:10","modified_gmt":"2026-01-27T12:49:10","slug":"promoclean-disper-607","status":"publish","type":"product","link":"https:\/\/www.inventec.dehon.com\/de\/product\/promoclean-disper-607\/","title":{"rendered":"PROMOCLEAN DISPER 607"},"content":{"rendered":"<p><img decoding=\"async\" src=\"https:\/\/www.inventec.dehon.com\/wp-content\/uploads\/2021\/04\/PROMOCLEAN-canister-blue.png\" alt=\"PROMOCLEAN DISPER 607\" class=\"responsive-img\" align=\"right\" style=\"border-radius:10px; margin-bottom:10px; margin-top:-10px; margin-left:15px; width:300px\" \/><\/p>\n<h2 style=\"color: #9bc947; margin-bottom: 15px;\">Effiziente Entfernung von Flussmittelr\u00fcckst\u00e4nden auf PCBA &#038; Komponenten<\/h2>\n<ul>\n<li>Beseitigung von Flussmittelr\u00fcckst\u00e4nden<\/li>\n<li>W\u00e4ssriges Spray-in-Air- und Immersionsstrahlverfahren<\/li>\n<li>Sehr geringe Auswirkungen auf HSE<\/li>\n<\/ul>\n<h5>PROMOCLEAN DISPER 607<\/h5>\n<p>Wurde speziell f\u00fcr die Entfernung von Flussmittelr\u00fcckst\u00e4nden aller Art entwickelt. Dank seiner ausgezeichneten Antischaumeigenschaften ist es f\u00fcr wasserbasierte Spray-in-Air- und Immersionsstrahlverfahren geeignet. Die kontrollierte Alkalit\u00e4t sorgt daf\u00fcr, dass dieses Produkt mit Aluminium und anderen empfindlichen Materialien vertr\u00e4glich ist, aber dennoch eine hohe Reinigungskraft hat.<\/p>\n<p><strong>PROMOCLEAN DISPER 607<\/strong> ist f\u00fcr die Reinigung von PCBAs, Leistungsmodulen, Leadframes, BGAs, PoP- oder SIP-Anwendungen und LED-Baugruppen bestimmt. Seine niedrige Oberfl\u00e4chenspannung erm\u00f6glicht eine sehr gute Reinigung und Sp\u00fclung unter niedrig stehenden Bauteilen und schwer zug\u00e4nglichen Stellen.<\/p>\n<p>Es handelt sich um ein konzentriertes Produkt, das mit DI-Wasser verd\u00fcnnt verwendet wird und ab einer Verd\u00fcnnung von 20 % bis 30 % eine ausgezeichnete Reinigungsleistung aufweist.<\/p>\n<div style=\"font-family:Lato; color:#333;\">\n<div style=\"font-weight:bold; text-transform:uppercase; border-bottom:2px solid #9DBB2F; padding-bottom:6px; margin-bottom:10px;\">\n    SPEZIFIKATIONEN\n  <\/div>\n<table width=\"100%\" cellpadding=\"0\" cellspacing=\"0\" style=\"border-collapse:collapse; width:100%; max-width:100%;\">\n<tr>\n<th align=\"left\" style=\"background:#7A7A7A; color:#fff; padding:8px 12px; border:1px solid #BDBDBD;\">\n        SPEZIFIKATIONEN\n      <\/th>\n<th align=\"left\" style=\"background:#7A7A7A; color:#fff; padding:8px 12px; border:1px solid #BDBDBD;\">\n        WERTE\n      <\/th>\n<th align=\"left\" style=\"background:#7A7A7A; color:#fff; padding:8px 12px; border:1px solid #BDBDBD;\">\n        METHODEN\n      <\/th>\n<\/tr>\n<tr>\n<td style=\"padding:8px 12px; border:1px solid #BDBDBD;\">Aspekt<\/td>\n<td style=\"padding:8px 12px; border:1px solid #BDBDBD;\">Farblose bis leicht gelbe Fl\u00fcssigkeit<\/td>\n<td style=\"padding:8px 12px; border:1px solid #BDBDBD;\">Visuell<\/td>\n<\/tr>\n<tr style=\"background:#E6E6E6;\">\n<td style=\"padding:8px 12px; border:1px solid #BDBDBD;\">Dichte bei 20\u00b0C (g\/ml)<\/td>\n<td style=\"padding:8px 12px; border:1px solid #BDBDBD;\">1.00 \u00b1 0.01<\/td>\n<td style=\"padding:8px 12px; border:1px solid #BDBDBD;\">BRY-MO-028<\/td>\n<\/tr>\n<tr>\n<td style=\"padding:8px 12px; border:1px solid #BDBDBD;\">pH-Wert des reinen Produkts<\/td>\n<td style=\"padding:8px 12px; border:1px solid #BDBDBD;\">10.8 \u00b1 0.5<\/td>\n<td style=\"padding:8px 12px; border:1px solid #BDBDBD;\">BRY-MO-011<\/td>\n<\/tr>\n<\/table>\n<\/div>\n<div style=\"font-family:Lato; color:#333;\">\n<div style=\"font-weight:bold; text-transform:uppercase; border-bottom:2px solid #9DBB2F; padding-bottom:6px; margin:30px 0 10px;\">\n    KENNDATEN\n  <\/div>\n<table width=\"100%\" cellpadding=\"0\" cellspacing=\"0\" style=\"border-collapse:collapse; width:100%; max-width:100%;\">\n<tr>\n<th align=\"left\" style=\"background:#7A7A7A; color:#fff; padding:8px 12px; border:1px solid #BDBDBD;\">\n        KENNDATEN\n      <\/th>\n<th align=\"left\" style=\"background:#7A7A7A; color:#fff; padding:8px 12px; border:1px solid #BDBDBD;\">\n        WERTE\n      <\/th>\n<\/tr>\n<tr>\n<td style=\"padding:8px 12px; border:1px solid #BDBDBD;\">Flammpunkt<\/td>\n<td style=\"padding:8px 12px; border:1px solid #BDBDBD;\">keine<\/td>\n<\/tr>\n<tr style=\"background:#E6E6E6;\">\n<td style=\"padding:8px 12px; border:1px solid #BDBDBD;\">L\u00f6slichkeit in Wasser<\/td>\n<td style=\"padding:8px 12px; border:1px solid #BDBDBD;\">total l\u00f6slich<\/td>\n<\/tr>\n<tr>\n<td style=\"padding:8px 12px; border:1px solid #BDBDBD;\">Oberfl\u00e4chenspannung (dyn \/ cm)<\/td>\n<td style=\"padding:8px 12px; border:1px solid #BDBDBD;\">29,5<\/td>\n<\/tr>\n<tr style=\"background:#E6E6E6;\">\n<td style=\"padding:8px 12px; border:1px solid #BDBDBD;\">Benetzbarkeit mit NF T73420 (Sekunden)<\/td>\n<td style=\"padding:8px 12px; border:1px solid #BDBDBD;\">32<\/td>\n<\/tr>\n<\/table>\n<\/div>\n","protected":false},"excerpt":{"rendered":"<ul>\n<li>Beseitigung von Flussmittelr\u00fcckst\u00e4nden<\/li>\n<li>W\u00e4ssriges Spray-in-Air- und Immersionsstrahlverfahren<\/li>\n<li>Sehr geringe Auswirkungen auf HSE<\/li>\n<\/ul>\n<p><a href=\"https:\/\/www.inventec.dehon.com\/wp-content\/uploads\/2023\/06\/GW-Score-26.png\"><img decoding=\"async\" class=\"alignnone wp-image-14922\" src=\"https:\/\/www.inventec.dehon.com\/wp-content\/uploads\/2023\/06\/GW-Score-26.png\" alt=\"\" width=\"40\" height=\"34\" \/><\/a><\/p>\n","protected":false},"featured_media":2432,"comment_status":"closed","ping_status":"closed","template":"","meta":{"_acf_changed":false,"inline_featured_image":false},"product_brand":[],"product_cat":[411],"product_tag":[2705,2025,2704,4286,4326,4819,2007,2703,4454,4470,4262,4258,4254,4266],"class_list":{"0":"post-9840","1":"product","2":"type-product","3":"status-publish","4":"has-post-thumbnail","6":"product_cat-reinigung","7":"product_tag-607-de","8":"product_tag-disper-de","9":"product_tag-disper-607-de","10":"product_tag-flussmittelentfernung-de","11":"product_tag-greenway","12":"product_tag-pflanzlichen-ursprungs","13":"product_tag-promoclean-de","14":"product_tag-promoclean-disper-607-de","15":"product_tag-spray","16":"product_tag-ultraschall","17":"product_tag-ultraschall-wasserbad","18":"product_tag-wasserbad","19":"product_tag-wasserbasierte-reinigungsfluessigkeiten-de","20":"product_tag-wasserbasierte-spruehreinigung","21":"pa_application-flussmittelentfernung","22":"pa_brand-promoclean-de","23":"pa_features-greenway","24":"pa_processes-spray-auf-wasserbasis","25":"pa_processes-waessrige-ultraschallimmersion","26":"pa_product-category-wasserbasierte-reinigungsfluessigkeiten","28":"first","29":"instock","30":"shipping-taxable","31":"product-type-simple"},"acf":[],"_links":{"self":[{"href":"https:\/\/www.inventec.dehon.com\/de\/wp-json\/wp\/v2\/product\/9840","targetHints":{"allow":["GET"]}}],"collection":[{"href":"https:\/\/www.inventec.dehon.com\/de\/wp-json\/wp\/v2\/product"}],"about":[{"href":"https:\/\/www.inventec.dehon.com\/de\/wp-json\/wp\/v2\/types\/product"}],"replies":[{"embeddable":true,"href":"https:\/\/www.inventec.dehon.com\/de\/wp-json\/wp\/v2\/comments?post=9840"}],"wp:featuredmedia":[{"embeddable":true,"href":"https:\/\/www.inventec.dehon.com\/de\/wp-json\/wp\/v2\/media\/2432"}],"wp:attachment":[{"href":"https:\/\/www.inventec.dehon.com\/de\/wp-json\/wp\/v2\/media?parent=9840"}],"wp:term":[{"taxonomy":"product_brand","embeddable":true,"href":"https:\/\/www.inventec.dehon.com\/de\/wp-json\/wp\/v2\/product_brand?post=9840"},{"taxonomy":"product_cat","embeddable":true,"href":"https:\/\/www.inventec.dehon.com\/de\/wp-json\/wp\/v2\/product_cat?post=9840"},{"taxonomy":"product_tag","embeddable":true,"href":"https:\/\/www.inventec.dehon.com\/de\/wp-json\/wp\/v2\/product_tag?post=9840"}],"curies":[{"name":"wp","href":"https:\/\/api.w.org\/{rel}","templated":true}]}}