{"id":9805,"date":"2021-12-07T09:54:41","date_gmt":"2021-12-07T09:54:41","guid":{"rendered":"https:\/\/www.inventec.dehon.com\/product\/promosolv-dr3\/"},"modified":"2026-01-28T14:18:01","modified_gmt":"2026-01-28T13:18:01","slug":"promosolv-dr3","status":"publish","type":"product","link":"https:\/\/www.inventec.dehon.com\/de\/product\/promosolv-dr3\/","title":{"rendered":"PROMOSOLV DR3"},"content":{"rendered":"<p><img decoding=\"async\" src=\"https:\/\/www.inventec.dehon.com\/wp-content\/uploads\/2021\/03\/PROMOSOLV-drum-colorless-Ecoprog-600x600.png\" alt=\"PROMOSOLV DR3\" class=\"responsive-img\" align=\"right\" style=\"border-radius:10px; margin-bottom:10px; margin-top:-10px; margin-left:15px; width:300px\" \/><\/p>\n<h2 style=\"color:#9bc947; margin-bottom:15px\">nachhaltiges Reinigungs- und Sp\u00fclmittel<\/h2>\n<ul>\n<li>Leichte Reinigung &#038; Sp\u00fcling\n<li>L\u00f6sungsmittelprozesse<\/li\n\n\n<li>Niedriges GWP<\/li>\n<li>Ersatz f\u00fcr 3M Novec 7100<\/li>\n<\/ul>\n<h5>PROMOSOLV DR3<\/h5>\n<p>Ist eine nicht brennbare Reinigungsfl\u00fcssigkeit auf L\u00f6sungsmittelbasis. Es kann als Sp\u00fclmedium in Kombination mit unserer TOPKLEAN\u2122-Reihe in einem Co-L\u00f6sungsmittel-Reinigungsprozess verwendet werden, um eine sichere L\u00f6sungsmitteloption zu bieten, ohne dabei auf eine hohe Reinigungsleistung zu verzichten. Zus\u00e4tzlich ist es ideal f\u00fcr fleckenfreies, schnelles Trocknen oder<br \/>\nzum Entfernen von leichten \u00d6len und Partikeln.<\/p>\n<p>Es wurde speziell entwickelt, um L\u00f6sungsmittel mit hoher HSE-Auswirkung zu ersetzen und ein Produkt anzubieten, das den neuesten Umweltvorschriften entspricht. Die sehr niedrige Oberfl\u00e4chenspannung erm\u00f6glicht das Eindringen in sehr enge oder schwer zug\u00e4ngliche Bereiche und sorgt daf\u00fcr, dass die Reinigungschemie vollst\u00e4ndig entfernt wird.<\/p>\n<p><strong>PROMOSOLV DR3<\/strong> ist mit allen Metallen und Legierungen kompatibel, auch mit sehr empfindlichen. Es ist auch mit den meisten Kunststoffen und Elastomeren gut vertr\u00e4glich, muss aber vor der Verwendung getestet werden.<\/p>\n<p><strong>PROMOSOLV DR3 T<\/strong> ist die recycelte Version (hergestellt aus recyceltem L\u00f6sungsmittel) von PROMOSOLV DR3. Dieses Produkt ist das Ergebnis unseres ECOPROGRAM -Service und bietet die gleiche Leistung wie das Originalprodukt.<\/p>\n<p><strong>PROMOSOLV DR3<\/strong> ist ein sofortiger und direkter Ersatz f\u00fcr <strong>3M Novec 7100<\/strong>, das voraussichtlich bis Ende 2025 freiwillig vom Markt genommen wird. Weitere Informationen zur Ank\u00fcndigung von 3M \u00fcber das Auslaufen der Novec-Produkte finden Sie unter diesem <a href=\"https:\/\/www.inventec.dehon.com\/de\/3m-loesungsmittel-auslaufen-lassen\/\">Link<\/a>.<\/p>\n<div style=\"font-family:Lato; color:#333;\">\n<div style=\"font-weight:bold; text-transform:uppercase; border-bottom:2px solid #9DBB2F; padding-bottom:6px; margin-bottom:10px;\">\n    Spezifikationen\n  <\/div>\n<table width=\"100%\" cellpadding=\"0\" cellspacing=\"0\" style=\"border-collapse:collapse; width:100%; max-width:100%;\">\n<tr>\n<th align=\"left\" style=\"background:#7A7A7A; color:#fff; padding:8px 12px; border:1px solid #BDBDBD;\">\n        Spezifikationen\n      <\/th>\n<th align=\"left\" style=\"background:#7A7A7A; color:#fff; padding:8px 12px; border:1px solid #BDBDBD;\">\n        Methoden\n      <\/th>\n<th align=\"left\" style=\"background:#7A7A7A; color:#fff; padding:8px 12px; border:1px solid #BDBDBD;\">\n        PROMOSOLV DR3\n      <\/th>\n<th align=\"left\" style=\"background:#7A7A7A; color:#fff; padding:8px 12px; border:1px solid #BDBDBD;\">\n        PROMOSOLV DR3 T\n      <\/th>\n<\/tr>\n<tr>\n<td style=\"padding:8px 12px; border:1px solid #BDBDBD;\">Aspekt<\/td>\n<td style=\"padding:8px 12px; border:1px solid #BDBDBD;\">Visuell<\/td>\n<td style=\"padding:8px 12px; border:1px solid #BDBDBD;\">Transparent, farblos<\/td>\n<td style=\"padding:8px 12px; border:1px solid #BDBDBD;\">Transparent, farblos<\/td>\n<\/tr>\n<tr style=\"background:#E6E6E6;\">\n<td style=\"padding:8px 12px; border:1px solid #BDBDBD;\">Reinheit (% Gewicht)<\/td>\n<td style=\"padding:8px 12px; border:1px solid #BDBDBD;\">Intern \/ BRY-MO-121<\/td>\n<td style=\"padding:8px 12px; border:1px solid #BDBDBD;\">> 99,5<\/td>\n<td style=\"padding:8px 12px; border:1px solid #BDBDBD;\">> 99,0<\/td>\n<\/tr>\n<\/table>\n<\/div>\n<div style=\"font-family:Lato; color:#333;\">\n<div style=\"font-weight:bold; text-transform:uppercase; border-bottom:2px solid #9DBB2F; padding-bottom:6px; margin:30px 0 10px;\">\n    Kenndaten\n  <\/div>\n<table width=\"100%\" cellpadding=\"0\" cellspacing=\"0\" style=\"border-collapse:collapse; width:100%; max-width:100%;\">\n<tr>\n<th align=\"left\" style=\"background:#7A7A7A; color:#fff; padding:8px 12px; border:1px solid #BDBDBD;\">\n        Kenndaten\n      <\/th>\n<th align=\"left\" style=\"background:#7A7A7A; color:#fff; padding:8px 12px; border:1px solid #BDBDBD;\">\n        Werte\n      <\/th>\n<\/tr>\n<tr>\n<td style=\"padding:8px 12px; border:1px solid #BDBDBD;\">Siedepunkt (\u00b0C\/\u00b0F)<\/td>\n<td style=\"padding:8px 12px; border:1px solid #BDBDBD;\">61 \/ 142<\/td>\n<\/tr>\n<tr style=\"background:#E6E6E6;\">\n<td style=\"padding:8px 12px; border:1px solid #BDBDBD;\">Gefrierpunkt (\u00b0C\/\u00b0F)<\/td>\n<td style=\"padding:8px 12px; border:1px solid #BDBDBD;\">-135 \/ -211<\/td>\n<\/tr>\n<tr>\n<td style=\"padding:8px 12px; border:1px solid #BDBDBD;\">Flammpunkt<\/td>\n<td style=\"padding:8px 12px; border:1px solid #BDBDBD;\">Nein<\/td>\n<\/tr>\n<tr style=\"background:#E6E6E6;\">\n<td style=\"padding:8px 12px; border:1px solid #BDBDBD;\">Dichte (g\/cm\u00b3)<\/td>\n<td style=\"padding:8px 12px; border:1px solid #BDBDBD;\">1,52<\/td>\n<\/tr>\n<tr>\n<td style=\"padding:8px 12px; border:1px solid #BDBDBD;\">Oberfl\u00e4chenspannung (dyn\/cm)<\/td>\n<td style=\"padding:8px 12px; border:1px solid #BDBDBD;\">13,6<\/td>\n<\/tr>\n<tr style=\"background:#E6E6E6;\">\n<td style=\"padding:8px 12px; border:1px solid #BDBDBD;\">Dampfdruck (mm Hg)<\/td>\n<td style=\"padding:8px 12px; border:1px solid #BDBDBD;\">202<\/td>\n<\/tr>\n<tr>\n<td style=\"padding:8px 12px; border:1px solid #BDBDBD;\">Dynamische Viskosit\u00e4t (mPa.s)<\/td>\n<td style=\"padding:8px 12px; border:1px solid #BDBDBD;\">0,75<\/td>\n<\/tr>\n<tr style=\"background:#E6E6E6;\">\n<td style=\"padding:8px 12px; border:1px solid #BDBDBD;\">Latente Verdampfungsw\u00e4rme (kJ\/kg bei bp)<\/td>\n<td style=\"padding:8px 12px; border:1px solid #BDBDBD;\">112<\/td>\n<\/tr>\n<tr>\n<td style=\"padding:8px 12px; border:1px solid #BDBDBD;\">Spezifische W\u00e4rme (kJ\/kg.K)<\/td>\n<td style=\"padding:8px 12px; border:1px solid #BDBDBD;\">1,17<\/td>\n<\/tr>\n<\/table>\n<\/div>\n","protected":false},"excerpt":{"rendered":"<ul>\n<li>Leichte Reinigung &#038; Sp\u00fcling\n<li>L\u00f6sungsmittelprozesse<\/li\n\n\n<li>Niedriges GWP<\/li>\n<li>Ersatz f\u00fcr 3M Novec 7100<\/li>\n<\/ul>\n<p><a href=\"https:\/\/www.inventec.dehon.com\/wp-content\/uploads\/2021\/12\/GW-Score-10.png\"><img decoding=\"async\" class=\"alignnone wp-image-15251\" src=\"https:\/\/www.inventec.dehon.com\/wp-content\/uploads\/2021\/12\/GW-Score-10.png\" alt=\"\" width=\"40\" height=\"34\" \/><\/a><\/p>\n","protected":false},"featured_media":2277,"comment_status":"closed","ping_status":"closed","template":"","meta":{"_acf_changed":false,"inline_featured_image":false},"product_brand":[],"product_cat":[2861,2862,411,753],"product_tag":[4238,4282,2647,4708,4712,4716,4326,547,4446,4185,4764,4410,2646,4599,4740,4728,4732,4736,4795],"class_list":{"0":"post-9805","1":"product","2":"type-product","3":"status-publish","4":"has-post-thumbnail","6":"product_cat-losungsmittel-zum-spulen","7":"product_cat-losungsmittel-zum-trocknen","8":"product_cat-reinigung","9":"product_cat-sauerstoff-teilereinigung","10":"product_tag-additive-fertigung-de","11":"product_tag-co-losungsmittel","12":"product_tag-dr3-de","13":"product_tag-fluoriert","14":"product_tag-fluoriertes-fett","15":"product_tag-fluoriertes-oel","16":"product_tag-greenway","17":"product_tag-losungsmittel","18":"product_tag-loesungsmittel-trocknung","19":"product_tag-loesungsmittelbasierte-reinigungsfluessigkeiten","20":"product_tag-losungsmittelspulung","21":"product_tag-partikelfrei","22":"product_tag-promosolv-dr3-de","23":"product_tag-recycelbar","24":"product_tag-reinigung-von-sauerstoffsystemen-de","25":"product_tag-sauerstoff","26":"product_tag-sauerstoffreinigung","27":"product_tag-sauerstoffsysteme","28":"product_tag-spuelen","29":"pa_application-loesungen-fuer-additive-fertigung","30":"pa_application-partikelentfernung","31":"pa_application-reinigung-von-sauerstoffsystemen","32":"pa_brand-promosolv-de-2","33":"pa_features-fuer-fluorierte-oele-fette","34":"pa_features-greenway","35":"pa_features-recycelbar","36":"pa_processes-co-losungsmittel","37":"pa_processes-loesungsmittelspuelung","38":"pa_processes-spulung","39":"pa_processes-trocknendes-losungsmittel","40":"pa_product-category-loesungsmittelbasierte-reinigungsfluessigkeiten","42":"first","43":"instock","44":"shipping-taxable","45":"product-type-simple"},"acf":[],"_links":{"self":[{"href":"https:\/\/www.inventec.dehon.com\/de\/wp-json\/wp\/v2\/product\/9805","targetHints":{"allow":["GET"]}}],"collection":[{"href":"https:\/\/www.inventec.dehon.com\/de\/wp-json\/wp\/v2\/product"}],"about":[{"href":"https:\/\/www.inventec.dehon.com\/de\/wp-json\/wp\/v2\/types\/product"}],"replies":[{"embeddable":true,"href":"https:\/\/www.inventec.dehon.com\/de\/wp-json\/wp\/v2\/comments?post=9805"}],"wp:featuredmedia":[{"embeddable":true,"href":"https:\/\/www.inventec.dehon.com\/de\/wp-json\/wp\/v2\/media\/2277"}],"wp:attachment":[{"href":"https:\/\/www.inventec.dehon.com\/de\/wp-json\/wp\/v2\/media?parent=9805"}],"wp:term":[{"taxonomy":"product_brand","embeddable":true,"href":"https:\/\/www.inventec.dehon.com\/de\/wp-json\/wp\/v2\/product_brand?post=9805"},{"taxonomy":"product_cat","embeddable":true,"href":"https:\/\/www.inventec.dehon.com\/de\/wp-json\/wp\/v2\/product_cat?post=9805"},{"taxonomy":"product_tag","embeddable":true,"href":"https:\/\/www.inventec.dehon.com\/de\/wp-json\/wp\/v2\/product_tag?post=9805"}],"curies":[{"name":"wp","href":"https:\/\/api.w.org\/{rel}","templated":true}]}}