{"id":9785,"date":"2021-12-03T12:57:31","date_gmt":"2021-12-03T12:57:31","guid":{"rendered":"https:\/\/www.inventec.dehon.com\/product\/promoclean-tp-186b\/"},"modified":"2026-01-27T14:35:01","modified_gmt":"2026-01-27T13:35:01","slug":"promoclean-tp-186b","status":"publish","type":"product","link":"https:\/\/www.inventec.dehon.com\/de\/product\/promoclean-tp-186b\/","title":{"rendered":"PROMOCLEAN TP 186B"},"content":{"rendered":"<p><img decoding=\"async\" src=\"https:\/\/www.inventec.dehon.com\/wp-content\/uploads\/2021\/04\/PROMOCLEAN-canister-blue.png\" alt=\"PROMOCLEAN TP 186B\" class=\"responsive-img\" align=\"right\" style=\"border-radius:10px; margin-bottom:10px; margin-top:-10px; margin-left:15px; width:300px\" \/><\/p>\n<h2 style=\"color:#9bc947; margin-bottom:15px\">Hochleistungsentferner<\/h2>\n<ul>\n<li>Entfernen von Lacken, Harzen, Farben, Leimen, Tinten und Lacken<\/li>\n<li>W\u00e4ssrige Immersion &amp; Co-Solvent-Verfahren<\/li>\n<li>Sehr geringe Umweltbelastung<\/li>\n<\/ul>\n<h5>PROMOCLEAN TP 186B<\/h5>\n<p>Wurde speziell f\u00fcr die Entfernung von schwer zu entfernenden geh\u00e4rteten oder polymerisierten Substanzen wie Lacken, Harzen, Farben, Klebern, Tinten und Lacken entwickelt. Es handelt sich um eine verbesserte Formulierung von TP 188, f\u00fcr die es das Greenway-Label erhielt, da die Nachhaltigkeitseigenschaften deutlich verbessert wurden. <strong>PROMOCLEAN TP 186B<\/strong> enth\u00e4lt keine CMR, aromatischen L\u00f6sungsmittel oder chlorierten Verbindungen wie N Methylpyrrolidon, Benzol oder Methylenchlorid.<\/p>\n<p>Dank seiner guten L\u00f6slichkeit in organischen L\u00f6sungsmitteln wie in Wasser kann <strong>PROMOCLEAN TP 186B<\/strong> in w\u00e4ssrigen Tauch- und Sp\u00fclprozessen, aber auch in einem separaten Co-L\u00f6sungsmittelprozess eingesetzt werden. Da das Reinigungsmedium keinen pH-Wert hat, sch\u00e4digt es keine empfindlichen Metalle oder Legierungen und ist sicher in der Anwendung. Es ist ein Produkt, das pur verwendet werden sollte.<\/p>\n<p><strong>PROMOCLEAN TP 186B<\/strong> kann auch in der additiven Fertigung als Drop-in-Ersatz f\u00fcr gef\u00e4hrliche und brennbare L\u00f6sungsmittel verwendet werden, um bestimmte Harze und Polymere in der Wartung oder in der Produktion zu verd\u00fcnnen.<\/p>\n<div style=\"font-family:Lato; color:#333;\">\n<div style=\"font-weight:bold; text-transform:uppercase; border-bottom:2px solid #9DBB2F; padding-bottom:6px; margin-bottom:10px;\">\n    SPEZIFIKATIONEN\n  <\/div>\n<table width=\"100%\" cellpadding=\"0\" cellspacing=\"0\" style=\"border-collapse:collapse; width:100%; max-width:100%;\">\n<tr>\n<th align=\"left\" style=\"background:#7A7A7A; color:#fff; padding:8px 12px; border:1px solid #BDBDBD;\">\n        SPEZIFIKATIONEN\n      <\/th>\n<th align=\"left\" style=\"background:#7A7A7A; color:#fff; padding:8px 12px; border:1px solid #BDBDBD;\">\n        WERTE\n      <\/th>\n<th align=\"left\" style=\"background:#7A7A7A; color:#fff; padding:8px 12px; border:1px solid #BDBDBD;\">\n        VERFAHREN\n      <\/th>\n<\/tr>\n<tr>\n<td style=\"padding:8px 12px; border:1px solid #BDBDBD;\">Aussehen<\/td>\n<td style=\"padding:8px 12px; border:1px solid #BDBDBD;\">Gelb<\/td>\n<td style=\"padding:8px 12px; border:1px solid #BDBDBD;\">Visuell<\/td>\n<\/tr>\n<tr style=\"background:#E6E6E6;\">\n<td style=\"padding:8px 12px; border:1px solid #BDBDBD;\">Dichte bei 20 \u00b0C (g\/ml)<\/td>\n<td style=\"padding:8px 12px; border:1px solid #BDBDBD;\">1,01 \u00b1 0,01<\/td>\n<td style=\"padding:8px 12px; border:1px solid #BDBDBD;\">BRY MO 028<\/td>\n<\/tr>\n<tr>\n<td style=\"padding:8px 12px; border:1px solid #BDBDBD;\">Wassergehalt (Gew.-%)<\/td>\n<td style=\"padding:8px 12px; border:1px solid #BDBDBD;\">0,01 \u2013 1<\/td>\n<td style=\"padding:8px 12px; border:1px solid #BDBDBD;\">BRY MO 044<\/td>\n<\/tr>\n<\/table>\n<\/div>\n<div style=\"font-family:Lato; color:#333;\">\n<div style=\"font-weight:bold; text-transform:uppercase; border-bottom:2px solid #9DBB2F; padding-bottom:6px; margin:30px 0 10px;\">\n    KENNDATEN\n  <\/div>\n<table width=\"100%\" cellpadding=\"0\" cellspacing=\"0\" style=\"border-collapse:collapse; width:100%; max-width:100%;\">\n<tr>\n<th align=\"left\" style=\"background:#7A7A7A; color:#fff; padding:8px 12px; border:1px solid #BDBDBD;\">\n        KENNDATEN\n      <\/th>\n<th align=\"left\" style=\"background:#7A7A7A; color:#fff; padding:8px 12px; border:1px solid #BDBDBD;\">\n        WERTE\n      <\/th>\n<\/tr>\n<tr>\n<td style=\"padding:8px 12px; border:1px solid #BDBDBD;\">L\u00f6slichkeit in Wasser<\/td>\n<td style=\"padding:8px 12px; border:1px solid #BDBDBD;\">Teilweise<\/td>\n<\/tr>\n<tr style=\"background:#E6E6E6;\">\n<td style=\"padding:8px 12px; border:1px solid #BDBDBD;\">L\u00f6slichkeit in Alkohol<\/td>\n<td style=\"padding:8px 12px; border:1px solid #BDBDBD;\">Vollst\u00e4ndig<\/td>\n<\/tr>\n<tr>\n<td style=\"padding:8px 12px; border:1px solid #BDBDBD;\">Flammpunkt (\u00b0C)<\/td>\n<td style=\"padding:8px 12px; border:1px solid #BDBDBD;\">+ 95 \u00b0C<\/td>\n<\/tr>\n<\/table>\n<\/div>\n","protected":false},"excerpt":{"rendered":"<ul>\n<li>Entfernen von Lacken, Harzen, Farben, Leimen, Tinten und Lacken<\/li>\n<li>W\u00e4ssrige Immersion &amp; Co-Solvent-Verfahren<\/li>\n<li>Sehr geringe Umweltbelastung<\/li>\n<\/ul>\n","protected":false},"featured_media":2432,"comment_status":"closed","ping_status":"closed","template":"","meta":{"_acf_changed":false,"inline_featured_image":false},"product_brand":[],"product_cat":[692,595,2867,2868],"product_tag":[2297,4238,4282,4326,4430,4752,4422,4748,2295,4795,2064,2296,4470,4262,4258,4254],"class_list":{"0":"post-9785","1":"product","2":"type-product","3":"status-publish","4":"has-post-thumbnail","6":"product_cat-abbeizen-entoxidation","7":"product_cat-additive-fertigungslosungen","8":"product_cat-entfernung-von-polierpaste","9":"product_cat-entfernung-von-polymeren-harzen","10":"product_tag-186b-de","11":"product_tag-additive-fertigung-de","12":"product_tag-co-losungsmittel","13":"product_tag-greenway","14":"product_tag-harze","15":"product_tag-harzentfernung","16":"product_tag-polymer","17":"product_tag-polymerentfernung","18":"product_tag-promoclean-tp-186b-de","19":"product_tag-spuelen","20":"product_tag-tp-de","21":"product_tag-tp-186b-de","22":"product_tag-ultraschall","23":"product_tag-ultraschall-wasserbad","24":"product_tag-wasserbad","25":"product_tag-wasserbasierte-reinigungsfluessigkeiten-de","26":"pa_application-entfernung-von-polymeren-harzen","27":"pa_application-loesungen-fuer-additive-fertigung","28":"pa_brand-promoclean-de","29":"pa_features-greenway","30":"pa_processes-co-losungsmittel","31":"pa_processes-spulung","32":"pa_processes-waessrige-ultraschallimmersion","33":"pa_product-category-wasserbasierte-reinigungsfluessigkeiten","35":"first","36":"instock","37":"shipping-taxable","38":"product-type-simple"},"acf":[],"_links":{"self":[{"href":"https:\/\/www.inventec.dehon.com\/de\/wp-json\/wp\/v2\/product\/9785","targetHints":{"allow":["GET"]}}],"collection":[{"href":"https:\/\/www.inventec.dehon.com\/de\/wp-json\/wp\/v2\/product"}],"about":[{"href":"https:\/\/www.inventec.dehon.com\/de\/wp-json\/wp\/v2\/types\/product"}],"replies":[{"embeddable":true,"href":"https:\/\/www.inventec.dehon.com\/de\/wp-json\/wp\/v2\/comments?post=9785"}],"wp:featuredmedia":[{"embeddable":true,"href":"https:\/\/www.inventec.dehon.com\/de\/wp-json\/wp\/v2\/media\/2432"}],"wp:attachment":[{"href":"https:\/\/www.inventec.dehon.com\/de\/wp-json\/wp\/v2\/media?parent=9785"}],"wp:term":[{"taxonomy":"product_brand","embeddable":true,"href":"https:\/\/www.inventec.dehon.com\/de\/wp-json\/wp\/v2\/product_brand?post=9785"},{"taxonomy":"product_cat","embeddable":true,"href":"https:\/\/www.inventec.dehon.com\/de\/wp-json\/wp\/v2\/product_cat?post=9785"},{"taxonomy":"product_tag","embeddable":true,"href":"https:\/\/www.inventec.dehon.com\/de\/wp-json\/wp\/v2\/product_tag?post=9785"}],"curies":[{"name":"wp","href":"https:\/\/api.w.org\/{rel}","templated":true}]}}