{"id":9764,"date":"2021-06-17T09:25:18","date_gmt":"2021-06-17T09:25:18","guid":{"rendered":"https:\/\/www.inventec.dehon.com\/product\/ecofrec-82\/"},"modified":"2026-01-20T15:38:09","modified_gmt":"2026-01-20T14:38:09","slug":"ecofrec-82","status":"publish","type":"product","link":"https:\/\/www.inventec.dehon.com\/de\/product\/ecofrec-82\/","title":{"rendered":"ECOFREC 82"},"content":{"rendered":"<p><img decoding=\"async\" src=\"https:\/\/www.inventec.dehon.com\/wp-content\/uploads\/2021\/04\/ECOFREC-canister-alcohol-based-blue-600x600.png\" alt=\"ECOFREC 82\" class=\"responsive-img\" align=\"right\" style=\"border-radius:10px; margin-bottom:10px; margin-top:-10px; margin-left:15px; width:300px\" \/><\/p>\n<h2 style=\"color: #9bc947; margin-bottom: 15px;\">Bester wasserbasierter Fl\u00fcssigverzinnungsflux<\/h2>\n<ul>\n<li>Wasserbasierter Fl\u00fcssigflux<\/li>\n<li>Selektiver, Wellen- &#038; Verzinnungsprozess<\/li>\n<li>Leicht zu reinigen<\/li>\n<\/ul>\n<h5>ECOFREC 82<\/h5>\n<p> Ist ein wasserl\u00f6slicher, r\u00fcckstandsarmer Flussmittel mit hervorragender L\u00f6tleistung auf jeder Oberfl\u00e4che. Dieses Flussmittel wird f\u00fcr bleifreies L\u00f6ten empfohlen und ist besonders geeignet f\u00fcr das Verzinnen von Bauteilen in reinem Sn oder SnAgCu.<\/p>\n<p>Nach dem Verzinnen k\u00f6nnen die R\u00fcckst\u00e4nde leicht mit deionisiertem Wasser oder wasserbasierten Reinigungschemikalien entfernt werden. <strong>ECOFREC 82<\/strong> ist ein 100% VOC-freies Flussmittel und daher nicht brennbar.<\/p>\n<p><!-- MERKMALE Section --><\/p>\n<div style=\"font-weight:bold; border-bottom:2px solid #9DBB2F; padding-bottom:6px; margin-bottom:10px;\">\n  MERKMALE\n<\/div>\n<table width=\"100%\" cellpadding=\"0\" cellspacing=\"0\" style=\"border-collapse:collapse; width:100%; max-width:100%;\">\n<tr>\n<th align=\"left\" style=\"background:#7A7A7A; color:#fff; padding:8px 12px; border:1px solid #BDBDBD;\">\n      SPEZIFIKATIONEN\n    <\/th>\n<th align=\"left\" style=\"background:#7A7A7A; color:#fff; padding:8px 12px; border:1px solid #BDBDBD;\">\n      ECOFREC 82\n    <\/th>\n<\/tr>\n<tr>\n<td style=\"padding:8px 12px; border:1px solid #BDBDBD;\">Aussehen<\/td>\n<td style=\"padding:8px 12px; border:1px solid #BDBDBD;\">Farblose Fl\u00fcssigkeit<\/td>\n<\/tr>\n<tr style=\"background:#E6E6E6;\">\n<td style=\"padding:8px 12px; border:1px solid #BDBDBD;\">Feststoffgehalt (%)<\/td>\n<td style=\"padding:8px 12px; border:1px solid #BDBDBD;\">6,4<\/td>\n<\/tr>\n<tr>\n<td style=\"padding:8px 12px; border:1px solid #BDBDBD;\">S\u00e4urezahl (mg KOH\/g)<\/td>\n<td style=\"padding:8px 12px; border:1px solid #BDBDBD;\">31,5 \u2013 34,5<\/td>\n<\/tr>\n<tr style=\"background:#E6E6E6;\">\n<td style=\"padding:8px 12px; border:1px solid #BDBDBD;\">Dichte bei 20\u00b0C (g\/cm\u00b3)<\/td>\n<td style=\"padding:8px 12px; border:1px solid #BDBDBD;\">1,008 \u2013 1,016<\/td>\n<\/tr>\n<tr>\n<td style=\"padding:8px 12px; border:1px solid #BDBDBD;\">Halogengehalt<\/td>\n<td style=\"padding:8px 12px; border:1px solid #BDBDBD;\">&lt; 1500 ppm<\/td>\n<\/tr>\n<tr style=\"background:#E6E6E6;\">\n<td style=\"padding:8px 12px; border:1px solid #BDBDBD;\">Flammpunkt<\/td>\n<td style=\"padding:8px 12px; border:1px solid #BDBDBD;\">Keine<\/td>\n<\/tr>\n<\/table>\n","protected":false},"excerpt":{"rendered":"<ul>\n<li>VOC-freies fl\u00fcssiges Flussmittel auf Wasserbasis<\/li>\n<li>Verfahren zur Verzinnung bleifreier Bauteile<\/li>\n<li>Leicht zu reinigen<\/li>\n<\/ul>\n","protected":false},"featured_media":3032,"comment_status":"closed","ping_status":"closed","template":"","meta":{"_acf_changed":false,"inline_featured_image":false},"product_brand":[],"product_cat":[2846],"product_tag":[1598,5083,1597,5294,5330,5134,4386,3998,5210,5334,5338,3999,5230,5234,5318,5254],"class_list":{"0":"post-9764","1":"product","2":"type-product","3":"status-publish","4":"has-post-thumbnail","6":"product_cat-flussmittel-fur-das-verzinnen","7":"product_tag-82-de","8":"product_tag-bleifrei","9":"product_tag-ecofrec-82-de","10":"product_tag-flussiges-flussmittel","11":"product_tag-leicht-zu-reinigen","12":"product_tag-metallisierung-de","13":"product_tag-nicht-entzundlich","14":"product_tag-smt-de","15":"product_tag-smt-loten","16":"product_tag-sn","17":"product_tag-snagcu","18":"product_tag-tht-de","19":"product_tag-tht-loten","20":"product_tag-verzinnen","21":"product_tag-voc-frei-de","22":"product_tag-wasserbasiert-de","23":"pa_application-metallisierung-verzinnung","24":"pa_application-smt-thtloeten","25":"pa_brand-ecofrec-de-2","26":"pa_features-wasserbasiert","27":"pa_processes-wellen-und-selektivloeten","28":"pa_product-category-fluessigflussmittel","30":"first","31":"instock","32":"shipping-taxable","33":"product-type-simple"},"acf":[],"_links":{"self":[{"href":"https:\/\/www.inventec.dehon.com\/de\/wp-json\/wp\/v2\/product\/9764","targetHints":{"allow":["GET"]}}],"collection":[{"href":"https:\/\/www.inventec.dehon.com\/de\/wp-json\/wp\/v2\/product"}],"about":[{"href":"https:\/\/www.inventec.dehon.com\/de\/wp-json\/wp\/v2\/types\/product"}],"replies":[{"embeddable":true,"href":"https:\/\/www.inventec.dehon.com\/de\/wp-json\/wp\/v2\/comments?post=9764"}],"wp:featuredmedia":[{"embeddable":true,"href":"https:\/\/www.inventec.dehon.com\/de\/wp-json\/wp\/v2\/media\/3032"}],"wp:attachment":[{"href":"https:\/\/www.inventec.dehon.com\/de\/wp-json\/wp\/v2\/media?parent=9764"}],"wp:term":[{"taxonomy":"product_brand","embeddable":true,"href":"https:\/\/www.inventec.dehon.com\/de\/wp-json\/wp\/v2\/product_brand?post=9764"},{"taxonomy":"product_cat","embeddable":true,"href":"https:\/\/www.inventec.dehon.com\/de\/wp-json\/wp\/v2\/product_cat?post=9764"},{"taxonomy":"product_tag","embeddable":true,"href":"https:\/\/www.inventec.dehon.com\/de\/wp-json\/wp\/v2\/product_tag?post=9764"}],"curies":[{"name":"wp","href":"https:\/\/api.w.org\/{rel}","templated":true}]}}