{"id":9751,"date":"2021-06-17T09:41:07","date_gmt":"2021-06-17T09:41:07","guid":{"rendered":"https:\/\/www.inventec.dehon.com\/product\/ecofrec-cma-155\/"},"modified":"2026-01-21T10:00:34","modified_gmt":"2026-01-21T09:00:34","slug":"ecofrec-cma-155","status":"publish","type":"product","link":"https:\/\/www.inventec.dehon.com\/de\/product\/ecofrec-cma-155\/","title":{"rendered":"ECOFREC CMA 155"},"content":{"rendered":"<p><img decoding=\"async\" src=\"https:\/\/www.inventec.dehon.com\/wp-content\/uploads\/2021\/04\/ECOFREC-canister-solvent-based-600x600.png\" alt=\"ECOFREC CMA 155\" class=\"responsive-img\" align=\"right\" style=\"border-radius:10px; margin-bottom:10px; margin-top:-10px; margin-left:15px; width:300px\" \/><\/p>\n<h2 style=\"color: #9bc947; margin-bottom: 15px;\">Fl\u00fcssigflux mit hohem Kolophoniumanteil<\/h2>\n<ul>\n<li>Fl\u00fcssiges Flussmittel mit hohem Kolophoniumgehalt auf L\u00f6sungsmittelbasis<\/li>\n<li>geeignet f\u00fcr alle Fluxverfahren<\/li>\n<li>Sehr gute Benetzung &amp; leicht zu reinigen<\/li>\n<\/ul>\n<h5>ECOFREC CMA 155<\/h5>\n<p>Ist ein Flussmittel mit hohem Kolophoniumgehalt, das eine sehr gute Benetzung aufweist und sich leicht in einem L\u00f6sungsmittel- oder Reinigungsverfahren reinigen l\u00e4sst. Es enth\u00e4lt Halogen, das dazu beitr\u00e4gt, L\u00f6tprobleme zu l\u00f6sen, die sowohl bei professionellen als auch bei hochwertigen Verbraucheranwendungen auftreten. <\/p>\n<p><strong>ECOFREC CMA 155<\/strong> erm\u00f6glicht gleichm\u00e4\u00dfiges, helles und mildes L\u00f6ten.<br \/>\nDie Verzinnung der Hochspannungsleitungen weist keine Entnetzung auf. Sie sind gleichm\u00e4\u00dfig, ohne seitlichen Ausfluss oder Tropfenbildung.<\/p>\n<p><!-- EIGENSCHAFTEN Section --><\/p>\n<div style=\"font-weight:bold; text-transform:uppercase; border-bottom:2px solid #9DBB2F; padding-bottom:6px; margin-bottom:10px;\">\n  EIGENSCHAFTEN\n<\/div>\n<table width=\"100%\" cellpadding=\"0\" cellspacing=\"0\" style=\"border-collapse:collapse; width:100%; max-width:100%;\">\n<tr>\n<th align=\"left\" style=\"background:#7A7A7A; color:#fff; padding:8px 12px; border:1px solid #BDBDBD;\">\n      SPEZIFIKATIONEN\n    <\/th>\n<th align=\"left\" style=\"background:#7A7A7A; color:#fff; padding:8px 12px; border:1px solid #BDBDBD;\">\n      ECOFREC CMA 155\n    <\/th>\n<\/tr>\n<tr>\n<td style=\"padding:8px 12px; border:1px solid #BDBDBD;\">\n      Sch\u00fcttdichte bei 20\u00b0C\n    <\/td>\n<td style=\"padding:8px 12px; border:1px solid #BDBDBD;\">\n      0,832\n    <\/td>\n<\/tr>\n<tr style=\"background:#E6E6E6;\">\n<td style=\"padding:8px 12px; border:1px solid #BDBDBD;\">\n      Farbe\n    <\/td>\n<td style=\"padding:8px 12px; border:1px solid #BDBDBD;\">\n      Bernsteinfarben\n    <\/td>\n<\/tr>\n<tr>\n<td style=\"padding:8px 12px; border:1px solid #BDBDBD;\">\n      Wasserl\u00f6slichkeit\n    <\/td>\n<td style=\"padding:8px 12px; border:1px solid #BDBDBD;\">\n      Unl\u00f6slich\n    <\/td>\n<\/tr>\n<tr style=\"background:#E6E6E6;\">\n<td style=\"padding:8px 12px; border:1px solid #BDBDBD;\">\n      Alkoholl\u00f6slichkeit\n    <\/td>\n<td style=\"padding:8px 12px; border:1px solid #BDBDBD;\">\n      Sehr l\u00f6slich\n    <\/td>\n<\/tr>\n<tr>\n<td style=\"padding:8px 12px; border:1px solid #BDBDBD;\">\n      Flammpunkt (\u00b0C)\n    <\/td>\n<td style=\"padding:8px 12px; border:1px solid #BDBDBD;\">\n      21\n    <\/td>\n<\/tr>\n<tr style=\"background:#E6E6E6;\">\n<td style=\"padding:8px 12px; border:1px solid #BDBDBD;\">\n      Trockensubstanz % Gewicht\/Gewicht (3 h bei 105\u00b0C)\n    <\/td>\n<td style=\"padding:8px 12px; border:1px solid #BDBDBD;\">\n      18\n    <\/td>\n<\/tr>\n<tr>\n<td style=\"padding:8px 12px; border:1px solid #BDBDBD;\">\n      Halogene, % bezogen auf die Trockensubstanz\n    <\/td>\n<td style=\"padding:8px 12px; border:1px solid #BDBDBD;\">\n      0,25\n    <\/td>\n<\/tr>\n<tr style=\"background:#E6E6E6;\">\n<td style=\"padding:8px 12px; border:1px solid #BDBDBD;\">\n      S\u00e4urezahl (mg KOH\/g)\n    <\/td>\n<td style=\"padding:8px 12px; border:1px solid #BDBDBD;\">\n      220\n    <\/td>\n<\/tr>\n<tr>\n<td style=\"padding:8px 12px; border:1px solid #BDBDBD;\">\n      Chlor\u00e4quivalent\n    <\/td>\n<td style=\"padding:8px 12px; border:1px solid #BDBDBD;\">\n      0,62\n    <\/td>\n<\/tr>\n<tr style=\"background:#E6E6E6;\">\n<td style=\"padding:8px 12px; border:1px solid #BDBDBD;\">\n      Klassifizierung nach J-STD-004\n    <\/td>\n<td style=\"padding:8px 12px; border:1px solid #BDBDBD;\">\n      ROL1\n    <\/td>\n<\/tr>\n<\/table>\n","protected":false},"excerpt":{"rendered":"<ul>\n<li>Fl\u00fcssiges Flussmittel mit hohem Kolophoniumgehalt auf L\u00f6sungsmittelbasis<\/li>\n<li>geeignet f\u00fcr alle Fluxverfahren<\/li>\n<li>Sehr gute Benetzung &amp; leicht zu reinigen<\/li>\n<\/ul>\n","protected":false},"featured_media":3048,"comment_status":"closed","ping_status":"closed","template":"","meta":{"_acf_changed":false,"inline_featured_image":false},"product_brand":[],"product_cat":[2844,2846,2843],"product_tag":[1611,1610,1609,5294,5342,5330,4611,5134,3998,5210,3999,5230,5234],"class_list":{"0":"post-9751","1":"product","2":"type-product","3":"status-publish","4":"has-post-thumbnail","6":"product_cat-flussmittel-fur-das-selektivloten","7":"product_cat-flussmittel-fur-das-verzinnen","8":"product_cat-flussmittel-fur-das-wellenloten","9":"product_tag-155-de","10":"product_tag-cma-de","11":"product_tag-ecofrec-cma-155-de","12":"product_tag-flussiges-flussmittel","13":"product_tag-kolophoniumhaltiges-fluessiges-flussmittel","14":"product_tag-leicht-zu-reinigen","15":"product_tag-loesungsmittelbasiert","16":"product_tag-metallisierung-de","17":"product_tag-smt-de","18":"product_tag-smt-loten","19":"product_tag-tht-de","20":"product_tag-tht-loten","21":"product_tag-verzinnen","22":"pa_application-metallisierung-verzinnung","23":"pa_application-smt-thtloeten","24":"pa_brand-ecofrec-de-2","25":"pa_features-loesungsmittelbasiert","26":"pa_product-category-fluessigflussmittel","28":"first","29":"instock","30":"shipping-taxable","31":"product-type-simple"},"acf":[],"_links":{"self":[{"href":"https:\/\/www.inventec.dehon.com\/de\/wp-json\/wp\/v2\/product\/9751","targetHints":{"allow":["GET"]}}],"collection":[{"href":"https:\/\/www.inventec.dehon.com\/de\/wp-json\/wp\/v2\/product"}],"about":[{"href":"https:\/\/www.inventec.dehon.com\/de\/wp-json\/wp\/v2\/types\/product"}],"replies":[{"embeddable":true,"href":"https:\/\/www.inventec.dehon.com\/de\/wp-json\/wp\/v2\/comments?post=9751"}],"wp:featuredmedia":[{"embeddable":true,"href":"https:\/\/www.inventec.dehon.com\/de\/wp-json\/wp\/v2\/media\/3048"}],"wp:attachment":[{"href":"https:\/\/www.inventec.dehon.com\/de\/wp-json\/wp\/v2\/media?parent=9751"}],"wp:term":[{"taxonomy":"product_brand","embeddable":true,"href":"https:\/\/www.inventec.dehon.com\/de\/wp-json\/wp\/v2\/product_brand?post=9751"},{"taxonomy":"product_cat","embeddable":true,"href":"https:\/\/www.inventec.dehon.com\/de\/wp-json\/wp\/v2\/product_cat?post=9751"},{"taxonomy":"product_tag","embeddable":true,"href":"https:\/\/www.inventec.dehon.com\/de\/wp-json\/wp\/v2\/product_tag?post=9751"}],"curies":[{"name":"wp","href":"https:\/\/api.w.org\/{rel}","templated":true}]}}