{"id":9750,"date":"2021-06-16T13:41:25","date_gmt":"2021-06-16T13:41:25","guid":{"rendered":"https:\/\/www.inventec.dehon.com\/product\/ecofrec-202\/"},"modified":"2026-01-20T15:04:56","modified_gmt":"2026-01-20T14:04:56","slug":"ecofrec-202","status":"publish","type":"product","link":"https:\/\/www.inventec.dehon.com\/de\/product\/ecofrec-202\/","title":{"rendered":"ECOFREC 202"},"content":{"rendered":"<p><img decoding=\"async\" src=\"https:\/\/www.inventec.dehon.com\/wp-content\/uploads\/2021\/04\/ECOFREC-canister-solvent-based-600x600.png\" alt=\"ECOFREC 202\" class=\"responsive-img\" align=\"right\" style=\"border-radius:10px; margin-bottom:10px; margin-top:-10px; margin-left:15px; width:300px\" \/><\/p>\n<h2 style=\"color: #9bc947; margin-bottom: 15px;\">Best-in-Class L\u00f6sungsmittel-L\u00f6tflussmittel<\/h2>\n<ul>\n<li>Fl\u00fcssiges Flussmittel auf L\u00f6sungsmittelbasis ohne Reinigungsmittel<\/li>\n<li>L\u00f6ten entweder mit Luft oder Stickstoff kontrollierter Atmosph\u00e4re<\/li>\n<li>Hohe Zuverl\u00e4ssigkeit und keine sichtbaren R\u00fcckst\u00e4nde<\/li>\n<\/ul>\n<h5>ECOFREC 202<\/h5>\n<p>Entwickelt, um eine gute Benetzbarkeit auf verschiedenen bleifreien Leiterplatten wie OSP, Ni\/Au, Sn, Ag zu erreichen. <strong>ECOFREC 202<\/strong> ist ein Flussmittel mit sehr geringem Trockenextrakt, das zum bleifreien L\u00f6ten mit Schaum oder Spray verwendet werden kann. <\/p>\n<p>Sein Aktivierungssystem ohne Halogenid (Fluorid, Chlorid oder Bromid) und ohne Amin wird nach dem Wellenl\u00f6ten beseitigt, ohne sichtbare R\u00fcckst\u00e4nde auf den Leiterplatten zu hinterlassen.<\/p>\n<p><!-- MERKMALE Section --><\/p>\n<div style=\"font-weight:bold; border-bottom:2px solid #9DBB2F; padding-bottom:6px; margin-bottom:10px;\">\n  MERKMALE\n<\/div>\n<table width=\"100%\" cellpadding=\"0\" cellspacing=\"0\" style=\"border-collapse:collapse; width:100%; max-width:100%;\">\n<tr>\n<th align=\"left\" style=\"background:#7A7A7A; color:#fff; padding:8px 12px; border:1px solid #BDBDBD;\">SPEZIFIKATIONEN<\/th>\n<th align=\"left\" style=\"background:#7A7A7A; color:#fff; padding:8px 12px; border:1px solid #BDBDBD;\">ECOFREC 202<\/th>\n<\/tr>\n<tr>\n<td style=\"padding:8px 12px; border:1px solid #BDBDBD;\">Aussehen<\/td>\n<td style=\"padding:8px 12px; border:1px solid #BDBDBD;\">Farbl\u00fcssigkeit<\/td>\n<\/tr>\n<tr style=\"background:#E6E6E6;\">\n<td style=\"padding:8px 12px; border:1px solid #BDBDBD;\">Dichte bei 20\u00b0C<\/td>\n<td style=\"padding:8px 12px; border:1px solid #BDBDBD;\">0,814 \u2013 0,822<\/td>\n<\/tr>\n<tr>\n<td style=\"padding:8px 12px; border:1px solid #BDBDBD;\">Flammpunkt<\/td>\n<td style=\"padding:8px 12px; border:1px solid #BDBDBD;\">16\u00b0C<\/td>\n<\/tr>\n<tr style=\"background:#E6E6E6;\">\n<td style=\"padding:8px 12px; border:1px solid #BDBDBD;\">Trockensubstanz, 3 h bei 105\u00b0C<\/td>\n<td style=\"padding:8px 12px; border:1px solid #BDBDBD;\">1,9 %<\/td>\n<\/tr>\n<tr>\n<td style=\"padding:8px 12px; border:1px solid #BDBDBD;\">Halogengehalt<\/td>\n<td style=\"padding:8px 12px; border:1px solid #BDBDBD;\">Kein Halogen<\/td>\n<\/tr>\n<tr style=\"background:#E6E6E6;\">\n<td style=\"padding:8px 12px; border:1px solid #BDBDBD;\">S\u00e4urezahl (mg KOH\/g L\u00f6sung)<\/td>\n<td style=\"padding:8px 12px; border:1px solid #BDBDBD;\">19<\/td>\n<\/tr>\n<\/table>\n<p><!-- KENNDATEN Section --><\/p>\n<div style=\"font-weight:bold; border-bottom:2px solid #9DBB2F; padding-bottom:6px; margin:30px 0 10px 0;\">\n  KENNDATEN\n<\/div>\n<table width=\"100%\" cellpadding=\"0\" cellspacing=\"0\" style=\"border-collapse:collapse; width:100%; max-width:100%;\">\n<tr>\n<th align=\"left\" style=\"background:#7A7A7A; color:#fff; padding:8px 12px; border:1px solid #BDBDBD;\">FUNKTIONSTESTS<\/th>\n<th align=\"left\" style=\"background:#7A7A7A; color:#fff; padding:8px 12px; border:1px solid #BDBDBD;\">Ergebnisse<\/th>\n<th align=\"left\" style=\"background:#7A7A7A; color:#fff; padding:8px 12px; border:1px solid #BDBDBD;\">Verfahren<\/th>\n<\/tr>\n<tr>\n<td style=\"padding:8px 12px; border:1px solid #BDBDBD;\">Klassifizierung<\/td>\n<td style=\"padding:8px 12px; border:1px solid #BDBDBD;\">ORL0<\/td>\n<td style=\"padding:8px 12px; border:1px solid #BDBDBD;\">ANSI\/J-STD-004<\/td>\n<\/tr>\n<tr style=\"background:#E6E6E6;\">\n<td style=\"padding:8px 12px; border:1px solid #BDBDBD;\">Kupferspiegeltest<\/td>\n<td style=\"padding:8px 12px; border:1px solid #BDBDBD;\">Bestanden<\/td>\n<td style=\"padding:8px 12px; border:1px solid #BDBDBD;\">ANSI\/J-STD-004<\/td>\n<\/tr>\n<tr>\n<td style=\"padding:8px 12px; border:1px solid #BDBDBD;\">Silberchromatpapier<\/td>\n<td style=\"padding:8px 12px; border:1px solid #BDBDBD;\">Bestanden<\/td>\n<td style=\"padding:8px 12px; border:1px solid #BDBDBD;\">ANSI\/J-STD-004<\/td>\n<\/tr>\n<tr style=\"background:#E6E6E6;\">\n<td style=\"padding:8px 12px; border:1px solid #BDBDBD;\">SIR<\/td>\n<td style=\"padding:8px 12px; border:1px solid #BDBDBD;\">Bestanden (siehe untenstehende Kurve)<\/td>\n<td style=\"padding:8px 12px; border:1px solid #BDBDBD;\">IPC TM 650<\/td>\n<\/tr>\n<tr>\n<td style=\"padding:8px 12px; border:1px solid #BDBDBD;\">Bono-Test<\/td>\n<td style=\"padding:8px 12px; border:1px solid #BDBDBD;\">Bestanden<\/td>\n<td style=\"padding:8px 12px; border:1px solid #BDBDBD;\">INVENTEC MO.SB.10029<\/td>\n<\/tr>\n<\/table>\n","protected":false},"excerpt":{"rendered":"<ul>\n<li>Fl\u00fcssiges Flussmittel auf L\u00f6sungsmittelbasis ohne Reinigungsmittel<\/li>\n<li>L\u00f6ten entweder mit Luft oder Stickstoff kontrollierter Atmosph\u00e4re<\/li>\n<li>Hohe Zuverl\u00e4ssigkeit und keine sichtbaren R\u00fcckst\u00e4nde<\/li>\n<\/ul>\n","protected":false},"featured_media":3048,"comment_status":"closed","ping_status":"closed","template":"","meta":{"_acf_changed":false,"inline_featured_image":false},"product_brand":[],"product_cat":[2844,2846,2843],"product_tag":[1701,5083,1700,5294,5055,5310,4611,5306,5314,5302,4643,931,4454,5298,548],"class_list":{"0":"post-9750","1":"product","2":"type-product","3":"status-publish","4":"has-post-thumbnail","6":"product_cat-flussmittel-fur-das-selektivloten","7":"product_cat-flussmittel-fur-das-verzinnen","8":"product_cat-flussmittel-fur-das-wellenloten","9":"product_tag-202-de","10":"product_tag-bleifrei","11":"product_tag-ecofrec-202-de","12":"product_tag-flussiges-flussmittel","13":"product_tag-hohe-zuverlaessigkeit","14":"product_tag-keine-sichtbaren-rueckstaende","15":"product_tag-loesungsmittelbasiert","16":"product_tag-no-clean","17":"product_tag-schaum","18":"product_tag-selektiv","19":"product_tag-selektiv-spruehen","20":"product_tag-selektivloten","21":"product_tag-spray","22":"product_tag-welle","23":"product_tag-wellenloten","24":"pa_brand-ecofrec-de-2","25":"pa_features-loesungsmittelbasiert","26":"pa_processes-auftrag-durch-selektives-spruhen","27":"pa_processes-wellen-und-selektivloeten","28":"pa_product-category-fluessigflussmittel","30":"first","31":"instock","32":"shipping-taxable","33":"product-type-simple"},"acf":[],"_links":{"self":[{"href":"https:\/\/www.inventec.dehon.com\/de\/wp-json\/wp\/v2\/product\/9750","targetHints":{"allow":["GET"]}}],"collection":[{"href":"https:\/\/www.inventec.dehon.com\/de\/wp-json\/wp\/v2\/product"}],"about":[{"href":"https:\/\/www.inventec.dehon.com\/de\/wp-json\/wp\/v2\/types\/product"}],"replies":[{"embeddable":true,"href":"https:\/\/www.inventec.dehon.com\/de\/wp-json\/wp\/v2\/comments?post=9750"}],"wp:featuredmedia":[{"embeddable":true,"href":"https:\/\/www.inventec.dehon.com\/de\/wp-json\/wp\/v2\/media\/3048"}],"wp:attachment":[{"href":"https:\/\/www.inventec.dehon.com\/de\/wp-json\/wp\/v2\/media?parent=9750"}],"wp:term":[{"taxonomy":"product_brand","embeddable":true,"href":"https:\/\/www.inventec.dehon.com\/de\/wp-json\/wp\/v2\/product_brand?post=9750"},{"taxonomy":"product_cat","embeddable":true,"href":"https:\/\/www.inventec.dehon.com\/de\/wp-json\/wp\/v2\/product_cat?post=9750"},{"taxonomy":"product_tag","embeddable":true,"href":"https:\/\/www.inventec.dehon.com\/de\/wp-json\/wp\/v2\/product_tag?post=9750"}],"curies":[{"name":"wp","href":"https:\/\/api.w.org\/{rel}","templated":true}]}}