{"id":9742,"date":"2021-06-17T14:46:35","date_gmt":"2021-06-17T14:46:35","guid":{"rendered":"https:\/\/www.inventec.dehon.com\/product\/ecorel-frei-305-16\/"},"modified":"2026-01-21T16:50:18","modified_gmt":"2026-01-21T15:50:18","slug":"ecorel-free-305-16","status":"publish","type":"product","link":"https:\/\/www.inventec.dehon.com\/de\/product\/ecorel-free-305-16\/","title":{"rendered":"ECOREL FREE 305-16"},"content":{"rendered":"<p><img decoding=\"async\" src=\"https:\/\/www.inventec.dehon.com\/wp-content\/uploads\/2021\/01\/Ecorel-Free-600x600.png\" alt=\"ECOREL FREE 305-16\" class=\"responsive-img\" align=\"right\" style=\"border-radius:10px; margin-bottom:10px; margin-top:-10px; margin-left:15px; width:300px\" \/><\/p>\n<h2 style=\"color:#9bc947; margin-bottom:15px\">Bleifreies L\u00f6tzinn f\u00fcr hohe Produktionsmengen<\/h2>\n<ul>\n<li>Sac305 bleifreie legierte L\u00f6tpaste<\/li>\n<li>Kein sauberer Smt-Druckprozess<\/li>\n<li>Insgesamt ausgewogene Leistung &amp; kein Halogen<\/li>\n<\/ul>\n<h5>ECOREL FREE 305-16<\/h5>\n<p>Speziell entwickelt f\u00fcr gro\u00dfe Mengen an Elektronik, die eine ausgewogene Gesamtleistung bietet, um einen stabilen Montageprozess zu gew\u00e4hrleisten. <\/p>\n<p>Es handelt sich um eine No Clean-Lotpaste, die die metallurgischen Eigenschaften einer SAC305-Legierung mit der leistungsstarken Chemie der ECOREL\u2122-Reihe kombiniert.<\/p>\n<p><!-- MERKMALE Section --><\/p>\n<div style=\"font-weight:bold; text-transform:uppercase; border-bottom:2px solid #9DBB2F; padding-bottom:6px; margin-bottom:10px;\">\n  MERKMALE\n<\/div>\n<p><!-- STANDARDOPTIONEN Table --><\/p>\n<table width=\"100%\" cellpadding=\"0\" cellspacing=\"0\" style=\"border-collapse:collapse; width:100%; max-width:100%;\">\n<tr>\n<th align=\"left\" style=\"background:#7A7A7A; color:#fff; padding:8px 12px; border:1px solid #BDBDBD;\">\n      SPEZIFIKATIONEN\n    <\/th>\n<th align=\"left\" style=\"background:#7A7A7A; color:#fff; padding:8px 12px; border:1px solid #BDBDBD;\">\n      ECOREL FREE 305-16 T3\n    <\/th>\n<th align=\"left\" style=\"background:#7A7A7A; color:#fff; padding:8px 12px; border:1px solid #BDBDBD;\">\n      ECOREL FREE 305-16 T4\n    <\/th>\n<\/tr>\n<tr>\n<td style=\"padding:8px 12px; border:1px solid #BDBDBD;\">Legierung<\/td>\n<td style=\"padding:8px 12px; border:1px solid #BDBDBD;\">Sn96,5Ag3Cu0,5<\/td>\n<td style=\"padding:8px 12px; border:1px solid #BDBDBD;\">Sn96,5Ag3Cu0,5<\/td>\n<\/tr>\n<tr style=\"background:#E6E6E6;\">\n<td style=\"padding:8px 12px; border:1px solid #BDBDBD;\">Schmelzpunkt (\u00b0C\/\u00b0F)<\/td>\n<td style=\"padding:8px 12px; border:1px solid #BDBDBD;\">217 \/ 422<\/td>\n<td style=\"padding:8px 12px; border:1px solid #BDBDBD;\">217 \/ 422<\/td>\n<\/tr>\n<tr>\n<td style=\"padding:8px 12px; border:1px solid #BDBDBD;\">Metallgehalt (%)<\/td>\n<td style=\"padding:8px 12px; border:1px solid #BDBDBD;\">88<\/td>\n<td style=\"padding:8px 12px; border:1px solid #BDBDBD;\">88<\/td>\n<\/tr>\n<tr style=\"background:#E6E6E6;\">\n<td style=\"padding:8px 12px; border:1px solid #BDBDBD;\">R\u00fcckst\u00e4nde nach Reflow-L\u00f6ten<\/td>\n<td style=\"padding:8px 12px; border:1px solid #BDBDBD;\">Etwa 5 Gew.-%<\/td>\n<td style=\"padding:8px 12px; border:1px solid #BDBDBD;\">Etwa 5 Gew.-%<\/td>\n<\/tr>\n<tr>\n<td style=\"padding:8px 12px; border:1px solid #BDBDBD;\">Halogengehalt<\/td>\n<td style=\"padding:8px 12px; border:1px solid #BDBDBD;\">Kein Halogen<\/td>\n<td style=\"padding:8px 12px; border:1px solid #BDBDBD;\">Kein Halogen<\/td>\n<\/tr>\n<tr style=\"background:#E6E6E6;\">\n<td style=\"padding:8px 12px; border:1px solid #BDBDBD;\">Korngr\u00f6\u00dfe<\/td>\n<td style=\"padding:8px 12px; border:1px solid #BDBDBD;\">25 \u2013 45 Mikrometer \/ Typ 3<\/td>\n<td style=\"padding:8px 12px; border:1px solid #BDBDBD;\">20 \u2013 38 Mikrometer \/ Typ 4<\/td>\n<\/tr>\n<tr>\n<td style=\"padding:8px 12px; border:1px solid #BDBDBD;\">Spiralpumpe* Viskosit\u00e4t (Pa.s 25\u00b0C)<\/td>\n<td style=\"padding:8px 12px; border:1px solid #BDBDBD;\">Typisch 160<\/td>\n<td style=\"padding:8px 12px; border:1px solid #BDBDBD;\">Typisch 165<\/td>\n<\/tr>\n<\/table>\n<p style=\"font-size:0.85em;\">*Das zum Testen der Spiralpumpeviskosit\u00e4t verwendete Ger\u00e4t ist Malcom mit einer Drehzahl von 10 U\/min.<\/p>\n<p><!-- KENNDATEN Section --><\/p>\n<div style=\"font-weight:bold; text-transform:uppercase; border-bottom:2px solid #9DBB2F; padding-bottom:6px; margin-bottom:10px;\">\n  KENNDATEN\n<\/div>\n<table width=\"100%\" cellpadding=\"0\" cellspacing=\"0\" style=\"border-collapse:collapse; width:100%; max-width:100%;\">\n<tr>\n<th align=\"left\" style=\"background:#7A7A7A; color:#fff; padding:8px 12px; border:1px solid #BDBDBD;\">\n      KENNDATEN\n    <\/th>\n<th align=\"left\" style=\"background:#7A7A7A; color:#fff; padding:8px 12px; border:1px solid #BDBDBD;\">\n      WERTE\n    <\/th>\n<th align=\"left\" style=\"background:#7A7A7A; color:#fff; padding:8px 12px; border:1px solid #BDBDBD;\">\n      TEST-METHODE\n    <\/th>\n<\/tr>\n<tr>\n<td style=\"padding:8px 12px; border:1px solid #BDBDBD;\">Flussmittelklassifizierung<\/td>\n<td style=\"padding:8px 12px; border:1px solid #BDBDBD;\">ROL0<\/td>\n<td style=\"padding:8px 12px; border:1px solid #BDBDBD;\">ANSI\/J-STD-004<\/td>\n<\/tr>\n<tr style=\"background:#E6E6E6;\">\n<td style=\"padding:8px 12px; border:1px solid #BDBDBD;\">Flussmittelklassifizierung<\/td>\n<td style=\"padding:8px 12px; border:1px solid #BDBDBD;\">113<\/td>\n<td style=\"padding:8px 12px; border:1px solid #BDBDBD;\">ISO 9454<\/td>\n<\/tr>\n<tr>\n<td style=\"padding:8px 12px; border:1px solid #BDBDBD;\">Lotperlenbildungstest<\/td>\n<td style=\"padding:8px 12px; border:1px solid #BDBDBD;\">OK<\/td>\n<td style=\"padding:8px 12px; border:1px solid #BDBDBD;\">ANSI\/J-STD-005<\/td>\n<\/tr>\n<tr style=\"background:#E6E6E6;\">\n<td style=\"padding:8px 12px; border:1px solid #BDBDBD;\">Kupferspiegeltest<\/td>\n<td style=\"padding:8px 12px; border:1px solid #BDBDBD;\">OK<\/td>\n<td style=\"padding:8px 12px; border:1px solid #BDBDBD;\">ANSI\/J-STD-004<\/td>\n<\/tr>\n<tr>\n<td style=\"padding:8px 12px; border:1px solid #BDBDBD;\">Kupferkorrosionstest<\/td>\n<td style=\"padding:8px 12px; border:1px solid #BDBDBD;\">OK<\/td>\n<td style=\"padding:8px 12px; border:1px solid #BDBDBD;\">ANSI\/J-STD-004<\/td>\n<\/tr>\n<tr style=\"background:#E6E6E6;\">\n<td style=\"padding:8px 12px; border:1px solid #BDBDBD;\">SIR (IPC)<\/td>\n<td style=\"padding:8px 12px; border:1px solid #BDBDBD;\">OK<\/td>\n<td style=\"padding:8px 12px; border:1px solid #BDBDBD;\">ANSI\/J-STD-004<\/td>\n<\/tr>\n<tr>\n<td style=\"padding:8px 12px; border:1px solid #BDBDBD;\">SIR (Bellcore)<\/td>\n<td style=\"padding:8px 12px; border:1px solid #BDBDBD;\">OK<\/td>\n<td style=\"padding:8px 12px; border:1px solid #BDBDBD;\">Bellcore<\/td>\n<\/tr>\n<tr style=\"background:#E6E6E6;\">\n<td style=\"padding:8px 12px; border:1px solid #BDBDBD;\">Elektromigration (IPC \/ Bellcore)<\/td>\n<td style=\"padding:8px 12px; border:1px solid #BDBDBD;\">OK<\/td>\n<td style=\"padding:8px 12px; border:1px solid #BDBDBD;\">ANSI\/J-STD-004 \/ Bellcore<\/td>\n<\/tr>\n<tr>\n<td style=\"padding:8px 12px; border:1px solid #BDBDBD;\">Sauerstoff-Bombentest<\/td>\n<td style=\"padding:8px 12px; border:1px solid #BDBDBD;\">OK<\/td>\n<td style=\"padding:8px 12px; border:1px solid #BDBDBD;\">EN14582<\/td>\n<\/tr>\n<\/table>\n","protected":false},"excerpt":{"rendered":"<ul>\n<li>Sac305 bleifreie legierte L\u00f6tpaste<\/li>\n<li>Kein sauberer Smt-Druckprozess<\/li>\n<li>Insgesamt ausgewogene Leistung &amp; kein Halogen<\/li>\n<\/ul>\n","protected":false},"featured_media":2227,"comment_status":"closed","ping_status":"closed","template":"","meta":{"_acf_changed":false,"inline_featured_image":false},"product_brand":[],"product_cat":[2841],"product_tag":[1348,1327,5083,5091,5190,1500,1284,5087,5198,5214,5154,5164,5165,5194,3998,5210,5218,1685,3999,5230,5244,5247],"class_list":{"0":"post-9742","1":"product","2":"type-product","3":"status-publish","4":"has-post-thumbnail","6":"product_cat-lotpastelosungen-fur-hochvolumen-leiterplattenbestuckung","7":"product_tag-305-de","8":"product_tag-305-16-de","9":"product_tag-bleifrei","10":"product_tag-bleifreies-loetpaste","11":"product_tag-drucken","12":"product_tag-ecorel-free-305-16-de","13":"product_tag-free-de","14":"product_tag-legierung-bleifrei","15":"product_tag-legierung-sac-305","16":"product_tag-lotpaste","17":"product_tag-pulver","18":"product_tag-pulver-typ-3","19":"product_tag-pulver-typ-4","20":"product_tag-sac-305","21":"product_tag-smt-de","22":"product_tag-smt-loten","23":"product_tag-t3","24":"product_tag-t4-de","25":"product_tag-tht-de","26":"product_tag-tht-loten","27":"product_tag-typ-3","28":"product_tag-typ-4","29":"pa_application-smt-thtloeten","30":"pa_brand-ecorel-de-2","31":"pa_features-legierung-bleifrei","32":"pa_features-legierung-sac-305","33":"pa_features-pulver-typ-3-4","34":"pa_processes-druck","35":"pa_product-category-lotpasten","37":"first","38":"instock","39":"shipping-taxable","40":"product-type-simple"},"acf":[],"_links":{"self":[{"href":"https:\/\/www.inventec.dehon.com\/de\/wp-json\/wp\/v2\/product\/9742","targetHints":{"allow":["GET"]}}],"collection":[{"href":"https:\/\/www.inventec.dehon.com\/de\/wp-json\/wp\/v2\/product"}],"about":[{"href":"https:\/\/www.inventec.dehon.com\/de\/wp-json\/wp\/v2\/types\/product"}],"replies":[{"embeddable":true,"href":"https:\/\/www.inventec.dehon.com\/de\/wp-json\/wp\/v2\/comments?post=9742"}],"wp:featuredmedia":[{"embeddable":true,"href":"https:\/\/www.inventec.dehon.com\/de\/wp-json\/wp\/v2\/media\/2227"}],"wp:attachment":[{"href":"https:\/\/www.inventec.dehon.com\/de\/wp-json\/wp\/v2\/media?parent=9742"}],"wp:term":[{"taxonomy":"product_brand","embeddable":true,"href":"https:\/\/www.inventec.dehon.com\/de\/wp-json\/wp\/v2\/product_brand?post=9742"},{"taxonomy":"product_cat","embeddable":true,"href":"https:\/\/www.inventec.dehon.com\/de\/wp-json\/wp\/v2\/product_cat?post=9742"},{"taxonomy":"product_tag","embeddable":true,"href":"https:\/\/www.inventec.dehon.com\/de\/wp-json\/wp\/v2\/product_tag?post=9742"}],"curies":[{"name":"wp","href":"https:\/\/api.w.org\/{rel}","templated":true}]}}