{"id":9741,"date":"2021-06-21T08:20:21","date_gmt":"2021-06-21T08:20:21","guid":{"rendered":"https:\/\/www.inventec.dehon.com\/product\/ecorel-einfach-802s\/"},"modified":"2025-07-15T11:48:01","modified_gmt":"2025-07-15T11:48:01","slug":"ecorel-easy-802s","status":"publish","type":"product","link":"https:\/\/www.inventec.dehon.com\/de\/product\/ecorel-easy-802s\/","title":{"rendered":"ECOREL EASY 802S"},"content":{"rendered":"<h2 style=\"color: #9bc947; margin-bottom: 15px;\">L\u00f6tpaste mit Blei<\/h2>\n<ul>\n<li>Sn62Pb36Ag2 verbleite L\u00f6tpaste<\/li>\n<li>Kein sauberes SMT-Druckverfahren<\/li>\n<li>Fine-Pitch-Druck<\/li>\n<\/ul>\n<h5>ECOREL EASY 802S<\/h5>\n<p><img decoding=\"async\" class=\"alignleft\" style=\"border-radius: 5px; margin-top: 10px; margin-bottom: 10px;\" src=\"https:\/\/www.inventec.dehon.com\/wp-content\/uploads\/2021\/06\/ECOREL-EASY-802S-803S-solder-paste.jpg\" alt=\"ECOREL EASY 802S\" width=\"150\" \/>Es handelt sich um eine Reinigungslos L\u00f6tpaste, die f\u00fcr den Fine-Pitch-Druck entwickelt wurde. Mit Rakeln oder geschlossenen K\u00f6pfen aufgetragen, hat der Auftrag eine sehr scharfe Definition, auch nach mehreren Stunden Verweildauer auf der Schablone. Ihre rheologischen Eigenschaften sind f\u00fcr das &#8222;Pin-in-Paste&#8220;-Verfahren geeignet. <strong>ECOREL EASY 803S<\/strong> kombiniert eine Sn62Pb36Ag2-Legierung mit der zuverl\u00e4ssigen Chemie der Ecorel-Reihe.<\/p>\n<p>Bleilegierungen sind perfekt geeignet, um konstant hohen Temperaturschwankungen zu widerstehen (-40 bis &gt;130 Celcius). Die Verwendung von bleihaltigen L\u00f6tpasten ist jedoch aufgrund der Umweltauswirkungen von Blei eingeschr\u00e4nkt. <\/p>\n<p>Ausnahmen gelten f\u00fcr Automobil-, Luft- und Raumfahrt- sowie Verteidigungselektronik. Inventec kann Ihnen helfen, eine bleifreie Alternative auf der Grundlage Ihrer spezifischen Anwendung vorzuschlagen.<\/p>\n","protected":false},"excerpt":{"rendered":"<ul>\n<li>Sn62Pb36Ag2 verbleite L\u00f6tpaste<\/li>\n<li>Kein sauberes SMT-Druckverfahren<\/li>\n<li>Fine-Pitch-Druck<\/li>\n<\/ul>\n","protected":false},"featured_media":3489,"comment_status":"closed","ping_status":"closed","template":"","meta":{"_acf_changed":false,"inline_featured_image":false},"product_brand":[],"product_cat":[2835,943],"product_tag":[1711,1649,1710],"class_list":{"0":"post-9741","1":"product","2":"type-product","3":"status-publish","4":"has-post-thumbnail","6":"industries-medizinische-gerate-scanner","7":"product_cat-hochzuverlassige-smt-lotpasten","8":"product_cat-uncategorized-de","9":"product_tag-802s-de","10":"product_tag-easy-de","11":"product_tag-ecorel-easy-802s-de","13":"first","14":"instock","15":"shipping-taxable","16":"product-type-simple"},"acf":[],"_links":{"self":[{"href":"https:\/\/www.inventec.dehon.com\/de\/wp-json\/wp\/v2\/product\/9741","targetHints":{"allow":["GET"]}}],"collection":[{"href":"https:\/\/www.inventec.dehon.com\/de\/wp-json\/wp\/v2\/product"}],"about":[{"href":"https:\/\/www.inventec.dehon.com\/de\/wp-json\/wp\/v2\/types\/product"}],"replies":[{"embeddable":true,"href":"https:\/\/www.inventec.dehon.com\/de\/wp-json\/wp\/v2\/comments?post=9741"}],"wp:featuredmedia":[{"embeddable":true,"href":"https:\/\/www.inventec.dehon.com\/de\/wp-json\/wp\/v2\/media\/3489"}],"wp:attachment":[{"href":"https:\/\/www.inventec.dehon.com\/de\/wp-json\/wp\/v2\/media?parent=9741"}],"wp:term":[{"taxonomy":"product_brand","embeddable":true,"href":"https:\/\/www.inventec.dehon.com\/de\/wp-json\/wp\/v2\/product_brand?post=9741"},{"taxonomy":"product_cat","embeddable":true,"href":"https:\/\/www.inventec.dehon.com\/de\/wp-json\/wp\/v2\/product_cat?post=9741"},{"taxonomy":"product_tag","embeddable":true,"href":"https:\/\/www.inventec.dehon.com\/de\/wp-json\/wp\/v2\/product_tag?post=9741"}],"curies":[{"name":"wp","href":"https:\/\/api.w.org\/{rel}","templated":true}]}}