{"id":9735,"date":"2021-06-17T12:44:45","date_gmt":"2021-06-17T12:44:45","guid":{"rendered":"https:\/\/www.inventec.dehon.com\/product\/ecofrec-pop-50\/"},"modified":"2026-01-21T10:06:07","modified_gmt":"2026-01-21T09:06:07","slug":"ecofrec-pop-50","status":"publish","type":"product","link":"https:\/\/www.inventec.dehon.com\/de\/product\/ecofrec-pop-50\/","title":{"rendered":"ECOFREC POP 50"},"content":{"rendered":"<p><img decoding=\"async\" src=\"https:\/\/www.inventec.dehon.com\/wp-content\/uploads\/2021\/06\/Ecofrec-syringe-tacky-flux-1-600x600.png\" alt=\"ECOFREC POP 50\" class=\"responsive-img\" align=\"right\" style=\"border-radius:10px; margin-bottom:10px; margin-top:-10px; margin-left:15px; width:300px\" \/><\/p>\n<h2 style=\"color:#9bc947; margin-bottom:15px\">Hervorragende Benetzungseigenschaften<\/h2>\n<ul>\n<li>Kein sauberes klebriges Flussmittel<\/li>\n<li>PoP-Prozess<\/li>\n<li>Ausgezeichnete Benetzungseigenschaften<\/li>\n<\/ul>\n<h5>ECOFREC POP 50<\/h5>\n<p>Ist ein klebriges Flussmittel, das f\u00fcr einen Package-on-Package-Prozess entwickelt wurde: Vormontage von gestapelten BGA-Geh\u00e4usen vor dem Reflow. Es eignet sich f\u00fcr bleifreies und verbleites L\u00f6ten, mit oder ohne Stickstoff. Eine Anwendung durch Eintauchen oder Auftragen. Beide Methoden erm\u00f6glichen es, reproduzierbare Mengen an Flussmittel auf die L\u00f6tkugeln aufzubringen. <\/p>\n<p>Die Rheologie und Klebrigkeit von <strong>ECOFREC POP 50<\/strong> sind so optimiert, dass die Verpackungen vor und w\u00e4hrend des Reflow-Prozesses ausreichend fixiert werden<\/p>\n<p><!-- EIGENSCHAFTEN Section --><\/p>\n<div style=\"font-weight:bold; text-transform:uppercase; border-bottom:2px solid #9DBB2F; padding-bottom:6px; margin-bottom:10px;\">\n  EIGENSCHAFTEN\n<\/div>\n<table width=\"100%\" cellpadding=\"0\" cellspacing=\"0\" style=\"border-collapse:collapse; width:100%; max-width:100%;\">\n<tr>\n<th align=\"left\" style=\"background:#7A7A7A; color:#fff; padding:8px 12px; border:1px solid #BDBDBD;\">\n      SPEZIFIKATIONEN\n    <\/th>\n<th align=\"left\" style=\"background:#7A7A7A; color:#fff; padding:8px 12px; border:1px solid #BDBDBD;\">\n      ECOFREC POP 50\n    <\/th>\n<\/tr>\n<tr>\n<td style=\"padding:8px 12px; border:1px solid #BDBDBD;\">\n      Farbe\n    <\/td>\n<td style=\"padding:8px 12px; border:1px solid #BDBDBD;\">\n      Bernstein\n    <\/td>\n<\/tr>\n<tr style=\"background:#E6E6E6;\">\n<td style=\"padding:8px 12px; border:1px solid #BDBDBD;\">\n      Geruch\n    <\/td>\n<td style=\"padding:8px 12px; border:1px solid #BDBDBD;\">\n      Sehr gering\n    <\/td>\n<\/tr>\n<tr>\n<td style=\"padding:8px 12px; border:1px solid #BDBDBD;\">\n      Wasserl\u00f6slichkeit\n    <\/td>\n<td style=\"padding:8px 12px; border:1px solid #BDBDBD;\">\n      Unl\u00f6slich\n    <\/td>\n<\/tr>\n<tr style=\"background:#E6E6E6;\">\n<td style=\"padding:8px 12px; border:1px solid #BDBDBD;\">\n      Alkoholl\u00f6slichkeit\n    <\/td>\n<td style=\"padding:8px 12px; border:1px solid #BDBDBD;\">\n      L\u00f6slich\n    <\/td>\n<\/tr>\n<tr>\n<td style=\"padding:8px 12px; border:1px solid #BDBDBD;\">\n      Klassifizierung nach ANSI\/J-STD-004\n    <\/td>\n<td style=\"padding:8px 12px; border:1px solid #BDBDBD;\">\n      ROL0\n    <\/td>\n<\/tr>\n<tr style=\"background:#E6E6E6;\">\n<td style=\"padding:8px 12px; border:1px solid #BDBDBD;\">\n      Halogengehalt\n    <\/td>\n<td style=\"padding:8px 12px; border:1px solid #BDBDBD;\">\n      Kein Halogen\n    <\/td>\n<\/tr>\n<tr>\n<td style=\"padding:8px 12px; border:1px solid #BDBDBD;\">\n      Dichte bei 20\u00b0C\n    <\/td>\n<td style=\"padding:8px 12px; border:1px solid #BDBDBD;\">\n      1\n    <\/td>\n<\/tr>\n<tr style=\"background:#E6E6E6;\">\n<td style=\"padding:8px 12px; border:1px solid #BDBDBD;\">\n      Viskosit\u00e4t (Pa.s bei 20\u00b0C)<br \/>\n      (Gemessen mit BROOKFIELD RVT-Viskosimeter und Mobile F HELIPATH-System, bei 5 rpm)\n    <\/td>\n<td style=\"padding:8px 12px; border:1px solid #BDBDBD;\">\n      50 \u2013 150\n    <\/td>\n<\/tr>\n<\/table>\n","protected":false},"excerpt":{"rendered":"<ul>\n<li>Kein sauberes klebriges Flussmittel<\/li>\n<li>PoP-Prozess<\/li>\n<li>Ausgezeichnete Benetzungseigenschaften<\/li>\n<\/ul>\n","protected":false},"featured_media":4019,"comment_status":"closed","ping_status":"closed","template":"","meta":{"_acf_changed":false,"inline_featured_image":false},"product_brand":[],"product_cat":[2845],"product_tag":[3996,5031,4639,1492,5035,3997,5382,5386,4611,5378,5306,1460,1493,5326,3995],"class_list":{"0":"post-9735","1":"product","2":"type-product","3":"status-publish","4":"has-post-thumbnail","6":"product_cat-tacky-flux-hochviskose-flussmittellosungen","7":"product_tag-ball-attach-de","8":"product_tag-dosierung","9":"product_tag-durch-eintauchen-auftragen","10":"product_tag-ecofrec-pop-50-de","11":"product_tag-exzellente-benetzung","12":"product_tag-flip-chip-de","13":"product_tag-kugel","14":"product_tag-kugelloeten","15":"product_tag-loesungsmittelbasiert","16":"product_tag-loetkugel","17":"product_tag-no-clean","18":"product_tag-pop-de","19":"product_tag-pop-50-de","20":"product_tag-stickstoff","21":"product_tag-tacky-flux-de","22":"pa_application-ball-attach-de","23":"pa_application-flip-chip-de","24":"pa_application-pop-de","25":"pa_brand-ecofrec-de-2","26":"pa_features-loesungsmittelbasiert","27":"pa_processes-auftrag-durch-tauchen","28":"pa_processes-dosierung","29":"pa_product-category-klebriges-flussmittel","31":"first","32":"instock","33":"shipping-taxable","34":"product-type-simple"},"acf":[],"_links":{"self":[{"href":"https:\/\/www.inventec.dehon.com\/de\/wp-json\/wp\/v2\/product\/9735","targetHints":{"allow":["GET"]}}],"collection":[{"href":"https:\/\/www.inventec.dehon.com\/de\/wp-json\/wp\/v2\/product"}],"about":[{"href":"https:\/\/www.inventec.dehon.com\/de\/wp-json\/wp\/v2\/types\/product"}],"replies":[{"embeddable":true,"href":"https:\/\/www.inventec.dehon.com\/de\/wp-json\/wp\/v2\/comments?post=9735"}],"wp:featuredmedia":[{"embeddable":true,"href":"https:\/\/www.inventec.dehon.com\/de\/wp-json\/wp\/v2\/media\/4019"}],"wp:attachment":[{"href":"https:\/\/www.inventec.dehon.com\/de\/wp-json\/wp\/v2\/media?parent=9735"}],"wp:term":[{"taxonomy":"product_brand","embeddable":true,"href":"https:\/\/www.inventec.dehon.com\/de\/wp-json\/wp\/v2\/product_brand?post=9735"},{"taxonomy":"product_cat","embeddable":true,"href":"https:\/\/www.inventec.dehon.com\/de\/wp-json\/wp\/v2\/product_cat?post=9735"},{"taxonomy":"product_tag","embeddable":true,"href":"https:\/\/www.inventec.dehon.com\/de\/wp-json\/wp\/v2\/product_tag?post=9735"}],"curies":[{"name":"wp","href":"https:\/\/api.w.org\/{rel}","templated":true}]}}