{"id":9728,"date":"2021-09-03T08:44:47","date_gmt":"2021-09-03T08:44:47","guid":{"rendered":"https:\/\/www.inventec.dehon.com\/product\/topklean-mc-1007d\/"},"modified":"2026-01-19T09:56:57","modified_gmt":"2026-01-19T08:56:57","slug":"topklean-mc-1007d","status":"publish","type":"product","link":"https:\/\/www.inventec.dehon.com\/de\/product\/topklean-mc-1007d\/","title":{"rendered":"TOPKLEAN MC 1007D"},"content":{"rendered":"<p><img decoding=\"async\" src=\"https:\/\/www.inventec.dehon.com\/wp-content\/uploads\/2021\/03\/TOPKLEAN-canister-yellow-1-600x600.jpg\" alt=\"TOPKLEAN MC 1007D\" class=\"responsive-img\" align=\"right\" style=\"border-radius:10px; margin-bottom:10px; margin-top:-10px; margin-left:15px; width:300px\" \/><\/p>\n<h2 style=\"color:#9bc947; margin-bottom:15px\">Entfernung von schweren Verunreinigungen<\/h2>\n<ul>\n<li>Entfernung schwerer Verunreinigungen<\/li>\n<li>Monol\u00f6sungsmittel, Co-L\u00f6sungsmittel oder Spr\u00fchverfahren<\/li>\n<li>Umweltfreundliche Alternative zu Perchlorethylen und nPB<\/li>\n<\/ul>\n<h5>TOPKLEAN MC 1007D<\/h5>\n<p>Speziell formuliert f\u00fcr die Entfernung von schweren Verunreinigungen wie Fetten, Polier-, Schleif- und L\u00e4pppasten, mit gleichzeitiger Entoxidationseigenschaft auf allen Kupferlegierungen und Edelmetalle. Es kann auch verwendet werden, um Ru\u00df, Rostflocken, Teer, Wachs, nicht ausgeh\u00e4rtete Harze, Lacke, Klebstofflacke, Pigmente, Formtrennmittel und Sp\u00e4ne von komplexen geometrischen Teilen zu entfernen. Bei einer h\u00f6heren Temperatur (max. 85 \u00b0C) k\u00f6nnen getrocknete und rissige R\u00fcckst\u00e4nde von Zylinderk\u00f6pfen und anderen verstopften Motorteilen entfernt werden.<\/p>\n<p>Die niedrige Oberfl\u00e4chenspannung und die m\u00f6gliche Verwendung mit Ultraschall bieten hervorragende Reinigungsqualit\u00e4ten in einem Dampfphasen- oder einfachen Tauchverfahren. <strong>TOPKLEAN MC 1007D<\/strong> ist mit allen Metallen, Legierungen und auch mit Glas und Keramik kompatibel. Es hat keine sch\u00e4dlichen Auswirkungen auf die meisten Kunststoffe und Elastomere. Es besch\u00e4digt keine lackierten Oberfl\u00e4chen und ist geeignet, um gleichzeitig Lacke und Beschichtungen auf verschiedenen Materialien zu entfernen.<\/p>\n","protected":false},"excerpt":{"rendered":"<ul>\n<li>Entfernung schwerer Verunreinigungen<\/li>\n<li>Monol\u00f6sungsmittel, Co-L\u00f6sungsmittel oder Spr\u00fchverfahren<\/li>\n<li>Umweltfreundliche Alternative zu Perchlorethylen und nPB<\/li>\n<\/ul>\n","protected":false},"featured_media":24450,"comment_status":"closed","ping_status":"closed","template":"","meta":{"_acf_changed":false,"inline_featured_image":false},"product_brand":[],"product_cat":[595,2866,2867,2868,2869,2865,2864,411],"product_tag":[2624,4282,5414,4322,4430,547,4185,2159,2623,4354,4370,4394,4402,4418,4422,4748,4454,2042,2622,4306,4482,4486],"class_list":{"0":"post-9728","1":"product","2":"type-product","3":"status-publish","4":"has-post-thumbnail","6":"product_cat-additive-fertigungslosungen","7":"product_cat-entfernung-von-diamant-poliersuspension","8":"product_cat-entfernung-von-polierpaste","9":"product_cat-entfernung-von-polymeren-harzen","10":"product_cat-entfernung-von-wachs","11":"product_cat-fettentfernung-von-verschiedenen-metallkomponenten","12":"product_cat-olentfernung-von-verschiedenen-metallkomponenten","13":"product_cat-reinigung","14":"product_tag-1007d-de","15":"product_tag-co-losungsmittel","16":"product_tag-entfetten","17":"product_tag-fettentfernung-de","18":"product_tag-harze","19":"product_tag-losungsmittel","20":"product_tag-loesungsmittelbasierte-reinigungsfluessigkeiten","21":"product_tag-mc-de","22":"product_tag-mc-1007d-de","23":"product_tag-mineralien-de","24":"product_tag-mono-losungsmittel","25":"product_tag-olentfernung","26":"product_tag-oxide-de","27":"product_tag-polierpaste-entfernen","28":"product_tag-polymer","29":"product_tag-polymerentfernung","30":"product_tag-spray","31":"product_tag-topklean-de","32":"product_tag-topklean-mc-1007d-de","33":"product_tag-umweltfreundlich-de","34":"product_tag-wachs-de","35":"product_tag-wachs-entfernen","36":"pa_application-entfernung-von-oxiden-mineralien","37":"pa_application-entfernung-von-polierpaste","38":"pa_application-entfernung-von-polymeren-harzen","39":"pa_application-entfernung-von-wachs","40":"pa_application-fettentfernung","41":"pa_application-oelentfernung","42":"pa_brand-topklean-de-2","43":"pa_features-geeignet-fuer-kohlenwasserstoffbasierte-anwendungen","44":"pa_product-category-loesungsmittelbasierte-reinigungsfluessigkeiten","46":"first","47":"instock","48":"shipping-taxable","49":"product-type-simple"},"acf":[],"_links":{"self":[{"href":"https:\/\/www.inventec.dehon.com\/de\/wp-json\/wp\/v2\/product\/9728","targetHints":{"allow":["GET"]}}],"collection":[{"href":"https:\/\/www.inventec.dehon.com\/de\/wp-json\/wp\/v2\/product"}],"about":[{"href":"https:\/\/www.inventec.dehon.com\/de\/wp-json\/wp\/v2\/types\/product"}],"replies":[{"embeddable":true,"href":"https:\/\/www.inventec.dehon.com\/de\/wp-json\/wp\/v2\/comments?post=9728"}],"wp:featuredmedia":[{"embeddable":true,"href":"https:\/\/www.inventec.dehon.com\/de\/wp-json\/wp\/v2\/media\/24450"}],"wp:attachment":[{"href":"https:\/\/www.inventec.dehon.com\/de\/wp-json\/wp\/v2\/media?parent=9728"}],"wp:term":[{"taxonomy":"product_brand","embeddable":true,"href":"https:\/\/www.inventec.dehon.com\/de\/wp-json\/wp\/v2\/product_brand?post=9728"},{"taxonomy":"product_cat","embeddable":true,"href":"https:\/\/www.inventec.dehon.com\/de\/wp-json\/wp\/v2\/product_cat?post=9728"},{"taxonomy":"product_tag","embeddable":true,"href":"https:\/\/www.inventec.dehon.com\/de\/wp-json\/wp\/v2\/product_tag?post=9728"}],"curies":[{"name":"wp","href":"https:\/\/api.w.org\/{rel}","templated":true}]}}