{"id":9721,"date":"2021-06-17T12:25:22","date_gmt":"2021-06-17T12:25:22","guid":{"rendered":"https:\/\/www.inventec.dehon.com\/product\/ecofrec-ht504\/"},"modified":"2026-01-20T16:05:27","modified_gmt":"2026-01-20T15:05:27","slug":"ecofrec-ht-504","status":"publish","type":"product","link":"https:\/\/www.inventec.dehon.com\/de\/product\/ecofrec-ht-504\/","title":{"rendered":"ECOFREC HT 504"},"content":{"rendered":"<p><img decoding=\"async\" src=\"https:\/\/www.inventec.dehon.com\/wp-content\/uploads\/2021\/04\/ECOFREC-canister-solvent-based-600x600.png\" alt=\"ECOFREC HT 504\" class=\"responsive-img\" align=\"right\" style=\"border-radius:10px; margin-bottom:10px; margin-top:-10px; margin-left:15px; width:300px\" \/><\/p>\n<h2 style=\"color: #9bc947; margin-bottom: 15px;\">Hochtemperatur-L\u00f6tflux<\/h2>\n<ul>\n<li>L\u00f6sungsmittelhaltiges, nicht zu reinigendes fl\u00fcssiges Kolophonium-Flussmittel<\/li>\n<li>Tauchen oder manuelles B\u00fcrstenverfahren<\/li>\n<li>Hochtemperaturl\u00f6ten &amp; leicht zu reinigen<\/li>\n<\/ul>\n<h5>ECOFREC HT 504<\/h5>\n<p>Ist ein r\u00fcckstandsarmes, kolophoniumbasiertes No-Clean-Flussmittel, das f\u00fcr das L\u00f6ten von passiven Komponenten und anderen Leistungshalbleitern bei hohen Temperaturen entwickelt wurde. Es kann auch f\u00fcr Nacharbeiten und Reparaturen verwendet werden.<\/p>\n<p><strong>ECOFREC HT 504<\/strong> kann durch Eintauchen oder mit einem Pinsel aufgetragen werden. <\/p>\n<p>F\u00fcr Hochtemperaturanwendungen wird empfohlen, mehrere B\u00e4der mit unterschiedlichen Vorw\u00e4rmtemperaturen zu verwenden, um Sch\u00e4den an den Teilen zu vermeiden.<\/p>\n<p><!-- FEATURES Section --><\/p>\n<div style=\"font-weight:bold; border-bottom:2px solid #9DBB2F; padding-bottom:6px; margin-bottom:10px;\">\n  MERKMALE\n<\/div>\n<table width=\"100%\" cellpadding=\"0\" cellspacing=\"0\" style=\"border-collapse:collapse; width:100%; max-width:100%;\">\n<tr>\n<th align=\"left\" style=\"background:#7A7A7A; color:#fff; padding:8px 12px; border:1px solid #BDBDBD;\">\n      SPEZIFIKATIONEN\n    <\/th>\n<th align=\"left\" style=\"background:#7A7A7A; color:#fff; padding:8px 12px; border:1px solid #BDBDBD;\">\n      ECOFREC HT 504\n    <\/th>\n<\/tr>\n<tr>\n<td style=\"padding:8px 12px; border:1px solid #BDBDBD;\">Flussmittel-Erscheinung<\/td>\n<td style=\"padding:8px 12px; border:1px solid #BDBDBD;\">Bernstein<\/td>\n<\/tr>\n<tr style=\"background:#E6E6E6;\">\n<td style=\"padding:8px 12px; border:1px solid #BDBDBD;\">Dichte bei 20\u00b0C (g\/cm\u00b3)<\/td>\n<td style=\"padding:8px 12px; border:1px solid #BDBDBD;\">1<\/td>\n<\/tr>\n<tr>\n<td style=\"padding:8px 12px; border:1px solid #BDBDBD;\">Feststoffgehalt (%)<\/td>\n<td style=\"padding:8px 12px; border:1px solid #BDBDBD;\">30<\/td>\n<\/tr>\n<tr style=\"background:#E6E6E6;\">\n<td style=\"padding:8px 12px; border:1px solid #BDBDBD;\">S\u00e4urezahl (mg KOH\/g)<\/td>\n<td style=\"padding:8px 12px; border:1px solid #BDBDBD;\">43,5 \u2013 49,5<\/td>\n<\/tr>\n<tr>\n<td style=\"padding:8px 12px; border:1px solid #BDBDBD;\">Halogengehalt<\/td>\n<td style=\"padding:8px 12px; border:1px solid #BDBDBD;\">Kein Halogen<\/td>\n<\/tr>\n<tr style=\"background:#E6E6E6;\">\n<td style=\"padding:8px 12px; border:1px solid #BDBDBD;\">Selbstentz\u00fcndungspunkt<\/td>\n<td style=\"padding:8px 12px; border:1px solid #BDBDBD;\">&gt; 370\u00b0C<\/td>\n<\/tr>\n<\/table>\n<p><!-- CHARACTERISTICS Section --><\/p>\n<div style=\"font-weight:bold; border-bottom:2px solid #9DBB2F; padding-bottom:6px; margin:30px 0 10px 0;\">\n  KENNDATEN\n<\/div>\n<table width=\"100%\" cellpadding=\"0\" cellspacing=\"0\" style=\"border-collapse:collapse; width:100%; max-width:100%;\">\n<tr>\n<th align=\"left\" style=\"background:#7A7A7A; color:#fff; padding:8px 12px; border:1px solid #BDBDBD;\">\n      Standardtests\n    <\/th>\n<th align=\"left\" style=\"background:#7A7A7A; color:#fff; padding:8px 12px; border:1px solid #BDBDBD;\">\n      Ergebnisse\n    <\/th>\n<th align=\"left\" style=\"background:#7A7A7A; color:#fff; padding:8px 12px; border:1px solid #BDBDBD;\">\n      Verfahren\n    <\/th>\n<\/tr>\n<tr>\n<td style=\"padding:8px 12px; border:1px solid #BDBDBD;\">Flussmittelklassifizierung<\/td>\n<td style=\"padding:8px 12px; border:1px solid #BDBDBD;\">ROL0<\/td>\n<td style=\"padding:8px 12px; border:1px solid #BDBDBD;\">ANSI\/J-STD-004<\/td>\n<\/tr>\n<tr style=\"background:#E6E6E6;\">\n<td style=\"padding:8px 12px; border:1px solid #BDBDBD;\">SIR \/ Elektromigration (IPC)<\/td>\n<td style=\"padding:8px 12px; border:1px solid #BDBDBD;\">Bestanden<\/td>\n<td style=\"padding:8px 12px; border:1px solid #BDBDBD;\">ANSI\/J-STD-004<\/td>\n<\/tr>\n<tr>\n<td style=\"padding:8px 12px; border:1px solid #BDBDBD;\">Chromatiertes Papier<\/td>\n<td style=\"padding:8px 12px; border:1px solid #BDBDBD;\">Bestanden<\/td>\n<td style=\"padding:8px 12px; border:1px solid #BDBDBD;\">ANSI\/J-STD-004<\/td>\n<\/tr>\n<tr style=\"background:#E6E6E6;\">\n<td style=\"padding:8px 12px; border:1px solid #BDBDBD;\">Kupferspiegel<\/td>\n<td style=\"padding:8px 12px; border:1px solid #BDBDBD;\">Bestanden<\/td>\n<td style=\"padding:8px 12px; border:1px solid #BDBDBD;\">ANSI\/J-STD-004<\/td>\n<\/tr>\n<\/table>\n","protected":false},"excerpt":{"rendered":"<ul>\n<li>L\u00f6sungsmittelhaltiges, nicht zu reinigendes fl\u00fcssiges Kolophonium-Flussmittel<\/li>\n<li>Tauchen oder manuelles B\u00fcrstenverfahren<\/li>\n<li>Hochtemperaturl\u00f6ten &amp; leicht zu reinigen<\/li>\n<\/ul>\n","protected":false},"featured_media":3048,"comment_status":"closed","ping_status":"closed","template":"","meta":{"_acf_changed":false,"inline_featured_image":false},"product_brand":[],"product_cat":[2844,2843],"product_tag":[1636,4639,1634,5294,5354,1380,1635,5342,4611,5350,4635,5346,5306,5370,5210,5230],"class_list":{"0":"post-9721","1":"product","2":"type-product","3":"status-publish","4":"has-post-thumbnail","6":"product_cat-flussmittel-fur-das-selektivloten","7":"product_cat-flussmittel-fur-das-wellenloten","8":"product_tag-504-de","9":"product_tag-durch-eintauchen-auftragen","10":"product_tag-ecofrec-ht-504-de","11":"product_tag-flussiges-flussmittel","12":"product_tag-handloeten","13":"product_tag-ht-de","14":"product_tag-ht-504-de","15":"product_tag-kolophoniumhaltiges-fluessiges-flussmittel","16":"product_tag-loesungsmittelbasiert","17":"product_tag-loetnacharbeit","18":"product_tag-mit-pinsel-auftragen","19":"product_tag-nacharbeit","20":"product_tag-no-clean","21":"product_tag-reparatur","22":"product_tag-smt-loten","23":"product_tag-tht-loten","24":"pa_application-smt-thtloeten","25":"pa_brand-ecofrec-de-2","26":"pa_features-loesungsmittelbasiert","27":"pa_processes-auftrag-durch-tauchen","28":"pa_processes-auftrag-mit-pinsel","29":"pa_processes-nacharbeiten-handloeten","30":"pa_product-category-fluessigflussmittel","32":"first","33":"instock","34":"shipping-taxable","35":"product-type-simple"},"acf":[],"_links":{"self":[{"href":"https:\/\/www.inventec.dehon.com\/de\/wp-json\/wp\/v2\/product\/9721","targetHints":{"allow":["GET"]}}],"collection":[{"href":"https:\/\/www.inventec.dehon.com\/de\/wp-json\/wp\/v2\/product"}],"about":[{"href":"https:\/\/www.inventec.dehon.com\/de\/wp-json\/wp\/v2\/types\/product"}],"replies":[{"embeddable":true,"href":"https:\/\/www.inventec.dehon.com\/de\/wp-json\/wp\/v2\/comments?post=9721"}],"wp:featuredmedia":[{"embeddable":true,"href":"https:\/\/www.inventec.dehon.com\/de\/wp-json\/wp\/v2\/media\/3048"}],"wp:attachment":[{"href":"https:\/\/www.inventec.dehon.com\/de\/wp-json\/wp\/v2\/media?parent=9721"}],"wp:term":[{"taxonomy":"product_brand","embeddable":true,"href":"https:\/\/www.inventec.dehon.com\/de\/wp-json\/wp\/v2\/product_brand?post=9721"},{"taxonomy":"product_cat","embeddable":true,"href":"https:\/\/www.inventec.dehon.com\/de\/wp-json\/wp\/v2\/product_cat?post=9721"},{"taxonomy":"product_tag","embeddable":true,"href":"https:\/\/www.inventec.dehon.com\/de\/wp-json\/wp\/v2\/product_tag?post=9721"}],"curies":[{"name":"wp","href":"https:\/\/api.w.org\/{rel}","templated":true}]}}