{"id":9719,"date":"2021-06-21T08:07:44","date_gmt":"2021-06-21T08:07:44","guid":{"rendered":"https:\/\/www.inventec.dehon.com\/product\/ecorel-einfach-802m2-t3\/"},"modified":"2026-01-22T11:03:39","modified_gmt":"2026-01-22T10:03:39","slug":"ecorel-easy-802m2","status":"publish","type":"product","link":"https:\/\/www.inventec.dehon.com\/de\/product\/ecorel-easy-802m2\/","title":{"rendered":"ECOREL EASY 802M2"},"content":{"rendered":"<p><img decoding=\"async\" src=\"https:\/\/www.inventec.dehon.com\/wp-content\/uploads\/2021\/01\/Ecorel-Free-600x600.png\" alt=\"ECOREL EASY 802M2\" class=\"responsive-img\" align=\"right\" style=\"border-radius:10px; margin-bottom:10px; margin-top:-10px; margin-left:15px; width:300px\" \/><\/p>\n<h2 style=\"color: #9bc947; margin-bottom: 15px;\">R\u00fcckstandsfreie No-Clean L\u00f6tpaste<\/h2>\n<ul>\n<li>Sn62Pb36Ag2 verbleite L\u00f6tpaste in Typ 3<\/li>\n<li>Kein sauberes SMT-Druckverfahren<\/li>\n<li>Robuste Montage<\/li>\n<\/ul>\n<h5>ECOREL EASY 802M2<\/h5>\n<p>Bietet ein ausgewogenes Verh\u00e4ltnis zwischen Benetzbarkeit, Druckf\u00e4higkeit und Widerstandsf\u00e4higkeit gegen\u00fcber verschiedenen W\u00e4rmeprofilen. Er zeichnet sich durch eine hohe Druckgeschwindigkeit, eine hervorragende Abklingzeit und eine lange, gleichm\u00e4\u00dfige Klebrigkeit aus.<\/p>\n<p>Bleilegierungen sind perfekt geeignet, um konstant hohen Temperaturschwankungen zu widerstehen (-40 bis &gt;130 Celcius). Die Verwendung von bleihaltigen L\u00f6tpasten ist jedoch aufgrund der Umweltauswirkungen von Blei eingeschr\u00e4nkt. Ausnahmen gelten f\u00fcr Automobil-, Luft- und Raumfahrt- sowie Verteidigungselektronik. Inventec kann Ihnen helfen, eine bleifreie Alternative auf der Grundlage Ihrer spezifischen Anwendung vorzuschlagen.<\/p>\n<p><!-- FEATURES Section --><\/p>\n<div style=\"font-weight:bold; text-transform:uppercase; border-bottom:2px solid #9DBB2F; padding-bottom:6px; margin-bottom:10px;\">\n  MERKMALE\n<\/div>\n<table width=\"100%\" cellpadding=\"0\" cellspacing=\"0\" style=\"border-collapse:collapse; width:100%; max-width:100%;\">\n<tr>\n<th align=\"left\" style=\"background:#7A7A7A; color:#fff; padding:8px 12px; border:1px solid #BDBDBD;\">\n      SPEZIFIKATIONEN\n    <\/th>\n<th align=\"left\" style=\"background:#7A7A7A; color:#fff; padding:8px 12px; border:1px solid #BDBDBD;\">\n      ECOREL\u2122 EASY 802 M2\n    <\/th>\n<\/tr>\n<tr>\n<td style=\"padding:8px 12px; border:1px solid #BDBDBD;\">Legierung<\/td>\n<td style=\"padding:8px 12px; border:1px solid #BDBDBD;\">Sn62Pb36Ag2<\/td>\n<\/tr>\n<tr style=\"background:#E6E6E6;\">\n<td style=\"padding:8px 12px; border:1px solid #BDBDBD;\">Partikelgr\u00f6\u00dfe (Mikrometer)<\/td>\n<td style=\"padding:8px 12px; border:1px solid #BDBDBD;\">25-45<\/td>\n<\/tr>\n<tr>\n<td style=\"padding:8px 12px; border:1px solid #BDBDBD;\">Schmelzpunkt (\u00b0C)<\/td>\n<td style=\"padding:8px 12px; border:1px solid #BDBDBD;\">178<\/td>\n<\/tr>\n<tr style=\"background:#E6E6E6;\">\n<td style=\"padding:8px 12px; border:1px solid #BDBDBD;\">Metallgehalt (%)<\/td>\n<td style=\"padding:8px 12px; border:1px solid #BDBDBD;\">89,5 \u00b1 0,5<\/td>\n<\/tr>\n<tr>\n<td style=\"padding:8px 12px; border:1px solid #BDBDBD;\">R\u00fcckst\u00e4nde nach Reflow-L\u00f6ten (%)<\/td>\n<td style=\"padding:8px 12px; border:1px solid #BDBDBD;\">47 \u2013 54<\/td>\n<\/tr>\n<tr style=\"background:#E6E6E6;\">\n<td style=\"padding:8px 12px; border:1px solid #BDBDBD;\">Halogengehalt<\/td>\n<td style=\"padding:8px 12px; border:1px solid #BDBDBD;\">Kein Halogen<\/td>\n<\/tr>\n<tr>\n<td style=\"padding:8px 12px; border:1px solid #BDBDBD;\">Viskosit\u00e4t* (Pa.s bei 25\u00b0C)<br \/><font style=\"font-size:0.85em;\">*Spiralpumpe Malcom \u2013 10 U\/min<\/font><\/td>\n<td style=\"padding:8px 12px; border:1px solid #BDBDBD;\">160<br \/>Typischer Wert<\/td>\n<\/tr>\n<\/table>\n<p><!-- FUNCTIONAL TESTS Section --><\/p>\n<div style=\"font-weight:bold; text-transform:uppercase; border-bottom:2px solid #9DBB2F; padding-bottom:6px; margin-bottom:10px;\">\n  KENNDATEN\n<\/div>\n<table width=\"100%\" cellpadding=\"0\" cellspacing=\"0\" style=\"border-collapse:collapse; width:100%; max-width:100%;\">\n<tr>\n<th align=\"left\" style=\"background:#7A7A7A; color:#fff; padding:8px 12px; border:1px solid #BDBDBD;\">\n      FUNKTIONSTESTS\n    <\/th>\n<th align=\"left\" style=\"background:#7A7A7A; color:#fff; padding:8px 12px; border:1px solid #BDBDBD;\">\n      Ergebnisse\n    <\/th>\n<th align=\"left\" style=\"background:#7A7A7A; color:#fff; padding:8px 12px; border:1px solid #BDBDBD;\">\n      Verfahren\n    <\/th>\n<\/tr>\n<tr>\n<td style=\"padding:8px 12px; border:1px solid #BDBDBD;\">Flussmittelklassifizierung<\/td>\n<td style=\"padding:8px 12px; border:1px solid #BDBDBD;\">L0<br \/>113<\/td>\n<td style=\"padding:8px 12px; border:1px solid #BDBDBD;\">ANSI\/J-STD-004<br \/>ISO 9454<\/td>\n<\/tr>\n<tr style=\"background:#E6E6E6;\">\n<td style=\"padding:8px 12px; border:1px solid #BDBDBD;\">Lotperlenbildungstest<\/td>\n<td style=\"padding:8px 12px; border:1px solid #BDBDBD;\">Klasse 1<\/td>\n<td style=\"padding:8px 12px; border:1px solid #BDBDBD;\">ANSI\/J-STD-004<\/td>\n<\/tr>\n<tr>\n<td style=\"padding:8px 12px; border:1px solid #BDBDBD;\">Kupferspiegel<\/td>\n<td style=\"padding:8px 12px; border:1px solid #BDBDBD;\">OK<\/td>\n<td style=\"padding:8px 12px; border:1px solid #BDBDBD;\">ANSI\/J-STD-004<\/td>\n<\/tr>\n<tr style=\"background:#E6E6E6;\">\n<td style=\"padding:8px 12px; border:1px solid #BDBDBD;\">Kupferkorrosion<\/td>\n<td style=\"padding:8px 12px; border:1px solid #BDBDBD;\">OK<\/td>\n<td style=\"padding:8px 12px; border:1px solid #BDBDBD;\">ANSI\/J-STD-004<\/td>\n<\/tr>\n<tr>\n<td style=\"padding:8px 12px; border:1px solid #BDBDBD;\">Isolationswiderstand (Ohm)<br \/>Nach 21 Tagen<br \/>85\u00b0C \u2013 85% RH \u2013 50 Volt<br \/>Ende des Zyklus<br \/>20\u00b0C \u2013 65% RH<\/td>\n<td style=\"padding:8px 12px; border:1px solid #BDBDBD;\">OK<\/p>\n<p>> 10<sup>9<\/sup> <\/p>\n<p>> 10<sup>10<\/sup><\/td>\n<td style=\"padding:8px 12px; border:1px solid #BDBDBD;\">ANSI\/J-STD-004<\/td>\n<\/tr>\n<\/table>\n","protected":false},"excerpt":{"rendered":"<ul>\n<li>Sn62Pb36Ag2 verbleite L\u00f6tpaste in Typ 3<\/li>\n<li>Kein sauberes SMT-Druckverfahren<\/li>\n<li>Robuste Montage<\/li>\n<\/ul>\n","protected":false},"featured_media":3489,"comment_status":"closed","ping_status":"closed","template":"","meta":{"_acf_changed":false,"inline_featured_image":false},"product_brand":[],"product_cat":[2835],"product_tag":[1666,1667,5095,5103,5099,5190,1649,1665,5214,1668,5154,5164,5165,3998,5210,5218,1685,3999,5230,5244,5247],"class_list":{"0":"post-9719","1":"product","2":"type-product","3":"status-publish","4":"has-post-thumbnail","6":"industries-medizinische-gerate-scanner","7":"product_cat-hochzuverlassige-smt-lotpasten","8":"product_tag-802-de","9":"product_tag-802m2-de","10":"product_tag-blei","11":"product_tag-bleihaltige-loetpaste","12":"product_tag-bleilegierung","13":"product_tag-drucken","14":"product_tag-easy-de","15":"product_tag-ecorel-easy-802m2-de","16":"product_tag-lotpaste","17":"product_tag-m2-de","18":"product_tag-pulver","19":"product_tag-pulver-typ-3","20":"product_tag-pulver-typ-4","21":"product_tag-smt-de","22":"product_tag-smt-loten","23":"product_tag-t3","24":"product_tag-t4-de","25":"product_tag-tht-de","26":"product_tag-tht-loten","27":"product_tag-typ-3","28":"product_tag-typ-4","29":"pa_application-smt-thtloeten","30":"pa_brand-ecorel-de-2","31":"pa_features-legierung-mit-bleilegierung","32":"pa_features-pulver-typ-3-4","33":"pa_processes-druck","34":"pa_product-category-lotpasten","36":"first","37":"instock","38":"shipping-taxable","39":"product-type-simple"},"acf":[],"_links":{"self":[{"href":"https:\/\/www.inventec.dehon.com\/de\/wp-json\/wp\/v2\/product\/9719","targetHints":{"allow":["GET"]}}],"collection":[{"href":"https:\/\/www.inventec.dehon.com\/de\/wp-json\/wp\/v2\/product"}],"about":[{"href":"https:\/\/www.inventec.dehon.com\/de\/wp-json\/wp\/v2\/types\/product"}],"replies":[{"embeddable":true,"href":"https:\/\/www.inventec.dehon.com\/de\/wp-json\/wp\/v2\/comments?post=9719"}],"wp:featuredmedia":[{"embeddable":true,"href":"https:\/\/www.inventec.dehon.com\/de\/wp-json\/wp\/v2\/media\/3489"}],"wp:attachment":[{"href":"https:\/\/www.inventec.dehon.com\/de\/wp-json\/wp\/v2\/media?parent=9719"}],"wp:term":[{"taxonomy":"product_brand","embeddable":true,"href":"https:\/\/www.inventec.dehon.com\/de\/wp-json\/wp\/v2\/product_brand?post=9719"},{"taxonomy":"product_cat","embeddable":true,"href":"https:\/\/www.inventec.dehon.com\/de\/wp-json\/wp\/v2\/product_cat?post=9719"},{"taxonomy":"product_tag","embeddable":true,"href":"https:\/\/www.inventec.dehon.com\/de\/wp-json\/wp\/v2\/product_tag?post=9719"}],"curies":[{"name":"wp","href":"https:\/\/api.w.org\/{rel}","templated":true}]}}