{"id":9716,"date":"2021-06-18T09:28:54","date_gmt":"2021-06-18T09:28:54","guid":{"rendered":"https:\/\/www.inventec.dehon.com\/product\/ecorel-einfach-803m\/"},"modified":"2026-01-22T09:34:44","modified_gmt":"2026-01-22T08:34:44","slug":"ecorel-easy-803m","status":"publish","type":"product","link":"https:\/\/www.inventec.dehon.com\/de\/product\/ecorel-easy-803m\/","title":{"rendered":"ECOREL EASY 803M"},"content":{"rendered":"<p><img decoding=\"async\" src=\"https:\/\/www.inventec.dehon.com\/wp-content\/uploads\/2021\/01\/Ecorel-Free-600x600.png\" alt=\"ECOREL EASY 803M\" class=\"responsive-img\" align=\"right\" style=\"border-radius:10px; margin-bottom:10px; margin-top:-10px; margin-left:15px; width:300px\" \/><\/p>\n<h2 style=\"color: #9bc947; margin-bottom: 15px;\">R\u00fcckstandsfreie No-Clean L\u00f6tpaste<\/h2>\n<ul>\n<li>Sn63Pb37 verbleite L\u00f6tpaste<\/li>\n<li>Kein sauberes SMT-Druckverfahren<\/li>\n<li>Robuste Montage.<\/li>\n<\/ul>\n<h5>ECOREL EASY 803M<\/h5>\n<p>Bietet ein ausgewogenes Verh\u00e4ltnis zwischen Benetzbarkeit, Druckf\u00e4higkeit und Widerstandsf\u00e4higkeit gegen\u00fcber verschiedenen W\u00e4rmeprofilen. Er zeichnet sich durch eine hohe Druckgeschwindigkeit, eine hervorragende Abklingzeit und eine lange, gleichm\u00e4\u00dfige Klebrigkeit aus.<\/p>\n<p>Bleilegierungen sind perfekt geeignet, um konstant hohen Temperaturschwankungen zu widerstehen (-40 bis &gt;130 Celcius). Die Verwendung von bleihaltigen L\u00f6tpasten ist jedoch aufgrund der Umweltauswirkungen von Blei eingeschr\u00e4nkt. Ausnahmen gelten f\u00fcr Automobil-, Luft- und Raumfahrt- sowie Verteidigungselektronik.<\/p>\n<p>INVENTEC kann Ihnen helfen, eine bleifreie Alternative auf der Grundlage Ihrer spezifischen Anwendung vorzuschlagen.<\/p>\n<p><!-- MERKMALE Section --><\/p>\n<div style=\"font-weight:bold; text-transform:uppercase; border-bottom:2px solid #9DBB2F; padding-bottom:6px; margin-bottom:10px;\">\n  MERKMALE\n<\/div>\n<table width=\"100%\" cellpadding=\"0\" cellspacing=\"0\" style=\"border-collapse:collapse; width:100%; max-width:100%;\">\n<tr>\n<th align=\"left\" style=\"background:#7A7A7A; color:#fff; padding:8px 12px; border:1px solid #BDBDBD;\">\n      SPEZIFIKATIONEN\n    <\/th>\n<th align=\"left\" style=\"background:#7A7A7A; color:#fff; padding:8px 12px; border:1px solid #BDBDBD;\">\n      Ecorel\u2122 Easy 803M\n    <\/th>\n<th align=\"left\" style=\"background:#7A7A7A; color:#fff; padding:8px 12px; border:1px solid #BDBDBD;\">\n      Ecorel\u2122 Easy 803M T4\n    <\/th>\n<\/tr>\n<tr>\n<td style=\"padding:8px 12px; border:1px solid #BDBDBD;\">Legierung<\/td>\n<td style=\"padding:8px 12px; border:1px solid #BDBDBD;\">Sn63Pb37<\/td>\n<td style=\"padding:8px 12px; border:1px solid #BDBDBD;\">Sn63Pb37<\/td>\n<\/tr>\n<tr style=\"background:#E6E6E6;\">\n<td style=\"padding:8px 12px; border:1px solid #BDBDBD;\">Korngr\u00f6\u00dfenverteilung (Mikrometer)<\/td>\n<td style=\"padding:8px 12px; border:1px solid #BDBDBD;\">25\u201345<\/td>\n<td style=\"padding:8px 12px; border:1px solid #BDBDBD;\">20\u201338<\/td>\n<\/tr>\n<tr>\n<td style=\"padding:8px 12px; border:1px solid #BDBDBD;\">Schmelzpunkt (\u00b0C)<\/td>\n<td style=\"padding:8px 12px; border:1px solid #BDBDBD;\">183<\/td>\n<td style=\"padding:8px 12px; border:1px solid #BDBDBD;\">183<\/td>\n<\/tr>\n<tr style=\"background:#E6E6E6;\">\n<td style=\"padding:8px 12px; border:1px solid #BDBDBD;\">Metallgehalt (%)<\/td>\n<td style=\"padding:8px 12px; border:1px solid #BDBDBD;\">89,5 \u00b1 0,5<\/td>\n<td style=\"padding:8px 12px; border:1px solid #BDBDBD;\">89,5 \u00b1 0,5<\/td>\n<\/tr>\n<tr>\n<td style=\"padding:8px 12px; border:1px solid #BDBDBD;\">Nichtfl\u00fcchtiger R\u00fcckstand (%)<\/td>\n<td style=\"padding:8px 12px; border:1px solid #BDBDBD;\">47 \u2013 54<\/td>\n<td style=\"padding:8px 12px; border:1px solid #BDBDBD;\">47 \u2013 54<\/td>\n<\/tr>\n<tr style=\"background:#E6E6E6;\">\n<td style=\"padding:8px 12px; border:1px solid #BDBDBD;\">Halogengehalt<\/td>\n<td style=\"padding:8px 12px; border:1px solid #BDBDBD;\">Halogenfrei<\/td>\n<td style=\"padding:8px 12px; border:1px solid #BDBDBD;\">Halogenfrei<\/td>\n<\/tr>\n<tr>\n<td style=\"padding:8px 12px; border:1px solid #BDBDBD;\">\n      Viskosit\u00e4t* (Pa.s bei 25\u00b0C)<br \/><font style=\"font-size:0.85em;\">*Malcom Spiralviskosimeter \u2013 10 U\/min<\/font>\n    <\/td>\n<td style=\"padding:8px 12px; border:1px solid #BDBDBD;\">\n      160<br \/>\n      Typischer Wert\n    <\/td>\n<td style=\"padding:8px 12px; border:1px solid #BDBDBD;\">\n      160<br \/>\n      Typischer Wert\n    <\/td>\n<\/tr>\n<\/table>\n<p><!-- KENNDATEN Section --><\/p>\n<div style=\"font-weight:bold; text-transform:uppercase; border-bottom:2px solid #9DBB2F; padding-bottom:6px; margin-bottom:10px;\">\n  KENNDATEN\n<\/div>\n<table width=\"100%\" cellpadding=\"0\" cellspacing=\"0\" style=\"border-collapse:collapse; width:100%; max-width:100%;\">\n<tr>\n<th align=\"left\" style=\"background:#7A7A7A; color:#fff; padding:8px 12px; border:1px solid #BDBDBD;\">\n      FUNKTIONSPR\u00dcFUNGEN\n    <\/th>\n<th align=\"left\" style=\"background:#7A7A7A; color:#fff; padding:8px 12px; border:1px solid #BDBDBD;\">\n      ERGEBNISSE\n    <\/th>\n<th align=\"left\" style=\"background:#7A7A7A; color:#fff; padding:8px 12px; border:1px solid #BDBDBD;\">\n      PR\u00dcFVERFAHREN\n    <\/th>\n<\/tr>\n<tr>\n<td style=\"padding:8px 12px; border:1px solid #BDBDBD;\">Flussmittelklassifizierung<\/td>\n<td style=\"padding:8px 12px; border:1px solid #BDBDBD;\">\n      L 0<br \/>\n      F-SW 32<br \/>\n      113\n    <\/td>\n<td style=\"padding:8px 12px; border:1px solid #BDBDBD;\">\n      ANSI\/J-STD-004<br \/>\n      DIN 8511<br \/>\n      ISO 9454\n    <\/td>\n<\/tr>\n<tr style=\"background:#E6E6E6;\">\n<td style=\"padding:8px 12px; border:1px solid #BDBDBD;\">Koaleszenztest<\/td>\n<td style=\"padding:8px 12px; border:1px solid #BDBDBD;\">Klasse 1<\/td>\n<td style=\"padding:8px 12px; border:1px solid #BDBDBD;\">ANSI\/J-STD-004<\/td>\n<\/tr>\n<tr>\n<td style=\"padding:8px 12px; border:1px solid #BDBDBD;\">Kupferspiegeltest<\/td>\n<td style=\"padding:8px 12px; border:1px solid #BDBDBD;\">Bestanden<\/td>\n<td style=\"padding:8px 12px; border:1px solid #BDBDBD;\">ANSI\/J-STD-004<\/td>\n<\/tr>\n<tr style=\"background:#E6E6E6;\">\n<td style=\"padding:8px 12px; border:1px solid #BDBDBD;\">Kupferkorrosion<\/td>\n<td style=\"padding:8px 12px; border:1px solid #BDBDBD;\">Bestanden<\/td>\n<td style=\"padding:8px 12px; border:1px solid #BDBDBD;\">ANSI\/J-STD-004<\/td>\n<\/tr>\n<tr>\n<td style=\"padding:8px 12px; border:1px solid #BDBDBD;\">\n      Isolationswiderstand (Ohm)<br \/>\n      Nach 21 Tagen<br \/>\n      85\u00b0C \u2013 85 % r.F. \u2013 50 Volt<br \/>\n      Am Ende des Zyklus<br \/>\n      20\u00b0C \u2013 65 % r.F.\n    <\/td>\n<td style=\"padding:8px 12px; border:1px solid #BDBDBD;\">\n      Bestanden<\/p>\n<p>      &gt; 10<sup>9<\/sup><\/p>\n<p>      &gt; 10<sup>10<\/sup>\n    <\/td>\n<td style=\"padding:8px 12px; border:1px solid #BDBDBD;\">\n<p>      ANSI\/J-STD-004\n    <\/td>\n<\/tr>\n<\/table>\n","protected":false},"excerpt":{"rendered":"<ul>\n<li>Sn63Pb37 verbleite L\u00f6tpaste<\/li>\n<li>Kein sauberes SMT-Druckverfahren<\/li>\n<li>Robuste Montage<\/li>\n<\/ul>\n","protected":false},"featured_media":3489,"comment_status":"closed","ping_status":"closed","template":"","meta":{"_acf_changed":false,"inline_featured_image":false},"product_brand":[],"product_cat":[2835],"product_tag":[1650,5095,5103,5099,5190,1649,1648,5055,5059,5214,5154,5164,5165,3998,5210,5218,1685,3999,5230,5244,5247],"class_list":{"0":"post-9716","1":"product","2":"type-product","3":"status-publish","4":"has-post-thumbnail","6":"industries-automobil","7":"industries-luft-und-raumfahrt-verteidigung","8":"industries-medizinische-gerate-scanner","9":"product_cat-hochzuverlassige-smt-lotpasten","10":"product_tag-803m-de","11":"product_tag-blei","12":"product_tag-bleihaltige-loetpaste","13":"product_tag-bleilegierung","14":"product_tag-drucken","15":"product_tag-easy-de","16":"product_tag-ecorel-easy-803m-de","17":"product_tag-hohe-zuverlaessigkeit","18":"product_tag-legierung-hohe-zuverlaessigkeit","19":"product_tag-lotpaste","20":"product_tag-pulver","21":"product_tag-pulver-typ-3","22":"product_tag-pulver-typ-4","23":"product_tag-smt-de","24":"product_tag-smt-loten","25":"product_tag-t3","26":"product_tag-t4-de","27":"product_tag-tht-de","28":"product_tag-tht-loten","29":"product_tag-typ-3","30":"product_tag-typ-4","31":"pa_application-smt-thtloeten","32":"pa_brand-ecorel-de-2","33":"pa_features-legierung-hohe-zuverlaessigkeit","34":"pa_features-legierung-mit-bleilegierung","35":"pa_features-pulver-typ-3-4","36":"pa_processes-druck","37":"pa_product-category-lotpasten","39":"first","40":"instock","41":"shipping-taxable","42":"product-type-simple"},"acf":[],"_links":{"self":[{"href":"https:\/\/www.inventec.dehon.com\/de\/wp-json\/wp\/v2\/product\/9716","targetHints":{"allow":["GET"]}}],"collection":[{"href":"https:\/\/www.inventec.dehon.com\/de\/wp-json\/wp\/v2\/product"}],"about":[{"href":"https:\/\/www.inventec.dehon.com\/de\/wp-json\/wp\/v2\/types\/product"}],"replies":[{"embeddable":true,"href":"https:\/\/www.inventec.dehon.com\/de\/wp-json\/wp\/v2\/comments?post=9716"}],"wp:featuredmedia":[{"embeddable":true,"href":"https:\/\/www.inventec.dehon.com\/de\/wp-json\/wp\/v2\/media\/3489"}],"wp:attachment":[{"href":"https:\/\/www.inventec.dehon.com\/de\/wp-json\/wp\/v2\/media?parent=9716"}],"wp:term":[{"taxonomy":"product_brand","embeddable":true,"href":"https:\/\/www.inventec.dehon.com\/de\/wp-json\/wp\/v2\/product_brand?post=9716"},{"taxonomy":"product_cat","embeddable":true,"href":"https:\/\/www.inventec.dehon.com\/de\/wp-json\/wp\/v2\/product_cat?post=9716"},{"taxonomy":"product_tag","embeddable":true,"href":"https:\/\/www.inventec.dehon.com\/de\/wp-json\/wp\/v2\/product_tag?post=9716"}],"curies":[{"name":"wp","href":"https:\/\/api.w.org\/{rel}","templated":true}]}}