{"id":9711,"date":"2021-06-21T14:41:03","date_gmt":"2021-06-21T14:41:03","guid":{"rendered":"https:\/\/www.inventec.dehon.com\/product\/verduennungsmittel-1\/"},"modified":"2026-01-21T09:25:06","modified_gmt":"2026-01-21T08:25:06","slug":"ecofrec-diluent-1","status":"publish","type":"product","link":"https:\/\/www.inventec.dehon.com\/de\/product\/ecofrec-diluent-1\/","title":{"rendered":"ECOFREC DILUENT 1"},"content":{"rendered":"<p><img decoding=\"async\" src=\"https:\/\/www.inventec.dehon.com\/wp-content\/uploads\/2021\/04\/ECOFREC-canister-solvent-based-600x600.png\" alt=\"ECOFREC DILUENT 1\" class=\"responsive-img\" align=\"right\" style=\"border-radius:10px; margin-bottom:10px; margin-top:-10px; margin-left:15px; width:300px\" \/><\/p>\n<h2 style=\"color: #9bc947; margin-bottom: 15px;\">Verd\u00fcnner f\u00fcr L\u00f6tfluxe<\/h2>\n<ul>\n<li>Flussmittelverd\u00fcnner f\u00fcr l\u00f6sungsmittelbasierte Flussmittel<\/li>\n<li>Dichte aufgrund von Verdunstung anpassen<\/li>\n<li>Hergestellt aus hochreinen L\u00f6sungsmitteln<\/li>\n<\/ul>\n<h5>ECOFREC DILUENT 1<\/h5>\n<p>Ist ein alkoholisches Gemisch, das dazu dient, die Dichte von L\u00f6tflussmitteln zu regulieren, die durch Verdunstung w\u00e4hrend der Verwendung konzentriert wurden.<\/p>\n<p><!-- EIGENSCHAFTEN Section --><\/p>\n<div style=\"font-weight:bold; text-transform:uppercase; border-bottom:2px solid #9DBB2F; padding-bottom:6px; margin-bottom:10px;\">\n  EIGENSCHAFTEN\n<\/div>\n<table width=\"100%\" cellpadding=\"0\" cellspacing=\"0\" style=\"border-collapse:collapse; width:100%; max-width:100%;\">\n<tr>\n<th align=\"left\" style=\"background:#7A7A7A; color:#fff; padding:8px 12px; border:1px solid #BDBDBD;\">\n      SPEZIFIKATIONEN\n    <\/th>\n<th align=\"left\" style=\"background:#7A7A7A; color:#fff; padding:8px 12px; border:1px solid #BDBDBD;\">\n      ECOFREC DILUENT 1\n    <\/th>\n<\/tr>\n<tr>\n<td style=\"padding:8px 12px; border:1px solid #BDBDBD;\">\n      Dichte bei 20\u00b0C (g\/cm\u00b3)\n    <\/td>\n<td style=\"padding:8px 12px; border:1px solid #BDBDBD;\">\n      0.784 \u2013 0.787\n    <\/td>\n<\/tr>\n<tr style=\"background:#E6E6E6;\">\n<td style=\"padding:8px 12px; border:1px solid #BDBDBD;\">\n      Farbe\n    <\/td>\n<td style=\"padding:8px 12px; border:1px solid #BDBDBD;\">\n      Farblos\n    <\/td>\n<\/tr>\n<tr>\n<td style=\"padding:8px 12px; border:1px solid #BDBDBD;\">\n      Wasserl\u00f6slichkeit\n    <\/td>\n<td style=\"padding:8px 12px; border:1px solid #BDBDBD;\">\n      L\u00f6slich\n    <\/td>\n<\/tr>\n<tr style=\"background:#E6E6E6;\">\n<td style=\"padding:8px 12px; border:1px solid #BDBDBD;\">\n      Alkohol-L\u00f6slichkeit\n    <\/td>\n<td style=\"padding:8px 12px; border:1px solid #BDBDBD;\">\n      Sehr gut l\u00f6slich\n    <\/td>\n<\/tr>\n<tr>\n<td style=\"padding:8px 12px; border:1px solid #BDBDBD;\">\n      Flammpunkt (\u00b0C)\n    <\/td>\n<td style=\"padding:8px 12px; border:1px solid #BDBDBD;\">\n      13\n    <\/td>\n<\/tr>\n<\/table>\n","protected":false},"excerpt":{"rendered":"<ul>\n<li>Flussmittelverd\u00fcnner f\u00fcr l\u00f6sungsmittelbasierte Flussmittel.<\/li>\n<li>Dichte aufgrund von Verdunstung anpassen.<\/li>\n<li>Hergestellt aus hochreinen L\u00f6sungsmitteln.<\/li>\n<\/ul>\n","protected":false},"featured_media":3048,"comment_status":"closed","ping_status":"closed","template":"","meta":{"_acf_changed":false,"inline_featured_image":false},"product_brand":[],"product_cat":[2844,2846,2843],"product_tag":[1731,1730,546,5294,5358,5366,5362,547,4611,5302,931,545,5298,548],"class_list":{"0":"post-9711","1":"product","2":"type-product","3":"status-publish","4":"has-post-thumbnail","6":"product_cat-flussmittel-fur-das-selektivloten","7":"product_cat-flussmittel-fur-das-verzinnen","8":"product_cat-flussmittel-fur-das-wellenloten","9":"product_tag-diluent-de","10":"product_tag-ecofrec-diluent-1-de","11":"product_tag-flussig","12":"product_tag-flussiges-flussmittel","13":"product_tag-flussmittelverduenner","14":"product_tag-hochreine-loesungsmittel","15":"product_tag-hochreines-loesungsmittel","16":"product_tag-losungsmittel","17":"product_tag-loesungsmittelbasiert","18":"product_tag-selektiv","19":"product_tag-selektivloten","20":"product_tag-solderflux-de","21":"product_tag-welle","22":"product_tag-wellenloten","23":"pa_brand-ecofrec-de-2","24":"pa_features-loesungsmittelbasiert","25":"pa_processes-wellen-und-selektivloeten","26":"pa_product-category-fluessigflussmittel","28":"first","29":"instock","30":"shipping-taxable","31":"product-type-simple"},"acf":[],"_links":{"self":[{"href":"https:\/\/www.inventec.dehon.com\/de\/wp-json\/wp\/v2\/product\/9711","targetHints":{"allow":["GET"]}}],"collection":[{"href":"https:\/\/www.inventec.dehon.com\/de\/wp-json\/wp\/v2\/product"}],"about":[{"href":"https:\/\/www.inventec.dehon.com\/de\/wp-json\/wp\/v2\/types\/product"}],"replies":[{"embeddable":true,"href":"https:\/\/www.inventec.dehon.com\/de\/wp-json\/wp\/v2\/comments?post=9711"}],"wp:featuredmedia":[{"embeddable":true,"href":"https:\/\/www.inventec.dehon.com\/de\/wp-json\/wp\/v2\/media\/3048"}],"wp:attachment":[{"href":"https:\/\/www.inventec.dehon.com\/de\/wp-json\/wp\/v2\/media?parent=9711"}],"wp:term":[{"taxonomy":"product_brand","embeddable":true,"href":"https:\/\/www.inventec.dehon.com\/de\/wp-json\/wp\/v2\/product_brand?post=9711"},{"taxonomy":"product_cat","embeddable":true,"href":"https:\/\/www.inventec.dehon.com\/de\/wp-json\/wp\/v2\/product_cat?post=9711"},{"taxonomy":"product_tag","embeddable":true,"href":"https:\/\/www.inventec.dehon.com\/de\/wp-json\/wp\/v2\/product_tag?post=9711"}],"curies":[{"name":"wp","href":"https:\/\/api.w.org\/{rel}","templated":true}]}}