{"id":9709,"date":"2021-06-17T12:10:25","date_gmt":"2021-06-17T12:10:25","guid":{"rendered":"https:\/\/www.inventec.dehon.com\/product\/ecofrec-dd6\/"},"modified":"2026-01-20T15:51:47","modified_gmt":"2026-01-20T14:51:47","slug":"ecofrec-dd6","status":"publish","type":"product","link":"https:\/\/www.inventec.dehon.com\/de\/product\/ecofrec-dd6\/","title":{"rendered":"ECOFREC DD6"},"content":{"rendered":"<p><img decoding=\"async\" src=\"https:\/\/www.inventec.dehon.com\/wp-content\/uploads\/2021\/04\/ECOFREC-canister-solvent-based-600x600.png\" alt=\"ECOFREC DD6\" class=\"responsive-img\" align=\"right\" style=\"border-radius:10px; margin-bottom:10px; margin-top:-10px; margin-left:15px; width:300px\" \/><\/p>\n<h2 style=\"color: #9bc947; margin-bottom: 15px;\">R\u00fcckstandsloser, no-clean Kolophoniumflux<\/h2>\n<ul>\n<li>Fl\u00fcssiges Flussmittel auf Basis von Kolophonium<\/li>\n<li>Wellen-, selektives Spr\u00fch-, Schaum- oder manuelles B\u00fcrstenverfahren<\/li>\n<li>Hohe Zuverl\u00e4ssigkeit und einfache Reinigung<\/li>\n<\/ul>\n<h5>ECOFREC DD6<\/h5>\n<p>Ist ein r\u00fcckstandsarmes Kolophonium-Flussmittel mit halogenfreien organischen Aktivatoren. Nach dem L\u00f6ten verbleibende Flussmittelr\u00fcckst\u00e4nde auf der Leiterplatte sind nicht aggressiv und nicht korrosionsgef\u00e4hrdend. Die elektrischen Isolationsleistungen sind besonders hoch, wenn die Platten extremen beschleunigten Alterungsbedingungen ausgesetzt sind. <\/p>\n<p>Es ist ein Flussmittel, das sich ideal zum L\u00f6ten von konventionellen Bauteilen oder SMDs in einer oder zwei Wellen eignet. Au\u00dferdem erm\u00f6glicht <strong>ECOFREC DD6<\/strong> bei der Nacharbeit von Leiterplatten, wenn es lokal mit einem Pinsel oder durch Spr\u00fchen auf die Verbindungen aufgetragen wird, den einfachen Austausch defekter Komponenten mit Mini-Welle, Hei\u00dfluft oder Thermode.<\/p>\n<p><strong>ECOFREC DD6<\/strong> ist auch in Flussmittelverpackungen erh\u00e4ltlich.<\/p>\n<p><!-- MERKMALE Section --><\/p>\n<div style=\"font-weight:bold; border-bottom:2px solid #9DBB2F; padding-bottom:6px; margin-bottom:10px;\">\n  MERKMALE\n<\/div>\n<table width=\"100%\" cellpadding=\"0\" cellspacing=\"0\" style=\"border-collapse:collapse; width:100%; max-width:100%;\">\n<tr>\n<th align=\"left\" style=\"background:#7A7A7A; color:#fff; padding:8px 12px; border:1px solid #BDBDBD;\">\n      SPEZIFIKATIONEN\n    <\/th>\n<th align=\"left\" style=\"background:#7A7A7A; color:#fff; padding:8px 12px; border:1px solid #BDBDBD;\">\n      ECOFREC DD6\n    <\/th>\n<\/tr>\n<tr>\n<td style=\"padding:8px 12px; border:1px solid #BDBDBD;\">Dichte bei 20\u00b0C<\/td>\n<td style=\"padding:8px 12px; border:1px solid #BDBDBD;\">0,825<\/td>\n<\/tr>\n<tr style=\"background:#E6E6E6;\">\n<td style=\"padding:8px 12px; border:1px solid #BDBDBD;\">Flammpunkt<\/td>\n<td style=\"padding:8px 12px; border:1px solid #BDBDBD;\">16\u00b0C<\/td>\n<\/tr>\n<tr>\n<td style=\"padding:8px 12px; border:1px solid #BDBDBD;\">\n      Trockenr\u00fcckstand (3 h bei 105\u00b0C)\n    <\/td>\n<td style=\"padding:8px 12px; border:1px solid #BDBDBD;\">6 %<\/td>\n<\/tr>\n<tr style=\"background:#E6E6E6;\">\n<td style=\"padding:8px 12px; border:1px solid #BDBDBD;\">\n      S\u00e4urezahl (mg KOH\/g)\n    <\/td>\n<td style=\"padding:8px 12px; border:1px solid #BDBDBD;\">32<\/td>\n<\/tr>\n<tr>\n<td style=\"padding:8px 12px; border:1px solid #BDBDBD;\">Halogengehalt<\/td>\n<td style=\"padding:8px 12px; border:1px solid #BDBDBD;\">Kein Halogen<\/td>\n<\/tr>\n<tr style=\"background:#E6E6E6;\">\n<td style=\"padding:8px 12px; border:1px solid #BDBDBD;\">\n      Klassifizierung gem\u00e4\u00df J-STD-004\n    <\/td>\n<td style=\"padding:8px 12px; border:1px solid #BDBDBD;\">ROL0<\/td>\n<\/tr>\n<\/table>\n","protected":false},"excerpt":{"rendered":"<ul>\n<li>Fl\u00fcssiges Flussmittel auf Basis von Kolophonium<\/li>\n<li>Wellen-, selektives Spr\u00fch-, Schaum- oder manuelles B\u00fcrstenverfahren<\/li>\n<li>hohe Zuverl\u00e4ssigkeit und einfache Reinigung<\/li>\n<\/ul>\n","protected":false},"featured_media":3048,"comment_status":"closed","ping_status":"closed","template":"","meta":{"_acf_changed":false,"inline_featured_image":false},"product_brand":[],"product_cat":[2846,2843],"product_tag":[1623,1622,5294,5354,5055,5342,5330,4611,5350,5346,5302,931,5210,5230,5298,548],"class_list":{"0":"post-9709","1":"product","2":"type-product","3":"status-publish","4":"has-post-thumbnail","6":"product_cat-flussmittel-fur-das-verzinnen","7":"product_cat-flussmittel-fur-das-wellenloten","8":"product_tag-dd6-de","9":"product_tag-ecofrec-dd6-de","10":"product_tag-flussiges-flussmittel","11":"product_tag-handloeten","12":"product_tag-hohe-zuverlaessigkeit","13":"product_tag-kolophoniumhaltiges-fluessiges-flussmittel","14":"product_tag-leicht-zu-reinigen","15":"product_tag-loesungsmittelbasiert","16":"product_tag-loetnacharbeit","17":"product_tag-nacharbeit","18":"product_tag-selektiv","19":"product_tag-selektivloten","20":"product_tag-smt-loten","21":"product_tag-tht-loten","22":"product_tag-welle","23":"product_tag-wellenloten","24":"pa_application-smt-thtloeten","25":"pa_brand-ecofrec-de-2","26":"pa_features-loesungsmittelbasiert","27":"pa_processes-nacharbeiten-handloeten","28":"pa_processes-wellen-und-selektivloeten","29":"pa_product-category-fluessigflussmittel","31":"first","32":"instock","33":"shipping-taxable","34":"product-type-simple"},"acf":[],"_links":{"self":[{"href":"https:\/\/www.inventec.dehon.com\/de\/wp-json\/wp\/v2\/product\/9709","targetHints":{"allow":["GET"]}}],"collection":[{"href":"https:\/\/www.inventec.dehon.com\/de\/wp-json\/wp\/v2\/product"}],"about":[{"href":"https:\/\/www.inventec.dehon.com\/de\/wp-json\/wp\/v2\/types\/product"}],"replies":[{"embeddable":true,"href":"https:\/\/www.inventec.dehon.com\/de\/wp-json\/wp\/v2\/comments?post=9709"}],"wp:featuredmedia":[{"embeddable":true,"href":"https:\/\/www.inventec.dehon.com\/de\/wp-json\/wp\/v2\/media\/3048"}],"wp:attachment":[{"href":"https:\/\/www.inventec.dehon.com\/de\/wp-json\/wp\/v2\/media?parent=9709"}],"wp:term":[{"taxonomy":"product_brand","embeddable":true,"href":"https:\/\/www.inventec.dehon.com\/de\/wp-json\/wp\/v2\/product_brand?post=9709"},{"taxonomy":"product_cat","embeddable":true,"href":"https:\/\/www.inventec.dehon.com\/de\/wp-json\/wp\/v2\/product_cat?post=9709"},{"taxonomy":"product_tag","embeddable":true,"href":"https:\/\/www.inventec.dehon.com\/de\/wp-json\/wp\/v2\/product_tag?post=9709"}],"curies":[{"name":"wp","href":"https:\/\/api.w.org\/{rel}","templated":true}]}}