{"id":9701,"date":"2021-06-21T08:29:16","date_gmt":"2021-06-21T08:29:16","guid":{"rendered":"https:\/\/www.inventec.dehon.com\/product\/ecorel-einfach-803s\/"},"modified":"2026-01-22T11:56:45","modified_gmt":"2026-01-22T10:56:45","slug":"ecorel-easy-803s","status":"publish","type":"product","link":"https:\/\/www.inventec.dehon.com\/de\/product\/ecorel-easy-803s\/","title":{"rendered":"ECOREL EASY 803S"},"content":{"rendered":"<p><img decoding=\"async\" src=\"https:\/\/www.inventec.dehon.com\/wp-content\/uploads\/2021\/01\/Ecorel-Free-600x600.png\" alt=\"ECOREL EASY 803S\" class=\"responsive-img\" align=\"right\" style=\"border-radius:10px; margin-bottom:10px; margin-top:-10px; margin-left:15px; width:300px\" \/><\/p>\n<h2 style=\"color: #9bc947; margin-bottom: 15px;\">L\u00f6tpaste mit Blei<\/h2>\n<ul>\n<li>Sn63Pb37 verbleite L\u00f6tpaste<\/li>\n<li>Kein sauberes SMT-Druckverfahren<\/li>\n<li>Fine-Pitch-Druck<\/li>\n<\/ul>\n<h5>ECOREL EASY 803S<\/h5>\n<p>Es handelt sich um eine Reinigungslos L\u00f6tpaste, die f\u00fcr den Fine-Pitch-Druck entwickelt wurde. Mit Rakeln oder geschlossenen K\u00f6pfen aufgetragen, hat der Auftrag eine sehr scharfe Definition, auch nach mehreren Stunden Verweildauer auf der Schablone. Ihre rheologischen Eigenschaften sind f\u00fcr das &#8222;Pin-in-Paste&#8220;-Verfahren geeignet. <strong>ECOREL EASY 803S<\/strong> kombiniert eine Sn63Pb37-Legierung mit der zuverl\u00e4ssigen Chemie der Ecorel-Reihe.<\/p>\n<p>Bleilegierungen sind perfekt geeignet, um konstant hohen Temperaturschwankungen zu widerstehen (-40 bis &gt;130 Celcius). Die Verwendung von bleihaltigen L\u00f6tpasten ist jedoch aufgrund der Umweltauswirkungen von Blei eingeschr\u00e4nkt.<\/p>\n<p>Ausnahmen gelten f\u00fcr Automobil-, Luft- und Raumfahrt- sowie Verteidigungselektronik. Inventec kann Ihnen helfen, eine bleifreie Alternative auf der Grundlage Ihrer spezifischen Anwendung vorzuschlagen.<\/p>\n<p><!-- MERKMALE \/ EIGENSCHAFTEN --><\/p>\n<div style=\"font-weight:bold; text-transform:uppercase; border-bottom:2px solid #9DBB2F; padding-bottom:6px; margin-bottom:10px;\">\n  MERKMALE\n<\/div>\n<table width=\"100%\" cellpadding=\"0\" cellspacing=\"0\" style=\"border-collapse:collapse; width:100%; max-width:100%;\">\n<tr>\n<th align=\"left\" style=\"background:#7A7A7A; color:#fff; padding:8px 12px; border:1px solid #BDBDBD;\">\n      SPEZIFIKATIONEN\n    <\/th>\n<th align=\"left\" style=\"background:#7A7A7A; color:#fff; padding:8px 12px; border:1px solid #BDBDBD;\">\n      ECOREL\u2122 EASY 802S\n    <\/th>\n<th align=\"left\" style=\"background:#7A7A7A; color:#fff; padding:8px 12px; border:1px solid #BDBDBD;\">\n      ECOREL\u2122 EASY 803S\n    <\/th>\n<\/tr>\n<tr>\n<td style=\"padding:8px 12px; border:1px solid #BDBDBD;\">Legierung<\/td>\n<td style=\"padding:8px 12px; border:1px solid #BDBDBD;\">Sn62Pb36Ag2<\/td>\n<td style=\"padding:8px 12px; border:1px solid #BDBDBD;\">Sn63Pb37<\/td>\n<\/tr>\n<tr style=\"background:#E6E6E6;\">\n<td style=\"padding:8px 12px; border:1px solid #BDBDBD;\">Schmelzpunkt (\u00b0C)<\/td>\n<td style=\"padding:8px 12px; border:1px solid #BDBDBD;\">178<\/td>\n<td style=\"padding:8px 12px; border:1px solid #BDBDBD;\">183<\/td>\n<\/tr>\n<tr>\n<td style=\"padding:8px 12px; border:1px solid #BDBDBD;\">Pulverkorngr\u00f6\u00dfenverteilung<\/td>\n<td style=\"padding:8px 12px; border:1px solid #BDBDBD;\">25 \u2013 45 Mikrometer<\/td>\n<td style=\"padding:8px 12px; border:1px solid #BDBDBD;\">25 \u2013 45 Mikrometer<\/td>\n<\/tr>\n<tr style=\"background:#E6E6E6;\">\n<td style=\"padding:8px 12px; border:1px solid #BDBDBD;\">Metallgehalt (%)<\/td>\n<td style=\"padding:8px 12px; border:1px solid #BDBDBD;\">89,5 \u00b1 0,5<\/td>\n<td style=\"padding:8px 12px; border:1px solid #BDBDBD;\">89,5 \u00b1 0,5<\/td>\n<\/tr>\n<tr>\n<td style=\"padding:8px 12px; border:1px solid #BDBDBD;\">R\u00fcckst\u00e4nde nach dem Reflow-L\u00f6ten (%)<\/td>\n<td style=\"padding:8px 12px; border:1px solid #BDBDBD;\">57 \u2013 64<\/td>\n<td style=\"padding:8px 12px; border:1px solid #BDBDBD;\">57 \u2013 64<\/td>\n<\/tr>\n<tr style=\"background:#E6E6E6;\">\n<td style=\"padding:8px 12px; border:1px solid #BDBDBD;\">Halogengehalt<\/td>\n<td style=\"padding:8px 12px; border:1px solid #BDBDBD;\">Halogenfrei<\/td>\n<td style=\"padding:8px 12px; border:1px solid #BDBDBD;\">Halogenfrei<\/td>\n<\/tr>\n<tr>\n<td style=\"padding:8px 12px; border:1px solid #BDBDBD;\">\n      Viskosit\u00e4t* (Pa\u00b7s bei 25\u00b0C)<br \/>\n      <font style=\"font-size:0.85em;\">*Malcom-Spiralpumpe \u2013 10 U\/min<\/font>\n    <\/td>\n<td style=\"padding:8px 12px; border:1px solid #BDBDBD;\">135<br \/>Typischer Wert<\/td>\n<td style=\"padding:8px 12px; border:1px solid #BDBDBD;\">135<br \/>Typischer Wert<\/td>\n<\/tr>\n<\/table>\n<p><!-- FUNKTIONSPR\u00dcFUNGEN --><\/p>\n<div style=\"font-weight:bold; text-transform:uppercase; border-bottom:2px solid #9DBB2F; padding-bottom:6px; margin-bottom:10px;\">\n  FUNKTIONSPR\u00dcFUNGEN\n<\/div>\n<table width=\"100%\" cellpadding=\"0\" cellspacing=\"0\" style=\"border-collapse:collapse; width:100%; max-width:100%;\">\n<tr>\n<th align=\"left\" style=\"background:#7A7A7A; color:#fff; padding:8px 12px; border:1px solid #BDBDBD;\">\n      PR\u00dcFUNGEN\n    <\/th>\n<th align=\"left\" style=\"background:#7A7A7A; color:#fff; padding:8px 12px; border:1px solid #BDBDBD;\">\n      ERGEBNISSE\n    <\/th>\n<th align=\"left\" style=\"background:#7A7A7A; color:#fff; padding:8px 12px; border:1px solid #BDBDBD;\">\n      VERFAHREN\n    <\/th>\n<\/tr>\n<tr>\n<td style=\"padding:8px 12px; border:1px solid #BDBDBD;\">Flussmittelklassifizierung<\/td>\n<td style=\"padding:8px 12px; border:1px solid #BDBDBD;\">ROL0<br \/>113<\/td>\n<td style=\"padding:8px 12px; border:1px solid #BDBDBD;\">ANSI\/J-STD-004<br \/>ISO 9454<\/td>\n<\/tr>\n<tr style=\"background:#E6E6E6;\">\n<td style=\"padding:8px 12px; border:1px solid #BDBDBD;\">L\u00f6tperlen-Test<\/td>\n<td style=\"padding:8px 12px; border:1px solid #BDBDBD;\">Bestanden<\/td>\n<td style=\"padding:8px 12px; border:1px solid #BDBDBD;\">ANSI\/J-STD-005<\/td>\n<\/tr>\n<tr>\n<td style=\"padding:8px 12px; border:1px solid #BDBDBD;\">Kupferspiegel-Test<\/td>\n<td style=\"padding:8px 12px; border:1px solid #BDBDBD;\">Bestanden<\/td>\n<td style=\"padding:8px 12px; border:1px solid #BDBDBD;\">ANSI\/J-STD-004<\/td>\n<\/tr>\n<tr style=\"background:#E6E6E6;\">\n<td style=\"padding:8px 12px; border:1px solid #BDBDBD;\">Chromatpapier-Test<\/td>\n<td style=\"padding:8px 12px; border:1px solid #BDBDBD;\">Bestanden<\/td>\n<td style=\"padding:8px 12px; border:1px solid #BDBDBD;\">ANSI\/J-STD-004<\/td>\n<\/tr>\n<tr>\n<td style=\"padding:8px 12px; border:1px solid #BDBDBD;\">Kupferkorrosion<\/td>\n<td style=\"padding:8px 12px; border:1px solid #BDBDBD;\">Bestanden<\/td>\n<td style=\"padding:8px 12px; border:1px solid #BDBDBD;\">ANSI\/J-STD-004<\/td>\n<\/tr>\n<tr style=\"background:#E6E6E6;\">\n<td style=\"padding:8px 12px; border:1px solid #BDBDBD;\">\n      SIR (Ohm)<br \/>\n      Nach 21 Tagen<br \/>\n      85\u00b0C \u2013 85 % rF \u2013 50 V<br \/>\n      Ende des Zyklus<br \/>\n      20\u00b0C \u2013 65 % rF\n    <\/td>\n<td style=\"padding:8px 12px; border:1px solid #BDBDBD;\">\n      Bestanden<\/p>\n<p>      &gt; 10<sup>9<\/sup><\/p>\n<p>      &gt; 10<sup>10<\/sup>\n    <\/td>\n<td style=\"padding:8px 12px; border:1px solid #BDBDBD;\">ANSI\/J-STD-004<\/td>\n<\/tr>\n<\/table>\n","protected":false},"excerpt":{"rendered":"<ul>\n<li>Sn63Pb37 verbleite L\u00f6tpaste<\/li>\n<li>Kein sauberes SMT-Druckverfahren<\/li>\n<li>Fine-Pitch-Druck<\/li>\n<\/ul>\n","protected":false},"featured_media":3489,"comment_status":"closed","ping_status":"closed","template":"","meta":{"_acf_changed":false,"inline_featured_image":false},"product_brand":[],"product_cat":[2835],"product_tag":[1721,5095,5103,5099,5190,1649,1720,5055,5059,5214,5154,5164,5165,3998,5210,5218,1685,3999,5230,5244,5247],"class_list":{"0":"post-9701","1":"product","2":"type-product","3":"status-publish","4":"has-post-thumbnail","6":"industries-medizinische-gerate-scanner","7":"product_cat-hochzuverlassige-smt-lotpasten","8":"product_tag-803s-de","9":"product_tag-blei","10":"product_tag-bleihaltige-loetpaste","11":"product_tag-bleilegierung","12":"product_tag-drucken","13":"product_tag-easy-de","14":"product_tag-ecorel-easy-803s-de","15":"product_tag-hohe-zuverlaessigkeit","16":"product_tag-legierung-hohe-zuverlaessigkeit","17":"product_tag-lotpaste","18":"product_tag-pulver","19":"product_tag-pulver-typ-3","20":"product_tag-pulver-typ-4","21":"product_tag-smt-de","22":"product_tag-smt-loten","23":"product_tag-t3","24":"product_tag-t4-de","25":"product_tag-tht-de","26":"product_tag-tht-loten","27":"product_tag-typ-3","28":"product_tag-typ-4","29":"pa_application-smt-thtloeten","30":"pa_brand-ecorel-de-2","31":"pa_features-legierung-hohe-zuverlaessigkeit","32":"pa_features-legierung-mit-bleilegierung","33":"pa_features-pulver-typ-3-4","34":"pa_processes-druck","35":"pa_product-category-lotpasten","37":"first","38":"instock","39":"shipping-taxable","40":"product-type-simple"},"acf":[],"_links":{"self":[{"href":"https:\/\/www.inventec.dehon.com\/de\/wp-json\/wp\/v2\/product\/9701","targetHints":{"allow":["GET"]}}],"collection":[{"href":"https:\/\/www.inventec.dehon.com\/de\/wp-json\/wp\/v2\/product"}],"about":[{"href":"https:\/\/www.inventec.dehon.com\/de\/wp-json\/wp\/v2\/types\/product"}],"replies":[{"embeddable":true,"href":"https:\/\/www.inventec.dehon.com\/de\/wp-json\/wp\/v2\/comments?post=9701"}],"wp:featuredmedia":[{"embeddable":true,"href":"https:\/\/www.inventec.dehon.com\/de\/wp-json\/wp\/v2\/media\/3489"}],"wp:attachment":[{"href":"https:\/\/www.inventec.dehon.com\/de\/wp-json\/wp\/v2\/media?parent=9701"}],"wp:term":[{"taxonomy":"product_brand","embeddable":true,"href":"https:\/\/www.inventec.dehon.com\/de\/wp-json\/wp\/v2\/product_brand?post=9701"},{"taxonomy":"product_cat","embeddable":true,"href":"https:\/\/www.inventec.dehon.com\/de\/wp-json\/wp\/v2\/product_cat?post=9701"},{"taxonomy":"product_tag","embeddable":true,"href":"https:\/\/www.inventec.dehon.com\/de\/wp-json\/wp\/v2\/product_tag?post=9701"}],"curies":[{"name":"wp","href":"https:\/\/api.w.org\/{rel}","templated":true}]}}