{"id":5105,"date":"2021-09-06T07:28:35","date_gmt":"2021-09-06T07:28:35","guid":{"rendered":"https:\/\/www.inventec.dehon.com\/product\/promosolv-sili\/"},"modified":"2026-01-16T14:57:11","modified_gmt":"2026-01-16T13:57:11","slug":"promosolv-sili","status":"publish","type":"product","link":"https:\/\/www.inventec.dehon.com\/de\/product\/promosolv-sili\/","title":{"rendered":"PROMOSOLV SILI"},"content":{"rendered":"<p><img decoding=\"async\" src=\"https:\/\/www.inventec.dehon.com\/wp-content\/uploads\/2021\/03\/PROMOSOLV-drum-colorless-Ecoprog-600x600.png\" alt=\"PROMOSOLV SILI\" class=\"responsive-img\" align=\"right\" style=\"border-radius:10px; margin-bottom:10px; margin-top:-10px; margin-left:15px; width:300px\" \/><\/p>\n<h2 style=\"color: #9bc947; margin-bottom: 15px;\">Bester Entfetter f\u00fcr Silikon\u00f6le<\/h2>\n<ul>\n<li>Entfetter f\u00fcr Silikon\u00f6le &amp; Tr\u00e4ger f\u00fcr Silikonablagerungen<\/li>\n<li>Verfahren in der Dampfphase (Monol\u00f6sungsmittel)<\/li>\n<li>Ausgezeichnete Reinigungsleistung und geringe HSE-Auswirkungen<\/li>\n<\/ul>\n<h5>PROMOSOLV SILI<\/h5>\n<p>Es ist eine gesch\u00fctzte Formulierung von Methoxynonafluorbutan (C4F9OCH3) und Methylsiloxan, klar, farblos und mit einem geruchsarm, entwickelt, um die bestehenden L\u00f6sungsmittel mit einem ODP zu ersetzen und f\u00fcr die Reinigungsvorg\u00e4nge mit Ultraschall zu verwenden. Sein hoher Siedepunkt und seine sehr niedrige Oberfl\u00e4chenspannung verleihen dem <strong>PROMOSOLV SILI<\/strong> einige hervorragende Eigenschaften<\/p>\n<p>Es dient zur Entfernung von \u00d6len auf Silikonbasis, die haupts\u00e4chlich in der medizinischen Industrie verwendet werden. Es kann auch als Tr\u00e4ger f\u00fcr die Ablagerung von Silikonen auf Oberfl\u00e4chen dienen (z. B. Siliziumablagerungen auf Nadeln, um die Reibung und damit das Unbehagen beim Einf\u00fchren der Nadel in den menschlichen K\u00f6rper zu verringern).<\/p>\n<p><!-- SPECIFICATIONS Section --><\/p>\n<div style=\"font-weight:bold; text-transform:uppercase; border-bottom:2px solid #9DBB2F; padding-bottom:6px; margin-bottom:10px;\">\n  SPEZIFIKATIONEN\n<\/div>\n<table width=\"100%\" cellpadding=\"0\" cellspacing=\"0\" style=\"border-collapse:collapse; width:100%; max-width:100%;\">\n<tr>\n<th align=\"left\" style=\"background:#7A7A7A; color:#fff; padding:8px 12px; border:1px solid #BDBDBD;\">Eigenschaften<\/th>\n<th align=\"left\" style=\"background:#7A7A7A; color:#fff; padding:8px 12px; border:1px solid #BDBDBD;\">Einheiten<\/th>\n<th align=\"left\" style=\"background:#7A7A7A; color:#fff; padding:8px 12px; border:1px solid #BDBDBD;\">Methoden<\/th>\n<th align=\"left\" style=\"background:#7A7A7A; color:#fff; padding:8px 12px; border:1px solid #BDBDBD;\">Werte<\/th>\n<\/tr>\n<tr>\n<td style=\"padding:8px 12px; border:1px solid #BDBDBD;\">Aussehen<\/td>\n<td style=\"padding:8px 12px; border:1px solid #BDBDBD;\">Visuell<\/td>\n<td style=\"padding:8px 12px; border:1px solid #BDBDBD;\">&#8211;<\/td>\n<td style=\"padding:8px 12px; border:1px solid #BDBDBD;\">Fl\u00fcssig, farblos<\/td>\n<\/tr>\n<tr style=\"background:#E6E6E6;\">\n<td style=\"padding:8px 12px; border:1px solid #BDBDBD;\">Dichte (bei 20\u00b0C)<\/td>\n<td style=\"padding:8px 12px; border:1px solid #BDBDBD;\">kg\/cm\u00b3<\/td>\n<td style=\"padding:8px 12px; border:1px solid #BDBDBD;\">ASTM D 4052<\/td>\n<td style=\"padding:8px 12px; border:1px solid #BDBDBD;\">1,05<\/td>\n<\/tr>\n<tr>\n<td style=\"padding:8px 12px; border:1px solid #BDBDBD;\">Reinheit<\/td>\n<td style=\"padding:8px 12px; border:1px solid #BDBDBD;\">%<\/td>\n<td style=\"padding:8px 12px; border:1px solid #BDBDBD;\">&#8211;<\/td>\n<td style=\"padding:8px 12px; border:1px solid #BDBDBD;\">99,8<\/td>\n<\/tr>\n<tr style=\"background:#E6E6E6;\">\n<td style=\"padding:8px 12px; border:1px solid #BDBDBD;\">Nichtfl\u00fcchtige R\u00fcckst\u00e4nde<\/td>\n<td style=\"padding:8px 12px; border:1px solid #BDBDBD;\">ppm<\/td>\n<td style=\"padding:8px 12px; border:1px solid #BDBDBD;\">&#8211;<\/td>\n<td style=\"padding:8px 12px; border:1px solid #BDBDBD;\">&lt; 2<\/td>\n<\/tr>\n<\/table>\n<p><!-- CHARACTERISTICS Section --><\/p>\n<div style=\"font-weight:bold; text-transform:uppercase; border-bottom:2px solid #9DBB2F; padding-bottom:6px; margin:30px 0 10px 0;\">\n  KENNDATEN\n<\/div>\n<table width=\"100%\" cellpadding=\"0\" cellspacing=\"0\" style=\"border-collapse:collapse; width:100%; max-width:100%;\">\n<tr>\n<th align=\"left\" style=\"background:#7A7A7A; color:#fff; padding:8px 12px; border:1px solid #BDBDBD;\">Typen<\/th>\n<th align=\"left\" style=\"background:#7A7A7A; color:#fff; padding:8px 12px; border:1px solid #BDBDBD;\">Einheiten<\/th>\n<th align=\"left\" style=\"background:#7A7A7A; color:#fff; padding:8px 12px; border:1px solid #BDBDBD;\">Methoden<\/th>\n<th align=\"left\" style=\"background:#7A7A7A; color:#fff; padding:8px 12px; border:1px solid #BDBDBD;\">Werte<\/th>\n<\/tr>\n<tr>\n<td style=\"padding:8px 12px; border:1px solid #BDBDBD;\">Flammpunkt (PMCC)<\/td>\n<td style=\"padding:8px 12px; border:1px solid #BDBDBD;\">\u00b0C<\/td>\n<td style=\"padding:8px 12px; border:1px solid #BDBDBD;\">ASTM D93<\/td>\n<td style=\"padding:8px 12px; border:1px solid #BDBDBD;\">Keine<\/td>\n<\/tr>\n<tr style=\"background:#E6E6E6;\">\n<td style=\"padding:8px 12px; border:1px solid #BDBDBD;\">Oberfl\u00e4chenspannung<\/td>\n<td style=\"padding:8px 12px; border:1px solid #BDBDBD;\">mN\/m<\/td>\n<td style=\"padding:8px 12px; border:1px solid #BDBDBD;\">&#8211;<\/td>\n<td style=\"padding:8px 12px; border:1px solid #BDBDBD;\">15<\/td>\n<\/tr>\n<tr>\n<td style=\"padding:8px 12px; border:1px solid #BDBDBD;\">Durchschnittliche Exposition TLV<\/td>\n<td style=\"padding:8px 12px; border:1px solid #BDBDBD;\">ppm<\/td>\n<td style=\"padding:8px 12px; border:1px solid #BDBDBD;\">berechnet<\/td>\n<td style=\"padding:8px 12px; border:1px solid #BDBDBD;\">400<\/td>\n<\/tr>\n<\/table>\n","protected":false},"excerpt":{"rendered":"<ul>\n<li>Entfetter f\u00fcr Silikon\u00f6le &amp; Tr\u00e4ger f\u00fcr Silikonablagerungen<\/li>\n<li>Verfahren in der Dampfphase (Monol\u00f6sungsmittel)<\/li>\n<li>Ausgezeichnete Reinigungsleistung und geringe HSE-Auswirkungen<\/li>\n<\/ul>\n","protected":false},"featured_media":2277,"comment_status":"closed","ping_status":"closed","template":"","meta":{"_acf_changed":false,"inline_featured_image":false},"product_brand":[],"product_cat":[2864,411],"product_tag":[4282,4768,4704,4334,4185,4724,4394,1825,2636,2637,4760,4756],"class_list":{"0":"post-5105","1":"product","2":"type-product","3":"status-publish","4":"has-post-thumbnail","6":"industries-medizintechnik","7":"industries-nadeln","8":"product_cat-olentfernung-von-verschiedenen-metallkomponenten","9":"product_cat-reinigung","10":"product_tag-co-losungsmittel","11":"product_tag-dampfphase","12":"product_tag-entfetter-fuer-silikonoel","13":"product_tag-geringe-hse-auswirkungen","14":"product_tag-loesungsmittelbasierte-reinigungsfluessigkeiten","15":"product_tag-nadeln","16":"product_tag-olentfernung","17":"product_tag-promosolv-de","18":"product_tag-promosolv-sili-de","19":"product_tag-sili-de","20":"product_tag-silikon-auf-nadel","21":"product_tag-silikonablagerung","22":"pa_application-oelentfernung","23":"pa_brand-promosolv-de-2","24":"pa_processes-co-losungsmittel","25":"pa_product-category-loesungsmittelbasierte-reinigungsfluessigkeiten","27":"first","28":"instock","29":"shipping-taxable","30":"product-type-simple"},"acf":[],"_links":{"self":[{"href":"https:\/\/www.inventec.dehon.com\/de\/wp-json\/wp\/v2\/product\/5105","targetHints":{"allow":["GET"]}}],"collection":[{"href":"https:\/\/www.inventec.dehon.com\/de\/wp-json\/wp\/v2\/product"}],"about":[{"href":"https:\/\/www.inventec.dehon.com\/de\/wp-json\/wp\/v2\/types\/product"}],"replies":[{"embeddable":true,"href":"https:\/\/www.inventec.dehon.com\/de\/wp-json\/wp\/v2\/comments?post=5105"}],"wp:featuredmedia":[{"embeddable":true,"href":"https:\/\/www.inventec.dehon.com\/de\/wp-json\/wp\/v2\/media\/2277"}],"wp:attachment":[{"href":"https:\/\/www.inventec.dehon.com\/de\/wp-json\/wp\/v2\/media?parent=5105"}],"wp:term":[{"taxonomy":"product_brand","embeddable":true,"href":"https:\/\/www.inventec.dehon.com\/de\/wp-json\/wp\/v2\/product_brand?post=5105"},{"taxonomy":"product_cat","embeddable":true,"href":"https:\/\/www.inventec.dehon.com\/de\/wp-json\/wp\/v2\/product_cat?post=5105"},{"taxonomy":"product_tag","embeddable":true,"href":"https:\/\/www.inventec.dehon.com\/de\/wp-json\/wp\/v2\/product_tag?post=5105"}],"curies":[{"name":"wp","href":"https:\/\/api.w.org\/{rel}","templated":true}]}}