{"id":34981,"date":"2026-03-02T10:29:31","date_gmt":"2026-03-02T09:29:31","guid":{"rendered":"https:\/\/www.inventec.dehon.com\/?post_type=product&#038;p=34981"},"modified":"2026-03-02T12:58:25","modified_gmt":"2026-03-02T11:58:25","slug":"promosolv-dr4","status":"publish","type":"product","link":"https:\/\/www.inventec.dehon.com\/de\/product\/promosolv-dr4\/","title":{"rendered":"PROMOSOLV DR4"},"content":{"rendered":"<p><img decoding=\"async\" src=\"https:\/\/www.inventec.dehon.com\/wp-content\/uploads\/2021\/03\/PROMOSOLV-drum-colorless-Ecoprog-600x600.png\" alt=\"PROMOSOLV DR4\" class=\"responsive-img\" align=\"right\" style=\"border-radius:10px; margin-bottom:10px; margin-top:-10px; margin-left:15px; width:300px\" \/><\/p>\n<h2 style=\"color:#9bc947; margin-bottom:15px\">nachhaltiges Reinigungs- und Sp\u00fclmittel<\/h2>\n<ul>\n<li>Leichte Reinigung &#038; Sp\u00fclung<\/li>\n<li>L\u00f6sungsmittelprozesse<\/li>\n<li>Sehr niedriger gwp: 58<\/li>\n<\/ul>\n<h5>PROMOSOLV DR4<\/h5>\n<p>Ist eine nicht brennbare Reinigungsfl\u00fcssigkeit auf L\u00f6sungsmittelbasis. Es kann als Sp\u00fclmedium in Kombination mit unserer TOPKLEAN\u2122-Reihe in einem Co-L\u00f6sungsmittel-Reinigungsprozess verwendet werden, um eine sichere L\u00f6sungsmitteloption zu bieten, ohne dabei auf eine hohe Reinigungsleistung zu verzichten. <strong>PROMOSOLV DR4<\/strong> kann auch zum Entfernen von fluorierten und Silikon\u00f6len oder leichten Verunreinigungen wie Fingerabdr\u00fccken, Schmutz und Partikeln in einem Dampfphasen- oder Sp\u00fclprozess verwendet werden.<\/p>\n<p>Es wurde speziell entwickelt, um ein \u00c4quivalent zum auslaufenden Novec\u2122 7200 zu bieten, da es das gleiche Verh\u00e4ltnis von Komponenten und Eigenschaften aufweist.<\/p>\n<p>Sehr niedrige Oberfl\u00e4chenspannung dringt in enge Bereiche ein und entfernt Reinigungschemie vollst\u00e4ndig.<\/p>\n<p><strong>PROMOSOLV DR4<\/strong> ist mit allen Metallen und Legierungen kompatibel, auch mit sehr empfindlichen. Es ist auch mit den meisten Kunststoffen und Elastomeren gut vertr\u00e4glich, muss aber vor der Verwendung getestet werden.<\/p>\n<div style=\"font-family:Lato; color:#333;\">\n<div style=\"font-weight:bold; text-transform:uppercase; border-bottom:2px solid #9DBB2F; padding-bottom:6px; margin-bottom:10px;\">\n    SPEZIFIKATIONEN\n  <\/div>\n<table width=\"100%\" cellpadding=\"0\" cellspacing=\"0\" style=\"border-collapse:collapse; width:100%; max-width:100%;\">\n<tr>\n<th align=\"left\" style=\"background:#7A7A7A; color:#fff; padding:8px 12px; border:1px solid #BDBDBD;\">\n        SPEZIFIKATIONEN\n      <\/th>\n<th align=\"left\" style=\"background:#7A7A7A; color:#fff; padding:8px 12px; border:1px solid #BDBDBD;\">\n         WERTE\n      <\/th>\n<th align=\"left\" style=\"background:#7A7A7A; color:#fff; padding:8px 12px; border:1px solid #BDBDBD;\">\n       METHODEN\n      <\/th>\n<\/tr>\n<tr>\n<td style=\"padding:8px 12px; border:1px solid #BDBDBD;\">Aspekt<\/td>\n<td style=\"padding:8px 12px; border:1px solid #BDBDBD;\">Farblos, klar<\/td>\n<td style=\"padding:8px 12px; border:1px solid #BDBDBD;\">Visuell<\/td>\n<\/tr>\n<tr style=\"background:#E6E6E6;\">\n<td style=\"padding:8px 12px; border:1px solid #BDBDBD;\">Reinheit (%)<\/td>\n<td style=\"padding:8px 12px; border:1px solid #BDBDBD;\">>99,0<\/td>\n<td style=\"padding:8px 12px; border:1px solid #BDBDBD;\">BRY-MO-121<\/td>\n<\/tr>\n<\/table>\n<\/div>\n<div style=\"font-family:Lato; color:#333;\">\n<div style=\"font-weight:bold; text-transform:uppercase; border-bottom:2px solid #9DBB2F; padding-bottom:6px; margin:30px 0 10px;\">\n    KENNDATEN\n  <\/div>\n<table width=\"100%\" cellpadding=\"0\" cellspacing=\"0\" style=\"border-collapse:collapse; width:100%; max-width:100%;\">\n<tr>\n<th align=\"left\" style=\"background:#7A7A7A; color:#fff; padding:8px 12px; border:1px solid #BDBDBD;\">\n        KENNDATEN\n      <\/th>\n<th align=\"left\" style=\"background:#7A7A7A; color:#fff; padding:8px 12px; border:1px solid #BDBDBD;\">\n        WERTE\n      <\/th>\n<\/tr>\n<tr>\n<td style=\"padding:8px 12px; border:1px solid #BDBDBD;\">Siedepunkt<\/td>\n<td style=\"padding:8px 12px; border:1px solid #BDBDBD;\">76\u00b0C \/ 169\u00b0F<\/td>\n<\/tr>\n<tr style=\"background:#E6E6E6;\">\n<td style=\"padding:8px 12px; border:1px solid #BDBDBD;\">Gefrierpunkt<\/td>\n<td style=\"padding:8px 12px; border:1px solid #BDBDBD;\">-138\u00b0C \/ -216\u00b0F<\/td>\n<\/tr>\n<tr>\n<td style=\"padding:8px 12px; border:1px solid #BDBDBD;\">Flammpunkt<\/td>\n<td style=\"padding:8px 12px; border:1px solid #BDBDBD;\">Nein<\/td>\n<\/tr>\n<tr style=\"background:#E6E6E6;\">\n<td style=\"padding:8px 12px; border:1px solid #BDBDBD;\">Dichte (g\/cm\u00b3 @25\u00b0C)<\/td>\n<td style=\"padding:8px 12px; border:1px solid #BDBDBD;\">1,43<\/td>\n<\/tr>\n<tr>\n<td style=\"padding:8px 12px; border:1px solid #BDBDBD;\">Oberfl\u00e4chenspannung (dyn\/cm @20\u00b0C)<\/td>\n<td style=\"padding:8px 12px; border:1px solid #BDBDBD;\">13,6<\/td>\n<\/tr>\n<tr style=\"background:#E6E6E6;\">\n<td style=\"padding:8px 12px; border:1px solid #BDBDBD;\">Dampfdruck (mm Hg @25\u00b0C)<\/td>\n<td style=\"padding:8px 12px; border:1px solid #BDBDBD;\">109<\/td>\n<\/tr>\n<tr>\n<td style=\"padding:8px 12px; border:1px solid #BDBDBD;\">Dynamische Viskosit\u00e4t (mPa.s @20\u00b0C)<\/td>\n<td style=\"padding:8px 12px; border:1px solid #BDBDBD;\">0,61<\/td>\n<\/tr>\n<tr style=\"background:#E6E6E6;\">\n<td style=\"padding:8px 12px; border:1px solid #BDBDBD;\">Latente Verdampfungsw\u00e4rme (cal\/g @bp)<\/td>\n<td style=\"padding:8px 12px; border:1px solid #BDBDBD;\">30<\/td>\n<\/tr>\n<tr>\n<td style=\"padding:8px 12px; border:1px solid #BDBDBD;\">Spezifische W\u00e4rme (kJ\/Kg*K @25\u00b0C)<\/td>\n<td style=\"padding:8px 12px; border:1px solid #BDBDBD;\">1,21<\/td>\n<\/tr>\n<\/table>\n<\/div>\n","protected":false},"excerpt":{"rendered":"<ul>\n<li>Leichte Reinigung &#038; Sp\u00fclung<\/li>\n<li>L\u00f6sungsmittelprozesse<\/li>\n<li>Sehr niedriger gwp: 58<\/li>\n<\/ul>\n<p><a href=\"https:\/\/www.inventec.dehon.com\/wp-content\/uploads\/2024\/05\/gw-15-e1717778042554.jpg\"><img decoding=\"async\" class=\"alignnone wp-image-15251\" src=\"https:\/\/www.inventec.dehon.com\/wp-content\/uploads\/2024\/05\/gw-15-e1717778042554.jpg\" alt=\"\" width=\"40\" height=\"34\" \/><\/a><\/p>\n","protected":false},"featured_media":2277,"comment_status":"closed","ping_status":"closed","template":"","meta":{"_acf_changed":false,"inline_featured_image":false},"product_brand":[],"product_cat":[2861,2862,411,753],"product_tag":[4238,4282,5728,4708,4712,4716,4326,547,4446,4185,4764,4410,5727,4599,4740,4728,4732,4736,4795],"class_list":{"0":"post-34981","1":"product","2":"type-product","3":"status-publish","4":"has-post-thumbnail","6":"product_cat-losungsmittel-zum-spulen","7":"product_cat-losungsmittel-zum-trocknen","8":"product_cat-reinigung","9":"product_cat-sauerstoff-teilereinigung","10":"product_tag-additive-fertigung-de","11":"product_tag-co-losungsmittel","12":"product_tag-dr4","13":"product_tag-fluoriert","14":"product_tag-fluoriertes-fett","15":"product_tag-fluoriertes-oel","16":"product_tag-greenway","17":"product_tag-losungsmittel","18":"product_tag-loesungsmittel-trocknung","19":"product_tag-loesungsmittelbasierte-reinigungsfluessigkeiten","20":"product_tag-losungsmittelspulung","21":"product_tag-partikelfrei","22":"product_tag-promosolv-dr4","23":"product_tag-recycelbar","24":"product_tag-reinigung-von-sauerstoffsystemen-de","25":"product_tag-sauerstoff","26":"product_tag-sauerstoffreinigung","27":"product_tag-sauerstoffsysteme","28":"product_tag-spuelen","29":"pa_application-loesungen-fuer-additive-fertigung","30":"pa_application-partikelentfernung","31":"pa_application-reinigung-von-sauerstoffsystemen","32":"pa_brand-promosolv-de-2","33":"pa_features-fuer-fluorierte-oele-fette","34":"pa_features-greenway","35":"pa_features-recycelbar","36":"pa_processes-co-losungsmittel","37":"pa_processes-loesungsmittelspuelung","38":"pa_processes-spulung","39":"pa_processes-trocknendes-losungsmittel","40":"pa_product-category-loesungsmittelbasierte-reinigungsfluessigkeiten","42":"first","43":"instock","44":"shipping-taxable","45":"product-type-simple"},"acf":[],"_links":{"self":[{"href":"https:\/\/www.inventec.dehon.com\/de\/wp-json\/wp\/v2\/product\/34981","targetHints":{"allow":["GET"]}}],"collection":[{"href":"https:\/\/www.inventec.dehon.com\/de\/wp-json\/wp\/v2\/product"}],"about":[{"href":"https:\/\/www.inventec.dehon.com\/de\/wp-json\/wp\/v2\/types\/product"}],"replies":[{"embeddable":true,"href":"https:\/\/www.inventec.dehon.com\/de\/wp-json\/wp\/v2\/comments?post=34981"}],"wp:featuredmedia":[{"embeddable":true,"href":"https:\/\/www.inventec.dehon.com\/de\/wp-json\/wp\/v2\/media\/2277"}],"wp:attachment":[{"href":"https:\/\/www.inventec.dehon.com\/de\/wp-json\/wp\/v2\/media?parent=34981"}],"wp:term":[{"taxonomy":"product_brand","embeddable":true,"href":"https:\/\/www.inventec.dehon.com\/de\/wp-json\/wp\/v2\/product_brand?post=34981"},{"taxonomy":"product_cat","embeddable":true,"href":"https:\/\/www.inventec.dehon.com\/de\/wp-json\/wp\/v2\/product_cat?post=34981"},{"taxonomy":"product_tag","embeddable":true,"href":"https:\/\/www.inventec.dehon.com\/de\/wp-json\/wp\/v2\/product_tag?post=34981"}],"curies":[{"name":"wp","href":"https:\/\/api.w.org\/{rel}","templated":true}]}}