{"id":33845,"date":"2025-12-10T09:56:04","date_gmt":"2025-12-10T08:56:04","guid":{"rendered":"https:\/\/www.inventec.dehon.com\/?post_type=product&#038;p=33845"},"modified":"2026-03-23T16:23:07","modified_gmt":"2026-03-23T15:23:07","slug":"thermasolv-wb1","status":"publish","type":"product","link":"https:\/\/www.inventec.dehon.com\/de\/product\/thermasolv-wb1\/","title":{"rendered":"THERMASOLV WB1"},"content":{"rendered":"<p><img decoding=\"async\" src=\"https:\/\/www.inventec.dehon.com\/wp-content\/uploads\/2023\/09\/Thermasolv-Greenway-600x600.jpg\" alt=\"THERMASOLV WB1\" class=\"responsive-img\" align=\"right\" style=\"border-radius:10px; margin-bottom:10px; margin-top:-10px; margin-left:15px; width:300px\" \/><\/p>\n<h2 style=\"color:#9bc947; margin-bottom:15px\">W\u00e4rmetr\u00e4gerfluid f\u00fcr maximale Leistung und h\u00f6chste K\u00fchl\u00adsicherheit<\/h2>\n<ul>\n<li>Wasserbasiertes W\u00e4rme\u00fcbertragungsfluid<\/li>\n<li>Siedepunkt: 111\u00b0C\/232\u00b0F<\/li>\n<li>Fl\u00fcssigkeit auf erneuerbarer pflanzenbasis<\/li>\n<\/ul>\n<h5>THERMASOLV WB1<\/h5>\n<p>Ist eine erneuerbare, pflanzenbasierte W\u00e4rmetr\u00e4gerfl\u00fcssigkeit (1,3-Propandiol und Korrosionsinhibitoren), die speziell f\u00fcr industrielle Prozessk\u00fchler oder direkte Platten- oder Rohrk\u00fchlsysteme entwickelt wurde.<\/p>\n<p>Es handelt sich um eine biologisch abbaubare Fl\u00fcssigkeit, die die auf das fertige Produkt hochgerechneten OECD-Kriterien erf\u00fcllt und innerhalb von 28 Tagen eine biologische Abbaubarkeit von 90 bis 100 % erreicht. Mit seiner chemischen Stabilit\u00e4t und geringeren Viskosit\u00e4t bietet <strong>THERMASOLV WB1<\/strong> eine hervorragende Alternative zu herk\u00f6mmlichen Monopropylenglykol (MPG)-Fl\u00fcssigkeiten.<\/p>\n<p><strong>THERMASOLV WB1<\/strong> weist eine ausgezeichnete Wasserbest\u00e4ndigkeit auf und wurde unter Ber\u00fccksichtigung der Sicherheit entwickelt. Es ist ungiftig, nicht brennbar und hat keinen Flammpunkt. Die korrosionshemmende H-OAT-Formulierung (neutralisierte Carbons\u00e4uren) ist frei von Nitriten und Aminen.<\/p>\n<p>Dieses W\u00e4rmetr\u00e4germedium weist eine sehr gute Vertr\u00e4glichkeit mit allen Metallen sowie einer Vielzahl von Kunststoffen und Elastomeren auf.<\/p>\n<p><!-- SPEZIFIKATIONEN Section --><\/p>\n<div style=\"font-weight:bold; border-bottom:2px solid #9DBB2F; padding-bottom:6px; margin-bottom:10px;\">\n  SPEZIFIKATIONEN\n<\/div>\n<table width=\"100%\" cellpadding=\"0\" cellspacing=\"0\" style=\"border-collapse:collapse; width:100%; max-width:100%;\">\n<tr>\n<th align=\"left\" style=\"background:#7A7A7A; color:#fff; padding:8px 12px; border:1px solid #BDBDBD;\">SPEZIFIKATIONEN<\/th>\n<th align=\"left\" style=\"background:#7A7A7A; color:#fff; padding:8px 12px; border:1px solid #BDBDBD;\">WERTE<\/th>\n<th align=\"left\" style=\"background:#7A7A7A; color:#fff; padding:8px 12px; border:1px solid #BDBDBD;\">METHODEN<\/th>\n<\/tr>\n<tr>\n<td style=\"padding:8px 12px; border:1px solid #BDBDBD;\">Aspekt<\/td>\n<td style=\"padding:8px 12px; border:1px solid #BDBDBD;\">Gr\u00fcne Fl\u00fcssigkeit<\/td>\n<td style=\"padding:8px 12px; border:1px solid #BDBDBD;\">Visuell<\/td>\n<\/tr>\n<tr style=\"background:#E6E6E6;\">\n<td style=\"padding:8px 12px; border:1px solid #BDBDBD;\">Dichte bei 20 \u00b0C<\/td>\n<td style=\"padding:8px 12px; border:1px solid #BDBDBD;\">1,053<\/td>\n<td style=\"padding:8px 12px; border:1px solid #BDBDBD;\">AFNOR NF R 15-602-1 \/ ASTM D 1222<\/td>\n<\/tr>\n<\/table>\n<p><!-- KENNDATEN Section --><\/p>\n<div style=\"font-weight:bold; border-bottom:2px solid #9DBB2F; padding-bottom:6px; margin:30px 0 10px 0;\">\n  KENNDATEN\n<\/div>\n<table width=\"100%\" cellpadding=\"0\" cellspacing=\"0\" style=\"border-collapse:collapse; width:100%; max-width:100%;\">\n<tr>\n<th align=\"left\" style=\"background:#7A7A7A; color:#fff; padding:8px 12px; border:1px solid #BDBDBD;\">KENNDATEN<\/th>\n<th align=\"left\" style=\"background:#7A7A7A; color:#fff; padding:8px 12px; border:1px solid #BDBDBD;\">WERTE<\/th>\n<\/tr>\n<tr>\n<td style=\"padding:8px 12px; border:1px solid #BDBDBD;\">Flammpunkt<\/td>\n<td style=\"padding:8px 12px; border:1px solid #BDBDBD;\">Nein<\/td>\n<\/tr>\n<tr style=\"background:#E6E6E6;\">\n<td style=\"padding:8px 12px; border:1px solid #BDBDBD;\">Siedepunkt bei atmosph\u00e4rischem Druck<\/td>\n<td style=\"padding:8px 12px; border:1px solid #BDBDBD;\">111\u00b0C\/232\u00b0F<\/td>\n<\/tr>\n<tr>\n<td style=\"padding:8px 12px; border:1px solid #BDBDBD;\">Gefrierpunkt<\/td>\n<td style=\"padding:8px 12px; border:1px solid #BDBDBD;\">-55\u00b0C\/-67\u00b0F<\/td>\n<\/tr>\n<tr style=\"background:#E6E6E6;\">\n<td style=\"padding:8px 12px; border:1px solid #BDBDBD;\">L\u00f6slichkeit in Wasser<\/td>\n<td style=\"padding:8px 12px; border:1px solid #BDBDBD;\">Vollst\u00e4ndig<\/td>\n<\/tr>\n<tr>\n<td style=\"padding:8px 12px; border:1px solid #BDBDBD;\">Atmosph\u00e4rische Lebensdauer (90\u2013100 % biologisch abbaubar)<\/td>\n<td style=\"padding:8px 12px; border:1px solid #BDBDBD;\">28 Tage<\/td>\n<\/tr>\n<tr style=\"background:#E6E6E6;\">\n<td style=\"padding:8px 12px; border:1px solid #BDBDBD;\">Kinematische Viskosit\u00e4t (cSt) bei 20 \u00b0C<\/td>\n<td style=\"padding:8px 12px; border:1px solid #BDBDBD;\">11.54<\/td>\n<\/tr>\n<tr>\n<td style=\"padding:8px 12px; border:1px solid #BDBDBD;\">Spezifische W\u00e4rme (kJ\/kg\/K) bei 20 \u00b0C<\/td>\n<td style=\"padding:8px 12px; border:1px solid #BDBDBD;\">2.753<\/td>\n<\/tr>\n<tr style=\"background:#E6E6E6;\">\n<td style=\"padding:8px 12px; border:1px solid #BDBDBD;\">W\u00e4rmeleitf\u00e4higkeit (W\/m\u00b7K) bei 20 \u00b0C<\/td>\n<td style=\"padding:8px 12px; border:1px solid #BDBDBD;\">0.320<\/td>\n<\/tr>\n<\/table>\n","protected":false},"excerpt":{"rendered":"<ul>\n<li>Wasserbasiertes W\u00e4rme\u00fcbertragungsfluid<\/li>\n<li>Siedepunkt: 111\u00b0C\/232\u00b0F<\/li>\n<li>Fl\u00fcssigkeit auf erneuerbarer pflanzenbasis<\/li>\n<\/ul>\n<p><a href=\"https:\/\/www.inventec.dehon.com\/wp-content\/uploads\/2023\/09\/GW-Score_8.png\"><img decoding=\"async\" class=\"alignnone size-full wp-image-16185\" src=\"https:\/\/www.inventec.dehon.com\/wp-content\/uploads\/2023\/09\/GW-Score_8.png\" alt=\"Greenway Score 8\" width=\"278\" \/><\/a><\/p>\n","protected":false},"featured_media":15870,"comment_status":"closed","ping_status":"closed","template":"","meta":{"_acf_changed":false,"inline_featured_image":false},"product_brand":[],"product_cat":[1239,1266,1206],"product_tag":[4514,4518,4065,4539,4535,4595,4326,4603,4607,4555,4563,4559,4551,4530,4611,4599,5669,4543,5670],"class_list":{"0":"post-33845","1":"product","2":"type-product","3":"status-publish","4":"has-post-thumbnail","6":"product_cat-direktkuhlung","7":"product_cat-kaltwassersatze","8":"product_cat-kuhlung","9":"product_tag-1-phasen","10":"product_tag-1-phasen-kuhlung","11":"product_tag-data-center-de","12":"product_tag-dielektrische-prufung","13":"product_tag-dielektrische-warmetragerflussigkeiten","14":"product_tag-einphasige-kuehlung","15":"product_tag-greenway","16":"product_tag-halbleiteraetzung","17":"product_tag-halbleitertests","18":"product_tag-hohe-siedetemperatur","19":"product_tag-hoher-erstarrungspunkt","20":"product_tag-hoher-pourpoint","21":"product_tag-hoher-siedepunkt","22":"product_tag-kaltwassersatze","23":"product_tag-loesungsmittelbasiert","24":"product_tag-recycelbar","25":"product_tag-thermasolv-wb1","26":"product_tag-warmetragerflussigkeit","27":"product_tag-wb1","28":"pa_application-halbleiter-pruefung","29":"pa_application-rechenzentrum","30":"pa_brand-thermasolv-de-2","31":"pa_features-fliesspunkt-hoch-100-c","32":"pa_features-greenway","33":"pa_features-kuehlung-einphasig","34":"pa_features-loesungsmittelbasiert","35":"pa_features-siedepunkt-hoch-90-c","36":"pa_processes-direktkuehlung","37":"pa_processes-kaltwassersaetze","38":"pa_product-category-dielektrische-waermetraegerfluessigkeiten","40":"first","41":"instock","42":"shipping-taxable","43":"product-type-simple"},"acf":[],"_links":{"self":[{"href":"https:\/\/www.inventec.dehon.com\/de\/wp-json\/wp\/v2\/product\/33845","targetHints":{"allow":["GET"]}}],"collection":[{"href":"https:\/\/www.inventec.dehon.com\/de\/wp-json\/wp\/v2\/product"}],"about":[{"href":"https:\/\/www.inventec.dehon.com\/de\/wp-json\/wp\/v2\/types\/product"}],"replies":[{"embeddable":true,"href":"https:\/\/www.inventec.dehon.com\/de\/wp-json\/wp\/v2\/comments?post=33845"}],"wp:featuredmedia":[{"embeddable":true,"href":"https:\/\/www.inventec.dehon.com\/de\/wp-json\/wp\/v2\/media\/15870"}],"wp:attachment":[{"href":"https:\/\/www.inventec.dehon.com\/de\/wp-json\/wp\/v2\/media?parent=33845"}],"wp:term":[{"taxonomy":"product_brand","embeddable":true,"href":"https:\/\/www.inventec.dehon.com\/de\/wp-json\/wp\/v2\/product_brand?post=33845"},{"taxonomy":"product_cat","embeddable":true,"href":"https:\/\/www.inventec.dehon.com\/de\/wp-json\/wp\/v2\/product_cat?post=33845"},{"taxonomy":"product_tag","embeddable":true,"href":"https:\/\/www.inventec.dehon.com\/de\/wp-json\/wp\/v2\/product_tag?post=33845"}],"curies":[{"name":"wp","href":"https:\/\/api.w.org\/{rel}","templated":true}]}}