{"id":32247,"date":"2025-09-30T08:05:39","date_gmt":"2025-09-30T08:05:39","guid":{"rendered":"https:\/\/www.inventec.dehon.com\/?post_type=product&#038;p=32247"},"modified":"2025-09-30T08:08:44","modified_gmt":"2025-09-30T08:08:44","slug":"promoclean-dewax-copy","status":"publish","type":"product","link":"https:\/\/www.inventec.dehon.com\/de\/product\/promoclean-dewax-copy\/","title":{"rendered":"PROMOCLEAN DEWAX"},"content":{"rendered":"<h2 style=\"color:#9bc947; margin-bottom:15px\">Wachsentferner-Reinigungsl\u00f6sung<\/h2>\n<ul>\n<li>Entfernen von wachs, leichten oxiden und mineralischen r\u00fcckst\u00e4nden<\/li>\n<li>W\u00e4ssriger tauchverfahren mit ultraschall<\/li>\n<li>Perfekte phasentrennung &#038; nachhaltig<\/li>\n<\/ul>\n<h5>PROMOCLEAN DEWAX<\/h5>\n<p>Wurde speziell zum Entfernen von Wachs nach Oberfl\u00e4chenbehandlungen, leichten Oxiden und mineralischen R\u00fcckst\u00e4nden (wie Kalk oder Fingerspuren) entwickelt. Es ist eine nachhaltigere Alternative zu chloridhaltigen L\u00f6sungsmitteln. Aufgrund seiner F\u00e4higkeit, Oxide zu entfernen, eignet es sich auch perfekt zur Reinigung vor Beschichtungen oder Oberfl\u00e4chenbehandlungen wie PVD, jedoch sind die richtige Verd\u00fcnnung und die Prozessparameter zu best\u00e4tigen. <\/p>\n<p>Es wird in einem w\u00e4ssrigen Tauchverfahren mit Ultraschall verwendet. Mit einem mittelsauren pH-Wert bietet es eine ausgezeichnete Reinigungsleistung und kann auf den meisten Metallen wie Edelstahl, Messing, Aluminium, Gold, Silber und anderen Eisen- und Kupferlegierungen verwendet werden. Au\u00dferdem verleiht es den Metalloberfl\u00e4chen nach der Reinigung ein gl\u00e4nzendes Aussehen. <\/p>\n<p><strong>PROMOCLEAN DEWAX<\/strong> ist ein konzentriertes Produkt, das verd\u00fcnnt mit VE- oder Leitungswasser verwendet wird, wobei dank seiner ausgezeichneten chelatbildenden Eigenschaften keine Kalkablagerungsgefahr besteht.  <\/p>\n<p><a href=\"https:\/\/www.inventec.dehon.com\/wp-content\/uploads\/2023\/06\/PROMOCLEAN-DEWAX-Specifications-DE.jpg\" rel=\"inv-colorbox\" title=\"PROMOCLEAN DEWAX\"><img decoding=\"async\" src=\"https:\/\/www.inventec.dehon.com\/wp-content\/uploads\/2023\/06\/PROMOCLEAN-DEWAX-Specifications-DE.jpg\" alt=\"PROMOCLEAN DEWAX specifications\" width=\"1150\" \/><\/a><\/p>\n","protected":false},"excerpt":{"rendered":"<ul>\n<li>Entfernen von wachs, leichten oxiden und mineralischen r\u00fcckst\u00e4nden<\/li>\n<li>W\u00e4ssriger tauchverfahren mit ultraschall<\/li>\n<li>Perfekte phasentrennung &#038; nachhaltig<\/li>\n<\/ul>\n<p><a href=\"https:\/\/www.inventec.dehon.com\/wp-content\/uploads\/2023\/06\/GW-Score-25.png\"><img decoding=\"async\" class=\"alignnone wp-image-14947\" src=\"https:\/\/www.inventec.dehon.com\/wp-content\/uploads\/2023\/06\/GW-Score-25.png\" alt=\"\" width=\"40\" height=\"34\" \/><\/a><\/p>\n","protected":false},"featured_media":2432,"comment_status":"closed","ping_status":"closed","template":"","meta":{"_acf_changed":false,"inline_featured_image":false},"product_brand":[],"product_cat":[692,2869,411],"product_tag":[2371,2373,2007,2370],"class_list":{"0":"post-32247","1":"product","2":"type-product","3":"status-publish","4":"has-post-thumbnail","6":"product_cat-abbeizen-entoxidation","7":"product_cat-entfernung-von-wachs","8":"product_cat-reinigung","9":"product_tag-dewax-de","10":"product_tag-dewax-plus-de","11":"product_tag-promoclean-de","12":"product_tag-promoclean-dewax-de","14":"first","15":"instock","16":"shipping-taxable","17":"product-type-simple"},"acf":[],"_links":{"self":[{"href":"https:\/\/www.inventec.dehon.com\/de\/wp-json\/wp\/v2\/product\/32247","targetHints":{"allow":["GET"]}}],"collection":[{"href":"https:\/\/www.inventec.dehon.com\/de\/wp-json\/wp\/v2\/product"}],"about":[{"href":"https:\/\/www.inventec.dehon.com\/de\/wp-json\/wp\/v2\/types\/product"}],"replies":[{"embeddable":true,"href":"https:\/\/www.inventec.dehon.com\/de\/wp-json\/wp\/v2\/comments?post=32247"}],"wp:featuredmedia":[{"embeddable":true,"href":"https:\/\/www.inventec.dehon.com\/de\/wp-json\/wp\/v2\/media\/2432"}],"wp:attachment":[{"href":"https:\/\/www.inventec.dehon.com\/de\/wp-json\/wp\/v2\/media?parent=32247"}],"wp:term":[{"taxonomy":"product_brand","embeddable":true,"href":"https:\/\/www.inventec.dehon.com\/de\/wp-json\/wp\/v2\/product_brand?post=32247"},{"taxonomy":"product_cat","embeddable":true,"href":"https:\/\/www.inventec.dehon.com\/de\/wp-json\/wp\/v2\/product_cat?post=32247"},{"taxonomy":"product_tag","embeddable":true,"href":"https:\/\/www.inventec.dehon.com\/de\/wp-json\/wp\/v2\/product_tag?post=32247"}],"curies":[{"name":"wp","href":"https:\/\/api.w.org\/{rel}","templated":true}]}}