{"id":31814,"date":"2025-09-17T08:39:19","date_gmt":"2025-09-17T08:39:19","guid":{"rendered":"https:\/\/www.inventec.dehon.com\/?post_type=product&#038;p=31814"},"modified":"2026-01-29T14:55:17","modified_gmt":"2026-01-29T13:55:17","slug":"topklean-mc-105","status":"publish","type":"product","link":"https:\/\/www.inventec.dehon.com\/de\/product\/topklean-mc-105\/","title":{"rendered":"TOPKLEAN MC 105"},"content":{"rendered":"<p><img decoding=\"async\" src=\"https:\/\/www.inventec.dehon.com\/wp-content\/uploads\/2021\/03\/TOPKLEAN-canister-yellow-1-600x600.jpg\" alt=\"TOPKLEAN MC 105\" class=\"responsive-img\" align=\"right\" style=\"border-radius:10px; margin-bottom:10px; margin-top:-10px; margin-left:15px; width:300px\" \/><\/p>\n<h2 style=\"color:#9bc947; margin-bottom:15px\">Entw\u00e4sserungsfl\u00fcssigkeit f\u00fcr perfekte Trocknungsergebnisse<\/h2>\n<ul>\n<li>Entw\u00e4sserungsfl\u00fcssigkeit<\/li>\n<li>L\u00f6sungsmittel-trockenverfahren<\/li>\n<li>Schnelles trennen<\/li>\n<\/ul>\n<h5>TOPKLEAN MC 105<\/h5>\n<p>Wurde speziell entwickelt, um Wasser nach dem Sp\u00fclen mit Wasser und vor dem Trocknen mit L\u00f6sungsmitteln schnell und aus schwer zug\u00e4nglichen Bereichen von gereinigten Teilen zu entfernen. Bei einem L\u00f6sungsmitteltrockenverfahren wird das Wasser durch TOPKLEAN MC 105 verdr\u00e4ngt und steigt schnell an die Oberfl\u00e4che des Tanks, wo es abgesch\u00f6pft wird. Es kann auch zum einfachen Entw\u00e4ssern vor dem Trockenlegen ohne Trocknungsl\u00f6sungsmittel verwendet werden, um das Korrosionsrisiko zwischen Metallverarbeitungsschritten zu eliminieren. Es ist mit allen Metallen und den meisten in der Industrie verwendeten Kunststoffen vertr\u00e4glich.<\/p>\n<p>L\u00f6sungsmitteltrocknen ist eine Alternative zum Trocknen mit Hei\u00dfluft und garantiert bei deutlich geringerem Energieverbrauch, dass kein Restwasser auf den Teilen verbleibt.<\/p>\n<p><strong>TOPKLEAN MC 105<\/strong> ist qualifiziert und wird von mehreren Akteuren in der Mikromechanik-, Luft- und Raumfahrt- sowie Automobilindustrie verwendet.<\/p>\n<p><!-- SPEZIFIKATIONEN Section --><\/p>\n<div style=\"font-weight:bold; text-transform:uppercase; border-bottom:2px solid #9DBB2F; padding-bottom:6px; margin-bottom:10px;\">\n  SPEZIFIKATIONEN\n<\/div>\n<table width=\"100%\" cellpadding=\"0\" cellspacing=\"0\" style=\"border-collapse:collapse; width:100%; max-width:100%;\">\n<tr>\n<th align=\"left\" style=\"background:#7A7A7A; color:#fff; padding:8px 12px; border:1px solid #BDBDBD;\">SPEZIFIKATIONEN<\/th>\n<th align=\"left\" style=\"background:#7A7A7A; color:#fff; padding:8px 12px; border:1px solid #BDBDBD;\">WERTE<\/th>\n<th align=\"left\" style=\"background:#7A7A7A; color:#fff; padding:8px 12px; border:1px solid #BDBDBD;\">METHODEN<\/th>\n<\/tr>\n<tr>\n<td style=\"padding:8px 12px; border:1px solid #BDBDBD;\">Aspekt<\/td>\n<td style=\"padding:8px 12px; border:1px solid #BDBDBD;\">Transparent, farblos<\/td>\n<td style=\"padding:8px 12px; border:1px solid #BDBDBD;\">Visuell<\/td>\n<\/tr>\n<tr style=\"background:#E6E6E6;\">\n<td style=\"padding:8px 12px; border:1px solid #BDBDBD;\">Dichte bei 15\u00b0C<\/td>\n<td style=\"padding:8px 12px; border:1px solid #BDBDBD;\">0,750 \u2013 0,775<\/td>\n<td style=\"padding:8px 12px; border:1px solid #BDBDBD;\">DIN 51757<\/td>\n<\/tr>\n<\/table>\n<p><!-- KENNDATEN Section --><\/p>\n<div style=\"font-weight:bold; text-transform:uppercase; border-bottom:2px solid #9DBB2F; padding-bottom:6px; margin:30px 0 10px 0;\">\n  KENNDATEN\n<\/div>\n<table width=\"100%\" cellpadding=\"0\" cellspacing=\"0\" style=\"border-collapse:collapse; width:100%; max-width:100%;\">\n<tr>\n<th align=\"left\" style=\"background:#7A7A7A; color:#fff; padding:8px 12px; border:1px solid #BDBDBD;\">KENNDATEN<\/th>\n<th align=\"left\" style=\"background:#7A7A7A; color:#fff; padding:8px 12px; border:1px solid #BDBDBD;\">WERTE<\/th>\n<th align=\"left\" style=\"background:#7A7A7A; color:#fff; padding:8px 12px; border:1px solid #BDBDBD;\">METHODEN<\/th>\n<\/tr>\n<tr>\n<td style=\"padding:8px 12px; border:1px solid #BDBDBD;\">Flammpunkt (PMCC)<\/td>\n<td style=\"padding:8px 12px; border:1px solid #BDBDBD;\">60\u00b0C \/ 140 \u00b0F<\/td>\n<td style=\"padding:8px 12px; border:1px solid #BDBDBD;\">ASTM D93<\/td>\n<\/tr>\n<tr style=\"background:#E6E6E6;\">\n<td style=\"padding:8px 12px; border:1px solid #BDBDBD;\">Viskosit\u00e4t bei 25\u00b0C<\/td>\n<td style=\"padding:8px 12px; border:1px solid #BDBDBD;\">2.5 mm\u00b2\/s<\/td>\n<td style=\"padding:8px 12px; border:1px solid #BDBDBD;\">ASTM D445<\/td>\n<\/tr>\n<tr>\n<td style=\"padding:8px 12px; border:1px solid #BDBDBD;\">Oberfl\u00e4chenspannung bei 20\u00b0C (dyn\/cm)<\/td>\n<td style=\"padding:8px 12px; border:1px solid #BDBDBD;\">23<\/td>\n<td style=\"padding:8px 12px; border:1px solid #BDBDBD;\">ASTM D971<\/td>\n<\/tr>\n<tr style=\"background:#E6E6E6;\">\n<td style=\"padding:8px 12px; border:1px solid #BDBDBD;\">Brechungsindex<\/td>\n<td style=\"padding:8px 12px; border:1px solid #BDBDBD;\">1.42<\/td>\n<td style=\"padding:8px 12px; border:1px solid #BDBDBD;\">ASTM D1218<\/td>\n<\/tr>\n<tr>\n<td style=\"padding:8px 12px; border:1px solid #BDBDBD;\">VOC<\/td>\n<td style=\"padding:8px 12px; border:1px solid #BDBDBD;\">762 g\/L<\/td>\n<td style=\"padding:8px 12px; border:1px solid #BDBDBD;\"><\/td>\n<\/tr>\n<\/table>\n","protected":false},"excerpt":{"rendered":"<ul>\n<li>Entw\u00e4sserungsfl\u00fcssigkeit<\/li>\n<li>L\u00f6sungsmittel-trockenverfahren<\/li>\n<li>Schnelles trennen<\/li>\n<\/ul>\n","protected":false},"featured_media":24450,"comment_status":"closed","ping_status":"closed","template":"","meta":{"_acf_changed":false,"inline_featured_image":false},"product_brand":[],"product_cat":[2862,411],"product_tag":[4270,4274,4290,547,4446,4185,4242,4246,2159,3692,4346,4350,3691,4294],"class_list":{"0":"post-31814","1":"product","2":"type-product","3":"status-publish","4":"has-post-thumbnail","6":"product_cat-losungsmittel-zum-trocknen","7":"product_cat-reinigung","8":"product_tag-automobil","9":"product_tag-automobilindustrie","10":"product_tag-entwasserungsfluid","11":"product_tag-losungsmittel","12":"product_tag-loesungsmittel-trocknung","13":"product_tag-loesungsmittelbasierte-reinigungsfluessigkeiten","14":"product_tag-luft-und-raumfahrt-de","15":"product_tag-luft-und-raumfahrtindustrie-de","16":"product_tag-mc-de","17":"product_tag-mc-105-de","18":"product_tag-mikromechanik","19":"product_tag-mikromechanikindustrie","20":"product_tag-topklean-mc-105-de","21":"product_tag-trocknung","22":"pa_brand-topklean-de-2","23":"pa_features-geeignet-fuer-kohlenwasserstoffbasierte-anwendungen","24":"pa_product-category-entwasserungsfluid","25":"pa_product-category-loesungsmittelbasierte-reinigungsfluessigkeiten","27":"first","28":"instock","29":"shipping-taxable","30":"product-type-simple"},"acf":[],"_links":{"self":[{"href":"https:\/\/www.inventec.dehon.com\/de\/wp-json\/wp\/v2\/product\/31814","targetHints":{"allow":["GET"]}}],"collection":[{"href":"https:\/\/www.inventec.dehon.com\/de\/wp-json\/wp\/v2\/product"}],"about":[{"href":"https:\/\/www.inventec.dehon.com\/de\/wp-json\/wp\/v2\/types\/product"}],"replies":[{"embeddable":true,"href":"https:\/\/www.inventec.dehon.com\/de\/wp-json\/wp\/v2\/comments?post=31814"}],"wp:featuredmedia":[{"embeddable":true,"href":"https:\/\/www.inventec.dehon.com\/de\/wp-json\/wp\/v2\/media\/24450"}],"wp:attachment":[{"href":"https:\/\/www.inventec.dehon.com\/de\/wp-json\/wp\/v2\/media?parent=31814"}],"wp:term":[{"taxonomy":"product_brand","embeddable":true,"href":"https:\/\/www.inventec.dehon.com\/de\/wp-json\/wp\/v2\/product_brand?post=31814"},{"taxonomy":"product_cat","embeddable":true,"href":"https:\/\/www.inventec.dehon.com\/de\/wp-json\/wp\/v2\/product_cat?post=31814"},{"taxonomy":"product_tag","embeddable":true,"href":"https:\/\/www.inventec.dehon.com\/de\/wp-json\/wp\/v2\/product_tag?post=31814"}],"curies":[{"name":"wp","href":"https:\/\/api.w.org\/{rel}","templated":true}]}}