{"id":31630,"date":"2025-09-12T09:37:29","date_gmt":"2025-09-12T09:37:29","guid":{"rendered":"https:\/\/www.inventec.dehon.com\/?post_type=product&#038;p=31630"},"modified":"2026-01-29T10:37:02","modified_gmt":"2026-01-29T09:37:02","slug":"promosolv-de1","status":"publish","type":"product","link":"https:\/\/www.inventec.dehon.com\/de\/product\/promosolv-de1\/","title":{"rendered":"PROMOSOLV DE1"},"content":{"rendered":"<p><img decoding=\"async\" src=\"https:\/\/www.inventec.dehon.com\/wp-content\/uploads\/2021\/03\/PROMOSOLV-drum-colorless-Ecoprog-600x600.png\" alt=\"PROMOSOLV DE1\" class=\"responsive-img\" align=\"right\" style=\"border-radius:10px; margin-bottom:10px; margin-top:-10px; margin-left:15px; width:300px\" \/><\/p>\n<h2 style=\"color: #9bc947; margin-bottom: 15px;\">L\u00f6sungsmittel f\u00fcr additive Fertigung, \u00d6l- und Fettentfernung<\/h2>\n<ul>\n<li>Beseitigung einer breiten palette von verschmutzungen<\/li>\n<li>Dampfphasenprozess<\/li>\n<li>Alternative zu 3M Novec 71DE<\/li>\n<\/ul>\n<h6>PROMOSOLV DE1<\/h6>\n<p>als Ersatz f\u00fcr Trichlorethylen, NPB und andere L\u00f6sungsmittel mit hohen Auswirkungen auf Gesundheit, Sicherheit und Umwelt entwickelt. W\u00e4hrend die HSE-Auswirkungen erheblich reduziert werden, ist die Entfettungsleistung auf dem gleichen Niveau. Die sehr niedrige Oberfl\u00e4chenspannung erm\u00f6glicht das Eindringen in sehr enge oder schwer zug\u00e4ngliche R\u00e4ume und sorgt so f\u00fcr eine gr\u00fcndliche Reinigung und Sp\u00fclung.<\/p>\n<p>Es eignet sich zum Entfernen der meisten Arten von \u00d6len und Fetten, mit Ausnahme von Schmiermitteln auf Wasserbasis. Dar\u00fcber hinaus eignet es sich zum Entfernen von Partikeln. Abh\u00e4ngig von der Beschaffenheit der polymerisierten Materialien k\u00f6nnen auch einige Lacke, Klebstoffe, Tinten und Farben entfernt werden. Au\u00dferdem ist es ein \u00c4quivalent zum ausgemusterten Novec 71DE , da es den gleichen Anteil an Komponenten und die gleichen Eigenschaften aufweist.<\/p>\n<p>Vertr\u00e4glich mit allen Metallen und Legierungen, auch mit sehr empfindlichen. Es hat auch eine gute Kompatibilit\u00e4t mit den meisten Kunststoffen und Elastomeren, es ist jedoch vor der Verwendung zu testen.<\/p>\n<p><strong>PROMOSOLV DE1<\/strong> wurde unter Ber\u00fccksichtigung der Sicherheit formuliert. Seine Zusammensetzung hat ausgezeichnete Entflammbarkeitsunterdr\u00fcckungseigenschaften und ist eine azeotrope Formulierung, die eine sehr hohe Stabilit\u00e4t bei der Verwendung in einer Anlage bietet. Einige auf dem Markt erh\u00e4ltliche Produkte k\u00f6nnen ihre flammhemmende Wirkung aufgrund von Verdunstung verlieren, wenn sie in einer Anlage verwendet werden.<\/p>\n<div style=\"font-family:Lato, sans-serif; color:#333;\">\n<p>  <!-- SPEZIFIKATIONEN --><\/p>\n<div style=\"font-weight:bold; text-transform:uppercase; border-bottom:2px solid #9DBB2F; padding-bottom:6px; margin-bottom:10px;\">\n    SPEZIFIKATIONEN\n  <\/div>\n<table width=\"100%\" cellpadding=\"0\" cellspacing=\"0\" style=\"border-collapse:collapse; width:100%; max-width:100%;\">\n<tr>\n<th align=\"left\" style=\"background:#7A7A7A; color:#fff; padding:8px 12px; border:1px solid #BDBDBD;\">SPEZIFIKATIONEN<\/th>\n<th align=\"left\" style=\"background:#7A7A7A; color:#fff; padding:8px 12px; border:1px solid #BDBDBD;\">WERTE<\/th>\n<th align=\"left\" style=\"background:#7A7A7A; color:#fff; padding:8px 12px; border:1px solid #BDBDBD;\">METHODEN<\/th>\n<\/tr>\n<tr>\n<td style=\"padding:8px 12px; border:1px solid #BDBDBD;\">Aspekt<\/td>\n<td style=\"padding:8px 12px; border:1px solid #BDBDBD;\">Transparent, farblos<\/td>\n<td style=\"padding:8px 12px; border:1px solid #BDBDBD;\">Visuell<\/td>\n<\/tr>\n<tr style=\"background:#E6E6E6;\">\n<td style=\"padding:8px 12px; border:1px solid #BDBDBD;\">Methoxy-nonafluorbutanether<\/td>\n<td style=\"padding:8px 12px; border:1px solid #BDBDBD;\">50,0% \u00b1 1,0<\/td>\n<td style=\"padding:8px 12px; border:1px solid #BDBDBD;\">Intern \/ BRY-MO-121<\/td>\n<\/tr>\n<tr>\n<td style=\"padding:8px 12px; border:1px solid #BDBDBD;\">1,2-Transdichlorethylen<\/td>\n<td style=\"padding:8px 12px; border:1px solid #BDBDBD;\">50,0% \u00b1 1,0<\/td>\n<td style=\"padding:8px 12px; border:1px solid #BDBDBD;\">Intern \/ BRY-MO-121<\/td>\n<\/tr>\n<\/table>\n<p>  <!-- KENNDATEN --><\/p>\n<div style=\"font-weight:bold; text-transform:uppercase; border-bottom:2px solid #9DBB2F; padding-bottom:6px; margin:30px 0 10px 0;\">\n    KENNDATEN\n  <\/div>\n<table width=\"100%\" cellpadding=\"0\" cellspacing=\"0\" style=\"border-collapse:collapse; width:100%; max-width:100%;\">\n<tr>\n<th align=\"left\" style=\"background:#7A7A7A; color:#fff; padding:8px 12px; border:1px solid #BDBDBD;\">KENNDATEN<\/th>\n<th align=\"left\" style=\"background:#7A7A7A; color:#fff; padding:8px 12px; border:1px solid #BDBDBD;\">WERTE<\/th>\n<\/tr>\n<tr>\n<td style=\"padding:8px 12px; border:1px solid #BDBDBD;\">Siedepunkt (\u00b0C\/\u00b0F)<\/td>\n<td style=\"padding:8px 12px; border:1px solid #BDBDBD;\">41 \/ 106<\/td>\n<\/tr>\n<tr style=\"background:#E6E6E6;\">\n<td style=\"padding:8px 12px; border:1px solid #BDBDBD;\">Oberfl\u00e4chenspannung (dyn\/cm)<\/td>\n<td style=\"padding:8px 12px; border:1px solid #BDBDBD;\">16,6<\/td>\n<\/tr>\n<tr>\n<td style=\"padding:8px 12px; border:1px solid #BDBDBD;\">Flammpunkt<\/td>\n<td style=\"padding:8px 12px; border:1px solid #BDBDBD;\">keine<\/td>\n<\/tr>\n<tr style=\"background:#E6E6E6;\">\n<td style=\"padding:8px 12px; border:1px solid #BDBDBD;\">Dichte (g\/cm3)<\/td>\n<td style=\"padding:8px 12px; border:1px solid #BDBDBD;\">1,37<\/td>\n<\/tr>\n<tr>\n<td style=\"padding:8px 12px; border:1px solid #BDBDBD;\">Reinheit (% Gewicht)<\/td>\n<td style=\"padding:8px 12px; border:1px solid #BDBDBD;\">&gt;99,5<\/td>\n<\/tr>\n<tr style=\"background:#E6E6E6;\">\n<td style=\"padding:8px 12px; border:1px solid #BDBDBD;\">Dynamische Viskosit\u00e4t (mPa.s @25\u00b0C)<\/td>\n<td style=\"padding:8px 12px; border:1px solid #BDBDBD;\">0,43<\/td>\n<\/tr>\n<tr>\n<td style=\"padding:8px 12px; border:1px solid #BDBDBD;\">Dampfdruck (kPa @ 25\u00b0C)<\/td>\n<td style=\"padding:8px 12px; border:1px solid #BDBDBD;\">51<\/td>\n<\/tr>\n<\/table>\n<\/div>\n","protected":false},"excerpt":{"rendered":"<ul>\n<li>Beseitigung einer breiten palette von verschmutzungen<\/li>\n<li>Dampfphasenprozess<\/li>\n<li>Alternative zu 3M Novec 71DE<\/li>\n<\/ul>\n<p><a href=\"https:\/\/www.inventec.dehon.com\/wp-content\/uploads\/2025\/09\/GW-Score-42.png\"><img decoding=\"async\" class=\"alignnone size-full wp-image-17026\" src=\"https:\/\/www.inventec.dehon.com\/wp-content\/uploads\/2025\/09\/GW-Score-42.png\" alt=\"GW Score 42\" width=\"334\" \/><\/a><\/p>\n","protected":false},"featured_media":2277,"comment_status":"closed","ping_status":"closed","template":"","meta":{"_acf_changed":false,"inline_featured_image":false},"product_brand":[],"product_cat":[752,2865,2864,411],"product_tag":[4768,3682,4322,4185,4370,4394,4410,3681,4599,4795],"class_list":{"0":"post-31630","1":"product","2":"type-product","3":"status-publish","4":"has-post-thumbnail","6":"product_cat-entfernung-von-partikeln","7":"product_cat-fettentfernung-von-verschiedenen-metallkomponenten","8":"product_cat-olentfernung-von-verschiedenen-metallkomponenten","9":"product_cat-reinigung","10":"product_tag-dampfphase","11":"product_tag-de1-de","12":"product_tag-fettentfernung-de","13":"product_tag-loesungsmittelbasierte-reinigungsfluessigkeiten","14":"product_tag-mono-losungsmittel","15":"product_tag-olentfernung","16":"product_tag-partikelfrei","17":"product_tag-promosolv-de1-de","18":"product_tag-recycelbar","19":"product_tag-spuelen","20":"pa_application-fettentfernung","21":"pa_application-oelentfernung","22":"pa_application-partikelentfernung","23":"pa_brand-promosolv-de-2","24":"pa_features-geeignet-fuer-kohlenwasserstoffbasierte-anwendungen","25":"pa_features-recycelbar","26":"pa_processes-mono-losungsmittel","27":"pa_processes-spulung","28":"pa_product-category-loesungsmittelbasierte-reinigungsfluessigkeiten","30":"first","31":"instock","32":"shipping-taxable","33":"product-type-simple"},"acf":[],"_links":{"self":[{"href":"https:\/\/www.inventec.dehon.com\/de\/wp-json\/wp\/v2\/product\/31630","targetHints":{"allow":["GET"]}}],"collection":[{"href":"https:\/\/www.inventec.dehon.com\/de\/wp-json\/wp\/v2\/product"}],"about":[{"href":"https:\/\/www.inventec.dehon.com\/de\/wp-json\/wp\/v2\/types\/product"}],"replies":[{"embeddable":true,"href":"https:\/\/www.inventec.dehon.com\/de\/wp-json\/wp\/v2\/comments?post=31630"}],"wp:featuredmedia":[{"embeddable":true,"href":"https:\/\/www.inventec.dehon.com\/de\/wp-json\/wp\/v2\/media\/2277"}],"wp:attachment":[{"href":"https:\/\/www.inventec.dehon.com\/de\/wp-json\/wp\/v2\/media?parent=31630"}],"wp:term":[{"taxonomy":"product_brand","embeddable":true,"href":"https:\/\/www.inventec.dehon.com\/de\/wp-json\/wp\/v2\/product_brand?post=31630"},{"taxonomy":"product_cat","embeddable":true,"href":"https:\/\/www.inventec.dehon.com\/de\/wp-json\/wp\/v2\/product_cat?post=31630"},{"taxonomy":"product_tag","embeddable":true,"href":"https:\/\/www.inventec.dehon.com\/de\/wp-json\/wp\/v2\/product_tag?post=31630"}],"curies":[{"name":"wp","href":"https:\/\/api.w.org\/{rel}","templated":true}]}}