{"id":31532,"date":"2025-09-11T07:29:25","date_gmt":"2025-09-11T07:29:25","guid":{"rendered":"https:\/\/www.inventec.dehon.com\/?post_type=product&#038;p=31532"},"modified":"2026-01-20T11:55:27","modified_gmt":"2026-01-20T10:55:27","slug":"thermasolv-cf6","status":"publish","type":"product","link":"https:\/\/www.inventec.dehon.com\/de\/product\/thermasolv-cf6\/","title":{"rendered":"THERMASOLV CF6"},"content":{"rendered":"<p><img decoding=\"async\" src=\"https:\/\/www.inventec.dehon.com\/wp-content\/uploads\/2023\/09\/Thermasolv-Greenway-600x600.jpg\" alt=\"THERMASOLV CF6\" class=\"responsive-img\" align=\"right\" style=\"border-radius:10px; margin-bottom:10px; margin-top:-10px; margin-left:15px; width:300px\" \/><\/p>\n<h2 style=\"color:#9bc947; margin-bottom:15px\">Dielektrische K\u00fchlfl\u00fcssigkeiten f\u00fcr elektronische und elektrische Ger\u00e4te<\/h2>\n<ul>\n<li>Dielektrische w\u00e4rme\u00fcbertragungsfl\u00fcssigkeit<\/li>\n<li>Siedepunkt: 158\u00b0C\/316\u00b0F<\/li>\n<li>Hohe betriebstemperatur<\/li>\n<\/ul>\n<h5>THERMASOLV CF6<\/h5>\n<p>Ist eine dielektrische W\u00e4rme\u00fcbertragungsfl\u00fcssigkeit, die f\u00fcr 1-Phasen-Immersions- oder Direktk\u00fchlsysteme entwickelt wurde. Seine hohen elektrischen Isolationseigenschaften erm\u00f6glichen es, Elektronik und elektrische Ger\u00e4te unter Strom in die Fl\u00fcssigkeit einzutauchen. Die g\u00fcnstigen Eigenschaften von Viskosit\u00e4t, Dichte und Oberfl\u00e4chenspannung des Produkts erm\u00f6glichen einen optimalen Oberfl\u00e4chenkontakt, was zu einer hervorragenden W\u00e4rme\u00fcbertragungsleistung beitr\u00e4gt.<\/p>\n<p>Die sehr gute Kompatibilit\u00e4t mit allen Metallen, einer Vielzahl von Kunststoffen &#038; Elastomeren sowie die chemische Stabilit\u00e4t der Fl\u00fcssigkeit machen <strong>THERMASOLV CF6<\/strong> zu einer idealen Fl\u00fcssigkeit f\u00fcr Immersionsk\u00fchlung.<\/p>\n<p>Die chemische Beschaffenheit von <strong>THERMASOLV CF6<\/strong> macht es auch zu einem geeigneten Produkt als Haftvermittler f\u00fcr den Preform-Die-Attach-L\u00f6tprozess. Es ist leicht zu spr\u00fchen und hinterl\u00e4sst nach dem Verdampfen im Reflow-Schritt keine R\u00fcckst\u00e4nde.<\/p>\n<p><strong>THERMASOLV CF6<\/strong> wurde mit Blick auf Sicherheit formuliert. Es ist ungiftig, enth\u00e4lt keine EUH-S\u00e4tze, ist nicht brennbar und hat keinen Flammpunkt.<\/p>\n<p><!-- SPEZIFIKATIONEN Section --><\/p>\n<div style=\"font-weight:bold; border-bottom:2px solid #9DBB2F; padding-bottom:6px; margin-bottom:10px;\">\n  SPEZIFIKATIONEN\n<\/div>\n<table width=\"100%\" cellpadding=\"0\" cellspacing=\"0\" style=\"border-collapse:collapse; width:100%; max-width:100%;\">\n<tr>\n<th align=\"left\" style=\"background:#7A7A7A; color:#fff; padding:8px 12px; border:1px solid #BDBDBD;\">SPEZIFIKATIONEN<\/th>\n<th align=\"left\" style=\"background:#7A7A7A; color:#fff; padding:8px 12px; border:1px solid #BDBDBD;\">WERTE<\/th>\n<th align=\"left\" style=\"background:#7A7A7A; color:#fff; padding:8px 12px; border:1px solid #BDBDBD;\">METHODEN<\/th>\n<\/tr>\n<tr>\n<td style=\"padding:8px 12px; border:1px solid #BDBDBD;\">Aspekt<\/td>\n<td style=\"padding:8px 12px; border:1px solid #BDBDBD;\">Farblos, klar<\/td>\n<td style=\"padding:8px 12px; border:1px solid #BDBDBD;\">Visuell<\/td>\n<\/tr>\n<tr style=\"background:#E6E6E6;\">\n<td style=\"padding:8px 12px; border:1px solid #BDBDBD;\">Reinheit (%)<\/td>\n<td style=\"padding:8px 12px; border:1px solid #BDBDBD;\">>99,5<\/td>\n<td style=\"padding:8px 12px; border:1px solid #BDBDBD;\">Intern \/ MO.SB.10033<\/td>\n<\/tr>\n<\/table>\n<p><!-- KENNDATEN Section --><\/p>\n<div style=\"font-weight:bold; border-bottom:2px solid #9DBB2F; padding-bottom:6px; margin:30px 0 10px 0;\">\n  KENNDATEN\n<\/div>\n<table width=\"100%\" cellpadding=\"0\" cellspacing=\"0\" style=\"border-collapse:collapse; width:100%; max-width:100%;\">\n<tr>\n<th align=\"left\" style=\"background:#7A7A7A; color:#fff; padding:8px 12px; border:1px solid #BDBDBD;\">KENNDATEN<\/th>\n<th align=\"left\" style=\"background:#7A7A7A; color:#fff; padding:8px 12px; border:1px solid #BDBDBD;\">WERTE<\/th>\n<\/tr>\n<tr>\n<td style=\"padding:8px 12px; border:1px solid #BDBDBD;\">Flammpunkt<\/td>\n<td style=\"padding:8px 12px; border:1px solid #BDBDBD;\">Nein<\/td>\n<\/tr>\n<tr style=\"background:#E6E6E6;\">\n<td style=\"padding:8px 12px; border:1px solid #BDBDBD;\">Siedepunkt<\/td>\n<td style=\"padding:8px 12px; border:1px solid #BDBDBD;\">158\u00b0C\/316\u00b0F<\/td>\n<\/tr>\n<tr>\n<td style=\"padding:8px 12px; border:1px solid #BDBDBD;\">Flie\u00dfpunkt<\/td>\n<td style=\"padding:8px 12px; border:1px solid #BDBDBD;\">-60\u00b0C\/-76\u00b0F<\/td>\n<\/tr>\n<tr style=\"background:#E6E6E6;\">\n<td style=\"padding:8px 12px; border:1px solid #BDBDBD;\">Dampfdruck (kPa @20\u00b0C)<\/td>\n<td style=\"padding:8px 12px; border:1px solid #BDBDBD;\">3.7<\/td>\n<\/tr>\n<tr>\n<td style=\"padding:8px 12px; border:1px solid #BDBDBD;\">Fl\u00fcssigkeitsdichte (kg\/m3 @20\u00b0C)<\/td>\n<td style=\"padding:8px 12px; border:1px solid #BDBDBD;\">1810<\/td>\n<\/tr>\n<tr style=\"background:#E6E6E6;\">\n<td style=\"padding:8px 12px; border:1px solid #BDBDBD;\">Kinematische Viskosit\u00e4t (cSt @20\u00b0C)<\/td>\n<td style=\"padding:8px 12px; border:1px solid #BDBDBD;\">3.0<\/td>\n<\/tr>\n<tr>\n<td style=\"padding:8px 12px; border:1px solid #BDBDBD;\">Spezifische W\u00e4rme (J\/kg-K @25\u00b0C)<\/td>\n<td style=\"padding:8px 12px; border:1px solid #BDBDBD;\">1151<\/td>\n<\/tr>\n<tr style=\"background:#E6E6E6;\">\n<td style=\"padding:8px 12px; border:1px solid #BDBDBD;\">Oberfl\u00e4chenspannung (dyn\/cm\u00b2)<\/td>\n<td style=\"padding:8px 12px; border:1px solid #BDBDBD;\">17<\/td>\n<\/tr>\n<tr>\n<td style=\"padding:8px 12px; border:1px solid #BDBDBD;\">Durchschlagfestigkeit (kV)<\/td>\n<td style=\"padding:8px 12px; border:1px solid #BDBDBD;\">40<\/td>\n<\/tr>\n<tr style=\"background:#E6E6E6;\">\n<td style=\"padding:8px 12px; border:1px solid #BDBDBD;\">Dielektrizit\u00e4tskonstante @1kHz<\/td>\n<td style=\"padding:8px 12px; border:1px solid #BDBDBD;\">4.75<\/td>\n<\/tr>\n<tr>\n<td style=\"padding:8px 12px; border:1px solid #BDBDBD;\">Widerstand (Ohm-cm)<\/td>\n<td style=\"padding:8px 12px; border:1px solid #BDBDBD;\">>1.00E+11<\/td>\n<\/tr>\n<tr style=\"background:#E6E6E6;\">\n<td style=\"padding:8px 12px; border:1px solid #BDBDBD;\">W\u00e4rmeleitf\u00e4higkeit (W\/mK)<\/td>\n<td style=\"padding:8px 12px; border:1px solid #BDBDBD;\">0.066<\/td>\n<\/tr>\n<\/table>\n","protected":false},"excerpt":{"rendered":"<ul>\n<li>Dielektrische w\u00e4rme\u00fcbertragungsfl\u00fcssigkeit<\/li>\n<li>Siedepunkt: 158\u00b0C\/316\u00b0F<\/li>\n<li>Hohe betriebstemperatur<\/li>\n<\/ul>\n<p><a href=\"https:\/\/www.inventec.dehon.com\/wp-content\/uploads\/2021\/05\/GW-Score-27.png\"><img decoding=\"async\" class=\"alignnone size-full wp-image-16185\" src=\"https:\/\/www.inventec.dehon.com\/wp-content\/uploads\/2021\/05\/GW-Score-27.png\" alt=\"Greenway Score 27\" width=\"278\" \/><\/a><\/p>\n","protected":false},"featured_media":15870,"comment_status":"closed","ping_status":"closed","template":"","meta":{"_acf_changed":false,"inline_featured_image":false},"product_brand":[],"product_cat":[1266,1206],"product_tag":[4514,4518,3610,4535,4595,4326,4603,4607,4555,4563,4559,4551,4530,4611,4599,3609,4466,4543],"class_list":{"0":"post-31532","1":"product","2":"type-product","3":"status-publish","4":"has-post-thumbnail","6":"product_cat-kaltwassersatze","7":"product_cat-kuhlung","8":"product_tag-1-phasen","9":"product_tag-1-phasen-kuhlung","10":"product_tag-cf6-de","11":"product_tag-dielektrische-warmetragerflussigkeiten","12":"product_tag-einphasige-kuehlung","13":"product_tag-greenway","14":"product_tag-halbleiteraetzung","15":"product_tag-halbleitertests","16":"product_tag-hohe-siedetemperatur","17":"product_tag-hoher-erstarrungspunkt","18":"product_tag-hoher-pourpoint","19":"product_tag-hoher-siedepunkt","20":"product_tag-kaltwassersatze","21":"product_tag-loesungsmittelbasiert","22":"product_tag-recycelbar","23":"product_tag-thermasolv-cf6-de","24":"product_tag-ultra-niedriges-gwp","25":"product_tag-warmetragerflussigkeit","26":"pa_application-halbleiter-aetzen","27":"pa_brand-thermasolv-de-2","28":"pa_features-fliesspunkt-hoch-100-c","29":"pa_features-greenway","30":"pa_features-kuehlung-einphasig","31":"pa_features-loesungsmittelbasiert","32":"pa_features-recycelbar","33":"pa_features-sehr-niedriges-gwp","34":"pa_features-siedepunkt-hoch-90-c","35":"pa_processes-kaltwassersaetze","36":"pa_product-category-dielektrische-waermetraegerfluessigkeiten","38":"first","39":"instock","40":"shipping-taxable","41":"product-type-simple"},"acf":[],"_links":{"self":[{"href":"https:\/\/www.inventec.dehon.com\/de\/wp-json\/wp\/v2\/product\/31532","targetHints":{"allow":["GET"]}}],"collection":[{"href":"https:\/\/www.inventec.dehon.com\/de\/wp-json\/wp\/v2\/product"}],"about":[{"href":"https:\/\/www.inventec.dehon.com\/de\/wp-json\/wp\/v2\/types\/product"}],"replies":[{"embeddable":true,"href":"https:\/\/www.inventec.dehon.com\/de\/wp-json\/wp\/v2\/comments?post=31532"}],"wp:featuredmedia":[{"embeddable":true,"href":"https:\/\/www.inventec.dehon.com\/de\/wp-json\/wp\/v2\/media\/15870"}],"wp:attachment":[{"href":"https:\/\/www.inventec.dehon.com\/de\/wp-json\/wp\/v2\/media?parent=31532"}],"wp:term":[{"taxonomy":"product_brand","embeddable":true,"href":"https:\/\/www.inventec.dehon.com\/de\/wp-json\/wp\/v2\/product_brand?post=31532"},{"taxonomy":"product_cat","embeddable":true,"href":"https:\/\/www.inventec.dehon.com\/de\/wp-json\/wp\/v2\/product_cat?post=31532"},{"taxonomy":"product_tag","embeddable":true,"href":"https:\/\/www.inventec.dehon.com\/de\/wp-json\/wp\/v2\/product_tag?post=31532"}],"curies":[{"name":"wp","href":"https:\/\/api.w.org\/{rel}","templated":true}]}}