{"id":31338,"date":"2025-09-05T10:12:22","date_gmt":"2025-09-05T10:12:22","guid":{"rendered":"https:\/\/www.inventec.dehon.com\/?post_type=product&#038;p=31338"},"modified":"2026-01-29T14:41:03","modified_gmt":"2026-01-29T13:41:03","slug":"topklean-mc-20c","status":"publish","type":"product","link":"https:\/\/www.inventec.dehon.com\/de\/product\/topklean-mc-20c\/","title":{"rendered":"TOPKLEAN MC 20C"},"content":{"rendered":"<p><img decoding=\"async\" src=\"https:\/\/www.inventec.dehon.com\/wp-content\/uploads\/2021\/03\/TOPKLEAN-canister-yellow-1-600x600.jpg\" alt=\"TOPKLEAN MC 20C\" class=\"responsive-img\" align=\"right\" style=\"border-radius:10px; margin-bottom:10px; margin-top:-10px; margin-left:15px; width:300px\" \/><\/p>\n<h2 style=\"color:#9bc947; margin-bottom:15px\">Leistungsstarker L\u00f6tmaskenreiniger<\/h2>\n<ul>\n<li>Entfernung von L\u00f6tpaste auf Schablonen und falsch bedruckten PCBs<\/li>\n<li>W\u00e4ssriges Spr\u00fch- oder Tauchverfahren<\/li>\n<li>Schnelle Reinigung mit sehr geringer HSE-Belastung<\/li>\n<\/ul>\n<h5>TOPKLEAN MC 20C<\/h5>\n<p>Wurde speziell entwickelt, um Kohlenwasserstoff\u00f6le, die meisten wasserl\u00f6slichen \u00d6le und Fingerspuren von allen Metallen und den meisten Kunststoffen zu entfernen.<\/p>\n<p>Dieses Produkt kann in verschiedenen Prozessen verwendet werden: in einem w\u00e4ssrigen Tauchprozess, einem Co-Solvent-Prozess oder als Entw\u00e4sserungsfl\u00fcssigkeit in einem L\u00f6sungsmitteltrockenprozess. Es ist somit vielseitig einsetzbar, was die Menge unter einem Dach erforderlicher Produkte begrenzen kann.<\/p>\n<p><strong>TOPKLEAN MC 20C<\/strong> ist qualifiziert und wird von mehreren Akteuren in der Mikromechanik-Industrie verwendet.<\/p>\n<p><!-- SPEZIFIKATIONEN Section --><\/p>\n<div style=\"font-weight:bold; text-transform:uppercase; border-bottom:2px solid #9DBB2F; padding-bottom:6px; margin-bottom:10px;\">\n  SPEZIFIKATIONEN\n<\/div>\n<table width=\"100%\" cellpadding=\"0\" cellspacing=\"0\" style=\"border-collapse:collapse; width:100%; max-width:100%;\">\n<tr>\n<th align=\"left\" style=\"background:#7A7A7A; color:#fff; padding:8px 12px; border:1px solid #BDBDBD;\">SPEZIFIKATIONEN<\/th>\n<th align=\"left\" style=\"background:#7A7A7A; color:#fff; padding:8px 12px; border:1px solid #BDBDBD;\">WERTE<\/th>\n<th align=\"left\" style=\"background:#7A7A7A; color:#fff; padding:8px 12px; border:1px solid #BDBDBD;\">METHODEN<\/th>\n<\/tr>\n<tr>\n<td style=\"padding:8px 12px; border:1px solid #BDBDBD;\">Aspekt<\/td>\n<td style=\"padding:8px 12px; border:1px solid #BDBDBD;\">Transparent, farblos<\/td>\n<td style=\"padding:8px 12px; border:1px solid #BDBDBD;\">Visuell<\/td>\n<\/tr>\n<tr style=\"background:#E6E6E6;\">\n<td style=\"padding:8px 12px; border:1px solid #BDBDBD;\">Dichte bei 20\u00b0C (g\/ml)<\/td>\n<td style=\"padding:8px 12px; border:1px solid #BDBDBD;\">0,950 \u00b1 0,01<\/td>\n<td style=\"padding:8px 12px; border:1px solid #BDBDBD;\">BRY MO 029<\/td>\n<\/tr>\n<\/table>\n<p><!-- KENNDATEN Section --><\/p>\n<div style=\"font-weight:bold; text-transform:uppercase; border-bottom:2px solid #9DBB2F; padding-bottom:6px; margin:30px 0 10px 0;\">\n  KENNDATEN\n<\/div>\n<table width=\"100%\" cellpadding=\"0\" cellspacing=\"0\" style=\"border-collapse:collapse; width:100%; max-width:100%;\">\n<tr>\n<th align=\"left\" style=\"background:#7A7A7A; color:#fff; padding:8px 12px; border:1px solid #BDBDBD;\">KENNDATEN<\/th>\n<th align=\"left\" style=\"background:#7A7A7A; color:#fff; padding:8px 12px; border:1px solid #BDBDBD;\">WERTE<\/th>\n<th align=\"left\" style=\"background:#7A7A7A; color:#fff; padding:8px 12px; border:1px solid #BDBDBD;\">METHODEN<\/th>\n<\/tr>\n<tr>\n<td style=\"padding:8px 12px; border:1px solid #BDBDBD;\">Siedepunkt (\u00b0C \/ \u00b0F)<\/td>\n<td style=\"padding:8px 12px; border:1px solid #BDBDBD;\">184\u2013197\u00b0C \/ 363\u2013387\u00b0F<\/td>\n<td style=\"padding:8px 12px; border:1px solid #BDBDBD;\">ASTM D1078<\/td>\n<\/tr>\n<tr style=\"background:#E6E6E6;\">\n<td style=\"padding:8px 12px; border:1px solid #BDBDBD;\">Flammpunkt (PMCC)<\/td>\n<td style=\"padding:8px 12px; border:1px solid #BDBDBD;\">85\u00b0C \/ 185\u00b0F<\/td>\n<td style=\"padding:8px 12px; border:1px solid #BDBDBD;\">ASTM D93<\/td>\n<\/tr>\n<tr>\n<td style=\"padding:8px 12px; border:1px solid #BDBDBD;\">Viskosit\u00e4t bei 25\u00b0C (mm\u00b2\/s)<\/td>\n<td style=\"padding:8px 12px; border:1px solid #BDBDBD;\">4.1<\/td>\n<td style=\"padding:8px 12px; border:1px solid #BDBDBD;\">ASTM D445<\/td>\n<\/tr>\n<tr style=\"background:#E6E6E6;\">\n<td style=\"padding:8px 12px; border:1px solid #BDBDBD;\">Oberfl\u00e4chenspannung bei 20\u00b0C (dyn\/cm)<\/td>\n<td style=\"padding:8px 12px; border:1px solid #BDBDBD;\">23<\/td>\n<td style=\"padding:8px 12px; border:1px solid #BDBDBD;\">ASTM D971<\/td>\n<\/tr>\n<tr>\n<td style=\"padding:8px 12px; border:1px solid #BDBDBD;\">Relative Verdunstungsrate (nBuAc = 1)<\/td>\n<td style=\"padding:8px 12px; border:1px solid #BDBDBD;\">0,04<\/td>\n<td style=\"padding:8px 12px; border:1px solid #BDBDBD;\">ASTM D3539<\/td>\n<\/tr>\n<tr style=\"background:#E6E6E6;\">\n<td style=\"padding:8px 12px; border:1px solid #BDBDBD;\">Dielektrische Steifigkeit (KV\/cm)<\/td>\n<td style=\"padding:8px 12px; border:1px solid #BDBDBD;\">200<\/td>\n<td style=\"padding:8px 12px; border:1px solid #BDBDBD;\">DIN \/ VDE 0370\/5<\/td>\n<\/tr>\n<tr>\n<td style=\"padding:8px 12px; border:1px solid #BDBDBD;\">Mischbarkeit in Wasser<\/td>\n<td style=\"padding:8px 12px; border:1px solid #BDBDBD;\">Mischbar<\/td>\n<td style=\"padding:8px 12px; border:1px solid #BDBDBD;\">Intern<\/td>\n<\/tr>\n<tr style=\"background:#E6E6E6;\">\n<td style=\"padding:8px 12px; border:1px solid #BDBDBD;\">Relative Dampfdichte bei 20\u00b0C<\/td>\n<td style=\"padding:8px 12px; border:1px solid #BDBDBD;\">4,6<\/td>\n<td style=\"padding:8px 12px; border:1px solid #BDBDBD;\">Intern<\/td>\n<\/tr>\n<tr>\n<td style=\"padding:8px 12px; border:1px solid #BDBDBD;\">Latente Verdampfungsw\u00e4rme (kJ\/kg bei Siedepunkt)<\/td>\n<td style=\"padding:8px 12px; border:1px solid #BDBDBD;\">320<\/td>\n<td style=\"padding:8px 12px; border:1px solid #BDBDBD;\">Berechnet<\/td>\n<\/tr>\n<tr style=\"background:#E6E6E6;\">\n<td style=\"padding:8px 12px; border:1px solid #BDBDBD;\">Spezifische W\u00e4rme (kJ\/kg\u00b7K)<\/td>\n<td style=\"padding:8px 12px; border:1px solid #BDBDBD;\">2.0 \/ 2.1<\/td>\n<td style=\"padding:8px 12px; border:1px solid #BDBDBD;\">Berechnet<\/td>\n<\/tr>\n<tr>\n<td style=\"padding:8px 12px; border:1px solid #BDBDBD;\">W\u00e4rmeleitf\u00e4higkeit bei 20\u00b0C (W\/m\u00b7K)<\/td>\n<td style=\"padding:8px 12px; border:1px solid #BDBDBD;\">0,13<\/td>\n<td style=\"padding:8px 12px; border:1px solid #BDBDBD;\">Berechnet<\/td>\n<\/tr>\n<tr style=\"background:#E6E6E6;\">\n<td style=\"padding:8px 12px; border:1px solid #BDBDBD;\">VOC (g\/L)<\/td>\n<td style=\"padding:8px 12px; border:1px solid #BDBDBD;\">960<\/td>\n<td style=\"padding:8px 12px; border:1px solid #BDBDBD;\">\u2014<\/td>\n<\/tr>\n<\/table>\n","protected":false},"excerpt":{"rendered":"<ul>\n<li>Entfernung von L\u00f6tpaste auf Schablonen und falsch bedruckten PCBs<\/li>\n<li>W\u00e4ssriges Spr\u00fch- oder Tauchverfahren<\/li>\n<li>Schnelle Reinigung mit sehr geringer HSE-Belastung<\/li>\n<\/ul>\n","protected":false},"featured_media":24450,"comment_status":"closed","ping_status":"closed","template":"","meta":{"_acf_changed":false,"inline_featured_image":false},"product_brand":[],"product_cat":[752,2864],"product_tag":[4238,4282,547,4185,2159,3481,4346,4350,4394,4410,3480,4474,4258],"class_list":{"0":"post-31338","1":"product","2":"type-product","3":"status-publish","4":"has-post-thumbnail","6":"product_cat-entfernung-von-partikeln","7":"product_cat-olentfernung-von-verschiedenen-metallkomponenten","8":"product_tag-additive-fertigung-de","9":"product_tag-co-losungsmittel","10":"product_tag-losungsmittel","11":"product_tag-loesungsmittelbasierte-reinigungsfluessigkeiten","12":"product_tag-mc-de","13":"product_tag-mc-20c-de","14":"product_tag-mikromechanik","15":"product_tag-mikromechanikindustrie","16":"product_tag-olentfernung","17":"product_tag-partikelfrei","18":"product_tag-topklean-mc-20c-de","19":"product_tag-vakuum-2","20":"product_tag-wasserbad","21":"pa_application-loesungen-fuer-additive-fertigung","22":"pa_application-oelentfernung","23":"pa_application-partikelentfernung","24":"pa_brand-topklean-de-2","25":"pa_features-geeignet-fuer-kohlenwasserstoffbasierte-anwendungen","26":"pa_processes-co-losungsmittel","27":"pa_processes-vakuum","28":"pa_product-category-loesungsmittelbasierte-reinigungsfluessigkeiten","30":"first","31":"instock","32":"shipping-taxable","33":"product-type-simple"},"acf":[],"_links":{"self":[{"href":"https:\/\/www.inventec.dehon.com\/de\/wp-json\/wp\/v2\/product\/31338","targetHints":{"allow":["GET"]}}],"collection":[{"href":"https:\/\/www.inventec.dehon.com\/de\/wp-json\/wp\/v2\/product"}],"about":[{"href":"https:\/\/www.inventec.dehon.com\/de\/wp-json\/wp\/v2\/types\/product"}],"replies":[{"embeddable":true,"href":"https:\/\/www.inventec.dehon.com\/de\/wp-json\/wp\/v2\/comments?post=31338"}],"wp:featuredmedia":[{"embeddable":true,"href":"https:\/\/www.inventec.dehon.com\/de\/wp-json\/wp\/v2\/media\/24450"}],"wp:attachment":[{"href":"https:\/\/www.inventec.dehon.com\/de\/wp-json\/wp\/v2\/media?parent=31338"}],"wp:term":[{"taxonomy":"product_brand","embeddable":true,"href":"https:\/\/www.inventec.dehon.com\/de\/wp-json\/wp\/v2\/product_brand?post=31338"},{"taxonomy":"product_cat","embeddable":true,"href":"https:\/\/www.inventec.dehon.com\/de\/wp-json\/wp\/v2\/product_cat?post=31338"},{"taxonomy":"product_tag","embeddable":true,"href":"https:\/\/www.inventec.dehon.com\/de\/wp-json\/wp\/v2\/product_tag?post=31338"}],"curies":[{"name":"wp","href":"https:\/\/api.w.org\/{rel}","templated":true}]}}