{"id":31239,"date":"2025-09-05T07:21:32","date_gmt":"2025-09-05T07:21:32","guid":{"rendered":"https:\/\/www.inventec.dehon.com\/?post_type=product&#038;p=31239"},"modified":"2026-03-16T12:45:58","modified_gmt":"2026-03-16T11:45:58","slug":"promosolv-de2","status":"publish","type":"product","link":"https:\/\/www.inventec.dehon.com\/de\/product\/promosolv-de2\/","title":{"rendered":"PROMOSOLV DE2"},"content":{"rendered":"<p><img decoding=\"async\" src=\"https:\/\/www.inventec.dehon.com\/wp-content\/uploads\/2021\/03\/PROMOSOLV-drum-colorless-Ecoprog-600x600.png\" alt=\"PROMOSOLV DE2\" class=\"responsive-img\" align=\"right\" style=\"border-radius:10px; margin-bottom:10px; margin-top:-10px; margin-left:15px; width:300px\" \/><\/p>\n<h2 style=\"color: #9bc947; margin-bottom: 15px;\">L\u00f6sungsmittel zur Entfernung von Wachs, Partikeln, \u00d6l und Fett<\/h2>\n<ul>\n<li>Beseitigung einer breiten palette von verschmutzungen<\/li>\n<li>Dampfphasenprozess<\/li>\n<li>Alternative zu 3M Novec 72DE<\/li>\n<\/ul>\n<h6>PROMOSOLV DE2<\/h6>\n<p>Wurde als direkter Ersatz f\u00fcr Trichlorethylen, NPB und andere L\u00f6sungsmittel mit hoher Auswirkung auf Gesundheit, Sicherheit und Umwelt entwickelt. W\u00e4hrend die HSE-Auswirkungen erheblich reduziert werden, bleibt die Entfettungsleistung auf einem gleichwertigen Niveau. Die sehr niedrige Oberfl\u00e4chenspannung erm\u00f6glicht das Eindringen in sehr enge oder schwer zug\u00e4ngliche Bereiche und sorgt f\u00fcr eine gr\u00fcndliche Reinigung und Sp\u00fclung.<\/p>\n<p>Es ist f\u00fcr die Entfernung der meisten \u00d6le und Fette geeignet, mit Ausnahme von Schmiermitteln auf Wasserbasis. Au\u00dferdem eignet es sich zum Entfernen von Wachsen und Partikeln. Je nach Art der polymerisierten Materialien k\u00f6nnen auch einige Lacke, Klebstoffe, Tinten und Farben entfernt werden. Au\u00dferdem ist es ein <strong>\u00c4quivalent zum auslaufenden 3M Novec 72DE<\/strong> , da es die gleichen Anteile an Komponenten und die gleichen Eigenschaften aufweist.<\/p>\n<p>Kompatibel mit allen Metallen und Legierungen, auch sehr empfindlichen. Es ist auch mit den meisten Kunststoffen und Elastomeren gut vertr\u00e4glich, muss aber vor der Verwendung getestet werden.<\/p>\n<p><strong>PROMOSOLV DE2<\/strong> wurde unter Ber\u00fccksichtigung der Sicherheit entwickelt. Die Zusammensetzung hat hervorragende Entflammbarkeits-unterdr\u00fcckungseigenschaften und ist eine azeotrope Formulierung, die eine sehr hohe Stabilit\u00e4t bei der Verwendung in einem Ger\u00e4t bietet. Einige auf dem Markt befindliche Produkte k\u00f6nnen bei der Verwendung in einem Ger\u00e4t durch Verdunstung ihren Entflammbarkeitsschutz verlieren.<\/p>\n<div style=\"font-family:Lato, sans-serif; color:#333;\">\n<p>  <!-- SPEZIFIKATIONEN Section --><\/p>\n<div style=\"font-weight:bold; text-transform:uppercase; border-bottom:2px solid #9DBB2F; padding-bottom:6px; margin-bottom:10px;\">\n    SPEZIFIKATIONEN\n  <\/div>\n<table width=\"100%\" cellpadding=\"0\" cellspacing=\"0\" style=\"border-collapse:collapse; width:100%; max-width:100%;\">\n<tr>\n<th align=\"left\" style=\"background:#7A7A7A; color:#fff; padding:8px 12px; border:1px solid #BDBDBD;\">SPEZIFIKATIONEN<\/th>\n<th align=\"left\" style=\"background:#7A7A7A; color:#fff; padding:8px 12px; border:1px solid #BDBDBD;\">WERTE<\/th>\n<th align=\"left\" style=\"background:#7A7A7A; color:#fff; padding:8px 12px; border:1px solid #BDBDBD;\">METHODEN<\/th>\n<\/tr>\n<tr>\n<td style=\"padding:8px 12px; border:1px solid #BDBDBD;\">Aspekt<\/td>\n<td style=\"padding:8px 12px; border:1px solid #BDBDBD;\">Transparent, farblos<\/td>\n<td style=\"padding:8px 12px; border:1px solid #BDBDBD;\">Visuell<\/td>\n<\/tr>\n<tr style=\"background:#E6E6E6;\">\n<td style=\"padding:8px 12px; border:1px solid #BDBDBD;\">Reinheit (% Gewicht)<\/td>\n<td style=\"padding:8px 12px; border:1px solid #BDBDBD;\">&gt;99.5<\/td>\n<td style=\"padding:8px 12px; border:1px solid #BDBDBD;\">Intern \/ BRY-MO-121<\/td>\n<\/tr>\n<\/table>\n<p>  <!-- KENNDATEN Section --><\/p>\n<div style=\"font-weight:bold; text-transform:uppercase; border-bottom:2px solid #9DBB2F; padding-bottom:6px; margin:30px 0 10px 0;\">\n    KENNDATEN\n  <\/div>\n<table width=\"100%\" cellpadding=\"0\" cellspacing=\"0\" style=\"border-collapse:collapse; width:100%; max-width:100%;\">\n<tr>\n<th align=\"left\" style=\"background:#7A7A7A; color:#fff; padding:8px 12px; border:1px solid #BDBDBD;\">KENNDATEN<\/th>\n<th align=\"left\" style=\"background:#7A7A7A; color:#fff; padding:8px 12px; border:1px solid #BDBDBD;\">WERTE<\/th>\n<\/tr>\n<tr>\n<td style=\"padding:8px 12px; border:1px solid #BDBDBD;\">Siedepunkt<\/td>\n<td style=\"padding:8px 12px; border:1px solid #BDBDBD;\">44\u00b0C \/ 111\u00b0F<\/td>\n<\/tr>\n<tr style=\"background:#E6E6E6;\">\n<td style=\"padding:8px 12px; border:1px solid #BDBDBD;\">Oberfl\u00e4chenspannung (dyn\/cm)<\/td>\n<td style=\"padding:8px 12px; border:1px solid #BDBDBD;\">19<\/td>\n<\/tr>\n<tr>\n<td style=\"padding:8px 12px; border:1px solid #BDBDBD;\">Flammpunkt<\/td>\n<td style=\"padding:8px 12px; border:1px solid #BDBDBD;\">Keine<\/td>\n<\/tr>\n<tr style=\"background:#E6E6E6;\">\n<td style=\"padding:8px 12px; border:1px solid #BDBDBD;\">Dichte (g\/cm3)<\/td>\n<td style=\"padding:8px 12px; border:1px solid #BDBDBD;\">1.28<\/td>\n<\/tr>\n<tr>\n<td style=\"padding:8px 12px; border:1px solid #BDBDBD;\">Viskosit\u00e4t (cSt)<\/td>\n<td style=\"padding:8px 12px; border:1px solid #BDBDBD;\">0.35<\/td>\n<\/tr>\n<tr style=\"background:#E6E6E6;\">\n<td style=\"padding:8px 12px; border:1px solid #BDBDBD;\">Verdampfungsw\u00e4rme (Cal\/g @ Siedepunkt)<\/td>\n<td style=\"padding:8px 12px; border:1px solid #BDBDBD;\">52<\/td>\n<\/tr>\n<\/table>\n<\/div>\n","protected":false},"excerpt":{"rendered":"<ul>\n<li>Beseitigung einer breiten palette von verschmutzungen<\/li>\n<li>Dampfphasenprozess<\/li>\n<li>Alternative zu 3M Novec 72DE<\/li>\n<\/ul>\n<p><a href=\"https:\/\/www.inventec.dehon.com\/wp-content\/uploads\/2021\/04\/GW-Score-40.png\"><img decoding=\"async\" class=\"alignnone size-full wp-image-15225\" src=\"https:\/\/www.inventec.dehon.com\/wp-content\/uploads\/2021\/04\/GW-Score-40.png\" alt=\"\" width=\"278\" height=\"236\" \/><\/a><\/p>\n","protected":false},"featured_media":2277,"comment_status":"closed","ping_status":"closed","template":"","meta":{"_acf_changed":false,"inline_featured_image":false},"product_brand":[],"product_cat":[752,2869,2865,2864,411],"product_tag":[4768,3475,4322,547,4185,4370,4394,4410,3474,4599,4482,4486],"class_list":{"0":"post-31239","1":"product","2":"type-product","3":"status-publish","4":"has-post-thumbnail","6":"product_cat-entfernung-von-partikeln","7":"product_cat-entfernung-von-wachs","8":"product_cat-fettentfernung-von-verschiedenen-metallkomponenten","9":"product_cat-olentfernung-von-verschiedenen-metallkomponenten","10":"product_cat-reinigung","11":"product_tag-dampfphase","12":"product_tag-de2-de","13":"product_tag-fettentfernung-de","14":"product_tag-losungsmittel","15":"product_tag-loesungsmittelbasierte-reinigungsfluessigkeiten","16":"product_tag-mono-losungsmittel","17":"product_tag-olentfernung","18":"product_tag-partikelfrei","19":"product_tag-promosolv-de2-de","20":"product_tag-recycelbar","21":"product_tag-wachs-de","22":"product_tag-wachs-entfernen","23":"pa_application-entfernung-von-wachs","24":"pa_application-fettentfernung","25":"pa_application-oelentfernung","26":"pa_application-partikelentfernung","27":"pa_brand-promosolv-de-2","28":"pa_features-geeignet-fuer-kohlenwasserstoffbasierte-anwendungen","29":"pa_features-recycelbar","30":"pa_processes-mono-losungsmittel","31":"pa_product-category-loesungsmittelbasierte-reinigungsfluessigkeiten","33":"first","34":"instock","35":"shipping-taxable","36":"product-type-simple"},"acf":[],"_links":{"self":[{"href":"https:\/\/www.inventec.dehon.com\/de\/wp-json\/wp\/v2\/product\/31239","targetHints":{"allow":["GET"]}}],"collection":[{"href":"https:\/\/www.inventec.dehon.com\/de\/wp-json\/wp\/v2\/product"}],"about":[{"href":"https:\/\/www.inventec.dehon.com\/de\/wp-json\/wp\/v2\/types\/product"}],"replies":[{"embeddable":true,"href":"https:\/\/www.inventec.dehon.com\/de\/wp-json\/wp\/v2\/comments?post=31239"}],"wp:featuredmedia":[{"embeddable":true,"href":"https:\/\/www.inventec.dehon.com\/de\/wp-json\/wp\/v2\/media\/2277"}],"wp:attachment":[{"href":"https:\/\/www.inventec.dehon.com\/de\/wp-json\/wp\/v2\/media?parent=31239"}],"wp:term":[{"taxonomy":"product_brand","embeddable":true,"href":"https:\/\/www.inventec.dehon.com\/de\/wp-json\/wp\/v2\/product_brand?post=31239"},{"taxonomy":"product_cat","embeddable":true,"href":"https:\/\/www.inventec.dehon.com\/de\/wp-json\/wp\/v2\/product_cat?post=31239"},{"taxonomy":"product_tag","embeddable":true,"href":"https:\/\/www.inventec.dehon.com\/de\/wp-json\/wp\/v2\/product_tag?post=31239"}],"curies":[{"name":"wp","href":"https:\/\/api.w.org\/{rel}","templated":true}]}}