{"id":30938,"date":"2025-09-01T09:19:04","date_gmt":"2025-09-01T09:19:04","guid":{"rendered":"https:\/\/www.inventec.dehon.com\/?post_type=product&#038;p=30938"},"modified":"2026-01-22T16:17:52","modified_gmt":"2026-01-22T15:17:52","slug":"promosolv-coat-diluent-10","status":"publish","type":"product","link":"https:\/\/www.inventec.dehon.com\/de\/product\/promosolv-coat-diluent-10\/","title":{"rendered":"PROMOSOLV COAT DILUENT 10"},"content":{"rendered":"<p><img decoding=\"async\" src=\"https:\/\/www.inventec.dehon.com\/wp-content\/uploads\/2025\/09\/Promosolv-Coat-Range-Jerrycan-600x600.jpg\" alt=\"PROMOSOLV COAT DILUENT 10\" class=\"responsive-img\" align=\"right\" style=\"border-radius:10px; margin-bottom:10px; margin-top:-10px; margin-left:15px; width:300px\" \/><\/p>\n<h2 style=\"color:#9bc947; margin-bottom:15px\">Hochleistungs-Tr\u00e4gerl\u00f6sungsmittel f\u00fcr ultrad\u00fcnne Beschichtungen<\/h2>\n<ul>\n<li>L\u00f6sungsmittel zur verd\u00fcnnung der UT10-beschichtung<\/li>\n<li>Tauch- und spritzverfahren<\/li>\n<li>Nicht brennbar<\/li>\n<\/ul>\n<h5>PROMOSOLV COAT DILUENT 10<\/h5>\n<p>Wird zur Verd\u00fcnnung unserer ultrad\u00fcnnen Beschichtungen <a href=\"https:\/\/www.inventec.dehon.com\/de\/product\/promosolv-coat-ut10\/\">PROMOSOLV COAT UT10<\/a> und <a href=\"https:\/\/www.inventec.dehon.com\/de\/product\/promosolv-coat-ut10-uv\/\">PROMOSOLV COAT UT10-UV<\/a> verwendet. Wird normalerweise verwendet, wenn der Feststoffgehalt aufgrund der Verdunstung des L\u00f6sungsmittels zu hoch ist. Durch Zugabe von <strong>DILUENT 10<\/strong> wird der Feststoffgehalt und damit auch die Schichtdicke verringert. <strong>PROMOSOLV COAT DILUENT 10<\/strong> kann auch zum Entfernen der Beschichtung oder zur Reinigung von D\u00fcsen und Ger\u00e4ten verwendet werden.<\/p>\n<p><!-- EIGENSCHAFTEN Section --><\/p>\n<div style=\"font-weight:bold; text-transform:uppercase; border-bottom:2px solid #9DBB2F; padding-bottom:6px; margin-bottom:10px;\">\n  EIGENSCHAFTEN\n<\/div>\n<table width=\"100%\" cellpadding=\"0\" cellspacing=\"0\" style=\"border-collapse:collapse; width:100%; max-width:100%;\">\n<tr>\n<th align=\"left\" style=\"background:#7A7A7A; color:#fff; padding:8px 12px; border:1px solid #BDBDBD;\">\n      Kenndaten\n    <\/th>\n<th align=\"left\" style=\"background:#7A7A7A; color:#fff; padding:8px 12px; border:1px solid #BDBDBD;\">\n      PROMOSOLV COAT DILUENT 10\n    <\/th>\n<\/tr>\n<tr>\n<td style=\"padding:8px 12px; border:1px solid #BDBDBD;\">Chemische Natur<\/td>\n<td style=\"padding:8px 12px; border:1px solid #BDBDBD;\">Fluorpolymer<\/td>\n<\/tr>\n<tr style=\"background:#E6E6E6;\">\n<td style=\"padding:8px 12px; border:1px solid #BDBDBD;\">Aussehen<\/td>\n<td style=\"padding:8px 12px; border:1px solid #BDBDBD;\">klar bis leicht bew\u00f6lkt<\/td>\n<\/tr>\n<tr>\n<td style=\"padding:8px 12px; border:1px solid #BDBDBD;\">Dichte (g\/cm\u00b3) bei 20\u00b0C<\/td>\n<td style=\"padding:8px 12px; border:1px solid #BDBDBD;\">1,4<\/td>\n<\/tr>\n<tr style=\"background:#E6E6E6;\">\n<td style=\"padding:8px 12px; border:1px solid #BDBDBD;\">L\u00f6sungsmitteltyp<\/td>\n<td style=\"padding:8px 12px; border:1px solid #BDBDBD;\">Hydrofluorether<\/td>\n<\/tr>\n<tr>\n<td style=\"padding:8px 12px; border:1px solid #BDBDBD;\">L\u00f6sungsmittel Siedepunkt<\/td>\n<td style=\"padding:8px 12px; border:1px solid #BDBDBD;\">61\u201376\u00b0C \/ 142\u2013169\u00b0F<\/td>\n<\/tr>\n<tr style=\"background:#E6E6E6;\">\n<td style=\"padding:8px 12px; border:1px solid #BDBDBD;\">Flammpunkt<\/td>\n<td style=\"padding:8px 12px; border:1px solid #BDBDBD;\">Keine<\/td>\n<\/tr>\n<tr>\n<td style=\"padding:8px 12px; border:1px solid #BDBDBD;\">Viskosit\u00e4t (cSt)<\/td>\n<td style=\"padding:8px 12px; border:1px solid #BDBDBD;\">~1<\/td>\n<\/tr>\n<\/table>\n","protected":false},"excerpt":{"rendered":"<ul>\n<li>L\u00f6sungsmittel zur verd\u00fcnnung der UT10-beschichtung<\/li>\n<li>Tauch- und spritzverfahren<\/li>\n<li>Nicht brennbar<\/li>\n<\/ul>\n","protected":false},"featured_media":30953,"comment_status":"closed","ping_status":"closed","template":"","meta":{"_acf_changed":false,"inline_featured_image":false},"product_brand":[],"product_cat":[819,820],"product_tag":[4278,3070,1731,3071,4639,4386,3069,4643,4454,4663,4675],"class_list":{"0":"post-30938","1":"product","2":"type-product","3":"status-publish","4":"has-post-thumbnail","6":"product_cat-beschichtungen","7":"product_cat-ultra-dunne-beschichtungen","8":"product_tag-beschichtungen-de","9":"product_tag-coat-diluent-10-de","10":"product_tag-diluent-de","11":"product_tag-diluent-10-de","12":"product_tag-durch-eintauchen-auftragen","13":"product_tag-nicht-entzundlich","14":"product_tag-promosolv-coat-diluent-10-de","15":"product_tag-selektiv-spruehen","16":"product_tag-spray","17":"product_tag-verdunner","18":"product_tag-verdunnung","19":"pa_brand-promosolv-coat-de","20":"pa_processes-auftrag-durch-selektives-spruhen","21":"pa_processes-auftrag-durch-tauchen","22":"pa_product-category-verduenner","24":"first","25":"instock","26":"shipping-taxable","27":"product-type-simple"},"acf":[],"_links":{"self":[{"href":"https:\/\/www.inventec.dehon.com\/de\/wp-json\/wp\/v2\/product\/30938","targetHints":{"allow":["GET"]}}],"collection":[{"href":"https:\/\/www.inventec.dehon.com\/de\/wp-json\/wp\/v2\/product"}],"about":[{"href":"https:\/\/www.inventec.dehon.com\/de\/wp-json\/wp\/v2\/types\/product"}],"replies":[{"embeddable":true,"href":"https:\/\/www.inventec.dehon.com\/de\/wp-json\/wp\/v2\/comments?post=30938"}],"wp:featuredmedia":[{"embeddable":true,"href":"https:\/\/www.inventec.dehon.com\/de\/wp-json\/wp\/v2\/media\/30953"}],"wp:attachment":[{"href":"https:\/\/www.inventec.dehon.com\/de\/wp-json\/wp\/v2\/media?parent=30938"}],"wp:term":[{"taxonomy":"product_brand","embeddable":true,"href":"https:\/\/www.inventec.dehon.com\/de\/wp-json\/wp\/v2\/product_brand?post=30938"},{"taxonomy":"product_cat","embeddable":true,"href":"https:\/\/www.inventec.dehon.com\/de\/wp-json\/wp\/v2\/product_cat?post=30938"},{"taxonomy":"product_tag","embeddable":true,"href":"https:\/\/www.inventec.dehon.com\/de\/wp-json\/wp\/v2\/product_tag?post=30938"}],"curies":[{"name":"wp","href":"https:\/\/api.w.org\/{rel}","templated":true}]}}