{"id":29477,"date":"2025-06-23T12:18:53","date_gmt":"2025-06-23T12:18:53","guid":{"rendered":"https:\/\/www.inventec.dehon.com\/?post_type=product&#038;p=29477"},"modified":"2026-01-29T10:26:27","modified_gmt":"2026-01-29T09:26:27","slug":"promosolv-dr3-bo","status":"publish","type":"product","link":"https:\/\/www.inventec.dehon.com\/de\/product\/promosolv-dr3-bo\/","title":{"rendered":"PROMOSOLV DR3\/BO"},"content":{"rendered":"<p><img decoding=\"async\" src=\"https:\/\/www.inventec.dehon.com\/wp-content\/uploads\/2021\/03\/PROMOSOLV-drum-colorless-Ecoprog-600x600.png\" alt=\"PROMOSOLV DR3\/BO\" class=\"responsive-img\" align=\"right\" style=\"border-radius:10px; margin-bottom:10px; margin-top:-10px; margin-left:15px; width:300px\" \/><\/p>\n<h2 style=\"color:#9bc947; margin-bottom:15px\">Leichtes Reinigungs- und Sp\u00fcll\u00f6sungsmittel<\/h2>\n<ul>\n<li>Leichte Reinigung<\/li>\n<li>L\u00f6sungsmittelprozesse<\/li>\n<li>Ultraniedriger NVR<\/li>\n<li>Zugelassen nach Boeing DPM8853<\/li>\n<li>Entspricht der Norm A-A-59150<\/li>\n<li>Ersatz f\u00fcr 3M Novec 7100<\/li>\n<\/ul>\n<h5>PROMOSOLV DR3\/BO<\/h5>\n<p>Ist eine nicht brennbare, l\u00f6sungsmittelbasierte Reinigungsfl\u00fcssigkeit, die speziell f\u00fcr leichte Reinigungsaufgaben und die Entfernung von Partikeln entwickelt wurde.<\/p>\n<p>Es besitzt die gleichen chemischen Eigenschaften wie <a href=\"https:\/\/www.inventec.dehon.com\/de\/product\/promosolv-dr3\/\">PROMOSOLV DR3<\/a>, bietet jedoch zus\u00e4tzlich den Vorteil eines ultraniedrigen NVR. Dies macht es besonders geeignet f\u00fcr die Reinigung oder das Sp\u00fclen sehr empfindlicher Anwendungen wie Sauerstoffversorgungssysteme und Festplattenherstellung.<\/p>\n<p>Die sehr geringe Oberfl\u00e4chenspannung erm\u00f6glicht das Eindringen in enge oder schwer zug\u00e4ngliche Bereiche und sorgt so f\u00fcr eine gr\u00fcndliche und tiefgehende Reinigung.<\/p>\n<p><strong>PROMOSOLV DR3\/BO<\/strong> ist mit allen Metallen und Legierungen kompatibel, auch mit sehr empfindlichen. Es ist auch mit den meisten Kunststoffen und Elastomeren gut vertr\u00e4glich, muss aber vor der Verwendung getestet werden.<\/p>\n<p><strong>PROMOSOLV DR3\/BO<\/strong> wurde von Boeing Space zugelassen und erf\u00fcllt die Spezifikationen von NPFC &#8211; A-A-59150 Reinigungsmittel, L\u00f6sungsmittel, Hydrofluorether (HFE) und Boeing DPM 8853.<\/p>\n<p>Typischerweise kann es f\u00fcr die <strong>Reinigung von Sauerstoffwerkzeugen<\/strong>, <strong>Sauerstoffsystemanzeigen<\/strong>, <strong>Sauerstoffspeicher- und -versorgungssystemen<\/strong>, <strong>Verifizierung und Reinigung von Sauerstoffsystemen in Raumfahrzeugen<\/strong>, Anwendungen in der Luftfahrt und Raketensteuerung, Druckluftsystemen an Bord von Schiffen, das Aufbringen von Schmierstoffen und Schmierstoffadditiven auf Festplattenmedien, die Reinigung von Head-Gimbal-Baugruppen, die Partikelentfernung in Hochzuverl\u00e4ssigkeitsger\u00e4ten und Partikelz\u00e4hlger\u00e4ten verwendet werden.<\/p>\n<div style=\"font-family:Lato, sans-serif; color:#333;\">\n<p>  <!-- SPEZIFIKATIONEN Section --><\/p>\n<div style=\"font-weight:bold; text-transform:uppercase; border-bottom:2px solid #9DBB2F; padding-bottom:6px; margin-bottom:10px;\">\n    SPEZIFIKATIONEN\n  <\/div>\n<table width=\"100%\" cellpadding=\"0\" cellspacing=\"0\" style=\"border-collapse:collapse; width:100%; max-width:100%;\">\n<tr>\n<th align=\"left\" style=\"background:#7A7A7A; color:#fff; padding:8px 12px; border:1px solid #BDBDBD;\">SPEZIFIKATIONEN<\/th>\n<th align=\"left\" style=\"background:#7A7A7A; color:#fff; padding:8px 12px; border:1px solid #BDBDBD;\">WERTE<\/th>\n<th align=\"left\" style=\"background:#7A7A7A; color:#fff; padding:8px 12px; border:1px solid #BDBDBD;\">METHODEN<\/th>\n<\/tr>\n<tr>\n<td style=\"padding:8px 12px; border:1px solid #BDBDBD;\">Aspekt<\/td>\n<td style=\"padding:8px 12px; border:1px solid #BDBDBD;\">Transparent, farblos<\/td>\n<td style=\"padding:8px 12px; border:1px solid #BDBDBD;\">Visuell<\/td>\n<\/tr>\n<tr style=\"background:#E6E6E6;\">\n<td style=\"padding:8px 12px; border:1px solid #BDBDBD;\">Reinheit (% Gewicht)<\/td>\n<td style=\"padding:8px 12px; border:1px solid #BDBDBD;\">>99.5<\/td>\n<td style=\"padding:8px 12px; border:1px solid #BDBDBD;\">Intern \/ BRY-MO-121<\/td>\n<\/tr>\n<tr>\n<td style=\"padding:8px 12px; border:1px solid #BDBDBD;\">Wassergehalt (ppm nach Gewicht)<\/td>\n<td style=\"padding:8px 12px; border:1px solid #BDBDBD;\"><50<\/td>\n<td style=\"padding:8px 12px; border:1px solid #BDBDBD;\">Intern \/ BRY-MO-044<\/td>\n<\/tr>\n<tr style=\"background:#E6E6E6;\">\n<td style=\"padding:8px 12px; border:1px solid #BDBDBD;\">Nichtfl\u00fcchtiger R\u00fcckstand (mg\/L)<\/td>\n<td style=\"padding:8px 12px; border:1px solid #BDBDBD;\"><1<\/td>\n<td style=\"padding:8px 12px; border:1px solid #BDBDBD;\">Intern \/ BRY-MO-131<\/td>\n<\/tr>\n<tr>\n<td style=\"padding:8px 12px; border:1px solid #BDBDBD;\">S\u00e4urezahl (mgKOH\/g)<\/td>\n<td style=\"padding:8px 12px; border:1px solid #BDBDBD;\"><0.01<\/td>\n<td style=\"padding:8px 12px; border:1px solid #BDBDBD;\">Intern \/ BRY-MO-042<\/td>\n<\/tr>\n<tr style=\"background:#E6E6E6;\">\n<td style=\"padding:8px 12px; border:1px solid #BDBDBD;\">Partikel<\/td>\n<td style=\"padding:8px 12px; border:1px solid #BDBDBD;\">\n        &gt;5 Mikron : &lt;3\/ml<br \/>\n        &gt;1 Mikron : &lt;5\/ml<br \/>\n        &gt;1\/2 Mikron : &lt;16\/ml\n      <\/td>\n<td style=\"padding:8px 12px; border:1px solid #BDBDBD;\">Intern \/ BRY-MO-125<\/td>\n<\/tr>\n<\/table>\n<p>  <!-- KENNDATEN Section --><\/p>\n<div style=\"font-weight:bold; text-transform:uppercase; border-bottom:2px solid #9DBB2F; padding-bottom:6px; margin:30px 0 10px 0;\">\n    KENNDATEN\n  <\/div>\n<table width=\"100%\" cellpadding=\"0\" cellspacing=\"0\" style=\"border-collapse:collapse; width:100%; max-width:100%;\">\n<tr>\n<th align=\"left\" style=\"background:#7A7A7A; color:#fff; padding:8px 12px; border:1px solid #BDBDBD;\">KENNDATEN<\/th>\n<th align=\"left\" style=\"background:#7A7A7A; color:#fff; padding:8px 12px; border:1px solid #BDBDBD;\">WERTE<\/th>\n<\/tr>\n<tr>\n<td style=\"padding:8px 12px; border:1px solid #BDBDBD;\">Siedepunkt<\/td>\n<td style=\"padding:8px 12px; border:1px solid #BDBDBD;\">61\u00b0C\/142\u00b0F<\/td>\n<\/tr>\n<tr style=\"background:#E6E6E6;\">\n<td style=\"padding:8px 12px; border:1px solid #BDBDBD;\">Gefrierpunkt<\/td>\n<td style=\"padding:8px 12px; border:1px solid #BDBDBD;\">-135\u00b0C\/-211\u00b0F<\/td>\n<\/tr>\n<tr>\n<td style=\"padding:8px 12px; border:1px solid #BDBDBD;\">Flammpunkt<\/td>\n<td style=\"padding:8px 12px; border:1px solid #BDBDBD;\">Nein<\/td>\n<\/tr>\n<tr style=\"background:#E6E6E6;\">\n<td style=\"padding:8px 12px; border:1px solid #BDBDBD;\">Dichte (g\/cm3)<\/td>\n<td style=\"padding:8px 12px; border:1px solid #BDBDBD;\">1.52<\/td>\n<\/tr>\n<tr>\n<td style=\"padding:8px 12px; border:1px solid #BDBDBD;\">Oberfl\u00e4chenspannung (dyn\/cm)<\/td>\n<td style=\"padding:8px 12px; border:1px solid #BDBDBD;\">13.6<\/td>\n<\/tr>\n<tr style=\"background:#E6E6E6;\">\n<td style=\"padding:8px 12px; border:1px solid #BDBDBD;\">Dampfdruck (mm Hg)<\/td>\n<td style=\"padding:8px 12px; border:1px solid #BDBDBD;\">202<\/td>\n<\/tr>\n<tr>\n<td style=\"padding:8px 12px; border:1px solid #BDBDBD;\">Dynamische Viskosit\u00e4t (mPa.s)<\/td>\n<td style=\"padding:8px 12px; border:1px solid #BDBDBD;\">0.75<\/td>\n<\/tr>\n<tr style=\"background:#E6E6E6;\">\n<td style=\"padding:8px 12px; border:1px solid #BDBDBD;\">Latente Verdampfungsw\u00e4rme (kJ\/kg bei bp)<\/td>\n<td style=\"padding:8px 12px; border:1px solid #BDBDBD;\">112<\/td>\n<\/tr>\n<tr>\n<td style=\"padding:8px 12px; border:1px solid #BDBDBD;\">Spezifische W\u00e4rme (kJ\/Kg.K)<\/td>\n<td style=\"padding:8px 12px; border:1px solid #BDBDBD;\">1.17<\/td>\n<\/tr>\n<\/table>\n<\/div>\n","protected":false},"excerpt":{"rendered":"<ul>\n<li>Leichte Reinigung<\/li>\n<li>L\u00f6sungsmittelprozesse<\/li>\n<li>Ultraniedriger NVR<\/li>\n<li>Zugelassen nach Boeing DPM8853<\/li>\n<li>Entspricht der Norm A-A-59150<\/li>\n<li>Ersatz f\u00fcr 3M Novec 7100<\/li>\n<\/ul>\n<p><a href=\"https:\/\/www.inventec.dehon.com\/wp-content\/uploads\/2021\/12\/GW-Score-10.png\"><img decoding=\"async\" class=\"alignnone wp-image-15251\" src=\"https:\/\/www.inventec.dehon.com\/wp-content\/uploads\/2021\/12\/GW-Score-10.png\" alt=\"\" width=\"40\" height=\"34\" \/><\/a><\/p>\n","protected":false},"featured_media":2277,"comment_status":"closed","ping_status":"closed","template":"","meta":{"_acf_changed":false,"inline_featured_image":false},"product_brand":[],"product_cat":[2861,2862,411],"product_tag":[4282,2647,4326,4446,4185,4764,4410,1825,2646,4599,4740,4728,4732,4736],"class_list":{"0":"post-29477","1":"product","2":"type-product","3":"status-publish","4":"has-post-thumbnail","6":"product_cat-losungsmittel-zum-spulen","7":"product_cat-losungsmittel-zum-trocknen","8":"product_cat-reinigung","9":"product_tag-co-losungsmittel","10":"product_tag-dr3-de","11":"product_tag-greenway","12":"product_tag-loesungsmittel-trocknung","13":"product_tag-loesungsmittelbasierte-reinigungsfluessigkeiten","14":"product_tag-losungsmittelspulung","15":"product_tag-partikelfrei","16":"product_tag-promosolv-de","17":"product_tag-promosolv-dr3-de","18":"product_tag-recycelbar","19":"product_tag-reinigung-von-sauerstoffsystemen-de","20":"product_tag-sauerstoff","21":"product_tag-sauerstoffreinigung","22":"product_tag-sauerstoffsysteme","23":"pa_application-partikelentfernung","24":"pa_application-reinigung-von-sauerstoffsystemen","25":"pa_brand-promosolv-de-2","26":"pa_features-greenway","27":"pa_features-recycelbar","28":"pa_processes-co-losungsmittel","29":"pa_processes-loesungsmittelspuelung","30":"pa_processes-trocknendes-losungsmittel","31":"pa_product-category-loesungsmittelbasierte-reinigungsfluessigkeiten","33":"first","34":"instock","35":"shipping-taxable","36":"product-type-simple"},"acf":[],"_links":{"self":[{"href":"https:\/\/www.inventec.dehon.com\/de\/wp-json\/wp\/v2\/product\/29477","targetHints":{"allow":["GET"]}}],"collection":[{"href":"https:\/\/www.inventec.dehon.com\/de\/wp-json\/wp\/v2\/product"}],"about":[{"href":"https:\/\/www.inventec.dehon.com\/de\/wp-json\/wp\/v2\/types\/product"}],"replies":[{"embeddable":true,"href":"https:\/\/www.inventec.dehon.com\/de\/wp-json\/wp\/v2\/comments?post=29477"}],"wp:featuredmedia":[{"embeddable":true,"href":"https:\/\/www.inventec.dehon.com\/de\/wp-json\/wp\/v2\/media\/2277"}],"wp:attachment":[{"href":"https:\/\/www.inventec.dehon.com\/de\/wp-json\/wp\/v2\/media?parent=29477"}],"wp:term":[{"taxonomy":"product_brand","embeddable":true,"href":"https:\/\/www.inventec.dehon.com\/de\/wp-json\/wp\/v2\/product_brand?post=29477"},{"taxonomy":"product_cat","embeddable":true,"href":"https:\/\/www.inventec.dehon.com\/de\/wp-json\/wp\/v2\/product_cat?post=29477"},{"taxonomy":"product_tag","embeddable":true,"href":"https:\/\/www.inventec.dehon.com\/de\/wp-json\/wp\/v2\/product_tag?post=29477"}],"curies":[{"name":"wp","href":"https:\/\/api.w.org\/{rel}","templated":true}]}}