{"id":20979,"date":"2024-06-20T08:21:37","date_gmt":"2024-06-20T08:21:37","guid":{"rendered":"https:\/\/www.inventec.dehon.com\/?post_type=product&#038;p=20979"},"modified":"2026-01-29T14:35:53","modified_gmt":"2026-01-29T13:35:53","slug":"topklean-mc-20b","status":"publish","type":"product","link":"https:\/\/www.inventec.dehon.com\/de\/product\/topklean-mc-20b\/","title":{"rendered":"TOPKLEAN MC 20B"},"content":{"rendered":"<p><img decoding=\"async\" src=\"https:\/\/www.inventec.dehon.com\/wp-content\/uploads\/2021\/03\/TOPKLEAN-canister-yellow-1-600x600.jpg\" alt=\"TOPKLEAN MC 20B\" class=\"responsive-img\" align=\"right\" style=\"border-radius:10px; margin-bottom:10px; margin-top:-10px; margin-left:15px; width:300px\" \/><\/p>\n<h2 style=\"color:#9bc947; margin-bottom:15px\">Reinigungsfl\u00fcssigkeit f\u00fcr Ko-L\u00f6sungsmittelprozesse<\/h2>\n<ul>\n<li>Entfernen von kohlenwasserstoff\u00f6l und fett<\/li>\n<li>Co-solvent-prozess<\/li>\n<li>Weiterentwicklung von TOPKLEAN MC 20A<\/li>\n<\/ul>\n<h5>TOPKLEAN MC 20B<\/h5>\n<p>Ist eine geringf\u00fcgige Weiterentwicklung von <strong>TOPKLEAN\u2122 MC 20A<\/strong> und wurde speziell zum Entfernen von Kohlenwasserstoff\u00f6len und -fetten von allen Metallen und den meisten Kunststoffen entwickelt. Es k\u00f6nnen auch geringe Mengen wasserl\u00f6slicher \u00d6le und Mineralien entfernt werden, was jedoch gepr\u00fcft werden muss. Au\u00dferdem bringt es einen Glanzeffekt auf empfindliche Legierungen und Metalle.<\/p>\n<p>Es wird im Co-Solvent-Verfahren verwendet, um einen schnellen und nachhaltigen Reinigungsprozess mit sehr hoher Reinigungseffizienz zu erm\u00f6glichen. Bei diesem Verfahren wird <strong>TOPKLEAN\u2122 MC 20B<\/strong> optimal mit L\u00f6semitteln aus unserer <strong>PROMOSOLV\u2122<\/strong> -Reihe gesp\u00fclt.<\/p>\n<p>Das Co-Solvent-Verfahren hat sich in den letzten 15 Jahren als wegweisend erwiesen. Es wurde entwickelt, um L\u00f6sungsmittel mit hoher HSE-Auswirkung durch eine nachhaltigere L\u00f6sung mit ebenso starker Reinigungsleistung zu ersetzen. Sie zeichnet sich besonders bei der Bearbeitung von Teilen mit sehr engen oder schwer zug\u00e4nglichen Stellen aus. Im Gegensatz dazu birgt ein Reinigungssystem auf Wasserbasis das Risiko, dass die Reinigungschemie aufgrund der wesentlich h\u00f6heren Oberfl\u00e4chenspannung von Wasser nicht ausreichend entfernt wird.<\/p>\n<p><!-- SPECIFICATIONS Section --><\/p>\n<div style=\"font-weight:bold; text-transform:uppercase; border-bottom:2px solid #9DBB2F; padding-bottom:6px; margin-bottom:10px;\">\n  SPEZIFIKATIONEN\n<\/div>\n<table width=\"100%\" cellpadding=\"0\" cellspacing=\"0\" style=\"border-collapse:collapse; width:100%; max-width:100%;\">\n<tr>\n<th align=\"left\" style=\"background:#7A7A7A; color:#fff; padding:8px 12px; border:1px solid #BDBDBD;\">SPEZIFIKATIONEN<\/th>\n<th align=\"left\" style=\"background:#7A7A7A; color:#fff; padding:8px 12px; border:1px solid #BDBDBD;\">WERTE<\/th>\n<th align=\"left\" style=\"background:#7A7A7A; color:#fff; padding:8px 12px; border:1px solid #BDBDBD;\">METHODEN<\/th>\n<\/tr>\n<tr>\n<td style=\"padding:8px 12px; border:1px solid #BDBDBD;\">Aspekt<\/td>\n<td style=\"padding:8px 12px; border:1px solid #BDBDBD;\">Transparent, farblos<\/td>\n<td style=\"padding:8px 12px; border:1px solid #BDBDBD;\">Visuell<\/td>\n<\/tr>\n<tr style=\"background:#E6E6E6;\">\n<td style=\"padding:8px 12px; border:1px solid #BDBDBD;\">Dichte (g\/ml bei 20 \u00b0C)<\/td>\n<td style=\"padding:8px 12px; border:1px solid #BDBDBD;\">0.830 \u00b1 0.010<\/td>\n<td style=\"padding:8px 12px; border:1px solid #BDBDBD;\">BRY MO 028<\/td>\n<\/tr>\n<\/table>\n<p><!-- CHARACTERISTICS Section --><\/p>\n<div style=\"font-weight:bold; text-transform:uppercase; border-bottom:2px solid #9DBB2F; padding-bottom:6px; margin:30px 0 10px 0;\">\n  KENNDATEN\n<\/div>\n<table width=\"100%\" cellpadding=\"0\" cellspacing=\"0\" style=\"border-collapse:collapse; width:100%; max-width:100%;\">\n<tr>\n<th align=\"left\" style=\"background:#7A7A7A; color:#fff; padding:8px 12px; border:1px solid #BDBDBD;\">KENNDATEN<\/th>\n<th align=\"left\" style=\"background:#7A7A7A; color:#fff; padding:8px 12px; border:1px solid #BDBDBD;\">WERTE<\/th>\n<th align=\"left\" style=\"background:#7A7A7A; color:#fff; padding:8px 12px; border:1px solid #BDBDBD;\">METHODEN<\/th>\n<\/tr>\n<tr>\n<td style=\"padding:8px 12px; border:1px solid #BDBDBD;\">Siedepunkt (\u00b0C\/\u00b0F)<\/td>\n<td style=\"padding:8px 12px; border:1px solid #BDBDBD;\">&gt;170\u00b0C \/ &gt;338\u00b0F<\/td>\n<td style=\"padding:8px 12px; border:1px solid #BDBDBD;\">ASTM D1078<\/td>\n<\/tr>\n<tr style=\"background:#E6E6E6;\">\n<td style=\"padding:8px 12px; border:1px solid #BDBDBD;\">Flammpunkt (PMCC)<\/td>\n<td style=\"padding:8px 12px; border:1px solid #BDBDBD;\">65\u00b0C \/ 149\u00b0F<\/td>\n<td style=\"padding:8px 12px; border:1px solid #BDBDBD;\">ASTM D93<\/td>\n<\/tr>\n<tr>\n<td style=\"padding:8px 12px; border:1px solid #BDBDBD;\">Oberfl\u00e4chenspannung (Dyn\/cm bei 20 \u00b0C)<\/td>\n<td style=\"padding:8px 12px; border:1px solid #BDBDBD;\">41<\/td>\n<td style=\"padding:8px 12px; border:1px solid #BDBDBD;\">ASTM D971<\/td>\n<\/tr>\n<tr style=\"background:#E6E6E6;\">\n<td style=\"padding:8px 12px; border:1px solid #BDBDBD;\">Mischbarkeit in Wasser<\/td>\n<td style=\"padding:8px 12px; border:1px solid #BDBDBD;\">Nicht mischbar<\/td>\n<td style=\"padding:8px 12px; border:1px solid #BDBDBD;\">Intern<\/td>\n<\/tr>\n<tr>\n<td style=\"padding:8px 12px; border:1px solid #BDBDBD;\">Vorhandensein von aromatischen Verbindungen (Gew.-%)<\/td>\n<td style=\"padding:8px 12px; border:1px solid #BDBDBD;\">&lt;0.01%<\/td>\n<td style=\"padding:8px 12px; border:1px solid #BDBDBD;\">SMS 2728<\/td>\n<\/tr>\n<tr style=\"background:#E6E6E6;\">\n<td style=\"padding:8px 12px; border:1px solid #BDBDBD;\">Viskosit\u00e4t (mm\u00b2\/s @ 25\u00b0C)<\/td>\n<td style=\"padding:8px 12px; border:1px solid #BDBDBD;\">1,6<\/td>\n<td style=\"padding:8px 12px; border:1px solid #BDBDBD;\">ASTM D445<\/td>\n<\/tr>\n<\/table>\n","protected":false},"excerpt":{"rendered":"<ul>\n<li>Entfernen von kohlenwasserstoff\u00f6l und fett<\/li>\n<li>Co-solvent-prozess<\/li>\n<li>Weiterentwicklung von TOPKLEAN MC 20A<\/li>\n<\/ul>\n<p><a href=\"https:\/\/www.inventec.dehon.com\/wp-content\/uploads\/2023\/07\/GW-Score-47.png\"><img decoding=\"async\" class=\"alignnone size-full wp-image-15530\" src=\"https:\/\/www.inventec.dehon.com\/wp-content\/uploads\/2023\/07\/GW-Score-47.png\" alt=\"\" width=\"278\" height=\"236\" \/><\/a><\/p>\n","protected":false},"featured_media":2437,"comment_status":"closed","ping_status":"closed","template":"","meta":{"_acf_changed":false,"inline_featured_image":false},"product_brand":[],"product_cat":[2865,2864,411],"product_tag":[2524,4238,4282,4322,547,4185,2159,2523,4394,2042,2522],"class_list":{"0":"post-20979","1":"product","2":"type-product","3":"status-publish","4":"has-post-thumbnail","6":"product_cat-fettentfernung-von-verschiedenen-metallkomponenten","7":"product_cat-olentfernung-von-verschiedenen-metallkomponenten","8":"product_cat-reinigung","9":"product_tag-20b-de","10":"product_tag-additive-fertigung-de","11":"product_tag-co-losungsmittel","12":"product_tag-fettentfernung-de","13":"product_tag-losungsmittel","14":"product_tag-loesungsmittelbasierte-reinigungsfluessigkeiten","15":"product_tag-mc-de","16":"product_tag-mc-20b-de","17":"product_tag-olentfernung","18":"product_tag-topklean-de","19":"product_tag-topklean-mc-20b-de","20":"pa_application-fettentfernung","21":"pa_application-loesungen-fuer-additive-fertigung","22":"pa_application-oelentfernung","23":"pa_brand-topklean-de-2","24":"pa_features-geeignet-fuer-kohlenwasserstoffbasierte-anwendungen","25":"pa_product-category-loesungsmittelbasierte-reinigungsfluessigkeiten","27":"first","28":"instock","29":"shipping-taxable","30":"product-type-simple"},"acf":[],"_links":{"self":[{"href":"https:\/\/www.inventec.dehon.com\/de\/wp-json\/wp\/v2\/product\/20979","targetHints":{"allow":["GET"]}}],"collection":[{"href":"https:\/\/www.inventec.dehon.com\/de\/wp-json\/wp\/v2\/product"}],"about":[{"href":"https:\/\/www.inventec.dehon.com\/de\/wp-json\/wp\/v2\/types\/product"}],"replies":[{"embeddable":true,"href":"https:\/\/www.inventec.dehon.com\/de\/wp-json\/wp\/v2\/comments?post=20979"}],"wp:featuredmedia":[{"embeddable":true,"href":"https:\/\/www.inventec.dehon.com\/de\/wp-json\/wp\/v2\/media\/2437"}],"wp:attachment":[{"href":"https:\/\/www.inventec.dehon.com\/de\/wp-json\/wp\/v2\/media?parent=20979"}],"wp:term":[{"taxonomy":"product_brand","embeddable":true,"href":"https:\/\/www.inventec.dehon.com\/de\/wp-json\/wp\/v2\/product_brand?post=20979"},{"taxonomy":"product_cat","embeddable":true,"href":"https:\/\/www.inventec.dehon.com\/de\/wp-json\/wp\/v2\/product_cat?post=20979"},{"taxonomy":"product_tag","embeddable":true,"href":"https:\/\/www.inventec.dehon.com\/de\/wp-json\/wp\/v2\/product_tag?post=20979"}],"curies":[{"name":"wp","href":"https:\/\/api.w.org\/{rel}","templated":true}]}}