{"id":20807,"date":"2023-07-05T07:19:31","date_gmt":"2023-07-05T07:19:31","guid":{"rendered":"https:\/\/www.inventec.dehon.com\/?post_type=product&#038;p=20807"},"modified":"2026-01-29T11:49:37","modified_gmt":"2026-01-29T10:49:37","slug":"quicksolv-fides","status":"publish","type":"product","link":"https:\/\/www.inventec.dehon.com\/de\/product\/quicksolv-fides\/","title":{"rendered":"QUICKSOLV FIDES"},"content":{"rendered":"<p><img decoding=\"async\" src=\"https:\/\/www.inventec.dehon.com\/wp-content\/uploads\/2021\/05\/QUICKSOLV-drum-colorless-1-600x600.png\" alt=\"QUICKSOLV FIDES\" class=\"responsive-img\" align=\"right\" style=\"border-radius:10px; margin-bottom:10px; margin-top:-10px; margin-left:15px; width:300px\" \/><\/p>\n<h2 style=\"color:#9bc947; margin-bottom:15px\">Leichte \u00d6le &#038; Staubentferner<\/h2>\n<ul>\n<li>Entfernen von \u00f6l und staub f\u00fcr dielektrische reinigung<\/li>\n<li>F\u00fcr manuelle spr\u00fchausr\u00fcstung<\/li>\n<li>Sichere, exzellente und schnelle reinigung unter strom<\/li>\n<\/ul>\n<h5>QUICKSOLV FIDES<\/h5>\n<p>Wurde speziell entwickelt, um Leicht\u00f6l und Staub von elektrischen Schalttafeln zu entfernen, ohne dass der Strom abgeschaltet werden muss. Es ist sehr sicher in der Anwendung, da diese Fl\u00fcssigkeit ungiftig, nicht entflammbar und thermisch stabil ist, was den Einsatz bei hohen und geringen Temperaturen erm\u00f6glicht. Die sehr gute Vertr\u00e4glichkeit mit einer breiten Palette von Kunststoffen, Metallen und Elastomeren macht <strong>QUICKSOLV\u2122 FIDES<\/strong> zu einer vielseitigen und effizienten Reinigungsl\u00f6sung. Die Verdampfungsrate und geringe Oberfl\u00e4chenspannung der Fl\u00fcssigkeit erm\u00f6glichen schnelles und einfaches Trocknen.<\/p>\n<p>Das sehr geringe Treibhauspotenzial bietet eine gute Alternative zum Verringern der CO2-Bilanz dieser Art von Reinigungsverfahren.<\/p>\n<p><strong>QUICKSOLV\u2122 FIDES<\/strong> ist ein gebrauchsfertiges Produkt, das nicht verd\u00fcnnt werden muss.<\/p>\n<p><!-- SPEZIFIKATIONEN Section --><\/p>\n<div style=\"font-weight:bold; text-transform:uppercase; border-bottom:2px solid #9DBB2F; padding-bottom:6px; margin-bottom:10px;\">\n  SPEZIFIKATIONEN\n<\/div>\n<table width=\"100%\" cellpadding=\"0\" cellspacing=\"0\" style=\"border-collapse:collapse; width:100%; max-width:100%;\">\n<tr>\n<th align=\"left\" style=\"background:#7A7A7A; color:#fff; padding:8px 12px; border:1px solid #BDBDBD;\">SPEZIFIKATIONEN<\/th>\n<th align=\"left\" style=\"background:#7A7A7A; color:#fff; padding:8px 12px; border:1px solid #BDBDBD;\">WERTE<\/th>\n<th align=\"left\" style=\"background:#7A7A7A; color:#fff; padding:8px 12px; border:1px solid #BDBDBD;\">METHODEN<\/th>\n<\/tr>\n<tr>\n<td style=\"padding:8px 12px; border:1px solid #BDBDBD;\">Aspekt<\/td>\n<td style=\"padding:8px 12px; border:1px solid #BDBDBD;\">Farblos, klar<\/td>\n<td style=\"padding:8px 12px; border:1px solid #BDBDBD;\">Visuell<\/td>\n<\/tr>\n<tr style=\"background:#E6E6E6;\">\n<td style=\"padding:8px 12px; border:1px solid #BDBDBD;\">Reinheit (%)<\/td>\n<td style=\"padding:8px 12px; border:1px solid #BDBDBD;\">&gt; 99,5<\/td>\n<td style=\"padding:8px 12px; border:1px solid #BDBDBD;\">MO.SB.10033<\/td>\n<\/tr>\n<\/table>\n<p><!-- KENNDATEN Section --><\/p>\n<div style=\"font-weight:bold; text-transform:uppercase; border-bottom:2px solid #9DBB2F; padding-bottom:6px; margin:30px 0 10px 0;\">\n  KENNDATEN\n<\/div>\n<table width=\"100%\" cellpadding=\"0\" cellspacing=\"0\" style=\"border-collapse:collapse; width:100%; max-width:100%;\">\n<tr>\n<th align=\"left\" style=\"background:#7A7A7A; color:#fff; padding:8px 12px; border:1px solid #BDBDBD;\">KENNDATEN<\/th>\n<th align=\"left\" style=\"background:#7A7A7A; color:#fff; padding:8px 12px; border:1px solid #BDBDBD;\">WERTE<\/th>\n<\/tr>\n<tr>\n<td style=\"padding:8px 12px; border:1px solid #BDBDBD;\">Siedepunkt<\/td>\n<td style=\"padding:8px 12px; border:1px solid #BDBDBD;\">49\u00b0C\/120\u00b0F<\/td>\n<\/tr>\n<tr style=\"background:#E6E6E6;\">\n<td style=\"padding:8px 12px; border:1px solid #BDBDBD;\">W\u00e4rmeleitf\u00e4higkeit (W\/m-K)<\/td>\n<td style=\"padding:8px 12px; border:1px solid #BDBDBD;\">0.059<\/td>\n<\/tr>\n<tr>\n<td style=\"padding:8px 12px; border:1px solid #BDBDBD;\">Flammpunkt<\/td>\n<td style=\"padding:8px 12px; border:1px solid #BDBDBD;\">Nein<\/td>\n<\/tr>\n<tr style=\"background:#E6E6E6;\">\n<td style=\"padding:8px 12px; border:1px solid #BDBDBD;\">Flie\u00dfpunkt<\/td>\n<td style=\"padding:8px 12px; border:1px solid #BDBDBD;\">-108\u00b0C\/-162\u00b0F<\/td>\n<\/tr>\n<tr>\n<td style=\"padding:8px 12px; border:1px solid #BDBDBD;\">Oberfl\u00e4chenspannung (dyn\/cm)<\/td>\n<td style=\"padding:8px 12px; border:1px solid #BDBDBD;\">10.8<\/td>\n<\/tr>\n<tr style=\"background:#E6E6E6;\">\n<td style=\"padding:8px 12px; border:1px solid #BDBDBD;\">Dichte (g\/cm\u00b3)<\/td>\n<td style=\"padding:8px 12px; border:1px solid #BDBDBD;\">1,6<\/td>\n<\/tr>\n<tr>\n<td style=\"padding:8px 12px; border:1px solid #BDBDBD;\">Spezifische W\u00e4rme (kJ\/kg.K)<\/td>\n<td style=\"padding:8px 12px; border:1px solid #BDBDBD;\">1,103<\/td>\n<\/tr>\n<tr style=\"background:#E6E6E6;\">\n<td style=\"padding:8px 12px; border:1px solid #BDBDBD;\">Verdampfungsw\u00e4rme @Siedepunkt (kJ\/kg)<\/td>\n<td style=\"padding:8px 12px; border:1px solid #BDBDBD;\">88<\/td>\n<\/tr>\n<tr>\n<td style=\"padding:8px 12px; border:1px solid #BDBDBD;\">Dampfdruck (kPa)<\/td>\n<td style=\"padding:8px 12px; border:1px solid #BDBDBD;\">40<\/td>\n<\/tr>\n<tr style=\"background:#E6E6E6;\">\n<td style=\"padding:8px 12px; border:1px solid #BDBDBD;\">L\u00f6slichkeit Wasser in Fl\u00fcssigkeit (ppm Gewicht)<\/td>\n<td style=\"padding:8px 12px; border:1px solid #BDBDBD;\">20<\/td>\n<\/tr>\n<tr>\n<td style=\"padding:8px 12px; border:1px solid #BDBDBD;\">Molekulargewicht (g\/mol)<\/td>\n<td style=\"padding:8px 12px; border:1px solid #BDBDBD;\">316<\/td>\n<\/tr>\n<tr style=\"background:#E6E6E6;\">\n<td style=\"padding:8px 12px; border:1px solid #BDBDBD;\">Kritische Temperatur<\/td>\n<td style=\"padding:8px 12px; border:1px solid #BDBDBD;\">169\u00b0C\/336\u00b0F<\/td>\n<\/tr>\n<tr>\n<td style=\"padding:8px 12px; border:1px solid #BDBDBD;\">Kritischer Druck (MPa)<\/td>\n<td style=\"padding:8px 12px; border:1px solid #BDBDBD;\">1.88<\/td>\n<\/tr>\n<tr style=\"background:#E6E6E6;\">\n<td style=\"padding:8px 12px; border:1px solid #BDBDBD;\">Ausdehnungskoeffizient (K\u207b\u00b9)<\/td>\n<td style=\"padding:8px 12px; border:1px solid #BDBDBD;\">0.0018<\/td>\n<\/tr>\n<tr>\n<td style=\"padding:8px 12px; border:1px solid #BDBDBD;\">Kinematische Viskosit\u00e4t (cSt)<\/td>\n<td style=\"padding:8px 12px; border:1px solid #BDBDBD;\">0.4<\/td>\n<\/tr>\n<tr style=\"background:#E6E6E6;\">\n<td style=\"padding:8px 12px; border:1px solid #BDBDBD;\">Absolute Viskosit\u00e4t (cP)<\/td>\n<td style=\"padding:8px 12px; border:1px solid #BDBDBD;\">0.64<\/td>\n<\/tr>\n<tr>\n<td style=\"padding:8px 12px; border:1px solid #BDBDBD;\">Bereich der Durchschlagsfestigkeit, 0,1&#8220;-L\u00fccke (kV)<\/td>\n<td style=\"padding:8px 12px; border:1px solid #BDBDBD;\">&gt;60<\/td>\n<\/tr>\n<tr style=\"background:#E6E6E6;\">\n<td style=\"padding:8px 12px; border:1px solid #BDBDBD;\">Dielektrizit\u00e4tskonstante @ 1kHz<\/td>\n<td style=\"padding:8px 12px; border:1px solid #BDBDBD;\">1.8<\/td>\n<\/tr>\n<tr>\n<td style=\"padding:8px 12px; border:1px solid #BDBDBD;\">Volumenwiderstand (Ohm-cm)<\/td>\n<td style=\"padding:8px 12px; border:1px solid #BDBDBD;\">10<sup>12<\/sup><\/td>\n<\/tr>\n<\/table>\n","protected":false},"excerpt":{"rendered":"<ul>\n<li>Entfernen von \u00f6l und staub f\u00fcr dielektrische reinigung<\/li>\n<li>F\u00fcr manuelle spr\u00fchausr\u00fcstung<\/li>\n<li>Sichere, exzellente und schnelle reinigung unter strom<\/li>\n<\/ul>\n<p><a href=\"https:\/\/www.inventec.dehon.com\/wp-content\/uploads\/2021\/04\/GW-Score-21.png\"><img decoding=\"async\" class=\"alignnone wp-image-15107\" src=\"https:\/\/www.inventec.dehon.com\/wp-content\/uploads\/2021\/04\/GW-Score-21.png\" alt=\"\" width=\"40\" height=\"34\" \/><\/a><\/p>\n","protected":false},"featured_media":3295,"comment_status":"closed","ping_status":"closed","template":"","meta":{"_acf_changed":false,"inline_featured_image":false},"product_brand":[],"product_cat":[752,2864,411,2859],"product_tag":[2460,4326,547,4185,4394,4410,2265,2459,4599],"class_list":{"0":"post-20807","1":"product","2":"type-product","3":"status-publish","4":"has-post-thumbnail","6":"industries-aerosysteme","7":"product_cat-entfernung-von-partikeln","8":"product_cat-olentfernung-von-verschiedenen-metallkomponenten","9":"product_cat-reinigung","10":"product_cat-reinigung-von-smt-kleber","11":"product_tag-fides-de","12":"product_tag-greenway","13":"product_tag-losungsmittel","14":"product_tag-loesungsmittelbasierte-reinigungsfluessigkeiten","15":"product_tag-olentfernung","16":"product_tag-partikelfrei","17":"product_tag-quicksolv-de","18":"product_tag-quicksolv-fides-de","19":"product_tag-recycelbar","20":"pa_application-oelentfernung","21":"pa_application-partikelentfernung","22":"pa_brand-quicksolv-de","23":"pa_features-geeignet-fuer-kohlenwasserstoffbasierte-anwendungen","24":"pa_features-greenway","25":"pa_features-recycelbar","26":"pa_processes-handbuch","27":"pa_product-category-loesungsmittelbasierte-reinigungsfluessigkeiten","29":"first","30":"instock","31":"shipping-taxable","32":"product-type-simple"},"acf":[],"_links":{"self":[{"href":"https:\/\/www.inventec.dehon.com\/de\/wp-json\/wp\/v2\/product\/20807","targetHints":{"allow":["GET"]}}],"collection":[{"href":"https:\/\/www.inventec.dehon.com\/de\/wp-json\/wp\/v2\/product"}],"about":[{"href":"https:\/\/www.inventec.dehon.com\/de\/wp-json\/wp\/v2\/types\/product"}],"replies":[{"embeddable":true,"href":"https:\/\/www.inventec.dehon.com\/de\/wp-json\/wp\/v2\/comments?post=20807"}],"wp:featuredmedia":[{"embeddable":true,"href":"https:\/\/www.inventec.dehon.com\/de\/wp-json\/wp\/v2\/media\/3295"}],"wp:attachment":[{"href":"https:\/\/www.inventec.dehon.com\/de\/wp-json\/wp\/v2\/media?parent=20807"}],"wp:term":[{"taxonomy":"product_brand","embeddable":true,"href":"https:\/\/www.inventec.dehon.com\/de\/wp-json\/wp\/v2\/product_brand?post=20807"},{"taxonomy":"product_cat","embeddable":true,"href":"https:\/\/www.inventec.dehon.com\/de\/wp-json\/wp\/v2\/product_cat?post=20807"},{"taxonomy":"product_tag","embeddable":true,"href":"https:\/\/www.inventec.dehon.com\/de\/wp-json\/wp\/v2\/product_tag?post=20807"}],"curies":[{"name":"wp","href":"https:\/\/api.w.org\/{rel}","templated":true}]}}