{"id":20737,"date":"2023-06-29T12:39:49","date_gmt":"2023-06-29T12:39:49","guid":{"rendered":"https:\/\/www.inventec.dehon.com\/?post_type=product&#038;p=20737"},"modified":"2026-01-28T10:45:21","modified_gmt":"2026-01-28T09:45:21","slug":"promoclean-tp-178","status":"publish","type":"product","link":"https:\/\/www.inventec.dehon.com\/de\/product\/promoclean-tp-178\/","title":{"rendered":"PROMOCLEAN TP 178"},"content":{"rendered":"<p><img decoding=\"async\" src=\"https:\/\/www.inventec.dehon.com\/wp-content\/uploads\/2021\/04\/PROMOCLEAN-canister-blue.png\" alt=\"PROMOCLEAN TP 178\" class=\"responsive-img\" align=\"right\" style=\"border-radius:10px; margin-bottom:10px; margin-top:-10px; margin-left:15px; width:300px\" \/><\/p>\n<h2 style=\"color:#9bc947; margin-bottom:15px\">Entfernung von Oxiden, mineralischen R\u00fcckst\u00e4nden und Diamantfl\u00fcssigkeitspolitur<\/h2>\n<ul>\n<li>Entfernen von oxiden, mineralischen r\u00fcckst\u00e4nden &#038; diamant fl\u00fcssigpolieren<\/li>\n<li>W\u00e4ssriger tauchverfahren mit ultraschall<\/li>\n<li>Ersatz f\u00fcr phosphors\u00e4ure-basierte reiniger<\/li>\n<\/ul>\n<h5>PROMOCLEAN TP 178<\/h5>\n<p>Ist speziell f\u00fcr das Entfernen von Oxiden, Mineralienr\u00fcckst\u00e4nden (wie Kalkablagerungen oder Fingerspuren) und Diamant-Fl\u00fcssigpolitur in einem w\u00e4ssrigen Tauchverfahren konzipiert. Mit einem sauren pH-Wert bietet es eine ausgezeichnete Reinigungsleistung und kann auf den meisten Metallen wie Inox, Eisenlegierungen, Kupfer, Titan, Aluminium, Gold und Silber verwendet werden.<\/p>\n<p>Dieses Produkt kann auch als Aufheller verwendet werden, um Messing und Leichtmetalllegierungen mehr Glanz zu verleihen. Dies gilt bei Wahl der richtigen Verd\u00fcnnung und Prozessparameter. Es ist ein konzentriertes Produkt, das mit VE-Wasser verd\u00fcnnt verwendet wird. Dank seiner hervorragenden Chelatbildungseigenschaften kann es auch mit Leitungswasser verd\u00fcnnt werden, ohne dass die Gefahr von Kalkablagerungen besteht.<\/p>\n<p>Unter dem Aspekt der Nachhaltigkeit enth\u00e4lt <strong>PROMOCLEAN TP 178<\/strong> keine Phosphorverbindungen und hilft, die \u00f6kologische Belastung von Gew\u00e4ssern und Fl\u00fcssen zu begrenzen.<\/p>\n<div style=\"font-family:Lato; color:#333;\">\n<div style=\"font-weight:bold; border-bottom:2px solid #9DBB2F; padding-bottom:6px; margin-bottom:10px;\">\n    SPEZIFIKATIONEN\n  <\/div>\n<table width=\"100%\" cellpadding=\"0\" cellspacing=\"0\" style=\"border-collapse:collapse; width:100%; max-width:100%;\">\n<tr>\n<th align=\"left\" style=\"background:#7A7A7A; color:#fff; padding:8px 12px; border:1px solid #BDBDBD;\">\n        SPEZIFIKATIONEN\n      <\/th>\n<th align=\"left\" style=\"background:#7A7A7A; color:#fff; padding:8px 12px; border:1px solid #BDBDBD;\">\n        WERTE\n      <\/th>\n<th align=\"left\" style=\"background:#7A7A7A; color:#fff; padding:8px 12px; border:1px solid #BDBDBD;\">\n        METHODEN\n      <\/th>\n<\/tr>\n<tr>\n<td style=\"padding:8px 12px; border:1px solid #BDBDBD;\">Aspekt<\/td>\n<td style=\"padding:8px 12px; border:1px solid #BDBDBD;\">Gelbe Fl\u00fcssigkeit<\/td>\n<td style=\"padding:8px 12px; border:1px solid #BDBDBD;\">Visuell<\/td>\n<\/tr>\n<tr style=\"background:#E6E6E6;\">\n<td style=\"padding:8px 12px; border:1px solid #BDBDBD;\">Dichte bei 20\u00b0C (g\/ml)<\/td>\n<td style=\"padding:8px 12px; border:1px solid #BDBDBD;\">1,06 \u00b1 0,01<\/td>\n<td style=\"padding:8px 12px; border:1px solid #BDBDBD;\">BRY-MO-028<\/td>\n<\/tr>\n<tr>\n<td style=\"padding:8px 12px; border:1px solid #BDBDBD;\">pH-Wert des reinen Produkts<\/td>\n<td style=\"padding:8px 12px; border:1px solid #BDBDBD;\">2,1<\/td>\n<td style=\"padding:8px 12px; border:1px solid #BDBDBD;\">BRY-MO-011<\/td>\n<\/tr>\n<\/table>\n<\/div>\n<div style=\"font-family:Lato; color:#333; margin-top:30px;\">\n<div style=\"font-weight:bold; border-bottom:2px solid #9DBB2F; padding-bottom:6px; margin-bottom:10px;\">\n    KENNDATEN\n  <\/div>\n<table width=\"100%\" cellpadding=\"0\" cellspacing=\"0\" style=\"border-collapse:collapse; width:100%; max-width:100%;\">\n<tr>\n<th align=\"left\" style=\"background:#7A7A7A; color:#fff; padding:8px 12px; border:1px solid #BDBDBD;\">\n        KENNDATEN\n      <\/th>\n<th align=\"left\" style=\"background:#7A7A7A; color:#fff; padding:8px 12px; border:1px solid #BDBDBD;\">\n        WERTE\n      <\/th>\n<\/tr>\n<tr>\n<td style=\"padding:8px 12px; border:1px solid #BDBDBD;\">Oberfl\u00e4chenspannung bei 1%<\/td>\n<td style=\"padding:8px 12px; border:1px solid #BDBDBD;\">28 Dyn\/cm2<\/td>\n<\/tr>\n<tr style=\"background:#E6E6E6;\">\n<td style=\"padding:8px 12px; border:1px solid #BDBDBD;\">L\u00f6slichkeit in Wasser<\/td>\n<td style=\"padding:8px 12px; border:1px solid #BDBDBD;\">total l\u00f6slich<\/td>\n<\/tr>\n<\/table>\n<\/div>\n","protected":false},"excerpt":{"rendered":"<ul>\n<li>Entfernen von oxiden, mineralischen r\u00fcckst\u00e4nden &#038; diamant fl\u00fcssigpolieren<\/li>\n<li>W\u00e4ssriger tauchverfahren mit ultraschall<\/li>\n<li>Ersatz f\u00fcr phosphors\u00e4ure-basierte reiniger<\/li>\n<\/ul>\n<p><a href=\"https:\/\/www.inventec.dehon.com\/wp-content\/uploads\/2023\/06\/GW-Score-32.png\"><img decoding=\"async\" class=\"alignnone wp-image-15186\" src=\"https:\/\/www.inventec.dehon.com\/wp-content\/uploads\/2023\/06\/GW-Score-32.png\" alt=\"\" width=\"40\" height=\"34\" \/><\/a><\/p>\n","protected":false},"featured_media":2432,"comment_status":"closed","ping_status":"closed","template":"","meta":{"_acf_changed":false,"inline_featured_image":false},"product_brand":[],"product_cat":[692,2866,411],"product_tag":[2448,4326,4807,4354,4402,4811,4418,2446,2064,2447,4470,4262,4258,4254],"class_list":{"0":"post-20737","1":"product","2":"type-product","3":"status-publish","4":"has-post-thumbnail","6":"product_cat-abbeizen-entoxidation","7":"product_cat-entfernung-von-diamant-poliersuspension","8":"product_cat-reinigung","9":"product_tag-178-de","10":"product_tag-greenway","11":"product_tag-mineralentfernung","12":"product_tag-mineralien-de","13":"product_tag-oxide-de","14":"product_tag-oxidentfernung","15":"product_tag-polierpaste-entfernen","16":"product_tag-promoclean-tp-178-de","17":"product_tag-tp-de","18":"product_tag-tp-178-de","19":"product_tag-ultraschall","20":"product_tag-ultraschall-wasserbad","21":"product_tag-wasserbad","22":"product_tag-wasserbasierte-reinigungsfluessigkeiten-de","23":"pa_application-entfernung-von-oxiden-mineralien","24":"pa_application-entfernung-von-polierpaste","25":"pa_brand-promoclean-de","26":"pa_features-greenway","27":"pa_processes-waessrige-ultraschallimmersion","28":"pa_product-category-wasserbasierte-reinigungsfluessigkeiten","30":"first","31":"instock","32":"shipping-taxable","33":"product-type-simple"},"acf":[],"_links":{"self":[{"href":"https:\/\/www.inventec.dehon.com\/de\/wp-json\/wp\/v2\/product\/20737","targetHints":{"allow":["GET"]}}],"collection":[{"href":"https:\/\/www.inventec.dehon.com\/de\/wp-json\/wp\/v2\/product"}],"about":[{"href":"https:\/\/www.inventec.dehon.com\/de\/wp-json\/wp\/v2\/types\/product"}],"replies":[{"embeddable":true,"href":"https:\/\/www.inventec.dehon.com\/de\/wp-json\/wp\/v2\/comments?post=20737"}],"wp:featuredmedia":[{"embeddable":true,"href":"https:\/\/www.inventec.dehon.com\/de\/wp-json\/wp\/v2\/media\/2432"}],"wp:attachment":[{"href":"https:\/\/www.inventec.dehon.com\/de\/wp-json\/wp\/v2\/media?parent=20737"}],"wp:term":[{"taxonomy":"product_brand","embeddable":true,"href":"https:\/\/www.inventec.dehon.com\/de\/wp-json\/wp\/v2\/product_brand?post=20737"},{"taxonomy":"product_cat","embeddable":true,"href":"https:\/\/www.inventec.dehon.com\/de\/wp-json\/wp\/v2\/product_cat?post=20737"},{"taxonomy":"product_tag","embeddable":true,"href":"https:\/\/www.inventec.dehon.com\/de\/wp-json\/wp\/v2\/product_tag?post=20737"}],"curies":[{"name":"wp","href":"https:\/\/api.w.org\/{rel}","templated":true}]}}