{"id":20652,"date":"2023-06-29T09:55:15","date_gmt":"2023-06-29T09:55:15","guid":{"rendered":"https:\/\/www.inventec.dehon.com\/?post_type=product&#038;p=20652"},"modified":"2026-01-28T10:24:06","modified_gmt":"2026-01-28T09:24:06","slug":"promoclean-tp-125","status":"publish","type":"product","link":"https:\/\/www.inventec.dehon.com\/de\/product\/promoclean-tp-125\/","title":{"rendered":"PROMOCLEAN TP 125"},"content":{"rendered":"<p><img decoding=\"async\" src=\"https:\/\/www.inventec.dehon.com\/wp-content\/uploads\/2021\/04\/PROMOCLEAN-canister-blue.png\" alt=\"PROMOCLEAN TP 125\" class=\"responsive-img\" align=\"right\" style=\"border-radius:10px; margin-bottom:10px; margin-top:-10px; margin-left:15px; width:300px\" \/><\/p>\n<h2 style=\"color:#9bc947; margin-bottom:15px\">Polierpaste Reiniger<\/h2>\n<ul>\n<li>Entfernt eingebrannte r\u00fcckst\u00e4nde, oxide, polierpasten &#038; schwere fette<\/li>\n<li>W\u00e4ssriger tauchverfahren mit ultraschall<\/li>\n<li>Sehr hohe reinigungsleistung<\/li>\n<\/ul>\n<h5>PROMOCLEAN TP 125<\/h5>\n<p>Ist speziell f\u00fcr die Entfernung von starken Verschmutzungen in gro\u00dfen Mengen im w\u00e4ssrigen Tauchverfahren mit Ultraschall konzipiert. Sein hoher pH-Wert erm\u00f6glicht eine effiziente Reinigung durch Verseifung von schweren Fetten, \u00d6len, verbrannten R\u00fcckst\u00e4nden, Oxiden und Polierpasten in der Metallteileproduktion oder bei Wartungsarbeiten.<\/p>\n<p>Es ist ein konzentriertes Produkt, das mit DI-Wasser oder Leitungswasser verd\u00fcnnt verwendet werden kann, ohne dass die Gefahr von Kalkablagerungen besteht, dank seiner hervorragenden chelatbildenden Eigenschaften<\/p>\n<p><strong>PROMOCLEAN TP 125<\/strong> ist f\u00fcr Stahl, Eisen, Eisenlegierungen und Kupfer geeignet, kann aber nicht f\u00fcr empfindliche Metalle wie Aluminium oder andere Leichtmetalllegierungen verwendet werden.<\/p>\n<div style=\"font-family:Lato; color:#333;\">\n<div style=\"font-weight:bold; border-bottom:2px solid #9DBB2F; padding-bottom:6px; margin-bottom:10px;\">\n    SPEZIFIKATIONEN\n  <\/div>\n<table width=\"100%\" cellpadding=\"0\" cellspacing=\"0\" style=\"border-collapse:collapse; width:100%; max-width:100%;\">\n<tr>\n<th align=\"left\" style=\"background:#7A7A7A; color:#fff; padding:8px 12px; border:1px solid #BDBDBD;\">\n        SPEZIFIKATIONEN\n      <\/th>\n<th align=\"left\" style=\"background:#7A7A7A; color:#fff; padding:8px 12px; border:1px solid #BDBDBD;\">\n        WERTE\n      <\/th>\n<th align=\"left\" style=\"background:#7A7A7A; color:#fff; padding:8px 12px; border:1px solid #BDBDBD;\">\n        METHODEN\n      <\/th>\n<\/tr>\n<tr>\n<td style=\"padding:8px 12px; border:1px solid #BDBDBD;\">Aspekt<\/td>\n<td style=\"padding:8px 12px; border:1px solid #BDBDBD;\">Gelb<\/td>\n<td style=\"padding:8px 12px; border:1px solid #BDBDBD;\">Visuell<\/td>\n<\/tr>\n<tr style=\"background:#E6E6E6;\">\n<td style=\"padding:8px 12px; border:1px solid #BDBDBD;\">Dichte bei 20\u00b0C (g\/ml)<\/td>\n<td style=\"padding:8px 12px; border:1px solid #BDBDBD;\">1,49 \u00b1 0,02<\/td>\n<td style=\"padding:8px 12px; border:1px solid #BDBDBD;\">BRY-MO-028<\/td>\n<\/tr>\n<tr>\n<td style=\"padding:8px 12px; border:1px solid #BDBDBD;\">pH bei 1%<\/td>\n<td style=\"padding:8px 12px; border:1px solid #BDBDBD;\">12,8 \u00b1 0,5<\/td>\n<td style=\"padding:8px 12px; border:1px solid #BDBDBD;\">BRY-MO-011<\/td>\n<\/tr>\n<\/table>\n<\/div>\n<div style=\"font-family:Lato; color:#333;\">\n<div style=\"font-weight:bold; border-bottom:2px solid #9DBB2F; padding-bottom:6px; margin:30px 0 10px;\">\n    KENNDATEN\n  <\/div>\n<table width=\"100%\" cellpadding=\"0\" cellspacing=\"0\" style=\"border-collapse:collapse; width:100%; max-width:100%;\">\n<tr>\n<th align=\"left\" style=\"background:#7A7A7A; color:#fff; padding:8px 12px; border:1px solid #BDBDBD;\">\n        KENNDATEN\n      <\/th>\n<th align=\"left\" style=\"background:#7A7A7A; color:#fff; padding:8px 12px; border:1px solid #BDBDBD;\">\n        WERTE\n      <\/th>\n<\/tr>\n<tr>\n<td style=\"padding:8px 12px; border:1px solid #BDBDBD;\">Oberfl\u00e4chenspannung bei 1%<\/td>\n<td style=\"padding:8px 12px; border:1px solid #BDBDBD;\">45 Dyn\/cm2<\/td>\n<\/tr>\n<tr style=\"background:#E6E6E6;\">\n<td style=\"padding:8px 12px; border:1px solid #BDBDBD;\">L\u00f6slichkeit in Wasser<\/td>\n<td style=\"padding:8px 12px; border:1px solid #BDBDBD;\">Total l\u00f6slich<\/td>\n<\/tr>\n<tr>\n<td style=\"padding:8px 12px; border:1px solid #BDBDBD;\">Brechungsindex bei 20 \u00b0C<\/td>\n<td style=\"padding:8px 12px; border:1px solid #BDBDBD;\">1,43<\/td>\n<\/tr>\n<\/table>\n<\/div>\n","protected":false},"excerpt":{"rendered":"<ul>\n<li>Entfernt eingebrannte r\u00fcckst\u00e4nde, oxide, polierpasten &#038; schwere fette<\/li>\n<li>W\u00e4ssriger tauchverfahren mit ultraschall<\/li>\n<li>Sehr hohe reinigungsleistung<\/li>\n<\/ul>\n<p><a href=\"https:\/\/www.inventec.dehon.com\/wp-content\/uploads\/2023\/06\/GW-Score-39.png\"><img decoding=\"async\" class=\"alignnone wp-image-14973\" src=\"https:\/\/www.inventec.dehon.com\/wp-content\/uploads\/2023\/06\/GW-Score-39.png\" alt=\"\" width=\"40\" height=\"34\" \/><\/a><\/p>\n","protected":false},"featured_media":2432,"comment_status":"closed","ping_status":"closed","template":"","meta":{"_acf_changed":false,"inline_featured_image":false},"product_brand":[],"product_cat":[2867,2865,2864],"product_tag":[2433,5414,4322,4394,4402,4811,4418,2007,2431,2064,2432,4791,4823,4254],"class_list":{"0":"post-20652","1":"product","2":"type-product","3":"status-publish","4":"has-post-thumbnail","6":"product_cat-entfernung-von-polierpaste","7":"product_cat-fettentfernung-von-verschiedenen-metallkomponenten","8":"product_cat-olentfernung-von-verschiedenen-metallkomponenten","9":"product_tag-125-de","10":"product_tag-entfetten","11":"product_tag-fettentfernung-de","12":"product_tag-olentfernung","13":"product_tag-oxide-de","14":"product_tag-oxidentfernung","15":"product_tag-polierpaste-entfernen","16":"product_tag-promoclean-de","17":"product_tag-promoclean-tp-125-de","18":"product_tag-tp-de","19":"product_tag-tp-125-de","20":"product_tag-verbrannte-rueckstaende","21":"product_tag-wasserbasiert","22":"product_tag-wasserbasierte-reinigungsfluessigkeiten-de","23":"pa_application-entfernung-von-polierpaste","24":"pa_application-fettentfernung","25":"pa_application-oelentfernung","26":"pa_brand-promoclean-de","27":"pa_features-geeignet-fuer-wasserbasierte-anwendungen","28":"pa_product-category-wasserbasierte-reinigungsfluessigkeiten","30":"first","31":"instock","32":"shipping-taxable","33":"product-type-simple"},"acf":[],"_links":{"self":[{"href":"https:\/\/www.inventec.dehon.com\/de\/wp-json\/wp\/v2\/product\/20652","targetHints":{"allow":["GET"]}}],"collection":[{"href":"https:\/\/www.inventec.dehon.com\/de\/wp-json\/wp\/v2\/product"}],"about":[{"href":"https:\/\/www.inventec.dehon.com\/de\/wp-json\/wp\/v2\/types\/product"}],"replies":[{"embeddable":true,"href":"https:\/\/www.inventec.dehon.com\/de\/wp-json\/wp\/v2\/comments?post=20652"}],"wp:featuredmedia":[{"embeddable":true,"href":"https:\/\/www.inventec.dehon.com\/de\/wp-json\/wp\/v2\/media\/2432"}],"wp:attachment":[{"href":"https:\/\/www.inventec.dehon.com\/de\/wp-json\/wp\/v2\/media?parent=20652"}],"wp:term":[{"taxonomy":"product_brand","embeddable":true,"href":"https:\/\/www.inventec.dehon.com\/de\/wp-json\/wp\/v2\/product_brand?post=20652"},{"taxonomy":"product_cat","embeddable":true,"href":"https:\/\/www.inventec.dehon.com\/de\/wp-json\/wp\/v2\/product_cat?post=20652"},{"taxonomy":"product_tag","embeddable":true,"href":"https:\/\/www.inventec.dehon.com\/de\/wp-json\/wp\/v2\/product_tag?post=20652"}],"curies":[{"name":"wp","href":"https:\/\/api.w.org\/{rel}","templated":true}]}}