{"id":20613,"date":"2023-06-28T12:14:56","date_gmt":"2023-06-28T12:14:56","guid":{"rendered":"https:\/\/www.inventec.dehon.com\/?post_type=product&#038;p=20613"},"modified":"2026-01-28T10:01:46","modified_gmt":"2026-01-28T09:01:46","slug":"promoclean-disper-800","status":"publish","type":"product","link":"https:\/\/www.inventec.dehon.com\/de\/product\/promoclean-disper-800\/","title":{"rendered":"PROMOCLEAN DISPER 800"},"content":{"rendered":"<p><img decoding=\"async\" src=\"https:\/\/www.inventec.dehon.com\/wp-content\/uploads\/2021\/04\/PROMOCLEAN-canister-blue.png\" alt=\"PROMOCLEAN DISPER 800\" class=\"responsive-img\" align=\"right\" style=\"border-radius:10px; margin-bottom:10px; margin-top:-10px; margin-left:15px; width:300px\" \/><\/p>\n<h2 style=\"color:#9bc947; margin-bottom:15px\">W\u00e4ssriges Entfluxmittel<\/h2>\n<ul>\n<li>Entfernung von flussmittelr\u00fcckst\u00e4nden<\/li>\n<li>W\u00e4ssriges spray-in-line &#038; batch-spr\u00fchverfahren<\/li>\n<li>Ausgezeichnete reinigung selbst bei niedrigen konzentrationen<\/li>\n<\/ul>\n<h5>PROMOCLEAN DISPER 800<\/h5>\n<p>Wurde speziell f\u00fcr die Entfernung aller Arten von Flussmittelr\u00fcckst\u00e4nden auf PCBA\u2019s, Leistungsmodule, Leadframes, BGA\u2019s, PoP- oder SIP-Anwendungen sowie LED-Baugruppen entwickelt.<\/p>\n<p>Es ist unsere neueste Entwicklung, basierend auf unserer neuen QSA-Technologie, die eine schnellere L\u00f6slichkeit von organischen und mineralischen Verbindungen erm\u00f6glicht. Dank dieser Technologie und seiner ausgezeichneten Entsch\u00e4umungseigenschaften ist <strong>PROMOCLEAN DISPER 800<\/strong> besonders f\u00fcr Spr\u00fch-In-Line-Prozesse geeignet. Nat\u00fcrlich kann es auch f\u00fcr Batch-Spr\u00fchprozesse wie Spray-in-Air oder Immersionsstrahlsysteme verwendet werden.<\/p>\n<p>Der kontrollierte pH-Mechanismus stellt sicher, dass dieses Produkt mit Aluminium, Kupfer und anderen empfindlichen Materialien kompatibel ist, w\u00e4hrend es gleichzeitig eine hohe Reinigungskraft bietet. Seine niedrige Oberfl\u00e4chenspannung erm\u00f6glicht eine sehr gute Reinigung und Sp\u00fclung unter schwer zug\u00e4nglichen Komponenten und in schwer erreichbaren Bereichen.<\/p>\n<p>Es handelt sich um ein konzentriertes Produkt, das mit DI-Wasser verd\u00fcnnt verwendet wird und bei einer Verd\u00fcnnung von 10 % eine hervorragende Reinigungswirkung erzielt.<\/p>\n<div style=\"font-family:Lato; color:#333;\">\n<div style=\"font-weight:bold; border-bottom:2px solid #9DBB2F; padding-bottom:6px; margin-bottom:10px;\">\n    SPEZIFIKATIONEN\n  <\/div>\n<table width=\"100%\" cellpadding=\"0\" cellspacing=\"0\" style=\"border-collapse:collapse; width:100%; max-width:100%;\">\n<tr>\n<th align=\"left\" style=\"background:#7A7A7A; color:#fff; padding:8px 12px; border:1px solid #BDBDBD;\">\n        SPEZIFIKATIONEN\n      <\/th>\n<th align=\"left\" style=\"background:#7A7A7A; color:#fff; padding:8px 12px; border:1px solid #BDBDBD;\">\n        WERTE\n      <\/th>\n<th align=\"left\" style=\"background:#7A7A7A; color:#fff; padding:8px 12px; border:1px solid #BDBDBD;\">\n        METHODEN\n      <\/th>\n<\/tr>\n<tr>\n<td style=\"padding:8px 12px; border:1px solid #BDBDBD;\">Aspekt<\/td>\n<td style=\"padding:8px 12px; border:1px solid #BDBDBD;\">Farblos, klar<\/td>\n<td style=\"padding:8px 12px; border:1px solid #BDBDBD;\">Visuell<\/td>\n<\/tr>\n<tr style=\"background:#E6E6E6;\">\n<td style=\"padding:8px 12px; border:1px solid #BDBDBD;\">Dichte bei 20\u00b0C (g\/ml)<\/td>\n<td style=\"padding:8px 12px; border:1px solid #BDBDBD;\">0,930 \u00b1 0,010<\/td>\n<td style=\"padding:8px 12px; border:1px solid #BDBDBD;\">BRY-MO-028<\/td>\n<\/tr>\n<tr>\n<td style=\"padding:8px 12px; border:1px solid #BDBDBD;\">pH-Wert bei 15%<\/td>\n<td style=\"padding:8px 12px; border:1px solid #BDBDBD;\">2,7 \u00b1 0,5<\/td>\n<td style=\"padding:8px 12px; border:1px solid #BDBDBD;\">BRY-MO-011<\/td>\n<\/tr>\n<\/table>\n<\/div>\n<div style=\"font-family:Lato; color:#333;\">\n<div style=\"font-weight:bold; border-bottom:2px solid #9DBB2F; padding-bottom:6px; margin:30px 0 10px;\">\n    KENNDATEN\n  <\/div>\n<table width=\"100%\" cellpadding=\"0\" cellspacing=\"0\" style=\"border-collapse:collapse; width:100%; max-width:100%;\">\n<tr>\n<th align=\"left\" style=\"background:#7A7A7A; color:#fff; padding:8px 12px; border:1px solid #BDBDBD;\">\n        KENNDATEN\n      <\/th>\n<th align=\"left\" style=\"background:#7A7A7A; color:#fff; padding:8px 12px; border:1px solid #BDBDBD;\">\n        WERTE\n      <\/th>\n<\/tr>\n<tr>\n<td style=\"padding:8px 12px; border:1px solid #BDBDBD;\">Flammpunkt<\/td>\n<td style=\"padding:8px 12px; border:1px solid #BDBDBD;\">92\u00b0C<\/td>\n<\/tr>\n<tr style=\"background:#E6E6E6;\">\n<td style=\"padding:8px 12px; border:1px solid #BDBDBD;\">L\u00f6slichkeit in Wasser<\/td>\n<td style=\"padding:8px 12px; border:1px solid #BDBDBD;\">teilweise<\/td>\n<\/tr>\n<tr>\n<td style=\"padding:8px 12px; border:1px solid #BDBDBD;\">Oberfl\u00e4chenspannung (dyn\/cm) bei 15%<\/td>\n<td style=\"padding:8px 12px; border:1px solid #BDBDBD;\">29<\/td>\n<\/tr>\n<tr style=\"background:#E6E6E6;\">\n<td style=\"padding:8px 12px; border:1px solid #BDBDBD;\">Brechungsindex bei 15% 20\u00b0C<\/td>\n<td style=\"padding:8px 12px; border:1px solid #BDBDBD;\">1,35<\/td>\n<\/tr>\n<\/table>\n<\/div>\n","protected":false},"excerpt":{"rendered":"<ul>\n<li>Entfernung von flussmittelr\u00fcckst\u00e4nden<\/li>\n<li>W\u00e4ssriges spray-in-line &#038; batch-spr\u00fchverfahren<\/li>\n<li>Ausgezeichnete reinigung selbst bei niedrigen konzentrationen<\/li>\n<\/ul>\n<p><a href=\"https:\/\/www.inventec.dehon.com\/wp-content\/uploads\/2023\/06\/GW-Score-24.png\"><img decoding=\"async\" class=\"alignnone wp-image-14819\" src=\"https:\/\/www.inventec.dehon.com\/wp-content\/uploads\/2023\/06\/GW-Score-24.png\" alt=\"\" width=\"40\" height=\"34\" \/><\/a><\/p>\n","protected":false},"featured_media":2432,"comment_status":"closed","ping_status":"closed","template":"","meta":{"_acf_changed":false,"inline_featured_image":false},"product_brand":[],"product_cat":[411,2855],"product_tag":[2418,2025,2417,4286,4326,2007,2416,4454,4470,4262,4258,4254,4266],"class_list":{"0":"post-20613","1":"product","2":"type-product","3":"status-publish","4":"has-post-thumbnail","6":"industries-elektronik-und-elektrische-systeme","7":"industries-komfort-fahrhilfe-adas","8":"industries-medizinische-gerate-scanner","9":"product_cat-reinigung","10":"product_cat-reinigung-und-flussmittelentfernung-von-leiterplatten","11":"product_tag-800-de","12":"product_tag-disper-de","13":"product_tag-disper-800-de","14":"product_tag-flussmittelentfernung-de","15":"product_tag-greenway","16":"product_tag-promoclean-de","17":"product_tag-promoclean-disper-800-de","18":"product_tag-spray","19":"product_tag-ultraschall","20":"product_tag-ultraschall-wasserbad","21":"product_tag-wasserbad","22":"product_tag-wasserbasierte-reinigungsfluessigkeiten-de","23":"product_tag-wasserbasierte-spruehreinigung","24":"pa_application-flussmittelentfernung","25":"pa_brand-promoclean-de","26":"pa_features-greenway","27":"pa_processes-spray-auf-wasserbasis","28":"pa_processes-waessrige-ultraschallimmersion","29":"pa_product-category-wasserbasierte-reinigungsfluessigkeiten","31":"first","32":"instock","33":"shipping-taxable","34":"product-type-simple"},"acf":[],"_links":{"self":[{"href":"https:\/\/www.inventec.dehon.com\/de\/wp-json\/wp\/v2\/product\/20613","targetHints":{"allow":["GET"]}}],"collection":[{"href":"https:\/\/www.inventec.dehon.com\/de\/wp-json\/wp\/v2\/product"}],"about":[{"href":"https:\/\/www.inventec.dehon.com\/de\/wp-json\/wp\/v2\/types\/product"}],"replies":[{"embeddable":true,"href":"https:\/\/www.inventec.dehon.com\/de\/wp-json\/wp\/v2\/comments?post=20613"}],"wp:featuredmedia":[{"embeddable":true,"href":"https:\/\/www.inventec.dehon.com\/de\/wp-json\/wp\/v2\/media\/2432"}],"wp:attachment":[{"href":"https:\/\/www.inventec.dehon.com\/de\/wp-json\/wp\/v2\/media?parent=20613"}],"wp:term":[{"taxonomy":"product_brand","embeddable":true,"href":"https:\/\/www.inventec.dehon.com\/de\/wp-json\/wp\/v2\/product_brand?post=20613"},{"taxonomy":"product_cat","embeddable":true,"href":"https:\/\/www.inventec.dehon.com\/de\/wp-json\/wp\/v2\/product_cat?post=20613"},{"taxonomy":"product_tag","embeddable":true,"href":"https:\/\/www.inventec.dehon.com\/de\/wp-json\/wp\/v2\/product_tag?post=20613"}],"curies":[{"name":"wp","href":"https:\/\/api.w.org\/{rel}","templated":true}]}}