{"id":20465,"date":"2023-06-27T08:21:48","date_gmt":"2023-06-27T08:21:48","guid":{"rendered":"https:\/\/www.inventec.dehon.com\/?post_type=product&#038;p=20465"},"modified":"2026-01-27T15:37:28","modified_gmt":"2026-01-27T14:37:28","slug":"promoclean-disper-22","status":"publish","type":"product","link":"https:\/\/www.inventec.dehon.com\/de\/product\/promoclean-disper-22\/","title":{"rendered":"PROMOCLEAN DISPER 22"},"content":{"rendered":"<p><img decoding=\"async\" src=\"https:\/\/www.inventec.dehon.com\/wp-content\/uploads\/2021\/04\/PROMOCLEAN-canister-blue.png\" alt=\"PROMOCLEAN DISPER 22\" class=\"responsive-img\" align=\"right\" style=\"border-radius:10px; margin-bottom:10px; margin-top:-10px; margin-left:15px; width:300px\" \/><\/p>\n<h2 style=\"color:#9bc947; margin-bottom:15px\">Hochleistungs-Entfetter<\/h2>\n<ul>\n<li>Entfernen von fett, schwer\u00f6l, eingebrannten r\u00fcckst\u00e4nden und oxiden<\/li>\n<li>W\u00e4ssriges spritzverfahren<\/li>\n<li>Kompatibel mit eisenlegierungen<\/li>\n<\/ul>\n<h5>PROMOCLEAN DISPER 22<\/h5>\n<p><strong>PROMOCLEAN DISPER 22<\/strong> wurde speziell f\u00fcr die Entfernung von Fetten, schweren (hochviskosen) \u00d6len, eingebrannten organischen und mineralischen R\u00fcckst\u00e4nden und Oxiden entwickelt. Dank seiner hervorragenden Antischaumeigenschaften eignet es sich f\u00fcr w\u00e4ssrige Spr\u00fch-in-Luft-, Tauchstrahl- und Rohrsp\u00fclverfahren.<\/p>\n<p>Trotz seines hohen pH-Wertes, der eine effiziente Reinigung erm\u00f6glicht, besch\u00e4digt es keine Eisenlegierungen. Es ist jedoch nicht f\u00fcr empfindliche Metalle wie Aluminium und andere Leichtmetalllegierungen geeignet.<\/p>\n<div style=\"font-family:Lato; color:#333;\">\n<div style=\"font-weight:bold; border-bottom:2px solid #9DBB2F; padding-bottom:6px; margin-bottom:10px;\">\n    SPEZIFIKATIONEN\n  <\/div>\n<table width=\"100%\" cellpadding=\"0\" cellspacing=\"0\" style=\"border-collapse:collapse; width:100%; max-width:100%;\">\n<tr>\n<th align=\"left\" style=\"background:#7A7A7A; color:#fff; padding:8px 12px; border:1px solid #BDBDBD;\">\n        SPEZIFIKATIONEN\n      <\/th>\n<th align=\"left\" style=\"background:#7A7A7A; color:#fff; padding:8px 12px; border:1px solid #BDBDBD;\">\n        WERTE\n      <\/th>\n<th align=\"left\" style=\"background:#7A7A7A; color:#fff; padding:8px 12px; border:1px solid #BDBDBD;\">\n        METHODEN\n      <\/th>\n<\/tr>\n<tr>\n<td style=\"padding:8px 12px; border:1px solid #BDBDBD;\">Aspekt<\/td>\n<td style=\"padding:8px 12px; border:1px solid #BDBDBD;\">Farblose bis gelbe Fl\u00fcssigkeit<\/td>\n<td style=\"padding:8px 12px; border:1px solid #BDBDBD;\">Visuell<\/td>\n<\/tr>\n<tr style=\"background:#E6E6E6;\">\n<td style=\"padding:8px 12px; border:1px solid #BDBDBD;\">Dichte bei 20\u00b0C (g\/ml)<\/td>\n<td style=\"padding:8px 12px; border:1px solid #BDBDBD;\">1,49 \u00b1 0,01<\/td>\n<td style=\"padding:8px 12px; border:1px solid #BDBDBD;\">BRY-MO-028<\/td>\n<\/tr>\n<tr>\n<td style=\"padding:8px 12px; border:1px solid #BDBDBD;\">pH bei 1%<\/td>\n<td style=\"padding:8px 12px; border:1px solid #BDBDBD;\">12,8 \u00b1 0,5<\/td>\n<td style=\"padding:8px 12px; border:1px solid #BDBDBD;\">BRY-MO-011<\/td>\n<\/tr>\n<\/table>\n<\/div>\n<div style=\"font-family:Lato; color:#333;\">\n<div style=\"font-weight:bold; border-bottom:2px solid #9DBB2F; padding-bottom:6px; margin:30px 0 10px;\">\n    KENNDATEN\n  <\/div>\n<table width=\"100%\" cellpadding=\"0\" cellspacing=\"0\" style=\"border-collapse:collapse; width:100%; max-width:100%;\">\n<tr>\n<th align=\"left\" style=\"background:#7A7A7A; color:#fff; padding:8px 12px; border:1px solid #BDBDBD;\">\n        KENNDATEN\n      <\/th>\n<th align=\"left\" style=\"background:#7A7A7A; color:#fff; padding:8px 12px; border:1px solid #BDBDBD;\">\n        WERTE\n      <\/th>\n<\/tr>\n<tr>\n<td style=\"padding:8px 12px; border:1px solid #BDBDBD;\">L\u00f6slichkeit in Wasser<\/td>\n<td style=\"padding:8px 12px; border:1px solid #BDBDBD;\">Total l\u00f6slich<\/td>\n<\/tr>\n<tr style=\"background:#E6E6E6;\">\n<td style=\"padding:8px 12px; border:1px solid #BDBDBD;\">Brechungsindex bei 20 \u00b0C<\/td>\n<td style=\"padding:8px 12px; border:1px solid #BDBDBD;\">1,43<\/td>\n<\/tr>\n<\/table>\n<\/div>\n","protected":false},"excerpt":{"rendered":"<ul>\n<li>Entfernen von fett, schwer\u00f6l, eingebrannten r\u00fcckst\u00e4nden und oxiden<\/li>\n<li>W\u00e4ssriges spritzverfahren<\/li>\n<li>Kompatibel mit eisenlegierungen<\/li>\n<\/ul>\n<p><a href=\"https:\/\/www.inventec.dehon.com\/wp-content\/uploads\/2023\/06\/GW-Score-39.png\"><img decoding=\"async\" class=\"alignnone wp-image-14973\" src=\"https:\/\/www.inventec.dehon.com\/wp-content\/uploads\/2023\/06\/GW-Score-39.png\" alt=\"\" width=\"40\" height=\"34\" \/><\/a><\/p>\n","protected":false},"featured_media":2432,"comment_status":"closed","ping_status":"closed","template":"","meta":{"_acf_changed":false,"inline_featured_image":false},"product_brand":[],"product_cat":[692,2865,2864,411],"product_tag":[2390,2025,2389,5414,4322,4807,4354,4394,4402,4811,2007,2388,4823,4254],"class_list":{"0":"post-20465","1":"product","2":"type-product","3":"status-publish","4":"has-post-thumbnail","6":"industries-antriebsstrang","7":"industries-landing-systeme","8":"industries-motoren","9":"product_cat-abbeizen-entoxidation","10":"product_cat-fettentfernung-von-verschiedenen-metallkomponenten","11":"product_cat-olentfernung-von-verschiedenen-metallkomponenten","12":"product_cat-reinigung","13":"product_tag-22-de","14":"product_tag-disper-de","15":"product_tag-disper-22-de","16":"product_tag-entfetten","17":"product_tag-fettentfernung-de","18":"product_tag-mineralentfernung","19":"product_tag-mineralien-de","20":"product_tag-olentfernung","21":"product_tag-oxide-de","22":"product_tag-oxidentfernung","23":"product_tag-promoclean-de","24":"product_tag-promoclean-disper-22-de","25":"product_tag-wasserbasiert","26":"product_tag-wasserbasierte-reinigungsfluessigkeiten-de","27":"pa_application-entfernung-von-oxiden-mineralien","28":"pa_application-fettentfernung","29":"pa_application-oelentfernung","30":"pa_brand-promoclean-de","31":"pa_features-geeignet-fuer-wasserbasierte-anwendungen","32":"pa_product-category-wasserbasierte-reinigungsfluessigkeiten","34":"first","35":"instock","36":"shipping-taxable","37":"product-type-simple"},"acf":[],"_links":{"self":[{"href":"https:\/\/www.inventec.dehon.com\/de\/wp-json\/wp\/v2\/product\/20465","targetHints":{"allow":["GET"]}}],"collection":[{"href":"https:\/\/www.inventec.dehon.com\/de\/wp-json\/wp\/v2\/product"}],"about":[{"href":"https:\/\/www.inventec.dehon.com\/de\/wp-json\/wp\/v2\/types\/product"}],"replies":[{"embeddable":true,"href":"https:\/\/www.inventec.dehon.com\/de\/wp-json\/wp\/v2\/comments?post=20465"}],"wp:featuredmedia":[{"embeddable":true,"href":"https:\/\/www.inventec.dehon.com\/de\/wp-json\/wp\/v2\/media\/2432"}],"wp:attachment":[{"href":"https:\/\/www.inventec.dehon.com\/de\/wp-json\/wp\/v2\/media?parent=20465"}],"wp:term":[{"taxonomy":"product_brand","embeddable":true,"href":"https:\/\/www.inventec.dehon.com\/de\/wp-json\/wp\/v2\/product_brand?post=20465"},{"taxonomy":"product_cat","embeddable":true,"href":"https:\/\/www.inventec.dehon.com\/de\/wp-json\/wp\/v2\/product_cat?post=20465"},{"taxonomy":"product_tag","embeddable":true,"href":"https:\/\/www.inventec.dehon.com\/de\/wp-json\/wp\/v2\/product_tag?post=20465"}],"curies":[{"name":"wp","href":"https:\/\/api.w.org\/{rel}","templated":true}]}}