{"id":20369,"date":"2023-06-27T07:29:23","date_gmt":"2023-06-27T07:29:23","guid":{"rendered":"https:\/\/www.inventec.dehon.com\/?post_type=product&#038;p=20369"},"modified":"2026-01-27T15:03:32","modified_gmt":"2026-01-27T14:03:32","slug":"promoclean-dewax","status":"publish","type":"product","link":"https:\/\/www.inventec.dehon.com\/de\/product\/promoclean-dewax\/","title":{"rendered":"PROMOCLEAN DEWAX+"},"content":{"rendered":"<p><img decoding=\"async\" src=\"https:\/\/www.inventec.dehon.com\/wp-content\/uploads\/2021\/04\/PROMOCLEAN-canister-blue.png\" alt=\"PROMOCLEAN DEWAX+\" class=\"responsive-img\" align=\"right\" style=\"border-radius:10px; margin-bottom:10px; margin-top:-10px; margin-left:15px; width:300px\" \/><\/p>\n<h2 style=\"color:#9bc947; margin-bottom:15px\">Wachsentferner-Reinigungsl\u00f6sung<\/h2>\n<ul>\n<li>Entfernen von wachs, leichten oxiden und mineralischen r\u00fcckst\u00e4nden<\/li>\n<li>W\u00e4ssriger tauchverfahren mit ultraschall<\/li>\n<li>Perfekte phasentrennung &#038; nachhaltig<\/li>\n<\/ul>\n<h5>PROMOCLEAN DEWAX+<\/h5>\n<p>Wurde speziell zum Entfernen von Wachs nach Oberfl\u00e4chenbehandlungen, leichten Oxiden und mineralischen R\u00fcckst\u00e4nden (wie Kalk oder Fingerspuren) entwickelt. Es ist eine nachhaltigere Alternative zu chloridhaltigen L\u00f6sungsmitteln. Aufgrund seiner F\u00e4higkeit, Oxide zu entfernen, eignet es sich auch perfekt zur Reinigung vor Beschichtungen oder Oberfl\u00e4chenbehandlungen wie PVD, jedoch sind die richtige Verd\u00fcnnung und die Prozessparameter zu best\u00e4tigen. <\/p>\n<p>Es wird in einem w\u00e4ssrigen Tauchverfahren mit Ultraschall verwendet. Mit einem mittelsauren pH-Wert bietet es eine ausgezeichnete Reinigungsleistung und kann auf den meisten Metallen wie Edelstahl, Messing, Aluminium, Gold, Silber und anderen Eisen- und Kupferlegierungen verwendet werden. Au\u00dferdem verleiht es den Metalloberfl\u00e4chen nach der Reinigung ein gl\u00e4nzendes Aussehen. <\/p>\n<p><strong>PROMOCLEAN DEWAX+<\/strong> ist ein konzentriertes Produkt, das verd\u00fcnnt mit VE- oder Leitungswasser verwendet wird, wobei dank seiner ausgezeichneten chelatbildenden Eigenschaften keine Kalkablagerungsgefahr besteht.  <\/p>\n<div style=\"font-family:Lato; color:#333;\">\n<div style=\"font-weight:bold; border-bottom:2px solid #9DBB2F; padding-bottom:6px; margin-bottom:10px;\">\n    SPEZIFIKATIONEN\n  <\/div>\n<table width=\"100%\" cellpadding=\"0\" cellspacing=\"0\" style=\"border-collapse:collapse; width:100%; max-width:100%;\">\n<tr>\n<th align=\"left\" style=\"background:#7A7A7A; color:#fff; padding:8px 12px; border:1px solid #BDBDBD;\">\n        Spezifikationen\n      <\/th>\n<th align=\"left\" style=\"background:#7A7A7A; color:#fff; padding:8px 12px; border:1px solid #BDBDBD;\">\n        Werte\n      <\/th>\n<th align=\"left\" style=\"background:#7A7A7A; color:#fff; padding:8px 12px; border:1px solid #BDBDBD;\">\n        Methoden\n      <\/th>\n<\/tr>\n<tr>\n<td style=\"padding:8px 12px; border:1px solid #BDBDBD;\">Aspekt<\/td>\n<td style=\"padding:8px 12px; border:1px solid #BDBDBD;\">Dunkelgelbe Fl\u00fcssigkeit<\/td>\n<td style=\"padding:8px 12px; border:1px solid #BDBDBD;\">Visuell<\/td>\n<\/tr>\n<tr style=\"background:#E6E6E6;\">\n<td style=\"padding:8px 12px; border:1px solid #BDBDBD;\">Dichte bei 20\u00b0C (g\/ml)<\/td>\n<td style=\"padding:8px 12px; border:1px solid #BDBDBD;\">1,02 \u00b1 0,01<\/td>\n<td style=\"padding:8px 12px; border:1px solid #BDBDBD;\">BRY-MO 028<\/td>\n<\/tr>\n<tr>\n<td style=\"padding:8px 12px; border:1px solid #BDBDBD;\">pH-Wert des reinen Produkts<\/td>\n<td style=\"padding:8px 12px; border:1px solid #BDBDBD;\">4,7 \u00b1 0,5<\/td>\n<td style=\"padding:8px 12px; border:1px solid #BDBDBD;\">BRY-MO 011<\/td>\n<\/tr>\n<tr style=\"background:#E6E6E6;\">\n<td style=\"padding:8px 12px; border:1px solid #BDBDBD;\">pH bei 1%<\/td>\n<td style=\"padding:8px 12px; border:1px solid #BDBDBD;\">5,1 \u00b1 0,5<\/td>\n<td style=\"padding:8px 12px; border:1px solid #BDBDBD;\">BRY-MO 011<\/td>\n<\/tr>\n<\/table>\n<\/div>\n<div style=\"font-family:Lato; color:#333;\">\n<div style=\"font-weight:bold; border-bottom:2px solid #9DBB2F; padding-bottom:6px; margin:30px 0 10px;\">\n    KENNDATEN\n  <\/div>\n<table width=\"100%\" cellpadding=\"0\" cellspacing=\"0\" style=\"border-collapse:collapse; width:100%; max-width:100%;\">\n<tr>\n<th align=\"left\" style=\"background:#7A7A7A; color:#fff; padding:8px 12px; border:1px solid #BDBDBD;\">\n        Kenndaten\n      <\/th>\n<th align=\"left\" style=\"background:#7A7A7A; color:#fff; padding:8px 12px; border:1px solid #BDBDBD;\">\n        Werte\n      <\/th>\n<\/tr>\n<tr>\n<td style=\"padding:8px 12px; border:1px solid #BDBDBD;\">Oberfl\u00e4chenspannung bei 1%<\/td>\n<td style=\"padding:8px 12px; border:1px solid #BDBDBD;\">29 Dyn\/cm\u00b2<\/td>\n<\/tr>\n<tr style=\"background:#E6E6E6;\">\n<td style=\"padding:8px 12px; border:1px solid #BDBDBD;\">L\u00f6slichkeit in Wasser<\/td>\n<td style=\"padding:8px 12px; border:1px solid #BDBDBD;\">Total l\u00f6slich<\/td>\n<\/tr>\n<\/table>\n<\/div>\n","protected":false},"excerpt":{"rendered":"<ul>\n<li>Entfernen von wachs, leichten oxiden und mineralischen r\u00fcckst\u00e4nden<\/li>\n<li>W\u00e4ssriger tauchverfahren mit ultraschall<\/li>\n<li>Perfekte phasentrennung &#038; nachhaltig<\/li>\n<\/ul>\n<p><a href=\"https:\/\/www.inventec.dehon.com\/wp-content\/uploads\/2023\/06\/GW-Score-25.png\"><img decoding=\"async\" class=\"alignnone wp-image-14947\" src=\"https:\/\/www.inventec.dehon.com\/wp-content\/uploads\/2023\/06\/GW-Score-25.png\" alt=\"\" width=\"40\" height=\"34\" \/><\/a><\/p>\n","protected":false},"featured_media":2432,"comment_status":"closed","ping_status":"closed","template":"","meta":{"_acf_changed":false,"inline_featured_image":false},"product_brand":[],"product_cat":[692,2869,411],"product_tag":[2372,2373,4326,4807,4354,4402,4811,4418,2007,2370,4470,4262,4482,4486,4258,4823,4254],"class_list":{"0":"post-20369","1":"product","2":"type-product","3":"status-publish","4":"has-post-thumbnail","6":"product_cat-abbeizen-entoxidation","7":"product_cat-entfernung-von-wachs","8":"product_cat-reinigung","9":"product_tag-dewax-de-2","10":"product_tag-dewax-plus-de","11":"product_tag-greenway","12":"product_tag-mineralentfernung","13":"product_tag-mineralien-de","14":"product_tag-oxide-de","15":"product_tag-oxidentfernung","16":"product_tag-polierpaste-entfernen","17":"product_tag-promoclean-de","18":"product_tag-promoclean-dewax-de","19":"product_tag-ultraschall","20":"product_tag-ultraschall-wasserbad","21":"product_tag-wachs-de","22":"product_tag-wachs-entfernen","23":"product_tag-wasserbad","24":"product_tag-wasserbasiert","25":"product_tag-wasserbasierte-reinigungsfluessigkeiten-de","26":"pa_application-entfernung-von-oxiden-mineralien","27":"pa_application-entfernung-von-polierpaste","28":"pa_application-entfernung-von-wachs","29":"pa_brand-promoclean-de","30":"pa_features-geeignet-fuer-wasserbasierte-anwendungen","31":"pa_features-greenway","32":"pa_processes-waessrige-ultraschallimmersion","33":"pa_product-category-wasserbasierte-reinigungsfluessigkeiten","35":"first","36":"instock","37":"shipping-taxable","38":"product-type-simple"},"acf":[],"_links":{"self":[{"href":"https:\/\/www.inventec.dehon.com\/de\/wp-json\/wp\/v2\/product\/20369","targetHints":{"allow":["GET"]}}],"collection":[{"href":"https:\/\/www.inventec.dehon.com\/de\/wp-json\/wp\/v2\/product"}],"about":[{"href":"https:\/\/www.inventec.dehon.com\/de\/wp-json\/wp\/v2\/types\/product"}],"replies":[{"embeddable":true,"href":"https:\/\/www.inventec.dehon.com\/de\/wp-json\/wp\/v2\/comments?post=20369"}],"wp:featuredmedia":[{"embeddable":true,"href":"https:\/\/www.inventec.dehon.com\/de\/wp-json\/wp\/v2\/media\/2432"}],"wp:attachment":[{"href":"https:\/\/www.inventec.dehon.com\/de\/wp-json\/wp\/v2\/media?parent=20369"}],"wp:term":[{"taxonomy":"product_brand","embeddable":true,"href":"https:\/\/www.inventec.dehon.com\/de\/wp-json\/wp\/v2\/product_brand?post=20369"},{"taxonomy":"product_cat","embeddable":true,"href":"https:\/\/www.inventec.dehon.com\/de\/wp-json\/wp\/v2\/product_cat?post=20369"},{"taxonomy":"product_tag","embeddable":true,"href":"https:\/\/www.inventec.dehon.com\/de\/wp-json\/wp\/v2\/product_tag?post=20369"}],"curies":[{"name":"wp","href":"https:\/\/api.w.org\/{rel}","templated":true}]}}