{"id":20299,"date":"2023-06-22T11:59:49","date_gmt":"2023-06-22T11:59:49","guid":{"rendered":"https:\/\/www.inventec.dehon.com\/?post_type=product&#038;p=20299"},"modified":"2026-01-30T11:03:56","modified_gmt":"2026-01-30T10:03:56","slug":"m-aero","status":"publish","type":"product","link":"https:\/\/www.inventec.dehon.com\/de\/product\/m-aero\/","title":{"rendered":"M-AERO"},"content":{"rendered":"<p><img decoding=\"async\" src=\"https:\/\/www.inventec.dehon.com\/wp-content\/uploads\/2023\/06\/M-AERO-canister-blue-1-600x600.jpg\" alt=\"M-AERO\" class=\"responsive-img\" align=\"right\" style=\"border-radius:10px; margin-bottom:10px; margin-top:-10px; margin-left:15px; width:300px\" \/><\/p>\n<h2 style=\"color:#9bc947; margin-bottom:15px\">Nachhaltiger Reiniger<\/h2>\n<ul>\n<li>Entfernen von \u00f6len auf metallen<\/li>\n<li>Spr\u00fch-, rohsp\u00fcl- und tauchstrahlverfahren<\/li>\n<li>Geeignet f\u00fcr eindringpr\u00fcfverfahren<\/li>\n<\/ul>\n<h5>M-AERO<\/h5>\n<p>Wurde speziell zum Entfernen aller Arten von \u00d6len entwickelt. Dank seiner hervorragenden Antischaumeigenschaften ist es f\u00fcr w\u00e4ssrige Spr\u00fch-, Sp\u00fcl- und Tauchstrahlverfahren geeignet. Seine geringe Alkalit\u00e4t macht es mit den meisten in der Luftfahrtindustrie verwendeten Metallen kompatibel. Es ist ein konzentriertes Produkt, das mit Leitungs- oder VE-Wasser verd\u00fcnnt verwendet wird. <\/p>\n<p><strong>M-AERO<\/strong> ist f\u00fcr Eindringpr\u00fcfungen besonders geeignet.<\/p>\n<p><!-- SPEZIFIKATIONEN Section --><\/p>\n<div style=\"font-weight:bold; text-transform:uppercase; border-bottom:2px solid #9DBB2F; padding-bottom:6px; margin-bottom:10px;\">\n  SPEZIFIKATIONEN\n<\/div>\n<table width=\"100%\" cellpadding=\"0\" cellspacing=\"0\" style=\"border-collapse:collapse; width:100%; max-width:100%;\">\n<tr>\n<th align=\"left\" style=\"background:#7A7A7A; color:#fff; padding:8px 12px; border:1px solid #BDBDBD;\">SPEZIFIKATIONEN<\/th>\n<th align=\"left\" style=\"background:#7A7A7A; color:#fff; padding:8px 12px; border:1px solid #BDBDBD;\">WERTE<\/th>\n<\/tr>\n<tr>\n<td style=\"padding:8px 12px; border:1px solid #BDBDBD;\">Aspekt<\/td>\n<td style=\"padding:8px 12px; border:1px solid #BDBDBD;\">Blassgelb<\/td>\n<\/tr>\n<tr style=\"background:#E6E6E6;\">\n<td style=\"padding:8px 12px; border:1px solid #BDBDBD;\">Dichte bei 20\u00b0C (g\/ml)<\/td>\n<td style=\"padding:8px 12px; border:1px solid #BDBDBD;\">1,05 \u00b1 0,02<\/td>\n<\/tr>\n<tr>\n<td style=\"padding:8px 12px; border:1px solid #BDBDBD;\">pH-Wert des reinen Produkts<\/td>\n<td style=\"padding:8px 12px; border:1px solid #BDBDBD;\">11,75 \u00b1 0,25<\/td>\n<\/tr>\n<\/table>\n<p><!-- KENNDATEN Section --><\/p>\n<div style=\"font-weight:bold; text-transform:uppercase; border-bottom:2px solid #9DBB2F; padding-bottom:6px; margin:30px 0 10px 0;\">\n  KENNDATEN\n<\/div>\n<table width=\"100%\" cellpadding=\"0\" cellspacing=\"0\" style=\"border-collapse:collapse; width:100%; max-width:100%;\">\n<tr>\n<th align=\"left\" style=\"background:#7A7A7A; color:#fff; padding:8px 12px; border:1px solid #BDBDBD;\">KENNDATEN<\/th>\n<th align=\"left\" style=\"background:#7A7A7A; color:#fff; padding:8px 12px; border:1px solid #BDBDBD;\">WERTE<\/th>\n<\/tr>\n<tr>\n<td style=\"padding:8px 12px; border:1px solid #BDBDBD;\">pH bei 1%<\/td>\n<td style=\"padding:8px 12px; border:1px solid #BDBDBD;\">10,8<\/td>\n<\/tr>\n<tr style=\"background:#E6E6E6;\">\n<td style=\"padding:8px 12px; border:1px solid #BDBDBD;\">L\u00f6slichkeit in Wasser<\/td>\n<td style=\"padding:8px 12px; border:1px solid #BDBDBD;\">Total l\u00f6slich<\/td>\n<\/tr>\n<tr>\n<td style=\"padding:8px 12px; border:1px solid #BDBDBD;\">Brechungsindex bei 20 \u00b0C<\/td>\n<td style=\"padding:8px 12px; border:1px solid #BDBDBD;\">1,38<\/td>\n<\/tr>\n<tr style=\"background:#E6E6E6;\">\n<td style=\"padding:8px 12px; border:1px solid #BDBDBD;\">Oberfl\u00e4chenspannung bei 1% (dyn\/cm)<\/td>\n<td style=\"padding:8px 12px; border:1px solid #BDBDBD;\">27<\/td>\n<\/tr>\n<\/table>\n","protected":false},"excerpt":{"rendered":"\n<ul>\n<li>Entfernen von \u00f6len auf metallen<\/li>\n<li>Spr\u00fch-, rohsp\u00fcl- und tauchstrahlverfahren<\/li>\n<li>Geeignet f\u00fcr eindringpr\u00fcfverfahren<\/li>\n<\/ul>\n<p><a href=\"https:\/\/www.inventec.dehon.com\/wp-content\/uploads\/2023\/06\/GW-Score-26.png\"><img decoding=\"async\" class=\"alignnone wp-image-14922\" src=\"https:\/\/www.inventec.dehon.com\/wp-content\/uploads\/2023\/06\/GW-Score-26.png\" alt=\"\" width=\"40\" height=\"34\" \/><\/a><\/p>\n","protected":false},"featured_media":14998,"comment_status":"closed","ping_status":"closed","template":"","meta":{"_acf_changed":false,"inline_featured_image":false},"product_brand":[],"product_cat":[2864,411],"product_tag":[2344,4326,2343,4394,4454,4795,4799,4470,4262,4258,4254,4266,4787],"class_list":{"0":"post-20299","1":"product","2":"type-product","3":"status-publish","4":"has-post-thumbnail","6":"industries-antriebsstrang","7":"industries-landing-systeme","8":"industries-luft-und-raumfahrt-verteidigung","9":"industries-motoren","10":"product_cat-olentfernung-von-verschiedenen-metallkomponenten","11":"product_cat-reinigung","12":"product_tag-aero-de","13":"product_tag-greenway","14":"product_tag-m-aero-de","15":"product_tag-olentfernung","16":"product_tag-spray","17":"product_tag-spuelen","18":"product_tag-tauchstrahl","19":"product_tag-ultraschall","20":"product_tag-ultraschall-wasserbad","21":"product_tag-wasserbad","22":"product_tag-wasserbasierte-reinigungsfluessigkeiten-de","23":"product_tag-wasserbasierte-spruehreinigung","24":"product_tag-waessrige-tauchstrahlreinigung","25":"pa_application-oelentfernung","26":"pa_brand-m-aero-de-2","27":"pa_features-greenway","28":"pa_processes-spray-auf-wasserbasis","29":"pa_processes-spulung","30":"pa_processes-waessrige-ultraschallimmersion","31":"pa_processes-waessriger-immersionsstrahl","32":"pa_product-category-wasserbasierte-reinigungsfluessigkeiten","34":"first","35":"instock","36":"shipping-taxable","37":"product-type-simple"},"acf":[],"_links":{"self":[{"href":"https:\/\/www.inventec.dehon.com\/de\/wp-json\/wp\/v2\/product\/20299","targetHints":{"allow":["GET"]}}],"collection":[{"href":"https:\/\/www.inventec.dehon.com\/de\/wp-json\/wp\/v2\/product"}],"about":[{"href":"https:\/\/www.inventec.dehon.com\/de\/wp-json\/wp\/v2\/types\/product"}],"replies":[{"embeddable":true,"href":"https:\/\/www.inventec.dehon.com\/de\/wp-json\/wp\/v2\/comments?post=20299"}],"wp:featuredmedia":[{"embeddable":true,"href":"https:\/\/www.inventec.dehon.com\/de\/wp-json\/wp\/v2\/media\/14998"}],"wp:attachment":[{"href":"https:\/\/www.inventec.dehon.com\/de\/wp-json\/wp\/v2\/media?parent=20299"}],"wp:term":[{"taxonomy":"product_brand","embeddable":true,"href":"https:\/\/www.inventec.dehon.com\/de\/wp-json\/wp\/v2\/product_brand?post=20299"},{"taxonomy":"product_cat","embeddable":true,"href":"https:\/\/www.inventec.dehon.com\/de\/wp-json\/wp\/v2\/product_cat?post=20299"},{"taxonomy":"product_tag","embeddable":true,"href":"https:\/\/www.inventec.dehon.com\/de\/wp-json\/wp\/v2\/product_tag?post=20299"}],"curies":[{"name":"wp","href":"https:\/\/api.w.org\/{rel}","templated":true}]}}