{"id":20067,"date":"2023-09-13T07:43:01","date_gmt":"2023-09-13T07:43:01","guid":{"rendered":"https:\/\/www.inventec.dehon.com\/?post_type=product&#038;p=20067"},"modified":"2026-01-20T11:13:44","modified_gmt":"2026-01-20T10:13:44","slug":"thermasolv-im2","status":"publish","type":"product","link":"https:\/\/www.inventec.dehon.com\/de\/product\/thermasolv-im2\/","title":{"rendered":"THERMASOLV IM2"},"content":{"rendered":"<p><img decoding=\"async\" src=\"https:\/\/www.inventec.dehon.com\/wp-content\/uploads\/2023\/09\/Thermasolv-Greenway-600x600.jpg\" alt=\"THERMASOLV IM2\" class=\"responsive-img\" align=\"right\" style=\"border-radius:10px; margin-bottom:10px; margin-top:-10px; margin-left:15px; width:300px\" \/><\/p>\n<h2 style=\"color:#9bc947; margin-bottom:15px\">Dielektrische K\u00fchlfl\u00fcssigkeiten f\u00fcr elektronische und elektrische Ger\u00e4te<\/h2>\n<ul>\n<li>Dielektrische w\u00e4rme\u00fcbertragungsfl\u00fcssigkeit<\/li>\n<li>Siedepunkt: 49\u00b0C\/120\u00b0F<\/li>\n<li>Nicht entflammbar und ultra-niederiges GWP<\/li>\n<\/ul>\n<h5>THERMASOLV IM2<\/h5>\n<p>Ist eine dielektrische W\u00e4rme\u00fcbertragungsfl\u00fcssigkeit, die f\u00fcr 2-Phasen-Tauch- oder Direktk\u00fchlsysteme geeignet ist. Die hohen elektrischen Isolationseigenschaften erm\u00f6glichen das Eintauchen von Elektronik und elektrischen Ger\u00e4ten, die unter Strom stehen, in die Fl\u00fcssigkeit. Die g\u00fcnstigen Eigenschaften von Viskosit\u00e4t, Dichte und Oberfl\u00e4chenspannung des Produkts erm\u00f6glichen einen optimalen Oberfl\u00e4chenkontakt, was zu einer hervorragenden W\u00e4rme\u00fcbertragungsleistung beitr\u00e4gt.<\/p>\n<p>Die sehr gute Vertr\u00e4glichkeit mit allen Metallen, einer Vielzahl von Kunststoffen und Elastomeren und die chemische Stabilit\u00e4t der Fl\u00fcssigkeit machen <strong>THERMASOLV IM2<\/strong> zu einer idealen Fl\u00fcssigkeit f\u00fcr die Tauchk\u00fchlung.<\/p>\n<p><strong>THERMASOLV IM2<\/strong> wurde unter Ber\u00fccksichtigung der Sicherheit formuliert. Es ist ungiftig, enth\u00e4lt keine EUH-S\u00e4tze, ist nicht brennbar und hat keinen Flammpunkt. Au\u00dferdem hat es feuerl\u00f6schende Eigenschaften, was zus\u00e4tzlichen Schutz im Brandfall bietet. Es ist auch eine hervorragende nachhaltige L\u00f6sung, da es kein ODP und ein sehr niedriges GWP hat und bei Bedarf zum Recycling angeboten werden kann.<\/p>\n<p><!-- SPEZIFIKATIONEN Section --><\/p>\n<div style=\"font-weight:bold; border-bottom:2px solid #9DBB2F; padding-bottom:6px; margin-bottom:10px;\">\n  SPEZIFIKATIONEN\n<\/div>\n<table width=\"100%\" cellpadding=\"0\" cellspacing=\"0\" style=\"border-collapse:collapse; width:100%; max-width:100%;\">\n<tr>\n<th align=\"left\" style=\"background:#7A7A7A; color:#fff; padding:8px 12px; border:1px solid #BDBDBD;\">SPEZIFIKATIONEN<\/th>\n<th align=\"left\" style=\"background:#7A7A7A; color:#fff; padding:8px 12px; border:1px solid #BDBDBD;\">WERTE<\/th>\n<th align=\"left\" style=\"background:#7A7A7A; color:#fff; padding:8px 12px; border:1px solid #BDBDBD;\">METHODEN<\/th>\n<\/tr>\n<tr>\n<td style=\"padding:8px 12px; border:1px solid #BDBDBD;\">Aspekt<\/td>\n<td style=\"padding:8px 12px; border:1px solid #BDBDBD;\">Farblos, klar<\/td>\n<td style=\"padding:8px 12px; border:1px solid #BDBDBD;\">Visuell<\/td>\n<\/tr>\n<tr style=\"background:#E6E6E6;\">\n<td style=\"padding:8px 12px; border:1px solid #BDBDBD;\">Reinheit (%)<\/td>\n<td style=\"padding:8px 12px; border:1px solid #BDBDBD;\">>99,9<\/td>\n<td style=\"padding:8px 12px; border:1px solid #BDBDBD;\">Intern \/ MO.SB.10033<\/td>\n<\/tr>\n<\/table>\n<p><!-- KENNDATEN Section --><\/p>\n<div style=\"font-weight:bold; border-bottom:2px solid #9DBB2F; padding-bottom:6px; margin:30px 0 10px 0;\">\n  KENNDATEN\n<\/div>\n<table width=\"100%\" cellpadding=\"0\" cellspacing=\"0\" style=\"border-collapse:collapse; width:100%; max-width:100%;\">\n<tr>\n<th align=\"left\" style=\"background:#7A7A7A; color:#fff; padding:8px 12px; border:1px solid #BDBDBD;\">KENNDATEN<\/th>\n<th align=\"left\" style=\"background:#7A7A7A; color:#fff; padding:8px 12px; border:1px solid #BDBDBD;\">WERTE<\/th>\n<\/tr>\n<tr>\n<td style=\"padding:8px 12px; border:1px solid #BDBDBD;\">Flammpunkt<\/td>\n<td style=\"padding:8px 12px; border:1px solid #BDBDBD;\">Nein<\/td>\n<\/tr>\n<tr style=\"background:#E6E6E6;\">\n<td style=\"padding:8px 12px; border:1px solid #BDBDBD;\">Siedepunkt<\/td>\n<td style=\"padding:8px 12px; border:1px solid #BDBDBD;\">49\u00b0C\/120\u00b0F<\/td>\n<\/tr>\n<tr>\n<td style=\"padding:8px 12px; border:1px solid #BDBDBD;\">Flie\u00dfpunkt<\/td>\n<td style=\"padding:8px 12px; border:1px solid #BDBDBD;\">-108\u00b0C\/-162\u00b0F<\/td>\n<\/tr>\n<tr style=\"background:#E6E6E6;\">\n<td style=\"padding:8px 12px; border:1px solid #BDBDBD;\">Kritische Temperatur<\/td>\n<td style=\"padding:8px 12px; border:1px solid #BDBDBD;\">169\u00b0C\/336\u00b0F<\/td>\n<\/tr>\n<tr>\n<td style=\"padding:8px 12px; border:1px solid #BDBDBD;\">Kritischer Druck (MPa)<\/td>\n<td style=\"padding:8px 12px; border:1px solid #BDBDBD;\">1,88<\/td>\n<\/tr>\n<tr style=\"background:#E6E6E6;\">\n<td style=\"padding:8px 12px; border:1px solid #BDBDBD;\">Dampfdruck (kPa @20\u00b0C)<\/td>\n<td style=\"padding:8px 12px; border:1px solid #BDBDBD;\">33<\/td>\n<\/tr>\n<tr>\n<td style=\"padding:8px 12px; border:1px solid #BDBDBD;\">Verdampfungsw\u00e4rme (kJ\/kg @BP)<\/td>\n<td style=\"padding:8px 12px; border:1px solid #BDBDBD;\">88<\/td>\n<\/tr>\n<tr style=\"background:#E6E6E6;\">\n<td style=\"padding:8px 12px; border:1px solid #BDBDBD;\">Fl\u00fcssigkeitsdichte (kg\/m3 @20\u00b0C)<\/td>\n<td style=\"padding:8px 12px; border:1px solid #BDBDBD;\">1600<\/td>\n<\/tr>\n<tr>\n<td style=\"padding:8px 12px; border:1px solid #BDBDBD;\">Kinematische Viskosit\u00e4t (cSt @20\u00b0C)<\/td>\n<td style=\"padding:8px 12px; border:1px solid #BDBDBD;\">0,4<\/td>\n<\/tr>\n<tr style=\"background:#E6E6E6;\">\n<td style=\"padding:8px 12px; border:1px solid #BDBDBD;\">Spezifische W\u00e4rme (J\/kg-K @25\u00b0C)<\/td>\n<td style=\"padding:8px 12px; border:1px solid #BDBDBD;\">1103<\/td>\n<\/tr>\n<tr>\n<td style=\"padding:8px 12px; border:1px solid #BDBDBD;\">Oberfl\u00e4chenspannung (dyn\/cm\u00b2)<\/td>\n<td style=\"padding:8px 12px; border:1px solid #BDBDBD;\">10,8<\/td>\n<\/tr>\n<tr style=\"background:#E6E6E6;\">\n<td style=\"padding:8px 12px; border:1px solid #BDBDBD;\">Durchschlagfestigkeit (kV)<\/td>\n<td style=\"padding:8px 12px; border:1px solid #BDBDBD;\">>40<\/td>\n<\/tr>\n<tr>\n<td style=\"padding:8px 12px; border:1px solid #BDBDBD;\">Dielektrizit\u00e4tskonstante @1kHz<\/td>\n<td style=\"padding:8px 12px; border:1px solid #BDBDBD;\">1,84<\/td>\n<\/tr>\n<tr style=\"background:#E6E6E6;\">\n<td style=\"padding:8px 12px; border:1px solid #BDBDBD;\">Widerstand (Ohm-cm)<\/td>\n<td style=\"padding:8px 12px; border:1px solid #BDBDBD;\">1,00E+13<\/td>\n<\/tr>\n<tr>\n<td style=\"padding:8px 12px; border:1px solid #BDBDBD;\">W\u00e4rmeleitf\u00e4higkeit (W\/m-K)<\/td>\n<td style=\"padding:8px 12px; border:1px solid #BDBDBD;\">0,059<\/td>\n<\/tr>\n<tr style=\"background:#E6E6E6;\">\n<td style=\"padding:8px 12px; border:1px solid #BDBDBD;\">Wassergehaltsspezifikation (ppm)<\/td>\n<td style=\"padding:8px 12px; border:1px solid #BDBDBD;\">10<\/td>\n<\/tr>\n<tr>\n<td style=\"padding:8px 12px; border:1px solid #BDBDBD;\">L\u00f6slichkeit Wasser in Fl\u00fcssigkeit (ppm Gewicht)<\/td>\n<td style=\"padding:8px 12px; border:1px solid #BDBDBD;\">10<\/td>\n<\/tr>\n<\/table>\n","protected":false},"excerpt":{"rendered":"<ul>\n<li>Dielektrische w\u00e4rme\u00fcbertragungsfl\u00fcssigkeit<\/li>\n<li>Siedepunkt: 49\u00b0C\/120\u00b0F<\/li>\n<li>Nicht entflammbar und ultra-niederiges GWP<\/li>\n<\/ul>\n<p><a href=\"https:\/\/www.inventec.dehon.com\/wp-content\/uploads\/2023\/09\/GW-Score-14.png\"><img decoding=\"async\" class=\"alignnone wp-image-15841\" src=\"https:\/\/www.inventec.dehon.com\/wp-content\/uploads\/2023\/09\/GW-Score-14.png\" alt=\"\" width=\"100\" height=\"85\" \/><\/a><\/p>\n","protected":false},"featured_media":15870,"comment_status":"closed","ping_status":"closed","template":"","meta":{"_acf_changed":false,"inline_featured_image":false},"product_brand":[],"product_cat":[1260,1207,1206],"product_tag":[4514,4518,4522,4526,4065,4539,4535,4326,4607,1976,4567,4611,4583,4591,4587,4579,4599,1930,1975,4546,4615],"class_list":{"0":"post-20067","1":"product","2":"type-product","3":"status-publish","4":"has-post-thumbnail","6":"product_cat-dielektrische-prufung","7":"product_cat-eintauchkuhlung","8":"product_cat-kuhlung","9":"product_tag-1-phasen","10":"product_tag-1-phasen-kuhlung","11":"product_tag-2-phasen","12":"product_tag-2-phasen-kuhlung","13":"product_tag-data-center-de","14":"product_tag-dielektrische-prufung","15":"product_tag-dielektrische-warmetragerflussigkeiten","16":"product_tag-greenway","17":"product_tag-halbleitertests","18":"product_tag-im2-de","19":"product_tag-immersionskuhlung","20":"product_tag-loesungsmittelbasiert","21":"product_tag-mittlere-siedetemperatur","22":"product_tag-mittlerer-erstarrungspunkt","23":"product_tag-mittlerer-pourpoint","24":"product_tag-mittlerer-siedepunkt","25":"product_tag-recycelbar","26":"product_tag-thermasolv-de","27":"product_tag-thermasolv-im2-de","28":"product_tag-waermetraegerfluessigkeiten","29":"product_tag-zweiphasige-kuehlung","30":"pa_application-halbleiter-pruefung","31":"pa_application-rechenzentrum","32":"pa_brand-thermasolv-de-2","33":"pa_features-fliesspunkt-mittel-120-c-100-c","34":"pa_features-greenway","35":"pa_features-kuehlung-einphasig","36":"pa_features-kuehlung-zweiphasig","37":"pa_features-loesungsmittelbasiert","38":"pa_features-recycelbar","39":"pa_features-siedepunkt-mittel-40-90-c","40":"pa_processes-dielektrische-pruefung","41":"pa_processes-eintauchkuehlung","42":"pa_product-category-dielektrische-waermetraegerfluessigkeiten","44":"first","45":"instock","46":"shipping-taxable","47":"product-type-simple"},"acf":[],"_links":{"self":[{"href":"https:\/\/www.inventec.dehon.com\/de\/wp-json\/wp\/v2\/product\/20067","targetHints":{"allow":["GET"]}}],"collection":[{"href":"https:\/\/www.inventec.dehon.com\/de\/wp-json\/wp\/v2\/product"}],"about":[{"href":"https:\/\/www.inventec.dehon.com\/de\/wp-json\/wp\/v2\/types\/product"}],"replies":[{"embeddable":true,"href":"https:\/\/www.inventec.dehon.com\/de\/wp-json\/wp\/v2\/comments?post=20067"}],"wp:featuredmedia":[{"embeddable":true,"href":"https:\/\/www.inventec.dehon.com\/de\/wp-json\/wp\/v2\/media\/15870"}],"wp:attachment":[{"href":"https:\/\/www.inventec.dehon.com\/de\/wp-json\/wp\/v2\/media?parent=20067"}],"wp:term":[{"taxonomy":"product_brand","embeddable":true,"href":"https:\/\/www.inventec.dehon.com\/de\/wp-json\/wp\/v2\/product_brand?post=20067"},{"taxonomy":"product_cat","embeddable":true,"href":"https:\/\/www.inventec.dehon.com\/de\/wp-json\/wp\/v2\/product_cat?post=20067"},{"taxonomy":"product_tag","embeddable":true,"href":"https:\/\/www.inventec.dehon.com\/de\/wp-json\/wp\/v2\/product_tag?post=20067"}],"curies":[{"name":"wp","href":"https:\/\/api.w.org\/{rel}","templated":true}]}}