{"id":20063,"date":"2023-09-13T07:23:30","date_gmt":"2023-09-13T07:23:30","guid":{"rendered":"https:\/\/www.inventec.dehon.com\/?post_type=product&#038;p=20063"},"modified":"2026-01-20T11:01:22","modified_gmt":"2026-01-20T10:01:22","slug":"thermasolv-im1","status":"publish","type":"product","link":"https:\/\/www.inventec.dehon.com\/de\/product\/thermasolv-im1\/","title":{"rendered":"THERMASOLV IM1"},"content":{"rendered":"<p><img decoding=\"async\" src=\"https:\/\/www.inventec.dehon.com\/wp-content\/uploads\/2023\/09\/Thermasolv-Greenway-600x600.jpg\" alt=\"THERMASOLV IM1\" class=\"responsive-img\" align=\"right\" style=\"border-radius:10px; margin-bottom:10px; margin-top:-10px; margin-left:15px; width:300px\" \/><\/p>\n<h2 style=\"color:#9bc947; margin-bottom:15px\">Dielektrische K\u00fchlfl\u00fcssigkeiten f\u00fcr elektronische und elektrische Ger\u00e4te<\/h2>\n<ul>\n<li>Dielektrische w\u00e4rme\u00fcbertragungsfl\u00fcssigkeit<\/li>\n<li>Siedepunkt: 61\u00b0C\/142\u00b0F<\/li>\n<li>Mittelniedriges GWP<\/li>\n<\/ul>\n<h5>THERMASOLV IM1<\/h5>\n<p>Ist eine dielektrische W\u00e4rme\u00fcbertragungsfl\u00fcssigkeit, die f\u00fcr 1- oder 2-phasige Immersions- oder Direktk\u00fchlsysteme bestimmt ist. Seine hohen elektrischen Isolationseigenschaften erm\u00f6glichen es, Elektronik und elektrische Ger\u00e4te unter Strom in die Fl\u00fcssigkeit einzutauchen. Die g\u00fcnstigen Eigenschaften von Viskosit\u00e4t, Dichte und Oberfl\u00e4chenspannung des Produkts erm\u00f6glichen einen optimalen Oberfl\u00e4chenkontakt, was zu einer hervorragenden W\u00e4rme\u00fcbertragungsleistung beitr\u00e4gt.<\/p>\n<p>Die sehr gute Vertr\u00e4glichkeit mit allen Metallen, einer Vielzahl von Kunststoffen und Elastomeren und die chemische Stabilit\u00e4t der Fl\u00fcssigkeit machen <strong>THERMASOLV IM1<\/strong> zu einer idealen Fl\u00fcssigkeit f\u00fcr die Tauchk\u00fchlung.<\/p>\n<p><strong>THERMASOLV IM1<\/strong> wurde unter Ber\u00fccksichtigung der Sicherheit formuliert. Es ist ungiftig, enth\u00e4lt keine EUH-S\u00e4tze, ist nicht brennbar und hat keinen Flammpunkt. Au\u00dferdem hat es feuerl\u00f6schende Eigenschaften, die im Falle eines Brandes zus\u00e4tzlichen Schutz bieten. Es ist au\u00dferdem eine hervorragende nachhaltige L\u00f6sung, da es kein ODP und ein mittelniedriges GWP aufweist und bei Bedarf zum Recycling angeboten werden kann.<\/p>\n<p><!-- SPEZIFIKATIONEN Section --><\/p>\n<div style=\"font-weight:bold; text-transform:uppercase; border-bottom:2px solid #9DBB2F; padding-bottom:6px; margin-bottom:10px;\">\n  SPEZIFIKATIONEN\n<\/div>\n<table width=\"100%\" cellpadding=\"0\" cellspacing=\"0\" style=\"border-collapse:collapse; width:100%; max-width:100%;\">\n<tr>\n<th align=\"left\" style=\"background:#7A7A7A; color:#fff; padding:8px 12px; border:1px solid #BDBDBD;\">SPEZIFIKATIONEN<\/th>\n<th align=\"left\" style=\"background:#7A7A7A; color:#fff; padding:8px 12px; border:1px solid #BDBDBD;\">WERTE<\/th>\n<th align=\"left\" style=\"background:#7A7A7A; color:#fff; padding:8px 12px; border:1px solid #BDBDBD;\">METHODEN<\/th>\n<\/tr>\n<tr>\n<td style=\"padding:8px 12px; border:1px solid #BDBDBD;\">Aspekt<\/td>\n<td style=\"padding:8px 12px; border:1px solid #BDBDBD;\">Farblos, klar<\/td>\n<td style=\"padding:8px 12px; border:1px solid #BDBDBD;\">Visuell<\/td>\n<\/tr>\n<tr style=\"background:#E6E6E6;\">\n<td style=\"padding:8px 12px; border:1px solid #BDBDBD;\">Reinheit (%)<\/td>\n<td style=\"padding:8px 12px; border:1px solid #BDBDBD;\">> 99,5<\/td>\n<td style=\"padding:8px 12px; border:1px solid #BDBDBD;\">Intern \/ MO.SB.10033<\/td>\n<\/tr>\n<\/table>\n<p><!-- KENNDATEN Section --><\/p>\n<div style=\"font-weight:bold; text-transform:uppercase; border-bottom:2px solid #9DBB2F; padding-bottom:6px; margin:30px 0 10px 0;\">\n  KENNDATEN\n<\/div>\n<table width=\"100%\" cellpadding=\"0\" cellspacing=\"0\" style=\"border-collapse:collapse; width:100%; max-width:100%;\">\n<tr>\n<th align=\"left\" style=\"background:#7A7A7A; color:#fff; padding:8px 12px; border:1px solid #BDBDBD;\">KENNDATEN<\/th>\n<th align=\"left\" style=\"background:#7A7A7A; color:#fff; padding:8px 12px; border:1px solid #BDBDBD;\">WERTE<\/th>\n<\/tr>\n<tr>\n<td style=\"padding:8px 12px; border:1px solid #BDBDBD;\">Flammpunkt<\/td>\n<td style=\"padding:8px 12px; border:1px solid #BDBDBD;\">Nein<\/td>\n<\/tr>\n<tr style=\"background:#E6E6E6;\">\n<td style=\"padding:8px 12px; border:1px solid #BDBDBD;\">Siedepunkt<\/td>\n<td style=\"padding:8px 12px; border:1px solid #BDBDBD;\">61\u00b0C\/142\u00b0F<\/td>\n<\/tr>\n<tr>\n<td style=\"padding:8px 12px; border:1px solid #BDBDBD;\">Flie\u00dfpunkt<\/td>\n<td style=\"padding:8px 12px; border:1px solid #BDBDBD;\">-135\u00b0C\/-211\u00b0F<\/td>\n<\/tr>\n<tr style=\"background:#E6E6E6;\">\n<td style=\"padding:8px 12px; border:1px solid #BDBDBD;\">Kritische Temperatur<\/td>\n<td style=\"padding:8px 12px; border:1px solid #BDBDBD;\">195\u00b0C\/383\u00b0F<\/td>\n<\/tr>\n<tr>\n<td style=\"padding:8px 12px; border:1px solid #BDBDBD;\">Kritischer Druck (MPa)<\/td>\n<td style=\"padding:8px 12px; border:1px solid #BDBDBD;\">2,23<\/td>\n<\/tr>\n<tr style=\"background:#E6E6E6;\">\n<td style=\"padding:8px 12px; border:1px solid #BDBDBD;\">Dampfdruck (kPa @20\u00b0C)<\/td>\n<td style=\"padding:8px 12px; border:1px solid #BDBDBD;\">27<\/td>\n<\/tr>\n<tr>\n<td style=\"padding:8px 12px; border:1px solid #BDBDBD;\">Verdampfungsw\u00e4rme (kJ\/kg @BP)<\/td>\n<td style=\"padding:8px 12px; border:1px solid #BDBDBD;\">112<\/td>\n<\/tr>\n<tr style=\"background:#E6E6E6;\">\n<td style=\"padding:8px 12px; border:1px solid #BDBDBD;\">Fl\u00fcssigkeitsdichte (kg\/m\u00b3 @20\u00b0C)<\/td>\n<td style=\"padding:8px 12px; border:1px solid #BDBDBD;\">1520<\/td>\n<\/tr>\n<tr>\n<td style=\"padding:8px 12px; border:1px solid #BDBDBD;\">Kinematische Viskosit\u00e4t (cSt @20\u00b0C)<\/td>\n<td style=\"padding:8px 12px; border:1px solid #BDBDBD;\">0,38<\/td>\n<\/tr>\n<tr style=\"background:#E6E6E6;\">\n<td style=\"padding:8px 12px; border:1px solid #BDBDBD;\">Spezifische W\u00e4rme (J\/kg-K @25\u00b0C)<\/td>\n<td style=\"padding:8px 12px; border:1px solid #BDBDBD;\">1183<\/td>\n<\/tr>\n<tr>\n<td style=\"padding:8px 12px; border:1px solid #BDBDBD;\">Oberfl\u00e4chenspannung (dyn\/cm\u00b2)<\/td>\n<td style=\"padding:8px 12px; border:1px solid #BDBDBD;\">13,6<\/td>\n<\/tr>\n<tr style=\"background:#E6E6E6;\">\n<td style=\"padding:8px 12px; border:1px solid #BDBDBD;\">Durchschlagfestigkeit (kV)<\/td>\n<td style=\"padding:8px 12px; border:1px solid #BDBDBD;\">28<\/td>\n<\/tr>\n<tr>\n<td style=\"padding:8px 12px; border:1px solid #BDBDBD;\">Dielektrizit\u00e4tskonstante @1kHz<\/td>\n<td style=\"padding:8px 12px; border:1px solid #BDBDBD;\">7,4<\/td>\n<\/tr>\n<tr style=\"background:#E6E6E6;\">\n<td style=\"padding:8px 12px; border:1px solid #BDBDBD;\">Widerstand (Ohm-cm)<\/td>\n<td style=\"padding:8px 12px; border:1px solid #BDBDBD;\">1,00E+09<\/td>\n<\/tr>\n<tr>\n<td style=\"padding:8px 12px; border:1px solid #BDBDBD;\">W\u00e4rmeleitf\u00e4higkeit (W\/m-K)<\/td>\n<td style=\"padding:8px 12px; border:1px solid #BDBDBD;\">0,069<\/td>\n<\/tr>\n<tr style=\"background:#E6E6E6;\">\n<td style=\"padding:8px 12px; border:1px solid #BDBDBD;\">Wassergehaltsspezifikation (ppm)<\/td>\n<td style=\"padding:8px 12px; border:1px solid #BDBDBD;\">50<\/td>\n<\/tr>\n<tr>\n<td style=\"padding:8px 12px; border:1px solid #BDBDBD;\">L\u00f6slichkeit Wasser in Fl\u00fcssigkeit (ppm Gewicht)<\/td>\n<td style=\"padding:8px 12px; border:1px solid #BDBDBD;\">95<\/td>\n<\/tr>\n<\/table>\n","protected":false},"excerpt":{"rendered":"<ul>\n<li>Dielektrische w\u00e4rme\u00fcbertragungsfl\u00fcssigkeit<\/li>\n<li>Siedepunkt: 61\u00b0C\/142\u00b0F<\/li>\n<li>Mittelniedriges GWP<\/li>\n<\/ul>\n<p><a href=\"https:\/\/www.inventec.dehon.com\/wp-content\/uploads\/2023\/09\/GW-Score-18.png\"><img decoding=\"async\" class=\"alignnone size-full wp-image-15830\" src=\"https:\/\/www.inventec.dehon.com\/wp-content\/uploads\/2023\/09\/GW-Score-18.png\" alt=\"\" width=\"178\" height=\"151\" \/><\/a><\/p>\n","protected":false},"featured_media":15870,"comment_status":"closed","ping_status":"closed","template":"","meta":{"_acf_changed":false,"inline_featured_image":false},"product_brand":[],"product_cat":[1260,1207,1266,1206],"product_tag":[4514,4518,4522,4526,4065,4539,4535,4326,4607,1966,4567,4530,4611,4583,4579,4575,4571,4599,1930,1965,4546,4615],"class_list":{"0":"post-20063","1":"product","2":"type-product","3":"status-publish","4":"has-post-thumbnail","6":"product_cat-dielektrische-prufung","7":"product_cat-eintauchkuhlung","8":"product_cat-kaltwassersatze","9":"product_cat-kuhlung","10":"product_tag-1-phasen","11":"product_tag-1-phasen-kuhlung","12":"product_tag-2-phasen","13":"product_tag-2-phasen-kuhlung","14":"product_tag-data-center-de","15":"product_tag-dielektrische-prufung","16":"product_tag-dielektrische-warmetragerflussigkeiten","17":"product_tag-greenway","18":"product_tag-halbleitertests","19":"product_tag-im1-de","20":"product_tag-immersionskuhlung","21":"product_tag-kaltwassersatze","22":"product_tag-loesungsmittelbasiert","23":"product_tag-mittlere-siedetemperatur","24":"product_tag-mittlerer-siedepunkt","25":"product_tag-niedriger-erstarrungspunkt","26":"product_tag-niedriger-pourpoint","27":"product_tag-recycelbar","28":"product_tag-thermasolv-de","29":"product_tag-thermasolv-im1-de","30":"product_tag-waermetraegerfluessigkeiten","31":"product_tag-zweiphasige-kuehlung","32":"pa_application-halbleiter-pruefung","33":"pa_application-rechenzentrum","34":"pa_brand-thermasolv-de-2","35":"pa_features-fliesspunkt-niedrig","36":"pa_features-greenway","37":"pa_features-kuehlung-einphasig","38":"pa_features-kuehlung-zweiphasig","39":"pa_features-loesungsmittelbasiert","40":"pa_features-recycelbar","41":"pa_features-siedepunkt-mittel-40-90-c","42":"pa_processes-dielektrische-pruefung","43":"pa_processes-eintauchkuehlung","44":"pa_processes-kaltwassersaetze","45":"pa_product-category-dielektrische-waermetraegerfluessigkeiten","47":"first","48":"instock","49":"shipping-taxable","50":"product-type-simple"},"acf":[],"_links":{"self":[{"href":"https:\/\/www.inventec.dehon.com\/de\/wp-json\/wp\/v2\/product\/20063","targetHints":{"allow":["GET"]}}],"collection":[{"href":"https:\/\/www.inventec.dehon.com\/de\/wp-json\/wp\/v2\/product"}],"about":[{"href":"https:\/\/www.inventec.dehon.com\/de\/wp-json\/wp\/v2\/types\/product"}],"replies":[{"embeddable":true,"href":"https:\/\/www.inventec.dehon.com\/de\/wp-json\/wp\/v2\/comments?post=20063"}],"wp:featuredmedia":[{"embeddable":true,"href":"https:\/\/www.inventec.dehon.com\/de\/wp-json\/wp\/v2\/media\/15870"}],"wp:attachment":[{"href":"https:\/\/www.inventec.dehon.com\/de\/wp-json\/wp\/v2\/media?parent=20063"}],"wp:term":[{"taxonomy":"product_brand","embeddable":true,"href":"https:\/\/www.inventec.dehon.com\/de\/wp-json\/wp\/v2\/product_brand?post=20063"},{"taxonomy":"product_cat","embeddable":true,"href":"https:\/\/www.inventec.dehon.com\/de\/wp-json\/wp\/v2\/product_cat?post=20063"},{"taxonomy":"product_tag","embeddable":true,"href":"https:\/\/www.inventec.dehon.com\/de\/wp-json\/wp\/v2\/product_tag?post=20063"}],"curies":[{"name":"wp","href":"https:\/\/api.w.org\/{rel}","templated":true}]}}