{"id":20056,"date":"2023-09-13T07:09:05","date_gmt":"2023-09-13T07:09:05","guid":{"rendered":"https:\/\/www.inventec.dehon.com\/?post_type=product&#038;p=20056"},"modified":"2026-01-20T10:49:01","modified_gmt":"2026-01-20T09:49:01","slug":"thermasolv-cf3","status":"publish","type":"product","link":"https:\/\/www.inventec.dehon.com\/de\/product\/thermasolv-cf3\/","title":{"rendered":"THERMASOLV CF3"},"content":{"rendered":"<p><img decoding=\"async\" src=\"https:\/\/www.inventec.dehon.com\/wp-content\/uploads\/2023\/09\/Thermasolv-Greenway-600x600.jpg\" alt=\"THERMASOLV CF3\" class=\"responsive-img\" align=\"right\" style=\"border-radius:10px; margin-bottom:10px; margin-top:-10px; margin-left:15px; width:300px\" \/><\/p>\n<h2 style=\"color:#9bc947; margin-bottom:15px\">Dielektrische K\u00fchlfl\u00fcssigkeiten f\u00fcr elektronische und elektrische Ger\u00e4te<\/h2>\n<ul>\n<li>Dielektrische w\u00e4rme\u00fcbertragungsfl\u00fcssigkeit<\/li>\n<li>Siedepunkt: 120\u00b0C\/248\u00b0F<\/li>\n<li>Niedriges GWP<\/li>\n<\/ul>\n<h5>THERMASOLV CF3<\/h5>\n<p>Ist eine dielektrische W\u00e4rme\u00fcbertragungsfl\u00fcssigkeit, die f\u00fcr einphasige Immersions- oder Direktk\u00fchlsysteme bestimmt ist. Seine hohen elektrischen Isolationseigenschaften erm\u00f6glichen es, Elektronik und elektrische Ger\u00e4te unter Strom in die Fl\u00fcssigkeit einzutauchen. Die g\u00fcnstigen Eigenschaften von Viskosit\u00e4t, Dichte und Oberfl\u00e4chenspannung des Produkts erm\u00f6glichen einen optimalen Oberfl\u00e4chenkontakt, was zu einer hervorragenden W\u00e4rme\u00fcbertragungsleistung beitr\u00e4gt.<\/p>\n<p>Die sehr gute Vertr\u00e4glichkeit mit allen Metallen, einer Vielzahl von Kunststoffen und Elastomeren und die chemische Stabilit\u00e4t der Fl\u00fcssigkeit machen <strong>THERMASOLV CF3<\/strong> zu einer idealen Fl\u00fcssigkeit f\u00fcr die Tauchk\u00fchlung.<\/p>\n<p>Aufgrund seiner chemischen Beschaffenheit eignet sich <strong>THERMASOLV CF3<\/strong> auch als Haftvermittler f\u00fcr den Preform-Die-Attach-L\u00f6tprozess. Es ist leicht zu spr\u00fchen und hinterl\u00e4sst nach dem Verdampfen im Reflow-Schritt keine R\u00fcckst\u00e4nde.<\/p>\n<p><strong>THERMASOLV CF3<\/strong> wurde unter Ber\u00fccksichtigung der Sicherheit formuliert. Es ist ungiftig, enth\u00e4lt keine EUH-S\u00e4tze, ist nicht brennbar und hat keinen Flammpunkt. Es ist auch eine gro\u00dfartige nachhaltige L\u00f6sung, da es kein ODP und ein niedriges GWP hat und bei Bedarf zum Recycling angeboten werden kann.<\/p>\n<p><!-- SPEZIFIKATIONEN Section --><\/p>\n<div style=\"font-weight:bold; text-transform:uppercase; border-bottom:2px solid #9DBB2F; padding-bottom:6px; margin-bottom:10px;\">\n  SPEZIFIKATIONEN\n<\/div>\n<table width=\"100%\" cellpadding=\"0\" cellspacing=\"0\" style=\"border-collapse:collapse; width:100%; max-width:100%;\">\n<tr>\n<th align=\"left\" style=\"background:#7A7A7A; color:#fff; padding:8px 12px; border:1px solid #BDBDBD;\">\n      SPEZIFIKATIONEN\n    <\/th>\n<th align=\"left\" style=\"background:#7A7A7A; color:#fff; padding:8px 12px; border:1px solid #BDBDBD;\">\n      WERTE\n    <\/th>\n<th align=\"left\" style=\"background:#7A7A7A; color:#fff; padding:8px 12px; border:1px solid #BDBDBD;\">\n      METHODEN\n    <\/th>\n<\/tr>\n<tr>\n<td style=\"padding:8px 12px; border:1px solid #BDBDBD;\">Aspekt<\/td>\n<td style=\"padding:8px 12px; border:1px solid #BDBDBD;\">Farblos, klar<\/td>\n<td style=\"padding:8px 12px; border:1px solid #BDBDBD;\">Visuell<\/td>\n<\/tr>\n<tr style=\"background:#E6E6E6;\">\n<td style=\"padding:8px 12px; border:1px solid #BDBDBD;\">Reinheit (%)<\/td>\n<td style=\"padding:8px 12px; border:1px solid #BDBDBD;\">&gt;99,5<\/td>\n<td style=\"padding:8px 12px; border:1px solid #BDBDBD;\">Intern<\/td>\n<\/tr>\n<\/table>\n<p><!-- KENNDATEN Section --><\/p>\n<div style=\"font-weight:bold; text-transform:uppercase; border-bottom:2px solid #9DBB2F; padding-bottom:6px; margin:30px 0 10px 0;\">\n  KENNDATEN\n<\/div>\n<table width=\"100%\" cellpadding=\"0\" cellspacing=\"0\" style=\"border-collapse:collapse; width:100%; max-width:100%;\">\n<tr>\n<th align=\"left\" style=\"background:#7A7A7A; color:#fff; padding:8px 12px; border:1px solid #BDBDBD;\">\n      KENNDATEN\n    <\/th>\n<th align=\"left\" style=\"background:#7A7A7A; color:#fff; padding:8px 12px; border:1px solid #BDBDBD;\">\n      WERTE\n    <\/th>\n<\/tr>\n<tr>\n<td style=\"padding:8px 12px; border:1px solid #BDBDBD;\">Flammpunkt<\/td>\n<td style=\"padding:8px 12px; border:1px solid #BDBDBD;\">Nein<\/td>\n<\/tr>\n<tr style=\"background:#E6E6E6;\">\n<td style=\"padding:8px 12px; border:1px solid #BDBDBD;\">Siedepunkt<\/td>\n<td style=\"padding:8px 12px; border:1px solid #BDBDBD;\">120\u00b0C \/ 248\u00b0F<\/td>\n<\/tr>\n<tr>\n<td style=\"padding:8px 12px; border:1px solid #BDBDBD;\">Flie\u00dfpunkt<\/td>\n<td style=\"padding:8px 12px; border:1px solid #BDBDBD;\">-82\u00b0C \/ -116\u00b0F<\/td>\n<\/tr>\n<tr style=\"background:#E6E6E6;\">\n<td style=\"padding:8px 12px; border:1px solid #BDBDBD;\">Kritische Temperatur<\/td>\n<td style=\"padding:8px 12px; border:1px solid #BDBDBD;\">285\u00b0C \/ 545\u00b0F<\/td>\n<\/tr>\n<tr>\n<td style=\"padding:8px 12px; border:1px solid #BDBDBD;\">Kritischer Druck (MPa)<\/td>\n<td style=\"padding:8px 12px; border:1px solid #BDBDBD;\">4,28<\/td>\n<\/tr>\n<tr style=\"background:#E6E6E6;\">\n<td style=\"padding:8px 12px; border:1px solid #BDBDBD;\">Dampfdruck (kPa @20\u00b0C)<\/td>\n<td style=\"padding:8px 12px; border:1px solid #BDBDBD;\">1,5<\/td>\n<\/tr>\n<tr>\n<td style=\"padding:8px 12px; border:1px solid #BDBDBD;\">Verdampfungsw\u00e4rme (kJ\/kg @BP)<\/td>\n<td style=\"padding:8px 12px; border:1px solid #BDBDBD;\">82,8<\/td>\n<\/tr>\n<tr style=\"background:#E6E6E6;\">\n<td style=\"padding:8px 12px; border:1px solid #BDBDBD;\">Fl\u00fcssigkeitsdichte (kg\/m\u00b3 @20\u00b0C)<\/td>\n<td style=\"padding:8px 12px; border:1px solid #BDBDBD;\">1836<\/td>\n<\/tr>\n<tr>\n<td style=\"padding:8px 12px; border:1px solid #BDBDBD;\">Kinematische Viskosit\u00e4t (cSt @20\u00b0C)<\/td>\n<td style=\"padding:8px 12px; border:1px solid #BDBDBD;\">1,27<\/td>\n<\/tr>\n<tr style=\"background:#E6E6E6;\">\n<td style=\"padding:8px 12px; border:1px solid #BDBDBD;\">Spezifische W\u00e4rme (J\/kg-K @25\u00b0C)<\/td>\n<td style=\"padding:8px 12px; border:1px solid #BDBDBD;\">1034<\/td>\n<\/tr>\n<tr>\n<td style=\"padding:8px 12px; border:1px solid #BDBDBD;\">Oberfl\u00e4chenspannung (dyn\/cm\u00b2)<\/td>\n<td style=\"padding:8px 12px; border:1px solid #BDBDBD;\">13<\/td>\n<\/tr>\n<tr style=\"background:#E6E6E6;\">\n<td style=\"padding:8px 12px; border:1px solid #BDBDBD;\">Durchschlagfestigkeit (kV)<\/td>\n<td style=\"padding:8px 12px; border:1px solid #BDBDBD;\">&gt;35,7<\/td>\n<\/tr>\n<tr>\n<td style=\"padding:8px 12px; border:1px solid #BDBDBD;\">Dielektrizit\u00e4tskonstante @1kHz<\/td>\n<td style=\"padding:8px 12px; border:1px solid #BDBDBD;\">2,09<\/td>\n<\/tr>\n<tr style=\"background:#E6E6E6;\">\n<td style=\"padding:8px 12px; border:1px solid #BDBDBD;\">Widerstand (Ohm-cm)<\/td>\n<td style=\"padding:8px 12px; border:1px solid #BDBDBD;\">&gt;1,00E+15<\/td>\n<\/tr>\n<tr>\n<td style=\"padding:8px 12px; border:1px solid #BDBDBD;\">W\u00e4rmeleitf\u00e4higkeit (W\/m-K)<\/td>\n<td style=\"padding:8px 12px; border:1px solid #BDBDBD;\">0,064<\/td>\n<\/tr>\n<tr style=\"background:#E6E6E6;\">\n<td style=\"padding:8px 12px; border:1px solid #BDBDBD;\">Wassergehaltsspezifikation (ppm)<\/td>\n<td style=\"padding:8px 12px; border:1px solid #BDBDBD;\">15<\/td>\n<\/tr>\n<tr>\n<td style=\"padding:8px 12px; border:1px solid #BDBDBD;\">L\u00f6slichkeit Wasser in Fl\u00fcssigkeit (ppm Gewicht)<\/td>\n<td style=\"padding:8px 12px; border:1px solid #BDBDBD;\">&lt;10<\/td>\n<\/tr>\n<\/table>\n","protected":false},"excerpt":{"rendered":"<ul>\n<li>Dielektrische w\u00e4rme\u00fcbertragungsfl\u00fcssigkeit<\/li>\n<li>Siedepunkt: 120\u00b0C\/248\u00b0F<\/li>\n<li>Niedriges GWP<\/li>\n<\/ul>\n<p><a href=\"https:\/\/www.inventec.dehon.com\/wp-content\/uploads\/2023\/09\/GW-Score-19.png\"><img decoding=\"async\" class=\"alignnone size-full wp-image-16185\" src=\"https:\/\/www.inventec.dehon.com\/wp-content\/uploads\/2023\/09\/GW-Score-19.png\" alt=\"\" width=\"278\" height=\"236\" \/><\/a><\/p>\n","protected":false},"featured_media":15870,"comment_status":"closed","ping_status":"closed","template":"","meta":{"_acf_changed":false,"inline_featured_image":false},"product_brand":[],"product_cat":[1266,1206],"product_tag":[4514,4518,1956,4065,4535,4595,4326,4603,4555,4563,4559,4551,4530,4611,4599,1930,1955,4543],"class_list":{"0":"post-20056","1":"product","2":"type-product","3":"status-publish","4":"has-post-thumbnail","6":"product_cat-kaltwassersatze","7":"product_cat-kuhlung","8":"product_tag-1-phasen","9":"product_tag-1-phasen-kuhlung","10":"product_tag-cf3-de","11":"product_tag-data-center-de","12":"product_tag-dielektrische-warmetragerflussigkeiten","13":"product_tag-einphasige-kuehlung","14":"product_tag-greenway","15":"product_tag-halbleiteraetzung","16":"product_tag-hohe-siedetemperatur","17":"product_tag-hoher-erstarrungspunkt","18":"product_tag-hoher-pourpoint","19":"product_tag-hoher-siedepunkt","20":"product_tag-kaltwassersatze","21":"product_tag-loesungsmittelbasiert","22":"product_tag-recycelbar","23":"product_tag-thermasolv-de","24":"product_tag-thermasolv-cf3-de","25":"product_tag-warmetragerflussigkeit","26":"pa_application-halbleiter-aetzen","27":"pa_brand-thermasolv-de-2","28":"pa_features-greenway","29":"pa_features-kuehlung-einphasig","30":"pa_features-loesungsmittelbasiert","31":"pa_features-recycelbar","32":"pa_features-siedepunkt-hoch-90-c","33":"pa_processes-kaltwassersaetze","34":"pa_product-category-dielektrische-waermetraegerfluessigkeiten","36":"first","37":"instock","38":"shipping-taxable","39":"product-type-simple"},"acf":[],"_links":{"self":[{"href":"https:\/\/www.inventec.dehon.com\/de\/wp-json\/wp\/v2\/product\/20056","targetHints":{"allow":["GET"]}}],"collection":[{"href":"https:\/\/www.inventec.dehon.com\/de\/wp-json\/wp\/v2\/product"}],"about":[{"href":"https:\/\/www.inventec.dehon.com\/de\/wp-json\/wp\/v2\/types\/product"}],"replies":[{"embeddable":true,"href":"https:\/\/www.inventec.dehon.com\/de\/wp-json\/wp\/v2\/comments?post=20056"}],"wp:featuredmedia":[{"embeddable":true,"href":"https:\/\/www.inventec.dehon.com\/de\/wp-json\/wp\/v2\/media\/15870"}],"wp:attachment":[{"href":"https:\/\/www.inventec.dehon.com\/de\/wp-json\/wp\/v2\/media?parent=20056"}],"wp:term":[{"taxonomy":"product_brand","embeddable":true,"href":"https:\/\/www.inventec.dehon.com\/de\/wp-json\/wp\/v2\/product_brand?post=20056"},{"taxonomy":"product_cat","embeddable":true,"href":"https:\/\/www.inventec.dehon.com\/de\/wp-json\/wp\/v2\/product_cat?post=20056"},{"taxonomy":"product_tag","embeddable":true,"href":"https:\/\/www.inventec.dehon.com\/de\/wp-json\/wp\/v2\/product_tag?post=20056"}],"curies":[{"name":"wp","href":"https:\/\/api.w.org\/{rel}","templated":true}]}}