{"id":19990,"date":"2023-09-13T06:40:52","date_gmt":"2023-09-13T06:40:52","guid":{"rendered":"https:\/\/www.inventec.dehon.com\/?post_type=product&#038;p=19990"},"modified":"2026-01-20T10:40:00","modified_gmt":"2026-01-20T09:40:00","slug":"thermasolv-cf2","status":"publish","type":"product","link":"https:\/\/www.inventec.dehon.com\/de\/product\/thermasolv-cf2\/","title":{"rendered":"THERMASOLV CF2"},"content":{"rendered":"<p><img decoding=\"async\" src=\"https:\/\/www.inventec.dehon.com\/wp-content\/uploads\/2023\/09\/Thermasolv-Greenway-600x600.jpg\" alt=\"THERMASOLV CF2\" class=\"responsive-img\" align=\"right\" style=\"border-radius:10px; margin-bottom:10px; margin-top:-10px; margin-left:15px; width:300px\" \/><\/p>\n<h2 style=\"color:#9bc947; margin-bottom:15px\">Dielektrische K\u00fchlfl\u00fcssigkeiten f\u00fcr elektronische und elektrische Ger\u00e4te<\/h2>\n<ul>\n<li>Dielektrische w\u00e4rme\u00fcbertragungsfl\u00fcssigkeit<\/li>\n<li>Siedepunkt: 110\u00b0C\/230\u00b0F<\/li>\n<li>Niedriges GWP<\/li>\n<\/ul>\n<h5>THERMASOLV CF2<\/h5>\n<p>Ist eine dielektrische W\u00e4rme\u00fcbertragungsfl\u00fcssigkeit, die f\u00fcr einphasige Immersions- oder Direktk\u00fchlsysteme bestimmt ist. Seine hohen elektrischen Isolationseigenschaften erm\u00f6glichen es, Elektronik und elektrische Ger\u00e4te unter Strom in die Fl\u00fcssigkeit einzutauchen. Die g\u00fcnstigen Eigenschaften von Viskosit\u00e4t, Dichte und Oberfl\u00e4chenspannung des Produkts erm\u00f6glichen einen optimalen Oberfl\u00e4chenkontakt, was zu einer hervorragenden W\u00e4rme\u00fcbertragungsleistung beitr\u00e4gt.<\/p>\n<p>Die sehr gute Vertr\u00e4glichkeit mit allen Metallen, einer breiten Palette an Kunststoffen und Elastomeren sowie die chemische Stabilit\u00e4t der Fl\u00fcssigkeit machen <strong>THERMASOLV CF2<\/strong> zu einer idealen Fl\u00fcssigkeit f\u00fcr die Immersionsk\u00fchlung.<\/p>\n<p><strong>THERMASOLV CF2<\/strong> wurde unter Ber\u00fccksichtigung der Sicherheit formuliert. Es ist ungiftig, enth\u00e4lt keine EUH-S\u00e4tze, ist nicht brennbar und hat keinen Flammpunkt. Es ist auch eine gro\u00dfartige nachhaltige L\u00f6sung, da es kein ODP und ein niedriges GWP hat und bei Bedarf zum Recycling angeboten werden kann.<\/p>\n<p><!-- SPEZIFIKATIONEN Section --><\/p>\n<div style=\"font-weight:bold; text-transform:uppercase; border-bottom:2px solid #9DBB2F; padding-bottom:6px; margin-bottom:10px;\">\n  SPEZIFIKATIONEN\n<\/div>\n<table width=\"100%\" cellpadding=\"0\" cellspacing=\"0\" style=\"border-collapse:collapse; width:100%; max-width:100%;\">\n<tr>\n<th align=\"left\" style=\"background:#7A7A7A; color:#fff; padding:8px 12px; border:1px solid #BDBDBD;\">SPEZIFIKATIONEN<\/th>\n<th align=\"left\" style=\"background:#7A7A7A; color:#fff; padding:8px 12px; border:1px solid #BDBDBD;\">WERTE<\/th>\n<th align=\"left\" style=\"background:#7A7A7A; color:#fff; padding:8px 12px; border:1px solid #BDBDBD;\">METHODEN<\/th>\n<\/tr>\n<tr>\n<td style=\"padding:8px 12px; border:1px solid #BDBDBD;\">Aspekt<\/td>\n<td style=\"padding:8px 12px; border:1px solid #BDBDBD;\">Farblos, klar<\/td>\n<td style=\"padding:8px 12px; border:1px solid #BDBDBD;\">Visuell<\/td>\n<\/tr>\n<tr style=\"background:#E6E6E6;\">\n<td style=\"padding:8px 12px; border:1px solid #BDBDBD;\">Reinheit (%)<\/td>\n<td style=\"padding:8px 12px; border:1px solid #BDBDBD;\">&gt;99,5<\/td>\n<td style=\"padding:8px 12px; border:1px solid #BDBDBD;\">Intern<\/td>\n<\/tr>\n<\/table>\n<p><!-- KENNDATEN Section --><\/p>\n<div style=\"font-weight:bold; text-transform:uppercase; border-bottom:2px solid #9DBB2F; padding-bottom:6px; margin:30px 0 10px 0;\">\n  KENNDATEN\n<\/div>\n<table width=\"100%\" cellpadding=\"0\" cellspacing=\"0\" style=\"border-collapse:collapse; width:100%; max-width:100%;\">\n<tr>\n<th align=\"left\" style=\"background:#7A7A7A; color:#fff; padding:8px 12px; border:1px solid #BDBDBD;\">KENNDATEN<\/th>\n<th align=\"left\" style=\"background:#7A7A7A; color:#fff; padding:8px 12px; border:1px solid #BDBDBD;\">WERTE<\/th>\n<\/tr>\n<tr>\n<td style=\"padding:8px 12px; border:1px solid #BDBDBD;\">Flammpunkt<\/td>\n<td style=\"padding:8px 12px; border:1px solid #BDBDBD;\">Nein<\/td>\n<\/tr>\n<tr style=\"background:#E6E6E6;\">\n<td style=\"padding:8px 12px; border:1px solid #BDBDBD;\">Siedepunkt<\/td>\n<td style=\"padding:8px 12px; border:1px solid #BDBDBD;\">110\u00b0C \/ 230\u00b0F<\/td>\n<\/tr>\n<tr>\n<td style=\"padding:8px 12px; border:1px solid #BDBDBD;\">Flie\u00dfpunkt<\/td>\n<td style=\"padding:8px 12px; border:1px solid #BDBDBD;\">-110\u00b0C \/ -166\u00b0F<\/td>\n<\/tr>\n<tr style=\"background:#E6E6E6;\">\n<td style=\"padding:8px 12px; border:1px solid #BDBDBD;\">Kritische Temperatur<\/td>\n<td style=\"padding:8px 12px; border:1px solid #BDBDBD;\">285\u00b0C \/ 545\u00b0F<\/td>\n<\/tr>\n<tr>\n<td style=\"padding:8px 12px; border:1px solid #BDBDBD;\">Kritischer Druck (MPa)<\/td>\n<td style=\"padding:8px 12px; border:1px solid #BDBDBD;\">5<\/td>\n<\/tr>\n<tr style=\"background:#E6E6E6;\">\n<td style=\"padding:8px 12px; border:1px solid #BDBDBD;\">Dampfdruck (kPa bei 20\u00b0C)<\/td>\n<td style=\"padding:8px 12px; border:1px solid #BDBDBD;\">1,9<\/td>\n<\/tr>\n<tr>\n<td style=\"padding:8px 12px; border:1px solid #BDBDBD;\">Verdampfungsw\u00e4rme (kJ\/kg @BP)<\/td>\n<td style=\"padding:8px 12px; border:1px solid #BDBDBD;\">88<\/td>\n<\/tr>\n<tr style=\"background:#E6E6E6;\">\n<td style=\"padding:8px 12px; border:1px solid #BDBDBD;\">Fl\u00fcssigkeitsdichte (kg\/m\u00b3 bei 20\u00b0C)<\/td>\n<td style=\"padding:8px 12px; border:1px solid #BDBDBD;\">1815<\/td>\n<\/tr>\n<tr>\n<td style=\"padding:8px 12px; border:1px solid #BDBDBD;\">Kinematische Viskosit\u00e4t (cSt bei 20\u00b0C)<\/td>\n<td style=\"padding:8px 12px; border:1px solid #BDBDBD;\">1,35<\/td>\n<\/tr>\n<tr style=\"background:#E6E6E6;\">\n<td style=\"padding:8px 12px; border:1px solid #BDBDBD;\">Spezifische W\u00e4rme (J\/kg\u00b7K bei 25\u00b0C)<\/td>\n<td style=\"padding:8px 12px; border:1px solid #BDBDBD;\">1087<\/td>\n<\/tr>\n<tr>\n<td style=\"padding:8px 12px; border:1px solid #BDBDBD;\">Oberfl\u00e4chenspannung (dyn\/cm\u00b2)<\/td>\n<td style=\"padding:8px 12px; border:1px solid #BDBDBD;\">15<\/td>\n<\/tr>\n<tr style=\"background:#E6E6E6;\">\n<td style=\"padding:8px 12px; border:1px solid #BDBDBD;\">Durchschlagfestigkeit (kV)<\/td>\n<td style=\"padding:8px 12px; border:1px solid #BDBDBD;\">39<\/td>\n<\/tr>\n<tr>\n<td style=\"padding:8px 12px; border:1px solid #BDBDBD;\">Dielektrizit\u00e4tskonstante bei 1 kHz<\/td>\n<td style=\"padding:8px 12px; border:1px solid #BDBDBD;\">1,79<\/td>\n<\/tr>\n<tr style=\"background:#E6E6E6;\">\n<td style=\"padding:8px 12px; border:1px solid #BDBDBD;\">Widerstand (Ohm\u00b7cm)<\/td>\n<td style=\"padding:8px 12px; border:1px solid #BDBDBD;\">2,50E+14<\/td>\n<\/tr>\n<tr>\n<td style=\"padding:8px 12px; border:1px solid #BDBDBD;\">W\u00e4rmeleitf\u00e4higkeit (W\/m\u00b7K)<\/td>\n<td style=\"padding:8px 12px; border:1px solid #BDBDBD;\">0,115<\/td>\n<\/tr>\n<tr style=\"background:#E6E6E6;\">\n<td style=\"padding:8px 12px; border:1px solid #BDBDBD;\">Wassergehaltsspezifikation (ppm)<\/td>\n<td style=\"padding:8px 12px; border:1px solid #BDBDBD;\">15<\/td>\n<\/tr>\n<tr>\n<td style=\"padding:8px 12px; border:1px solid #BDBDBD;\">L\u00f6slichkeit von Wasser in der Fl\u00fcssigkeit (ppm Gewicht)<\/td>\n<td style=\"padding:8px 12px; border:1px solid #BDBDBD;\">&lt;10<\/td>\n<\/tr>\n<\/table>\n","protected":false},"excerpt":{"rendered":"<ul>\n<li>Dielektrische w\u00e4rme\u00fcbertragungsfl\u00fcssigkeit<\/li>\n<li>Siedepunkt: 110\u00b0C\/230\u00b0F<\/li>\n<li>Niedriges GWP<\/li>\n<\/ul>\n<p><a href=\"https:\/\/www.inventec.dehon.com\/wp-content\/uploads\/2023\/09\/GW-Score-29.png\"><img decoding=\"async\" class=\"alignnone size-full wp-image-15813\" src=\"https:\/\/www.inventec.dehon.com\/wp-content\/uploads\/2023\/09\/GW-Score-29.png\" alt=\"\" width=\"178\" height=\"151\" \/><\/a><\/p>\n","protected":false},"featured_media":15870,"comment_status":"closed","ping_status":"closed","template":"","meta":{"_acf_changed":false,"inline_featured_image":false},"product_brand":[],"product_cat":[1266,1206],"product_tag":[4514,4518,1941,4535,4595,4326,4603,4555,4551,4530,4611,4599,1930,1940,4543],"class_list":{"0":"post-19990","1":"product","2":"type-product","3":"status-publish","4":"has-post-thumbnail","6":"product_cat-kaltwassersatze","7":"product_cat-kuhlung","8":"product_tag-1-phasen","9":"product_tag-1-phasen-kuhlung","10":"product_tag-cf2-de","11":"product_tag-dielektrische-warmetragerflussigkeiten","12":"product_tag-einphasige-kuehlung","13":"product_tag-greenway","14":"product_tag-halbleiteraetzung","15":"product_tag-hohe-siedetemperatur","16":"product_tag-hoher-siedepunkt","17":"product_tag-kaltwassersatze","18":"product_tag-loesungsmittelbasiert","19":"product_tag-recycelbar","20":"product_tag-thermasolv-de","21":"product_tag-thermasolv-cf2-de","22":"product_tag-warmetragerflussigkeit","23":"pa_application-halbleiter-aetzen","24":"pa_brand-thermasolv-de-2","25":"pa_features-greenway","26":"pa_features-kuehlung-einphasig","27":"pa_features-loesungsmittelbasiert","28":"pa_features-recycelbar","29":"pa_features-siedepunkt-hoch-90-c","30":"pa_processes-kaltwassersaetze","31":"pa_product-category-dielektrische-waermetraegerfluessigkeiten","33":"first","34":"instock","35":"shipping-taxable","36":"product-type-simple"},"acf":[],"_links":{"self":[{"href":"https:\/\/www.inventec.dehon.com\/de\/wp-json\/wp\/v2\/product\/19990","targetHints":{"allow":["GET"]}}],"collection":[{"href":"https:\/\/www.inventec.dehon.com\/de\/wp-json\/wp\/v2\/product"}],"about":[{"href":"https:\/\/www.inventec.dehon.com\/de\/wp-json\/wp\/v2\/types\/product"}],"replies":[{"embeddable":true,"href":"https:\/\/www.inventec.dehon.com\/de\/wp-json\/wp\/v2\/comments?post=19990"}],"wp:featuredmedia":[{"embeddable":true,"href":"https:\/\/www.inventec.dehon.com\/de\/wp-json\/wp\/v2\/media\/15870"}],"wp:attachment":[{"href":"https:\/\/www.inventec.dehon.com\/de\/wp-json\/wp\/v2\/media?parent=19990"}],"wp:term":[{"taxonomy":"product_brand","embeddable":true,"href":"https:\/\/www.inventec.dehon.com\/de\/wp-json\/wp\/v2\/product_brand?post=19990"},{"taxonomy":"product_cat","embeddable":true,"href":"https:\/\/www.inventec.dehon.com\/de\/wp-json\/wp\/v2\/product_cat?post=19990"},{"taxonomy":"product_tag","embeddable":true,"href":"https:\/\/www.inventec.dehon.com\/de\/wp-json\/wp\/v2\/product_tag?post=19990"}],"curies":[{"name":"wp","href":"https:\/\/api.w.org\/{rel}","templated":true}]}}