{"id":19906,"date":"2023-06-22T12:00:03","date_gmt":"2023-06-22T12:00:03","guid":{"rendered":"https:\/\/www.inventec.dehon.com\/?post_type=product&#038;p=19906"},"modified":"2026-01-29T10:49:17","modified_gmt":"2026-01-29T09:49:17","slug":"promosolv-neo-b2","status":"publish","type":"product","link":"https:\/\/www.inventec.dehon.com\/de\/product\/promosolv-neo-b2\/","title":{"rendered":"PROMOSOLV NEO B2"},"content":{"rendered":"<p><img decoding=\"async\" src=\"https:\/\/www.inventec.dehon.com\/wp-content\/uploads\/2021\/03\/PROMOSOLV-drum-colorless-Ecoprog-600x600.png\" alt=\"PROMOSOLV NEO B2\" class=\"responsive-img\" align=\"right\" style=\"border-radius:10px; margin-bottom:10px; margin-top:-10px; margin-left:15px; width:300px\" \/><\/p>\n<h2 style=\"color:#9bc947; margin-bottom:15px\">Nachhaltiger Reiniger<\/h2>\n<ul>\n<li>Beseitigung einer breiten palette von verschmutzungen<\/li>\n<li>Dampfphasenprozess<\/li>\n<li>Ultra-niedriges GWP<\/li>\n<li>3M Novec 73DE Ersatz<\/li>\n<\/ul>\n<h5>PROMOSOLV NEO B2<\/h5>\n<p>Wurde als Drop-in-Ersatz f\u00fcr Trichlorethylen, NPB und andere L\u00f6semittel mit hohen Auswirkungen auf Gesundheit, Sicherheit und Umwelt entwickelt. W\u00e4hrend die HSE-Auswirkungen erheblich reduziert werden, bleibt die Entfettungsleistung auf einem gleichwertigen Niveau. Die sehr niedrige Oberfl\u00e4chenspannung erm\u00f6glicht das Eindringen in sehr enge oder schwer zug\u00e4ngliche Bereiche und sorgt f\u00fcr eine gr\u00fcndliche Reinigung und Sp\u00fclung.<\/p>\n<p>Die neu entwickelte <strong>PROMOSOLV NEO-Reihe<\/strong> repr\u00e4sentiert unsere Produkte mit einem extrem niedrigen bis gar keinem GWP und einer geringen atmosph\u00e4rischen Lebensdauer, um die Auswirkungen auf die globale Erw\u00e4rmung zu reduzieren. Die Solvenzkraft wurde ebenfalls verbessert, was zu einer noch besseren und schnelleren Reinigungsleistung beitr\u00e4gt.<\/p>\n<p>Es ist f\u00fcr die Entfernung der meisten \u00d6le und Fette geeignet, mit Ausnahme von Schmiermitteln auf Wasserbasis. Au\u00dferdem eignet es sich zum Entfernen von Wachsen und Partikeln. Je nach Art der polymerisierten Materialien k\u00f6nnen auch einige Lacke, Klebstoffe, Tinten und Farben entfernt werden.<\/p>\n<p><strong>PROMOSOLV NEO B2<\/strong> ist ein Ersatz f\u00fcr 3M Novec 73DE, das voraussichtlich bis Ende 2025 freiwillig ausgemustert wird. Klicken Sie auf den Link, um weitere Informationen zur Ank\u00fcndigung der <a href=\"https:\/\/www.inventec.dehon.com\/de\/3m-loesungsmittel-auslaufen-lassen\/\">3M Novec Ausmusterung<\/a> zu erhalten.<\/p>\n<p><!-- SPECIFICATIONS Section --><\/p>\n<div style=\"font-weight:bold; text-transform:uppercase; border-bottom:2px solid #9DBB2F; padding-bottom:6px; margin-bottom:10px;\">\n  SPEZIFIKATIONEN\n<\/div>\n<table width=\"100%\" cellpadding=\"0\" cellspacing=\"0\" style=\"border-collapse:collapse; width:100%; max-width:100%;\">\n<tr>\n<th align=\"left\" style=\"background:#7A7A7A; color:#fff; padding:8px 12px; border:1px solid #BDBDBD;\">SPEZIFIKATIONEN<\/th>\n<th align=\"left\" style=\"background:#7A7A7A; color:#fff; padding:8px 12px; border:1px solid #BDBDBD;\">WERTE<\/th>\n<th align=\"left\" style=\"background:#7A7A7A; color:#fff; padding:8px 12px; border:1px solid #BDBDBD;\">METHODEN<\/th>\n<\/tr>\n<tr>\n<td style=\"padding:8px 12px; border:1px solid #BDBDBD;\">Aspekt<\/td>\n<td style=\"padding:8px 12px; border:1px solid #BDBDBD;\">Transparent, farblos<\/td>\n<td style=\"padding:8px 12px; border:1px solid #BDBDBD;\">Visuell<\/td>\n<\/tr>\n<tr style=\"background:#E6E6E6;\">\n<td style=\"padding:8px 12px; border:1px solid #BDBDBD;\">Fluorierte Mischung<\/td>\n<td style=\"padding:8px 12px; border:1px solid #BDBDBD;\">&gt;10%<\/td>\n<td style=\"padding:8px 12px; border:1px solid #BDBDBD;\">Intern \/ MO.SB.10033<\/td>\n<\/tr>\n<tr>\n<td style=\"padding:8px 12px; border:1px solid #BDBDBD;\">1,2-Transdichlorethylen<\/td>\n<td style=\"padding:8px 12px; border:1px solid #BDBDBD;\">&gt;70%<\/td>\n<td style=\"padding:8px 12px; border:1px solid #BDBDBD;\">Intern \/ MO.SB.10033<\/td>\n<\/tr>\n<\/table>\n<p><!-- CHARACTERISTICS Section --><\/p>\n<div style=\"font-weight:bold; text-transform:uppercase; border-bottom:2px solid #9DBB2F; padding-bottom:6px; margin:30px 0 10px 0;\">\n  KENNDATEN\n<\/div>\n<table width=\"100%\" cellpadding=\"0\" cellspacing=\"0\" style=\"border-collapse:collapse; width:100%; max-width:100%;\">\n<tr>\n<th align=\"left\" style=\"background:#7A7A7A; color:#fff; padding:8px 12px; border:1px solid #BDBDBD;\">KENNDATEN<\/th>\n<th align=\"left\" style=\"background:#7A7A7A; color:#fff; padding:8px 12px; border:1px solid #BDBDBD;\">WERTE<\/th>\n<\/tr>\n<tr>\n<td style=\"padding:8px 12px; border:1px solid #BDBDBD;\">Siedepunkt (\u00b0C\/\u00b0F)<\/td>\n<td style=\"padding:8px 12px; border:1px solid #BDBDBD;\">43\u00b0C \/ 109\u00b0F<\/td>\n<\/tr>\n<tr style=\"background:#E6E6E6;\">\n<td style=\"padding:8px 12px; border:1px solid #BDBDBD;\">Oberfl\u00e4chenspannung (dyn \/ cm)<\/td>\n<td style=\"padding:8px 12px; border:1px solid #BDBDBD;\">13,6<\/td>\n<\/tr>\n<tr>\n<td style=\"padding:8px 12px; border:1px solid #BDBDBD;\">Flammpunkt<\/td>\n<td style=\"padding:8px 12px; border:1px solid #BDBDBD;\">Keine<\/td>\n<\/tr>\n<tr style=\"background:#E6E6E6;\">\n<td style=\"padding:8px 12px; border:1px solid #BDBDBD;\">Dichte (g\/cm3)<\/td>\n<td style=\"padding:8px 12px; border:1px solid #BDBDBD;\">1,3<\/td>\n<\/tr>\n<tr>\n<td style=\"padding:8px 12px; border:1px solid #BDBDBD;\">Reinheit (% Gewicht)<\/td>\n<td style=\"padding:8px 12px; border:1px solid #BDBDBD;\">&gt;99.0<\/td>\n<\/tr>\n<tr style=\"background:#E6E6E6;\">\n<td style=\"padding:8px 12px; border:1px solid #BDBDBD;\">GWP<\/td>\n<td style=\"padding:8px 12px; border:1px solid #BDBDBD;\">29<\/td>\n<\/tr>\n<\/table>\n","protected":false},"excerpt":{"rendered":"<ul>\n<li>Beseitigung einer breiten palette von verschmutzungen<\/li>\n<li>Dampfphasenprozess<\/li>\n<li>Hohe Reinigungsleistung<\/li>\n<li>Ultra-niedriges GWP: 29<\/li>\n<li>3M Novec 73DE Ersatz<\/li>\n<\/ul>\n<p><a href=\"https:\/\/www.inventec.dehon.com\/wp-content\/uploads\/2023\/06\/GW-Score-36.png\"><img decoding=\"async\" class=\"alignnone size-full wp-image-15225\" src=\"https:\/\/www.inventec.dehon.com\/wp-content\/uploads\/2023\/06\/GW-Score-36.png\" alt=\"GW Score 36\" width=\"278\" height=\"236\" \/><\/a><\/p>\n","protected":false},"featured_media":2277,"comment_status":"closed","ping_status":"closed","template":"","meta":{"_acf_changed":false,"inline_featured_image":false},"product_brand":[],"product_cat":[411],"product_tag":[2356,4768,5414,4322,4430,4752,547,4185,4370,2314,2355,4394,4410,4418,4422,4748,1825,2354,4599,4466],"class_list":{"0":"post-19906","1":"product","2":"type-product","3":"status-publish","4":"has-post-thumbnail","6":"product_cat-reinigung","7":"product_tag-b2-de","8":"product_tag-dampfphase","9":"product_tag-entfetten","10":"product_tag-fettentfernung-de","11":"product_tag-harze","12":"product_tag-harzentfernung","13":"product_tag-losungsmittel","14":"product_tag-loesungsmittelbasierte-reinigungsfluessigkeiten","15":"product_tag-mono-losungsmittel","16":"product_tag-neo-de","17":"product_tag-neo-b2-de","18":"product_tag-olentfernung","19":"product_tag-partikelfrei","20":"product_tag-polierpaste-entfernen","21":"product_tag-polymer","22":"product_tag-polymerentfernung","23":"product_tag-promosolv-de","24":"product_tag-promosolv-neo-b2-de","25":"product_tag-recycelbar","26":"product_tag-ultra-niedriges-gwp","27":"pa_application-entfernung-von-polierpaste","28":"pa_application-entfernung-von-polymeren-harzen","29":"pa_application-fettentfernung","30":"pa_application-oelentfernung","31":"pa_application-partikelentfernung","32":"pa_brand-promosolv-de-2","33":"pa_features-geeignet-fuer-kohlenwasserstoffbasierte-anwendungen","34":"pa_features-recycelbar","35":"pa_features-sehr-niedriges-gwp","36":"pa_processes-mono-losungsmittel","37":"pa_product-category-loesungsmittelbasierte-reinigungsfluessigkeiten","39":"first","40":"instock","41":"shipping-taxable","42":"product-type-simple"},"acf":[],"_links":{"self":[{"href":"https:\/\/www.inventec.dehon.com\/de\/wp-json\/wp\/v2\/product\/19906","targetHints":{"allow":["GET"]}}],"collection":[{"href":"https:\/\/www.inventec.dehon.com\/de\/wp-json\/wp\/v2\/product"}],"about":[{"href":"https:\/\/www.inventec.dehon.com\/de\/wp-json\/wp\/v2\/types\/product"}],"replies":[{"embeddable":true,"href":"https:\/\/www.inventec.dehon.com\/de\/wp-json\/wp\/v2\/comments?post=19906"}],"wp:featuredmedia":[{"embeddable":true,"href":"https:\/\/www.inventec.dehon.com\/de\/wp-json\/wp\/v2\/media\/2277"}],"wp:attachment":[{"href":"https:\/\/www.inventec.dehon.com\/de\/wp-json\/wp\/v2\/media?parent=19906"}],"wp:term":[{"taxonomy":"product_brand","embeddable":true,"href":"https:\/\/www.inventec.dehon.com\/de\/wp-json\/wp\/v2\/product_brand?post=19906"},{"taxonomy":"product_cat","embeddable":true,"href":"https:\/\/www.inventec.dehon.com\/de\/wp-json\/wp\/v2\/product_cat?post=19906"},{"taxonomy":"product_tag","embeddable":true,"href":"https:\/\/www.inventec.dehon.com\/de\/wp-json\/wp\/v2\/product_tag?post=19906"}],"curies":[{"name":"wp","href":"https:\/\/api.w.org\/{rel}","templated":true}]}}