{"id":19853,"date":"2023-06-22T11:32:10","date_gmt":"2023-06-22T11:32:10","guid":{"rendered":"https:\/\/www.inventec.dehon.com\/?post_type=product&#038;p=19853"},"modified":"2026-01-28T14:53:03","modified_gmt":"2026-01-28T13:53:03","slug":"promosolv-neo-b1","status":"publish","type":"product","link":"https:\/\/www.inventec.dehon.com\/de\/product\/promosolv-neo-b1\/","title":{"rendered":"PROMOSOLV NEO B1"},"content":{"rendered":"<p><img decoding=\"async\" src=\"https:\/\/www.inventec.dehon.com\/wp-content\/uploads\/2021\/03\/PROMOSOLV-drum-colorless-Ecoprog-600x600.png\" alt=\"PROMOSOLV NEO B1\" class=\"responsive-img\" align=\"right\" style=\"border-radius:10px; margin-bottom:10px; margin-top:-10px; margin-left:15px; width:300px\" \/><\/p>\n<h2 style=\"color:#9bc947; margin-bottom:15px\">PFAS-freies Reinigungsmittel<\/h2>\n<ul>\n<li>Beseitigung einer breiten palette von verschmutzungen<\/li>\n<li>Dampfphasenprozess<\/li>\n<li>PFAS frei &amp; kein GWP<\/li>\n<li>3M Novec 71DE, Novec 72DE, Novec 73DE und Novec 8200 Ersatz<\/li>\n<\/ul>\n<h5>PROMOSOLV NEO B1<\/h5>\n<p>Wurde als Drop-in-Ersatz f\u00fcr Trichlorethylen, NPB und andere L\u00f6semittel mit hohen Auswirkungen auf Gesundheit, Sicherheit und Umwelt entwickelt. W\u00e4hrend die HSE-Auswirkungen erheblich reduziert werden, bleibt die Entfettungsleistung auf einem gleichwertigen Niveau. Die sehr niedrige Oberfl\u00e4chenspannung erm\u00f6glicht das Eindringen in sehr enge oder schwer zug\u00e4ngliche Bereiche und sorgt f\u00fcr eine gr\u00fcndliche Reinigung und Sp\u00fclung.<\/p>\n<p>Die neu entwickelte PROMOSOLV NEO-Reihe repr\u00e4sentiert unsere Produkte mit einem extrem niedrigen bis gar keinem GWP und einer geringen atmosph\u00e4rischen Lebensdauer, um die Auswirkungen auf die globale Erw\u00e4rmung zu reduzieren. Die Solvenzkraft wurde ebenfalls verbessert, was zu einer noch besseren und schnelleren Reinigungsleistung beitr\u00e4gt.<\/p>\n<p>Es ist f\u00fcr die Entfernung der meisten \u00d6le und Fette geeignet, mit Ausnahme von Schmiermitteln auf Wasserbasis. Au\u00dferdem eignet es sich zum Entfernen von Wachsen und Partikeln. Je nach Art der polymerisierten Materialien k\u00f6nnen auch einige Lacke, Klebstoffe, Tinten und Farben entfernt werden.<\/p>\n<p><strong>PROMOSOLV NEO B1<\/strong> ist qualifiziert und wird von mehreren Akteuren der Luft- und Raumfahrtindustrie verwendet (z.B. Boeing BAC 5750 \/ASTMD 1353).<\/p>\n<p><strong>Dar\u00fcber hinaus zeichnet sich PROMOSOLV NEO B1 als eines der wenigen Reinigungsmittel auf dem heutigen Markt aus, das vollst\u00e4ndig frei von PFAS (Per- und Polyfluoralkylsubstanzen) ist. Durch die Wahl dieses au\u00dfergew\u00f6hnlichen Produkts k\u00f6nnen Sie die langfristige Sicherheit und Zuverl\u00e4ssigkeit Ihres Reinigungsprozesses gew\u00e4hrleisten.<\/strong><\/p>\n<p><strong>PROMOSOLV NEO B1<\/strong> ist ein Ersatz f\u00fcr <strong>3M Novec 71DE, Novec 72DE, Novec 73DE und Novec 8200<\/strong>, die voraussichtlich bis Ende 2025 freiwillig ausgemustert werden. Klicken Sie auf den Link, um weitere Informationen zur Ank\u00fcndigung der <a href=\"https:\/\/www.inventec.dehon.com\/de\/3m-loesungsmittel-auslaufen-lassen\/\">3M Novec Ausmusterung<\/a> zu erhalten.<\/p>\n<div style=\"font-family:Lato; color:#333;\">\n<div style=\"font-weight:bold; text-transform:uppercase; border-bottom:2px solid #9DBB2F; padding-bottom:6px; margin-bottom:10px;\">\n    Spezifikationen\n  <\/div>\n<table width=\"100%\" cellpadding=\"0\" cellspacing=\"0\" style=\"border-collapse:collapse; width:100%; max-width:100%;\">\n<tr>\n<th align=\"left\" style=\"background:#7A7A7A; color:#fff; padding:8px 12px; border:1px solid #BDBDBD;\">\n        Spezifikationen\n      <\/th>\n<th align=\"left\" style=\"background:#7A7A7A; color:#fff; padding:8px 12px; border:1px solid #BDBDBD;\">\n        Werte\n      <\/th>\n<th align=\"left\" style=\"background:#7A7A7A; color:#fff; padding:8px 12px; border:1px solid #BDBDBD;\">\n        Methoden\n      <\/th>\n<\/tr>\n<tr>\n<td style=\"padding:8px 12px; border:1px solid #BDBDBD;\">Aspekt<\/td>\n<td style=\"padding:8px 12px; border:1px solid #BDBDBD;\">Transparent, farblos<\/td>\n<td style=\"padding:8px 12px; border:1px solid #BDBDBD;\">Visuell<\/td>\n<\/tr>\n<tr style=\"background:#E6E6E6;\">\n<td style=\"padding:8px 12px; border:1px solid #BDBDBD;\">Fluorierte Mischung (%)<\/td>\n<td style=\"padding:8px 12px; border:1px solid #BDBDBD;\">30,0 \u00b1 1,0<\/td>\n<td style=\"padding:8px 12px; border:1px solid #BDBDBD;\">Intern \/ MO.SB.10033<\/td>\n<\/tr>\n<tr>\n<td style=\"padding:8px 12px; border:1px solid #BDBDBD;\">1,2-Transdichlorethylen (%)<\/td>\n<td style=\"padding:8px 12px; border:1px solid #BDBDBD;\">70,0 \u00b1 1,0<\/td>\n<td style=\"padding:8px 12px; border:1px solid #BDBDBD;\">Intern \/ MO.SB.10033<\/td>\n<\/tr>\n<\/table>\n<\/div>\n<div style=\"font-family:Lato; color:#333;\">\n<div style=\"font-weight:bold; text-transform:uppercase; border-bottom:2px solid #9DBB2F; padding-bottom:6px; margin:30px 0 10px;\">\n    Kenndaten\n  <\/div>\n<table width=\"100%\" cellpadding=\"0\" cellspacing=\"0\" style=\"border-collapse:collapse; width:100%; max-width:100%;\">\n<tr>\n<th align=\"left\" style=\"background:#7A7A7A; color:#fff; padding:8px 12px; border:1px solid #BDBDBD;\">\n        Kenndaten\n      <\/th>\n<th align=\"left\" style=\"background:#7A7A7A; color:#fff; padding:8px 12px; border:1px solid #BDBDBD;\">\n        Werte\n      <\/th>\n<\/tr>\n<tr>\n<td style=\"padding:8px 12px; border:1px solid #BDBDBD;\">Siedepunkt (\u00b0C\/\u00b0F)<\/td>\n<td style=\"padding:8px 12px; border:1px solid #BDBDBD;\">48\u00b0C\/118\u00b0F<\/td>\n<\/tr>\n<tr style=\"background:#E6E6E6;\">\n<td style=\"padding:8px 12px; border:1px solid #BDBDBD;\">Oberfl\u00e4chenspannung (dyn\/cm)<\/td>\n<td style=\"padding:8px 12px; border:1px solid #BDBDBD;\">17<\/td>\n<\/tr>\n<tr>\n<td style=\"padding:8px 12px; border:1px solid #BDBDBD;\">Flammpunkt<\/td>\n<td style=\"padding:8px 12px; border:1px solid #BDBDBD;\">Keine<\/td>\n<\/tr>\n<tr style=\"background:#E6E6E6;\">\n<td style=\"padding:8px 12px; border:1px solid #BDBDBD;\">Dichte (g\/cm3)<\/td>\n<td style=\"padding:8px 12px; border:1px solid #BDBDBD;\">1,3<\/td>\n<\/tr>\n<tr>\n<td style=\"padding:8px 12px; border:1px solid #BDBDBD;\">Reinheit (% Gewicht)<\/td>\n<td style=\"padding:8px 12px; border:1px solid #BDBDBD;\">>99.0<\/td>\n<\/tr>\n<tr style=\"background:#E6E6E6;\">\n<td style=\"padding:8px 12px; border:1px solid #BDBDBD;\">GWP<\/td>\n<td style=\"padding:8px 12px; border:1px solid #BDBDBD;\"><1<\/td>\n<\/tr>\n<\/table>\n<\/div>\n","protected":false},"excerpt":{"rendered":"<ul>\n<li>Beseitigung einer breiten palette von verschmutzungen<\/li>\n<li>Dampfphasenprozess<\/li>\n<li>PFAS frei &amp; kein GWP<\/li>\n<li>3M Novec 71DE, Novec 72DE, Novec 73DE und Novec 8200 Ersatz<\/li>\n<\/ul>\n<p><a href=\"https:\/\/www.inventec.dehon.com\/wp-content\/uploads\/2023\/06\/GW-Score-24.png\"><img decoding=\"async\" class=\"alignnone wp-image-14819\" src=\"https:\/\/www.inventec.dehon.com\/wp-content\/uploads\/2023\/06\/GW-Score-24.png\" alt=\"\" width=\"40\" height=\"34\" \/><\/a><\/p>\n","protected":false},"featured_media":2277,"comment_status":"closed","ping_status":"closed","template":"","meta":{"_acf_changed":false,"inline_featured_image":false},"product_brand":[],"product_cat":[692,752,2867,2868,2869,2865,2864,411,753],"product_tag":[4238,2332,3917,4768,5414,4322,4326,4430,4752,547,4185,4370,2314,2331,4394,4410,4744,4418,4422,4748,2330,4599,4740,4728,4732,4736,4466],"class_list":{"0":"post-19853","1":"product","2":"type-product","3":"status-publish","4":"has-post-thumbnail","6":"industries-aerosysteme","7":"industries-antriebsstrang","8":"industries-landing-systeme","9":"industries-motoren","10":"product_cat-abbeizen-entoxidation","11":"product_cat-entfernung-von-partikeln","12":"product_cat-entfernung-von-polierpaste","13":"product_cat-entfernung-von-polymeren-harzen","14":"product_cat-entfernung-von-wachs","15":"product_cat-fettentfernung-von-verschiedenen-metallkomponenten","16":"product_cat-olentfernung-von-verschiedenen-metallkomponenten","17":"product_cat-reinigung","18":"product_cat-sauerstoff-teilereinigung","19":"product_tag-additive-fertigung-de","20":"product_tag-b1-de","21":"product_tag-co2-de","22":"product_tag-dampfphase","23":"product_tag-entfetten","24":"product_tag-fettentfernung-de","25":"product_tag-greenway","26":"product_tag-harze","27":"product_tag-harzentfernung","28":"product_tag-losungsmittel","29":"product_tag-loesungsmittelbasierte-reinigungsfluessigkeiten","30":"product_tag-mono-losungsmittel","31":"product_tag-neo-de","32":"product_tag-neo-b1-de","33":"product_tag-olentfernung","34":"product_tag-partikelfrei","35":"product_tag-pfas-frei","36":"product_tag-polierpaste-entfernen","37":"product_tag-polymer","38":"product_tag-polymerentfernung","39":"product_tag-promosolv-neo-b1-de","40":"product_tag-recycelbar","41":"product_tag-reinigung-von-sauerstoffsystemen-de","42":"product_tag-sauerstoff","43":"product_tag-sauerstoffreinigung","44":"product_tag-sauerstoffsysteme","45":"product_tag-ultra-niedriges-gwp","46":"pa_application-entfernung-von-polierpaste","47":"pa_application-entfernung-von-polymeren-harzen","48":"pa_application-fettentfernung","49":"pa_application-loesungen-fuer-additive-fertigung","50":"pa_application-oelentfernung","51":"pa_application-partikelentfernung","52":"pa_application-reinigung-von-sauerstoffsystemen","53":"pa_brand-promosolv-de-2","54":"pa_features-geeignet-fuer-kohlenwasserstoffbasierte-anwendungen","55":"pa_features-greenway","56":"pa_features-pfas-frei","57":"pa_features-recycelbar","58":"pa_features-sehr-niedriges-gwp","59":"pa_processes-mono-losungsmittel","60":"pa_product-category-loesungsmittelbasierte-reinigungsfluessigkeiten","62":"first","63":"instock","64":"shipping-taxable","65":"product-type-simple"},"acf":[],"_links":{"self":[{"href":"https:\/\/www.inventec.dehon.com\/de\/wp-json\/wp\/v2\/product\/19853","targetHints":{"allow":["GET"]}}],"collection":[{"href":"https:\/\/www.inventec.dehon.com\/de\/wp-json\/wp\/v2\/product"}],"about":[{"href":"https:\/\/www.inventec.dehon.com\/de\/wp-json\/wp\/v2\/types\/product"}],"replies":[{"embeddable":true,"href":"https:\/\/www.inventec.dehon.com\/de\/wp-json\/wp\/v2\/comments?post=19853"}],"wp:featuredmedia":[{"embeddable":true,"href":"https:\/\/www.inventec.dehon.com\/de\/wp-json\/wp\/v2\/media\/2277"}],"wp:attachment":[{"href":"https:\/\/www.inventec.dehon.com\/de\/wp-json\/wp\/v2\/media?parent=19853"}],"wp:term":[{"taxonomy":"product_brand","embeddable":true,"href":"https:\/\/www.inventec.dehon.com\/de\/wp-json\/wp\/v2\/product_brand?post=19853"},{"taxonomy":"product_cat","embeddable":true,"href":"https:\/\/www.inventec.dehon.com\/de\/wp-json\/wp\/v2\/product_cat?post=19853"},{"taxonomy":"product_tag","embeddable":true,"href":"https:\/\/www.inventec.dehon.com\/de\/wp-json\/wp\/v2\/product_tag?post=19853"}],"curies":[{"name":"wp","href":"https:\/\/api.w.org\/{rel}","templated":true}]}}