{"id":18456,"date":"2023-09-13T05:51:40","date_gmt":"2023-09-13T05:51:40","guid":{"rendered":"https:\/\/www.inventec.dehon.com\/?post_type=product&#038;p=18456"},"modified":"2026-01-20T12:06:23","modified_gmt":"2026-01-20T11:06:23","slug":"thermasolv-cf1","status":"publish","type":"product","link":"https:\/\/www.inventec.dehon.com\/de\/product\/thermasolv-cf1\/","title":{"rendered":"THERMASOLV CF1"},"content":{"rendered":"<p><img decoding=\"async\" src=\"https:\/\/www.inventec.dehon.com\/wp-content\/uploads\/2023\/09\/Thermasolv-non-Greenway-600x600.jpg\" alt=\"THERMASOLV CF1\" class=\"responsive-img\" align=\"right\" style=\"border-radius:10px; margin-bottom:10px; margin-top:-10px; margin-left:15px; width:300px\" \/><\/p>\n<h2 style=\"color:#9bc947; margin-bottom:15px\">Dielektrische K\u00fchlfl\u00fcssigkeiten f\u00fcr elektronische und elektrische Ger\u00e4te<\/h2>\n<ul>\n<li>Dielektrische W\u00e4rme\u00fcbertragungsfl\u00fcssigkeit<\/li>\n<li>Siedepunkt: 170\u00b0C \/ 338\u00b0F<\/li>\n<li>Nicht entflammbar &amp; hohe kritische Temperatur<\/li>\n<\/ul>\n<h5>THERMASOLV CF1<\/h5>\n<p>Ist eine dielektrische W\u00e4rme\u00fcbertragungsfl\u00fcssigkeit, die speziell f\u00fcr 1-phasige Immersions- oder Direktk\u00fchlsysteme entwickelt wurde. Ihre hohe elektrische Isolationsf\u00e4higkeit erm\u00f6glicht das Eintauchen von Elektronik- und Elektroger\u00e4ten unter Spannung in die Fl\u00fcssigkeit. Die vorteilhaften Eigenschaften der Viskosit\u00e4t, Dichte und Oberfl\u00e4chenspannung des Produkts sorgen f\u00fcr optimalen Oberfl\u00e4chenkontakt, was zu einer \u00fcberlegenen W\u00e4rme\u00fcbertragungsleistung beitr\u00e4gt.<\/p>\n<p>Die sehr gute Vertr\u00e4glichkeit mit allen Metallen, einer Vielzahl von Kunststoffen und Elastomeren sowie die chemische Stabilit\u00e4t der Fl\u00fcssigkeit machen <strong>THERMASOLV CF1<\/strong> zu einer idealen <\/p>\n<p>Fl\u00fcssigkeit f\u00fcr Immersionsk\u00fchlung.<\/p>\n<p><strong>THERMASOLV CF1<\/strong> wurde mit Blick auf Sicherheit formuliert. Es ist ungiftig, enth\u00e4lt keine EUH-Phrasen, ist nicht entflammbar und hat keinen Flammpunkt.<\/p>\n<p><!-- SPEZIFIKATIONEN Section --><\/p>\n<div style=\"font-weight:bold; border-bottom:2px solid #9DBB2F; padding-bottom:6px; margin-bottom:10px;\">\n  SPEZIFIKATIONEN\n<\/div>\n<table width=\"100%\" cellpadding=\"0\" cellspacing=\"0\" style=\"border-collapse:collapse; width:100%; max-width:100%;\">\n<tr>\n<th align=\"left\" style=\"background:#7A7A7A; color:#fff; padding:8px 12px; border:1px solid #BDBDBD;\">SPEZIFIKATIONEN<\/th>\n<th align=\"left\" style=\"background:#7A7A7A; color:#fff; padding:8px 12px; border:1px solid #BDBDBD;\">WERTE<\/th>\n<th align=\"left\" style=\"background:#7A7A7A; color:#fff; padding:8px 12px; border:1px solid #BDBDBD;\">METHODEN<\/th>\n<\/tr>\n<tr>\n<td style=\"padding:8px 12px; border:1px solid #BDBDBD;\">Aspekt<\/td>\n<td style=\"padding:8px 12px; border:1px solid #BDBDBD;\">Farblos, klar<\/td>\n<td style=\"padding:8px 12px; border:1px solid #BDBDBD;\">Visuell<\/td>\n<\/tr>\n<tr style=\"background:#E6E6E6;\">\n<td style=\"padding:8px 12px; border:1px solid #BDBDBD;\">Reinheit (%)<\/td>\n<td style=\"padding:8px 12px; border:1px solid #BDBDBD;\">>99,5<\/td>\n<td style=\"padding:8px 12px; border:1px solid #BDBDBD;\">Intern \/ MO.SB.10033<\/td>\n<\/tr>\n<\/table>\n<p><!-- KENNDATEN Section --><\/p>\n<div style=\"font-weight:bold; border-bottom:2px solid #9DBB2F; padding-bottom:6px; margin:30px 0 10px 0;\">\n  KENNDATEN\n<\/div>\n<table width=\"100%\" cellpadding=\"0\" cellspacing=\"0\" style=\"border-collapse:collapse; width:100%; max-width:100%;\">\n<tr>\n<th align=\"left\" style=\"background:#7A7A7A; color:#fff; padding:8px 12px; border:1px solid #BDBDBD;\">KENNDATEN<\/th>\n<th align=\"left\" style=\"background:#7A7A7A; color:#fff; padding:8px 12px; border:1px solid #BDBDBD;\">WERTE<\/th>\n<\/tr>\n<tr>\n<td style=\"padding:8px 12px; border:1px solid #BDBDBD;\">Flammpunkt<\/td>\n<td style=\"padding:8px 12px; border:1px solid #BDBDBD;\">Nein<\/td>\n<\/tr>\n<tr style=\"background:#E6E6E6;\">\n<td style=\"padding:8px 12px; border:1px solid #BDBDBD;\">Siedepunkt<\/td>\n<td style=\"padding:8px 12px; border:1px solid #BDBDBD;\">170\u00b0C\/338\u00b0F<\/td>\n<\/tr>\n<tr>\n<td style=\"padding:8px 12px; border:1px solid #BDBDBD;\">Flie\u00dfpunkt<\/td>\n<td style=\"padding:8px 12px; border:1px solid #BDBDBD;\">-100\u00b0C\/-148\u00b0F<\/td>\n<\/tr>\n<tr style=\"background:#E6E6E6;\">\n<td style=\"padding:8px 12px; border:1px solid #BDBDBD;\">Kritische Temperatur<\/td>\n<td style=\"padding:8px 12px; border:1px solid #BDBDBD;\">300\u00b0C\/572\u00b0F<\/td>\n<\/tr>\n<tr>\n<td style=\"padding:8px 12px; border:1px solid #BDBDBD;\">Dampfdruck (kPa @20\u00b0C)<\/td>\n<td style=\"padding:8px 12px; border:1px solid #BDBDBD;\">0,1<\/td>\n<\/tr>\n<tr style=\"background:#E6E6E6;\">\n<td style=\"padding:8px 12px; border:1px solid #BDBDBD;\">Fl\u00fcssigkeitsdichte (kg\/m3 @20\u00b0C)<\/td>\n<td style=\"padding:8px 12px; border:1px solid #BDBDBD;\">1770<\/td>\n<\/tr>\n<tr>\n<td style=\"padding:8px 12px; border:1px solid #BDBDBD;\">Kinematische Viskosit\u00e4t (cSt @20\u00b0C)<\/td>\n<td style=\"padding:8px 12px; border:1px solid #BDBDBD;\">1,81<\/td>\n<\/tr>\n<tr style=\"background:#E6E6E6;\">\n<td style=\"padding:8px 12px; border:1px solid #BDBDBD;\">Spezifische W\u00e4rme (J\/kg-K @25\u00b0C)<\/td>\n<td style=\"padding:8px 12px; border:1px solid #BDBDBD;\">1026<\/td>\n<\/tr>\n<tr>\n<td style=\"padding:8px 12px; border:1px solid #BDBDBD;\">Oberfl\u00e4chenspannung (dyn\/cm2)<\/td>\n<td style=\"padding:8px 12px; border:1px solid #BDBDBD;\">17<\/td>\n<\/tr>\n<tr style=\"background:#E6E6E6;\">\n<td style=\"padding:8px 12px; border:1px solid #BDBDBD;\">Durchschlagfestigkeit (kV)<\/td>\n<td style=\"padding:8px 12px; border:1px solid #BDBDBD;\">>40<\/td>\n<\/tr>\n<tr>\n<td style=\"padding:8px 12px; border:1px solid #BDBDBD;\">Dielektrizit\u00e4tskonstante @1kHz<\/td>\n<td style=\"padding:8px 12px; border:1px solid #BDBDBD;\">1,84<\/td>\n<\/tr>\n<tr style=\"background:#E6E6E6;\">\n<td style=\"padding:8px 12px; border:1px solid #BDBDBD;\">Widerstand (Ohm-cm)<\/td>\n<td style=\"padding:8px 12px; border:1px solid #BDBDBD;\">1,00E+13<\/td>\n<\/tr>\n<tr>\n<td style=\"padding:8px 12px; border:1px solid #BDBDBD;\">W\u00e4rmeleitf\u00e4higkeit (W\/mK)<\/td>\n<td style=\"padding:8px 12px; border:1px solid #BDBDBD;\">0,111<\/td>\n<\/tr>\n<tr style=\"background:#E6E6E6;\">\n<td style=\"padding:8px 12px; border:1px solid #BDBDBD;\">Wassergehaltsspezifikation (ppm)<\/td>\n<td style=\"padding:8px 12px; border:1px solid #BDBDBD;\">15<\/td>\n<\/tr>\n<tr>\n<td style=\"padding:8px 12px; border:1px solid #BDBDBD;\">L\u00f6slichkeit Wasser in Fl\u00fcssigkeit (ppm Gewicht)<\/td>\n<td style=\"padding:8px 12px; border:1px solid #BDBDBD;\"><14<\/td>\n<\/tr>\n<\/table>\n","protected":false},"excerpt":{"rendered":"<ul>\n<li>Dielektrische W\u00e4rme\u00fcbertragungsfl\u00fcssigkeit<\/li>\n<li>Siedepunkt: 170\u00b0C \/ 338\u00b0F<\/li>\n<li>Nicht entflammbar &amp; hohe kritische Temperatur<\/li>\n<\/ul>\n<p><a href=\"https:\/\/www.inventec.dehon.com\/wp-content\/uploads\/2023\/09\/GW-Score-70-1.png\"><img decoding=\"async\" class=\"alignnone size-full wp-image-15802\" src=\"https:\/\/www.inventec.dehon.com\/wp-content\/uploads\/2023\/09\/GW-Score-70-1.png\" alt=\"\" width=\"178\" height=\"151\" \/><\/a><\/p>\n","protected":false},"featured_media":15860,"comment_status":"closed","ping_status":"closed","template":"","meta":{"_acf_changed":false,"inline_featured_image":false},"product_brand":[],"product_cat":[1266,1206],"product_tag":[4514,4518,1931,4535,4595,4603,4555,4551,4530,4611,4591,4587,4599,1930,1929,4543],"class_list":{"0":"post-18456","1":"product","2":"type-product","3":"status-publish","4":"has-post-thumbnail","6":"product_cat-kaltwassersatze","7":"product_cat-kuhlung","8":"product_tag-1-phasen","9":"product_tag-1-phasen-kuhlung","10":"product_tag-cf1-de","11":"product_tag-dielektrische-warmetragerflussigkeiten","12":"product_tag-einphasige-kuehlung","13":"product_tag-halbleiteraetzung","14":"product_tag-hohe-siedetemperatur","15":"product_tag-hoher-siedepunkt","16":"product_tag-kaltwassersatze","17":"product_tag-loesungsmittelbasiert","18":"product_tag-mittlerer-erstarrungspunkt","19":"product_tag-mittlerer-pourpoint","20":"product_tag-recycelbar","21":"product_tag-thermasolv-de","22":"product_tag-thermasolv-cf1-de","23":"product_tag-warmetragerflussigkeit","24":"pa_application-halbleiter-aetzen","25":"pa_brand-thermasolv-de-2","26":"pa_features-fliesspunkt-mittel-120-c-100-c","27":"pa_features-kuehlung-einphasig","28":"pa_features-loesungsmittelbasiert","29":"pa_features-recycelbar","30":"pa_features-siedepunkt-hoch-90-c","31":"pa_processes-kaltwassersaetze","32":"pa_product-category-dielektrische-waermetraegerfluessigkeiten","34":"first","35":"instock","36":"shipping-taxable","37":"product-type-simple"},"acf":[],"_links":{"self":[{"href":"https:\/\/www.inventec.dehon.com\/de\/wp-json\/wp\/v2\/product\/18456","targetHints":{"allow":["GET"]}}],"collection":[{"href":"https:\/\/www.inventec.dehon.com\/de\/wp-json\/wp\/v2\/product"}],"about":[{"href":"https:\/\/www.inventec.dehon.com\/de\/wp-json\/wp\/v2\/types\/product"}],"replies":[{"embeddable":true,"href":"https:\/\/www.inventec.dehon.com\/de\/wp-json\/wp\/v2\/comments?post=18456"}],"wp:featuredmedia":[{"embeddable":true,"href":"https:\/\/www.inventec.dehon.com\/de\/wp-json\/wp\/v2\/media\/15860"}],"wp:attachment":[{"href":"https:\/\/www.inventec.dehon.com\/de\/wp-json\/wp\/v2\/media?parent=18456"}],"wp:term":[{"taxonomy":"product_brand","embeddable":true,"href":"https:\/\/www.inventec.dehon.com\/de\/wp-json\/wp\/v2\/product_brand?post=18456"},{"taxonomy":"product_cat","embeddable":true,"href":"https:\/\/www.inventec.dehon.com\/de\/wp-json\/wp\/v2\/product_cat?post=18456"},{"taxonomy":"product_tag","embeddable":true,"href":"https:\/\/www.inventec.dehon.com\/de\/wp-json\/wp\/v2\/product_tag?post=18456"}],"curies":[{"name":"wp","href":"https:\/\/api.w.org\/{rel}","templated":true}]}}