{"id":16986,"date":"2024-06-05T22:37:14","date_gmt":"2024-06-05T22:37:14","guid":{"rendered":"https:\/\/www.inventec.dehon.com\/?post_type=product&#038;p=16986"},"modified":"2026-01-29T14:30:18","modified_gmt":"2026-01-29T13:30:18","slug":"topklean-el-20b","status":"publish","type":"product","link":"https:\/\/www.inventec.dehon.com\/de\/product\/topklean-el-20b\/","title":{"rendered":"TOPKLEAN EL 20B"},"content":{"rendered":"<p><img decoding=\"async\" src=\"https:\/\/www.inventec.dehon.com\/wp-content\/uploads\/2021\/03\/TOPKLEAN-canister-yellow-1-600x600.jpg\" alt=\"TOPKLEAN EL 20B\" class=\"responsive-img\" align=\"right\" style=\"border-radius:10px; margin-bottom:10px; margin-top:-10px; margin-left:15px; width:300px\" \/><\/p>\n<h2 style=\"color:#9bc947; margin-bottom:15px\">Flussmittelreiniger f\u00fcr Co-L\u00f6sungsmittel<\/h2>\n<ul>\n<li>Entfernung von flussmittelr\u00fcckst\u00e4nden<\/li>\n<li>Co-solvent-prozess<\/li>\n<li>Weiterentwicklung von Topklean EL 20A<\/li>\n<\/ul>\n<h5>TOPKLEAN EL 20B<\/h5>\n<p>Ist eine geringf\u00fcgige Weiterentwicklung von TOPKLEAN EL 20A und wurde speziell zum Entfernen von L\u00f6tflussmittelr\u00fcckst\u00e4nden nach dem Reflow entwickelt. Es entfernt nahezu alle L\u00f6tflussmittelr\u00fcckst\u00e4nde, hinterl\u00e4sst aber auch keine wei\u00dfen R\u00fcckst\u00e4nde und sorgt f\u00fcr einen Glanzeffekt auf Legierungen und Metallen.<\/p>\n<p>Es wird im Co-Solvent-Verfahren verwendet, um einen schnellen und nachhaltigen Reinigungsprozess mit sehr hoher Reinigungseffizienz zu erm\u00f6glichen. Bei diesem Verfahren wird TOPKLEAN EL 20B perfekt mit L\u00f6sungsmitteln aus unserer <strong>PROMOSOLV<\/strong> -Reihe gesp\u00fclt.<\/p>\n<p>Das Co-Solvent-Verfahren hat sich seit \u00fcber 15 Jahren als wegweisend erwiesen und wird von zahlreichen Akteuren in der Elektronik- und Halbleiterindustrie eingesetzt. Es wurde entwickelt, um L\u00f6sungsmittel mit hoher HSE-Auswirkung durch eine nachhaltigere L\u00f6sung mit ebenso starker Reinigungsleistung zu ersetzen. Es zeichnet sich besonders bei Komponenten mit geringem Abstand zur Leiterplatte (Low-Standoff) aus. Im Gegensatz dazu birgt ein Reinigungssystem auf Wasserbasis das Risiko, dass die Reinigungschemie aufgrund der wesentlich h\u00f6heren Oberfl\u00e4chenspannung von Wasser nicht ausreichend entfernt wird.<\/p>\n<p><!-- SPECIFICATIONS Section --><\/p>\n<div style=\"font-weight:bold; text-transform:uppercase; border-bottom:2px solid #9DBB2F; padding-bottom:6px; margin-bottom:10px;\">\n  SPEZIFIKATIONEN\n<\/div>\n<table width=\"100%\" cellpadding=\"0\" cellspacing=\"0\" style=\"border-collapse:collapse; width:100%; max-width:100%;\">\n<tr>\n<th align=\"left\" style=\"background:#7A7A7A; color:#fff; padding:8px 12px; border:1px solid #BDBDBD;\">SPEZIFIKATIONEN<\/th>\n<th align=\"left\" style=\"background:#7A7A7A; color:#fff; padding:8px 12px; border:1px solid #BDBDBD;\">WERTE<\/th>\n<th align=\"left\" style=\"background:#7A7A7A; color:#fff; padding:8px 12px; border:1px solid #BDBDBD;\">METHODEN<\/th>\n<\/tr>\n<tr>\n<td style=\"padding:8px 12px; border:1px solid #BDBDBD;\">Aspekt<\/td>\n<td style=\"padding:8px 12px; border:1px solid #BDBDBD;\">Transparent, farblos<\/td>\n<td style=\"padding:8px 12px; border:1px solid #BDBDBD;\">Visuell<\/td>\n<\/tr>\n<tr style=\"background:#E6E6E6;\">\n<td style=\"padding:8px 12px; border:1px solid #BDBDBD;\">Dichte (g\/ml bei 20 \u00b0C)<\/td>\n<td style=\"padding:8px 12px; border:1px solid #BDBDBD;\">0.830 \u00b1 0.010<\/td>\n<td style=\"padding:8px 12px; border:1px solid #BDBDBD;\">BRY MO 028<\/td>\n<\/tr>\n<\/table>\n<p><!-- CHARACTERISTICS Section --><\/p>\n<div style=\"font-weight:bold; text-transform:uppercase; border-bottom:2px solid #9DBB2F; padding-bottom:6px; margin:30px 0 10px 0;\">\n  KENNDATEN\n<\/div>\n<table width=\"100%\" cellpadding=\"0\" cellspacing=\"0\" style=\"border-collapse:collapse; width:100%; max-width:100%;\">\n<tr>\n<th align=\"left\" style=\"background:#7A7A7A; color:#fff; padding:8px 12px; border:1px solid #BDBDBD;\">KENNDATEN<\/th>\n<th align=\"left\" style=\"background:#7A7A7A; color:#fff; padding:8px 12px; border:1px solid #BDBDBD;\">WERTE<\/th>\n<th align=\"left\" style=\"background:#7A7A7A; color:#fff; padding:8px 12px; border:1px solid #BDBDBD;\">METHODEN<\/th>\n<\/tr>\n<tr>\n<td style=\"padding:8px 12px; border:1px solid #BDBDBD;\">Siedepunkt (\u00b0C\/\u00b0F)<\/td>\n<td style=\"padding:8px 12px; border:1px solid #BDBDBD;\">&gt;170\u00b0C \/ &gt;338\u00b0F<\/td>\n<td style=\"padding:8px 12px; border:1px solid #BDBDBD;\">ASTM D1078<\/td>\n<\/tr>\n<tr style=\"background:#E6E6E6;\">\n<td style=\"padding:8px 12px; border:1px solid #BDBDBD;\">Flammpunkt (PMCC)<\/td>\n<td style=\"padding:8px 12px; border:1px solid #BDBDBD;\">65\u00b0C \/ 149\u00b0F<\/td>\n<td style=\"padding:8px 12px; border:1px solid #BDBDBD;\">ASTM D93<\/td>\n<\/tr>\n<tr>\n<td style=\"padding:8px 12px; border:1px solid #BDBDBD;\">Oberfl\u00e4chenspannung (Dyn\/cm bei 20 \u00b0C)<\/td>\n<td style=\"padding:8px 12px; border:1px solid #BDBDBD;\">41<\/td>\n<td style=\"padding:8px 12px; border:1px solid #BDBDBD;\">ASTM D971<\/td>\n<\/tr>\n<tr style=\"background:#E6E6E6;\">\n<td style=\"padding:8px 12px; border:1px solid #BDBDBD;\">Mischbarkeit in Wasser<\/td>\n<td style=\"padding:8px 12px; border:1px solid #BDBDBD;\">Nicht mischbar<\/td>\n<td style=\"padding:8px 12px; border:1px solid #BDBDBD;\">Intern<\/td>\n<\/tr>\n<tr>\n<td style=\"padding:8px 12px; border:1px solid #BDBDBD;\">Vorhandensein von aromatischen Verbindungen (%-Gew.)<\/td>\n<td style=\"padding:8px 12px; border:1px solid #BDBDBD;\"><0.01%<\/td>\n<td style=\"padding:8px 12px; border:1px solid #BDBDBD;\">SMS 2728<\/td>\n<\/tr>\n<\/table>\n","protected":false},"excerpt":{"rendered":"<ul>\n<li>Entfernung von flussmittelr\u00fcckst\u00e4nden<\/li>\n<li>Co-solvent-prozess<\/li>\n<li>Weiterentwicklung von Topklean EL 20A<\/li>\n<\/ul>\n<p><a href=\"https:\/\/www.inventec.dehon.com\/wp-content\/uploads\/2023\/07\/GW-Score-47.png\"><img decoding=\"async\" class=\"alignnone size-full wp-image-15530\" src=\"https:\/\/www.inventec.dehon.com\/wp-content\/uploads\/2023\/07\/GW-Score-47.png\" alt=\"\" width=\"278\" height=\"236\" \/><\/a><\/p>\n","protected":false},"featured_media":2437,"comment_status":"closed","ping_status":"closed","template":"","meta":{"_acf_changed":false,"inline_featured_image":false},"product_brand":[],"product_cat":[411,2855],"product_tag":[2524,4282,2106,2681,4286,4314,4326,547,4185,2042,2680],"class_list":{"0":"post-16986","1":"product","2":"type-product","3":"status-publish","4":"has-post-thumbnail","6":"industries-komfort-fahrhilfe-adas","7":"industries-medizinische-gerate-scanner","8":"product_cat-reinigung","9":"product_cat-reinigung-und-flussmittelentfernung-von-leiterplatten","10":"product_tag-20b-de","11":"product_tag-co-losungsmittel","12":"product_tag-el-de","13":"product_tag-el-20b-de","14":"product_tag-flussmittelentfernung-de","15":"product_tag-flussmittelruckstande","16":"product_tag-greenway","17":"product_tag-losungsmittel","18":"product_tag-loesungsmittelbasierte-reinigungsfluessigkeiten","19":"product_tag-topklean-de","20":"product_tag-topklean-el-20b-de","21":"pa_application-flussmittelentfernung","22":"pa_brand-topklean-de-2","23":"pa_features-greenway","24":"pa_processes-co-losungsmittel","25":"pa_product-category-loesungsmittelbasierte-reinigungsfluessigkeiten","27":"first","28":"instock","29":"shipping-taxable","30":"product-type-simple"},"acf":[],"_links":{"self":[{"href":"https:\/\/www.inventec.dehon.com\/de\/wp-json\/wp\/v2\/product\/16986","targetHints":{"allow":["GET"]}}],"collection":[{"href":"https:\/\/www.inventec.dehon.com\/de\/wp-json\/wp\/v2\/product"}],"about":[{"href":"https:\/\/www.inventec.dehon.com\/de\/wp-json\/wp\/v2\/types\/product"}],"replies":[{"embeddable":true,"href":"https:\/\/www.inventec.dehon.com\/de\/wp-json\/wp\/v2\/comments?post=16986"}],"wp:featuredmedia":[{"embeddable":true,"href":"https:\/\/www.inventec.dehon.com\/de\/wp-json\/wp\/v2\/media\/2437"}],"wp:attachment":[{"href":"https:\/\/www.inventec.dehon.com\/de\/wp-json\/wp\/v2\/media?parent=16986"}],"wp:term":[{"taxonomy":"product_brand","embeddable":true,"href":"https:\/\/www.inventec.dehon.com\/de\/wp-json\/wp\/v2\/product_brand?post=16986"},{"taxonomy":"product_cat","embeddable":true,"href":"https:\/\/www.inventec.dehon.com\/de\/wp-json\/wp\/v2\/product_cat?post=16986"},{"taxonomy":"product_tag","embeddable":true,"href":"https:\/\/www.inventec.dehon.com\/de\/wp-json\/wp\/v2\/product_tag?post=16986"}],"curies":[{"name":"wp","href":"https:\/\/api.w.org\/{rel}","templated":true}]}}