{"id":16981,"date":"2024-06-05T22:35:18","date_gmt":"2024-06-05T22:35:18","guid":{"rendered":"https:\/\/www.inventec.dehon.com\/?post_type=product&#038;p=16981"},"modified":"2026-01-29T14:21:21","modified_gmt":"2026-01-29T13:21:21","slug":"topklean-el-80","status":"publish","type":"product","link":"https:\/\/www.inventec.dehon.com\/de\/product\/topklean-el-80\/","title":{"rendered":"TOPKLEAN EL 80"},"content":{"rendered":"<p><img decoding=\"async\" src=\"https:\/\/www.inventec.dehon.com\/wp-content\/uploads\/2021\/03\/TOPKLEAN-canister-yellow-1-600x600.jpg\" alt=\"TOPKLEAN EL 80\" class=\"responsive-img\" align=\"right\" style=\"border-radius:10px; margin-bottom:10px; margin-top:-10px; margin-left:15px; width:300px\" \/><\/p>\n<h2 style=\"color:#9bc947; margin-bottom:15px\">Co-L\u00f6sungsmittel Fluxentferner<\/h2>\n<ul>\n<li>Entfernung von flussmittelr\u00fcckst\u00e4nden<\/li>\n<li>Co-solvent-prozess<\/li>\n<li>Hohe reinigungskraft &#038; nachhaltig<\/li>\n<\/ul>\n<h5>TOPKLEAN EL 80<\/h5>\n<p>Ist speziell f\u00fcr die Reinigung von L\u00f6tflussmittelr\u00fcckst\u00e4nden nach dem Reflow-L\u00f6ten konzipiert. Es entfernt nahezu alle L\u00f6tflussmittelr\u00fcckst\u00e4nde, hinterl\u00e4sst aber auch keine wei\u00dfen R\u00fcckst\u00e4nde und sorgt f\u00fcr einen Glanzeffekt auf Legierungen und Metallen.<\/p>\n<p>Es handelt sich um unsere neuste Entwicklung auf Basis unserer neuen QSA-Technologie, die eine schnellere Solubilisierung organischer und mineralischer Verbindungen erm\u00f6glicht. Dieses Produkt ist in seiner Anwendung f\u00fchrend, da es den Flammpunkt deutlich erh\u00f6ht, eine sichere Reinigung bei h\u00f6heren Temperaturen erm\u00f6glicht, die Reinigungswirkung verbessert und die Oberfl\u00e4chenspannung verringert. Es eignet sich besonders gut f\u00fcr die Reinigung von Bauteilen mit sehr geringem Abstand zur Leiterplatte (Low-Standoff).<\/p>\n<p>Es wird im Co-Solvent-Verfahren verwendet, um einen schnellen und nachhaltigen Reinigungsprozess mit sehr hoher Reinigungseffizienz zu erm\u00f6glichen. Bei diesem Verfahren wird <strong>TOPKLEAN EL 80<\/strong> optimal mit L\u00f6semitteln aus unserer <strong>PROMOSOLV<\/strong> -Reihe ausgesp\u00fclt.<\/p>\n<p>Das Co-Solvent-Verfahren hat sich seit \u00fcber 15 Jahren als wegweisend erwiesen und wird von zahlreichen Akteuren in der Elektronik- und Halbleiterindustrie eingesetzt. Es wurde entwickelt, um L\u00f6sungsmittel mit hoher HSE-Auswirkung durch eine nachhaltigere L\u00f6sung mit ebenso starker Reinigungsleistung zu ersetzen. Es zeichnet sich besonders bei Komponenten mit geringem Abstand zur Leiterplatte (Low-Standoff) aus. Im Gegensatz dazu birgt ein Reinigungssystem auf Wasserbasis das Risiko, dass die Reinigungschemie aufgrund der wesentlich h\u00f6heren Oberfl\u00e4chenspannung von Wasser nicht ausreichend entfernt wird.<\/p>\n<p><!-- SPECIFICATIONS Section --><\/p>\n<div style=\"font-weight:bold; text-transform:uppercase; border-bottom:2px solid #9DBB2F; padding-bottom:6px; margin-bottom:10px;\">\n  SPEZIFIKATIONEN\n<\/div>\n<table width=\"100%\" cellpadding=\"0\" cellspacing=\"0\" style=\"border-collapse:collapse; width:100%; max-width:100%;\">\n<tr>\n<th align=\"left\" style=\"background:#7A7A7A; color:#fff; padding:8px 12px; border:1px solid #BDBDBD;\">SPEZIFIKATIONEN<\/th>\n<th align=\"left\" style=\"background:#7A7A7A; color:#fff; padding:8px 12px; border:1px solid #BDBDBD;\">WERTE<\/th>\n<th align=\"left\" style=\"background:#7A7A7A; color:#fff; padding:8px 12px; border:1px solid #BDBDBD;\">METHODEN<\/th>\n<\/tr>\n<tr>\n<td style=\"padding:8px 12px; border:1px solid #BDBDBD;\">Aspekt<\/td>\n<td style=\"padding:8px 12px; border:1px solid #BDBDBD;\">Transparent, farblos<\/td>\n<td style=\"padding:8px 12px; border:1px solid #BDBDBD;\">Visuell<\/td>\n<\/tr>\n<tr style=\"background:#E6E6E6;\">\n<td style=\"padding:8px 12px; border:1px solid #BDBDBD;\">Dichte (g\/ml bei 20 \u00b0C)<\/td>\n<td style=\"padding:8px 12px; border:1px solid #BDBDBD;\">0.920 \u00b1 0.010<\/td>\n<td style=\"padding:8px 12px; border:1px solid #BDBDBD;\">BRY MO 028<\/td>\n<\/tr>\n<\/table>\n<p><!-- CHARACTERISTICS Section --><\/p>\n<div style=\"font-weight:bold; text-transform:uppercase; border-bottom:2px solid #9DBB2F; padding-bottom:6px; margin:30px 0 10px 0;\">\n  KENNDATEN\n<\/div>\n<table width=\"100%\" cellpadding=\"0\" cellspacing=\"0\" style=\"border-collapse:collapse; width:100%; max-width:100%;\">\n<tr>\n<th align=\"left\" style=\"background:#7A7A7A; color:#fff; padding:8px 12px; border:1px solid #BDBDBD;\">KENNDATEN<\/th>\n<th align=\"left\" style=\"background:#7A7A7A; color:#fff; padding:8px 12px; border:1px solid #BDBDBD;\">WERTE<\/th>\n<th align=\"left\" style=\"background:#7A7A7A; color:#fff; padding:8px 12px; border:1px solid #BDBDBD;\">METHODEN<\/th>\n<\/tr>\n<tr>\n<td style=\"padding:8px 12px; border:1px solid #BDBDBD;\">Siedepunkt<\/td>\n<td style=\"padding:8px 12px; border:1px solid #BDBDBD;\">&gt;100\u00b0C \/ &gt;212\u00b0F<\/td>\n<td style=\"padding:8px 12px; border:1px solid #BDBDBD;\">ASTM D1078<\/td>\n<\/tr>\n<tr style=\"background:#E6E6E6;\">\n<td style=\"padding:8px 12px; border:1px solid #BDBDBD;\">Flammpunkt (PMCC)<\/td>\n<td style=\"padding:8px 12px; border:1px solid #BDBDBD;\">100\u00b0C \/ 212\u00b0F<\/td>\n<td style=\"padding:8px 12px; border:1px solid #BDBDBD;\">ASTM D93<\/td>\n<\/tr>\n<tr>\n<td style=\"padding:8px 12px; border:1px solid #BDBDBD;\">Oberfl\u00e4chenspannung (Dyn\/cm bei 20 \u00b0C)<\/td>\n<td style=\"padding:8px 12px; border:1px solid #BDBDBD;\">30<\/td>\n<td style=\"padding:8px 12px; border:1px solid #BDBDBD;\">ASTM D971<\/td>\n<\/tr>\n<tr style=\"background:#E6E6E6;\">\n<td style=\"padding:8px 12px; border:1px solid #BDBDBD;\">Mischbarkeit in Wasser<\/td>\n<td style=\"padding:8px 12px; border:1px solid #BDBDBD;\">Teilweise mischbar<\/td>\n<td style=\"padding:8px 12px; border:1px solid #BDBDBD;\">Intern<\/td>\n<\/tr>\n<tr>\n<td style=\"padding:8px 12px; border:1px solid #BDBDBD;\">Vorhandensein von aromatischen Verbindungen (%-Gew.)<\/td>\n<td style=\"padding:8px 12px; border:1px solid #BDBDBD;\">Keine<\/td>\n<td style=\"padding:8px 12px; border:1px solid #BDBDBD;\">SMS 2728<\/td>\n<\/tr>\n<\/table>\n","protected":false},"excerpt":{"rendered":"<ul>\n<li>Entfernung von flussmittelr\u00fcckst\u00e4nden<\/li>\n<li>Co-solvent-prozess<\/li>\n<li>Hohe reinigungskraft &#038; nachhaltig<\/li>\n<\/ul>\n<p><a href=\"https:\/\/www.inventec.dehon.com\/wp-content\/uploads\/2024\/06\/GW_Score_30.png\"><img decoding=\"async\" class=\"alignnone size-full wp-image-15018\" src=\"https:\/\/www.inventec.dehon.com\/wp-content\/uploads\/2024\/06\/GW_Score_30.png\" alt=\"\" width=\"278\" height=\"236\" \/><\/a><\/p>\n","protected":false},"featured_media":24450,"comment_status":"closed","ping_status":"closed","template":"","meta":{"_acf_changed":false,"inline_featured_image":false},"product_brand":[],"product_cat":[411,2855],"product_tag":[2500,4282,2106,2499,4286,4314,4310,4326,4374,547,4185,4386,4338,2042,2498,4390],"class_list":{"0":"post-16981","1":"product","2":"type-product","3":"status-publish","4":"has-post-thumbnail","6":"industries-elektronik-und-elektrische-systeme","7":"industries-komfort-fahrhilfe-adas","8":"industries-medizinische-gerate-scanner","9":"product_cat-reinigung","10":"product_cat-reinigung-und-flussmittelentfernung-von-leiterplatten","11":"product_tag-80-de","12":"product_tag-co-losungsmittel","13":"product_tag-el-de","14":"product_tag-el-80-de","15":"product_tag-flussmittelentfernung-de","16":"product_tag-flussmittelruckstande","17":"product_tag-flussmittelruckstandsentfernung","18":"product_tag-greenway","19":"product_tag-kein-gwp","20":"product_tag-losungsmittel","21":"product_tag-loesungsmittelbasierte-reinigungsfluessigkeiten","22":"product_tag-nicht-entzundlich","23":"product_tag-niedrige-voc","24":"product_tag-topklean-de","25":"product_tag-topklean-el-80-de","26":"product_tag-ungiftig","27":"pa_application-flussmittelentfernung","28":"pa_brand-topklean-de-2","29":"pa_features-greenway","30":"pa_processes-co-losungsmittel","31":"pa_product-category-loesungsmittelbasierte-reinigungsfluessigkeiten","33":"first","34":"instock","35":"shipping-taxable","36":"product-type-simple"},"acf":[],"_links":{"self":[{"href":"https:\/\/www.inventec.dehon.com\/de\/wp-json\/wp\/v2\/product\/16981","targetHints":{"allow":["GET"]}}],"collection":[{"href":"https:\/\/www.inventec.dehon.com\/de\/wp-json\/wp\/v2\/product"}],"about":[{"href":"https:\/\/www.inventec.dehon.com\/de\/wp-json\/wp\/v2\/types\/product"}],"replies":[{"embeddable":true,"href":"https:\/\/www.inventec.dehon.com\/de\/wp-json\/wp\/v2\/comments?post=16981"}],"wp:featuredmedia":[{"embeddable":true,"href":"https:\/\/www.inventec.dehon.com\/de\/wp-json\/wp\/v2\/media\/24450"}],"wp:attachment":[{"href":"https:\/\/www.inventec.dehon.com\/de\/wp-json\/wp\/v2\/media?parent=16981"}],"wp:term":[{"taxonomy":"product_brand","embeddable":true,"href":"https:\/\/www.inventec.dehon.com\/de\/wp-json\/wp\/v2\/product_brand?post=16981"},{"taxonomy":"product_cat","embeddable":true,"href":"https:\/\/www.inventec.dehon.com\/de\/wp-json\/wp\/v2\/product_cat?post=16981"},{"taxonomy":"product_tag","embeddable":true,"href":"https:\/\/www.inventec.dehon.com\/de\/wp-json\/wp\/v2\/product_tag?post=16981"}],"curies":[{"name":"wp","href":"https:\/\/api.w.org\/{rel}","templated":true}]}}