{"id":16971,"date":"2024-06-05T22:21:27","date_gmt":"2024-06-05T22:21:27","guid":{"rendered":"https:\/\/www.inventec.dehon.com\/?post_type=product&#038;p=16971"},"modified":"2026-03-10T14:12:08","modified_gmt":"2026-03-10T13:12:08","slug":"promosolv-de4","status":"publish","type":"product","link":"https:\/\/www.inventec.dehon.com\/de\/product\/promosolv-de4\/","title":{"rendered":"PROMOSOLV DE4"},"content":{"rendered":"<p><img decoding=\"async\" src=\"https:\/\/www.inventec.dehon.com\/wp-content\/uploads\/2021\/03\/PROMOSOLV-drum-colorless-Ecoprog-600x600.png\" alt=\"PROMOSOLV DE4\" class=\"responsive-img\" align=\"right\" style=\"border-radius:10px; margin-bottom:10px; margin-top:-10px; margin-left:15px; width:300px\" \/><\/p>\n<h2 style=\"color: #9bc947; margin-bottom: 15px;\">Reinigung von Flussmitteln und Verunreinigungen von Leiterplatten (PCBs)<\/h2>\n<ul>\n<li>Entfernung von flussmittelr\u00fcckst\u00e4nden<\/li>\n<li>Dampfphasenprozess<\/li>\n<li>Ausgezeichnete Reinigung &#038; geringe HSE-Auswirkungen<\/li>\n<\/ul>\n<h5>PROMOSOLV DE4<\/h5>\n<p>Wurde als Drop-in-Ersatz f\u00fcr Trichlorethylen, NPB und andere L\u00f6sungsmittel mit hohen Auswirkungen auf Gesundheit, Sicherheit und Umwelt entwickelt. W\u00e4hrend die Auswirkungen auf die Sicherheit und den Gesundheitsschutz erheblich reduziert werden, ist das R\u00fcckflussverm\u00f6gen gleich hoch. Die sehr niedrige Oberfl\u00e4chenspannung erm\u00f6glicht eine sehr gute Reinigung und Sp\u00fclung von Bauteilen mit geringem Abstand und schwer zug\u00e4nglichen Stellen.<\/p>\n<p>Es ist f\u00fcr die Entfernung von Reflow-Flussmittelr\u00fcckst\u00e4nden und anderen Verunreinigungen auf PCBAs, Leistungsmodulen, Leadframes, BGAs, PoP- oder SIP-Anwendungen und LED-Baugruppen bestimmt. Au\u00dferdem ist es ein \u00c4quivalent zu dem auslaufenden NovecTM 72DA , da es den gleichen Anteil an Komponenten und die gleichen Eigenschaften hat.<\/p>\n<p>Vertr\u00e4glich mit allen Metallen und Legierungen, auch mit sehr empfindlichen. Es hat auch eine gute Kompatibilit\u00e4t mit den meisten Kunststoffen und Elastomeren, es ist jedoch vor der Verwendung zu testen.<\/p>\n<p><strong>PROMOSOLV DE4<\/strong> wurde unter Ber\u00fccksichtigung der Sicherheit formuliert. Seine Zusammensetzung verf\u00fcgt \u00fcber hervorragende Eigenschaften zur Unterdr\u00fcckung der Entflammbarkeit und ist eine Mischung aus Azeotropen, die eine sehr hohe Stabilit\u00e4t bei der Verwendung in Ger\u00e4ten bietet. Einige auf dem Markt erh\u00e4ltliche Produkte k\u00f6nnen durch Verdunstung ihre Flammschutzmittel verlieren, wenn sie in Ger\u00e4ten verwendet werden.<\/p>\n<p><!-- SPECIFICATIONS Section --><\/p>\n<div style=\"font-weight:bold; text-transform:uppercase; border-bottom:2px solid #9DBB2F; padding-bottom:6px; margin-bottom:10px;\">\n  SPEZIFIKATIONEN\n<\/div>\n<table width=\"100%\" cellpadding=\"0\" cellspacing=\"0\" style=\"border-collapse:collapse; width:100%; max-width:100%;\">\n<tr>\n<th align=\"left\" style=\"background:#7A7A7A; color:#fff; padding:8px 12px; border:1px solid #BDBDBD;\">SPEZIFIKATIONEN<\/th>\n<th align=\"left\" style=\"background:#7A7A7A; color:#fff; padding:8px 12px; border:1px solid #BDBDBD;\">WERTE<\/th>\n<th align=\"left\" style=\"background:#7A7A7A; color:#fff; padding:8px 12px; border:1px solid #BDBDBD;\">METHODEN<\/th>\n<\/tr>\n<tr>\n<td style=\"padding:8px 12px; border:1px solid #BDBDBD;\">Aspekt<\/td>\n<td style=\"padding:8px 12px; border:1px solid #BDBDBD;\">Farblos, klar<\/td>\n<td style=\"padding:8px 12px; border:1px solid #BDBDBD;\">Visuell<\/td>\n<\/tr>\n<tr style=\"background:#E6E6E6;\">\n<td style=\"padding:8px 12px; border:1px solid #BDBDBD;\">Reinheit (% Gewicht)<\/td>\n<td style=\"padding:8px 12px; border:1px solid #BDBDBD;\">&gt; 99.5<\/td>\n<td style=\"padding:8px 12px; border:1px solid #BDBDBD;\">Intern \/ MO.SB.10033<\/td>\n<\/tr>\n<tr>\n<td style=\"padding:8px 12px; border:1px solid #BDBDBD;\">Isopropanol (Gew.-%)<\/td>\n<td style=\"padding:8px 12px; border:1px solid #BDBDBD;\">&lt; 3<\/td>\n<td style=\"padding:8px 12px; border:1px solid #BDBDBD;\">Intern \/ MO.SB.10033<\/td>\n<\/tr>\n<\/table>\n<p><!-- CHARACTERISTICS Section --><\/p>\n<div style=\"font-weight:bold; text-transform:uppercase; border-bottom:2px solid #9DBB2F; padding-bottom:6px; margin:30px 0 10px 0;\">\n  KENNDATEN\n<\/div>\n<table width=\"100%\" cellpadding=\"0\" cellspacing=\"0\" style=\"border-collapse:collapse; width:100%; max-width:100%;\">\n<tr>\n<th align=\"left\" style=\"background:#7A7A7A; color:#fff; padding:8px 12px; border:1px solid #BDBDBD;\">KENNDATEN<\/th>\n<th align=\"left\" style=\"background:#7A7A7A; color:#fff; padding:8px 12px; border:1px solid #BDBDBD;\">WERTE<\/th>\n<\/tr>\n<tr>\n<td style=\"padding:8px 12px; border:1px solid #BDBDBD;\">Siedepunkt (\u00b0C \/ \u00b0F)<\/td>\n<td style=\"padding:8px 12px; border:1px solid #BDBDBD;\">44 \/ 111<\/td>\n<\/tr>\n<tr style=\"background:#E6E6E6;\">\n<td style=\"padding:8px 12px; border:1px solid #BDBDBD;\">Dampfdruck bei 50\u00b0C (mm Hg)<\/td>\n<td style=\"padding:8px 12px; border:1px solid #BDBDBD;\">360<\/td>\n<\/tr>\n<tr>\n<td style=\"padding:8px 12px; border:1px solid #BDBDBD;\">Flammpunkt<\/td>\n<td style=\"padding:8px 12px; border:1px solid #BDBDBD;\">Keine<\/td>\n<\/tr>\n<tr style=\"background:#E6E6E6;\">\n<td style=\"padding:8px 12px; border:1px solid #BDBDBD;\">Dichte (g\/cm3)<\/td>\n<td style=\"padding:8px 12px; border:1px solid #BDBDBD;\">1.27<\/td>\n<\/tr>\n<tr>\n<td style=\"padding:8px 12px; border:1px solid #BDBDBD;\">Oberfl\u00e4chenspannung (dyn \/ cm)<\/td>\n<td style=\"padding:8px 12px; border:1px solid #BDBDBD;\">18<\/td>\n<\/tr>\n<tr style=\"background:#E6E6E6;\">\n<td style=\"padding:8px 12px; border:1px solid #BDBDBD;\">Kinematische Viskosit\u00e4t (mm\u00b2\/s)<\/td>\n<td style=\"padding:8px 12px; border:1px solid #BDBDBD;\">0.35<\/td>\n<\/tr>\n<\/table>\n","protected":false},"excerpt":{"rendered":"<ul>\n<li>Entfernung von flussmittelr\u00fcckst\u00e4nden<\/li>\n<li>Dampfphasenprozess<\/li>\n<li>Ausgezeichnete Reinigung &#038; geringe HSE-Auswirkungen<\/li>\n<\/ul>\n<p><a href=\"https:\/\/www.inventec.dehon.com\/wp-content\/uploads\/2021\/04\/GW-Score-40.png\"><img decoding=\"async\" class=\"alignnone size-full wp-image-15225\" src=\"https:\/\/www.inventec.dehon.com\/wp-content\/uploads\/2021\/04\/GW-Score-40.png\" alt=\"\" width=\"278\" height=\"236\" \/><\/a><\/p>\n","protected":false},"featured_media":2277,"comment_status":"closed","ping_status":"closed","template":"","meta":{"_acf_changed":false,"inline_featured_image":false},"product_brand":[],"product_cat":[411,2855],"product_tag":[4278,4768,2673,4286,4318,547,4446,4185,4370,1825,2672,4599],"class_list":{"0":"post-16971","1":"product","2":"type-product","3":"status-publish","4":"has-post-thumbnail","6":"industries-komfort-fahrhilfe-adas","7":"industries-medizinische-gerate-scanner","8":"product_cat-reinigung","9":"product_cat-reinigung-und-flussmittelentfernung-von-leiterplatten","10":"product_tag-beschichtungen-de","11":"product_tag-dampfphase","12":"product_tag-de4-de","13":"product_tag-flussmittelentfernung-de","14":"product_tag-klebstoff","15":"product_tag-losungsmittel","16":"product_tag-loesungsmittel-trocknung","17":"product_tag-loesungsmittelbasierte-reinigungsfluessigkeiten","18":"product_tag-mono-losungsmittel","19":"product_tag-promosolv-de","20":"product_tag-promosolv-de4-de","21":"product_tag-recycelbar","22":"pa_application-flussmittelentfernung","23":"pa_application-kleber-beschichtungen","24":"pa_brand-promosolv-de-2","25":"pa_features-recycelbar","26":"pa_processes-mono-losungsmittel","27":"pa_processes-trocknendes-losungsmittel","28":"pa_product-category-loesungsmittelbasierte-reinigungsfluessigkeiten","30":"first","31":"instock","32":"shipping-taxable","33":"product-type-simple"},"acf":[],"_links":{"self":[{"href":"https:\/\/www.inventec.dehon.com\/de\/wp-json\/wp\/v2\/product\/16971","targetHints":{"allow":["GET"]}}],"collection":[{"href":"https:\/\/www.inventec.dehon.com\/de\/wp-json\/wp\/v2\/product"}],"about":[{"href":"https:\/\/www.inventec.dehon.com\/de\/wp-json\/wp\/v2\/types\/product"}],"replies":[{"embeddable":true,"href":"https:\/\/www.inventec.dehon.com\/de\/wp-json\/wp\/v2\/comments?post=16971"}],"wp:featuredmedia":[{"embeddable":true,"href":"https:\/\/www.inventec.dehon.com\/de\/wp-json\/wp\/v2\/media\/2277"}],"wp:attachment":[{"href":"https:\/\/www.inventec.dehon.com\/de\/wp-json\/wp\/v2\/media?parent=16971"}],"wp:term":[{"taxonomy":"product_brand","embeddable":true,"href":"https:\/\/www.inventec.dehon.com\/de\/wp-json\/wp\/v2\/product_brand?post=16971"},{"taxonomy":"product_cat","embeddable":true,"href":"https:\/\/www.inventec.dehon.com\/de\/wp-json\/wp\/v2\/product_cat?post=16971"},{"taxonomy":"product_tag","embeddable":true,"href":"https:\/\/www.inventec.dehon.com\/de\/wp-json\/wp\/v2\/product_tag?post=16971"}],"curies":[{"name":"wp","href":"https:\/\/api.w.org\/{rel}","templated":true}]}}