{"id":16967,"date":"2024-06-05T22:15:41","date_gmt":"2024-06-05T22:15:41","guid":{"rendered":"https:\/\/www.inventec.dehon.com\/?post_type=product&#038;p=16967"},"modified":"2026-01-29T10:20:12","modified_gmt":"2026-01-29T09:20:12","slug":"promosolv-neo-a2","status":"publish","type":"product","link":"https:\/\/www.inventec.dehon.com\/de\/product\/promosolv-neo-a2\/","title":{"rendered":"PROMOSOLV NEO A2"},"content":{"rendered":"<p><img decoding=\"async\" src=\"https:\/\/www.inventec.dehon.com\/wp-content\/uploads\/2021\/03\/PROMOSOLV-drum-colorless-Ecoprog-600x600.png\" alt=\"PROMOSOLV NEO A2\" class=\"responsive-img\" align=\"right\" style=\"border-radius:10px; margin-bottom:10px; margin-top:-10px; margin-left:15px; width:300px\" \/><\/p>\n<h2 style=\"color:#9bc947; margin-bottom:15px\">Ersetzen von L\u00f6sungsmitteln mit hohem HSE-Einfluss<\/h2>\n<ul>\n<li>Sp\u00fclfl\u00fcssigkeit f\u00fcr flussentfernungsvorg\u00e4nge<\/li>\n<li>L\u00f6sungsmittelprozesse<\/li>\n<li>Ultra-niedriges GWP<\/li>\n<\/ul>\n<h5>PROMOSOLV NEO A2<\/h5>\n<p>Wurde speziell entwickelt, um L\u00f6sungsmittel mit hoher HSE-Belastung zu ersetzen und ein Produkt anzubieten, das den aktuellen und zuk\u00fcnftigen Umweltvorschriften entspricht. Die sehr niedrige Oberfl\u00e4chenspannung erm\u00f6glicht das Eindringen in sehr enge oder schwer zug\u00e4ngliche Bereiche und sorgt daf\u00fcr, dass die Reinigungschemie vollst\u00e4ndig entfernt wird. Au\u00dferdem enth\u00e4lt die Formulierung eine geringe Menge an Isopropanol, das die Aufl\u00f6sung polarer und unpolarer Verunreinigungen unterst\u00fctzt. Aus diesem Grund wird es vor allem in elektronischen Entl\u00fcftungsanwendungen eingesetzt.<\/p>\n<p>Die neu entwickelte <strong>PROMOSOLV NEO<\/strong>-Reihe repr\u00e4sentiert unsere Produkte mit einem ultra-niedrigen bis null GWP und einer geringen atmosph\u00e4rischen Lebensdauer, um die Auswirkungen auf die globale Erw\u00e4rmung zu reduzieren. Die Solvenzkraft wurde ebenfalls verbessert, was zu einer noch besseren und schnelleren Reinigungsleistung beitr\u00e4gt.<\/p>\n<p>Es kann in Kombination mit unserer TOPKLEAN\u2122- Reihe im Co-Solvent-Reinigungsprozess verwendet werden, um eine umweltfreundliche L\u00f6sungsmittell\u00f6sung zum Entfernen von Flussmitteln oder Entfetten anzubieten, ohne Kompromisse bei der hohen Reinigungsleistung einzugehen.<\/p>\n<p><strong>PROMOSOLV NEO A2<\/strong> ist mit allen Metallen und Legierungen kompatibel, auch mit sehr empfindlichen. Es ist auch mit den meisten Kunststoffen und Elastomeren gut vertr\u00e4glich, muss aber vor der Verwendung getestet werden.<\/p>\n<p><strong>PROMOSOLV NEO A2<\/strong> wurde unter Ber\u00fccksichtigung der Sicherheit formuliert, was zu einem Produkt f\u00fchrte, das nicht brennbar ist und keinen Flammpunkt hat.<\/p>\n<p>Dieses Produkt gibt es auch in einer recycelten Version (aus recyceltem L\u00f6sungsmittel) unter dem Namen <strong>PROMOSOLV NEO A2 T<\/strong>.<\/p>\n<div style=\"font-family:Lato; color:#333;\">\n<div style=\"font-weight:bold; text-transform:uppercase; border-bottom:2px solid #9DBB2F; padding-bottom:6px; margin-bottom:10px;\">\n    SPEZIFIKATIONEN\n  <\/div>\n<table width=\"100%\" cellpadding=\"0\" cellspacing=\"0\" style=\"border-collapse:collapse; width:100%; max-width:100%;\">\n<tr>\n<th align=\"left\" style=\"background:#7A7A7A; color:#fff; padding:8px 12px; border:1px solid #BDBDBD;\">\n        SPEZIFIKATIONEN\n      <\/th>\n<th align=\"left\" style=\"background:#7A7A7A; color:#fff; padding:8px 12px; border:1px solid #BDBDBD;\">\n        WERTE\n      <\/th>\n<th align=\"left\" style=\"background:#7A7A7A; color:#fff; padding:8px 12px; border:1px solid #BDBDBD;\">\n        METHODEN\n      <\/th>\n<\/tr>\n<tr>\n<td style=\"padding:8px 12px; border:1px solid #BDBDBD;\">Aspekt<\/td>\n<td style=\"padding:8px 12px; border:1px solid #BDBDBD;\">Transparent, farblos<\/td>\n<td style=\"padding:8px 12px; border:1px solid #BDBDBD;\">Visuell<\/td>\n<\/tr>\n<tr style=\"background:#E6E6E6;\">\n<td style=\"padding:8px 12px; border:1px solid #BDBDBD;\">Reinheit (% Gewicht)<\/td>\n<td style=\"padding:8px 12px; border:1px solid #BDBDBD;\">99,5% \u00b1 0.5<\/td>\n<td style=\"padding:8px 12px; border:1px solid #BDBDBD;\">BRY-MO-121<\/td>\n<\/tr>\n<tr>\n<td style=\"padding:8px 12px; border:1px solid #BDBDBD;\">Isopropanol (%)<\/td>\n<td style=\"padding:8px 12px; border:1px solid #BDBDBD;\">5% \u00b1 0.5<\/td>\n<td style=\"padding:8px 12px; border:1px solid #BDBDBD;\">BRY-MO-121<\/td>\n<\/tr>\n<\/table>\n<\/div>\n<div style=\"font-family:Lato; color:#333; margin-top:30px;\">\n<div style=\"font-weight:bold; text-transform:uppercase; border-bottom:2px solid #9DBB2F; padding-bottom:6px; margin-bottom:10px;\">\n    KENNDATEN\n  <\/div>\n<table width=\"100%\" cellpadding=\"0\" cellspacing=\"0\" style=\"border-collapse:collapse; width:100%; max-width:100%;\">\n<tr>\n<th align=\"left\" style=\"background:#7A7A7A; color:#fff; padding:8px 12px; border:1px solid #BDBDBD;\">\n        KENNDATEN\n      <\/th>\n<th align=\"left\" style=\"background:#7A7A7A; color:#fff; padding:8px 12px; border:1px solid #BDBDBD;\">\n        WERTE\n      <\/th>\n<\/tr>\n<tr>\n<td style=\"padding:8px 12px; border:1px solid #BDBDBD;\">Dichte (g\/ml)<\/td>\n<td style=\"padding:8px 12px; border:1px solid #BDBDBD;\">1.32<\/td>\n<\/tr>\n<tr style=\"background:#E6E6E6;\">\n<td style=\"padding:8px 12px; border:1px solid #BDBDBD;\">Siedepunkt (\u00b0C\/\u00b0F)<\/td>\n<td style=\"padding:8px 12px; border:1px solid #BDBDBD;\">33\u00b0C\/91\u00b0F<\/td>\n<\/tr>\n<tr>\n<td style=\"padding:8px 12px; border:1px solid #BDBDBD;\">Gefrierpunkt (\u00b0C\/\u00b0F)<\/td>\n<td style=\"padding:8px 12px; border:1px solid #BDBDBD;\">-80\u00b0C\/-112\u00b0F<\/td>\n<\/tr>\n<tr style=\"background:#E6E6E6;\">\n<td style=\"padding:8px 12px; border:1px solid #BDBDBD;\">Flammpunkt<\/td>\n<td style=\"padding:8px 12px; border:1px solid #BDBDBD;\">Nein<\/td>\n<\/tr>\n<tr>\n<td style=\"padding:8px 12px; border:1px solid #BDBDBD;\">Oberfl\u00e4chenspannung (dyn\/cm)<\/td>\n<td style=\"padding:8px 12px; border:1px solid #BDBDBD;\">13.8<\/td>\n<\/tr>\n<tr style=\"background:#E6E6E6;\">\n<td style=\"padding:8px 12px; border:1px solid #BDBDBD;\">Dampfdruck (kPa bei 25\u00b0C\/77\u00b0F)<\/td>\n<td style=\"padding:8px 12px; border:1px solid #BDBDBD;\">76*<\/td>\n<\/tr>\n<tr>\n<td style=\"padding:8px 12px; border:1px solid #BDBDBD;\">Latente Verdampfungsw\u00e4rme (kJ\/kg bei Sp)<\/td>\n<td style=\"padding:8px 12px; border:1px solid #BDBDBD;\">175*<\/td>\n<\/tr>\n<tr style=\"background:#E6E6E6;\">\n<td style=\"padding:8px 12px; border:1px solid #BDBDBD;\">Spezifische W\u00e4rme (kJ\/Kg K @25\u00b0C\/77\u00b0F)<\/td>\n<td style=\"padding:8px 12px; border:1px solid #BDBDBD;\">1.34<\/td>\n<\/tr>\n<tr>\n<td style=\"padding:8px 12px; border:1px solid #BDBDBD;\">Viskosit\u00e4t (mPa.s bei 25\u00b0C\/77\u00b0F)<\/td>\n<td style=\"padding:8px 12px; border:1px solid #BDBDBD;\">0.4*<\/td>\n<\/tr>\n<\/table>\n<p style=\"font-style:italic; color:#555;\">* Theoretischer Wert, Analyse zur Best\u00e4tigung in Arbeit.<\/p>\n<\/div>\n","protected":false},"excerpt":{"rendered":"<ul>\n<li>Sp\u00fclfl\u00fcssigkeit f\u00fcr flussentfernungsvorg\u00e4nge<\/li>\n<li>L\u00f6sungsmittelprozesse<\/li>\n<li>Ultra-niedriges GWP<\/li>\n<\/ul>\n<p><a href=\"https:\/\/www.inventec.dehon.com\/wp-content\/uploads\/2024\/05\/gw-15.jpg\"><img decoding=\"async\" class=\"alignnone wp-image-16844\" src=\"https:\/\/www.inventec.dehon.com\/wp-content\/uploads\/2024\/05\/gw-15.jpg\" alt=\"\" width=\"271\" height=\"230\" \/><\/a><\/p>\n","protected":false},"featured_media":2277,"comment_status":"closed","ping_status":"closed","template":"","meta":{"_acf_changed":false,"inline_featured_image":false},"product_brand":[],"product_cat":[2861,411],"product_tag":[2485,4282,4768,4326,4185,4764,4370,2314,2484,1825,2483,4599,4466],"class_list":{"0":"post-16967","1":"product","2":"type-product","3":"status-publish","4":"has-post-thumbnail","6":"product_cat-losungsmittel-zum-spulen","7":"product_cat-reinigung","8":"product_tag-a2-de","9":"product_tag-co-losungsmittel","10":"product_tag-dampfphase","11":"product_tag-greenway","12":"product_tag-loesungsmittelbasierte-reinigungsfluessigkeiten","13":"product_tag-losungsmittelspulung","14":"product_tag-mono-losungsmittel","15":"product_tag-neo-de","16":"product_tag-neo-a2-de","17":"product_tag-promosolv-de","18":"product_tag-promosolv-neo-a2-de","19":"product_tag-recycelbar","20":"product_tag-ultra-niedriges-gwp","21":"pa_brand-promosolv-de-2","22":"pa_features-greenway","23":"pa_features-recycelbar","24":"pa_features-sehr-niedriges-gwp","25":"pa_processes-co-losungsmittel","26":"pa_processes-loesungsmittelspuelung","27":"pa_processes-mono-losungsmittel","28":"pa_product-category-loesungsmittelbasierte-reinigungsfluessigkeiten","30":"first","31":"instock","32":"shipping-taxable","33":"product-type-simple"},"acf":[],"_links":{"self":[{"href":"https:\/\/www.inventec.dehon.com\/de\/wp-json\/wp\/v2\/product\/16967","targetHints":{"allow":["GET"]}}],"collection":[{"href":"https:\/\/www.inventec.dehon.com\/de\/wp-json\/wp\/v2\/product"}],"about":[{"href":"https:\/\/www.inventec.dehon.com\/de\/wp-json\/wp\/v2\/types\/product"}],"replies":[{"embeddable":true,"href":"https:\/\/www.inventec.dehon.com\/de\/wp-json\/wp\/v2\/comments?post=16967"}],"wp:featuredmedia":[{"embeddable":true,"href":"https:\/\/www.inventec.dehon.com\/de\/wp-json\/wp\/v2\/media\/2277"}],"wp:attachment":[{"href":"https:\/\/www.inventec.dehon.com\/de\/wp-json\/wp\/v2\/media?parent=16967"}],"wp:term":[{"taxonomy":"product_brand","embeddable":true,"href":"https:\/\/www.inventec.dehon.com\/de\/wp-json\/wp\/v2\/product_brand?post=16967"},{"taxonomy":"product_cat","embeddable":true,"href":"https:\/\/www.inventec.dehon.com\/de\/wp-json\/wp\/v2\/product_cat?post=16967"},{"taxonomy":"product_tag","embeddable":true,"href":"https:\/\/www.inventec.dehon.com\/de\/wp-json\/wp\/v2\/product_tag?post=16967"}],"curies":[{"name":"wp","href":"https:\/\/api.w.org\/{rel}","templated":true}]}}