{"id":16963,"date":"2024-06-05T22:09:19","date_gmt":"2024-06-05T22:09:19","guid":{"rendered":"https:\/\/www.inventec.dehon.com\/?post_type=product&#038;p=16963"},"modified":"2026-01-29T10:54:14","modified_gmt":"2026-01-29T09:54:14","slug":"promosolv-70is-dt","status":"publish","type":"product","link":"https:\/\/www.inventec.dehon.com\/de\/product\/promosolv-70is-dt\/","title":{"rendered":"PROMOSOLV 70IS DT"},"content":{"rendered":"<p><img decoding=\"async\" src=\"https:\/\/www.inventec.dehon.com\/wp-content\/uploads\/2021\/03\/PROMOSOLV-drum-colorless-Ecoprog-600x600.png\" alt=\"PROMOSOLV 70IS DT\" class=\"responsive-img\" align=\"right\" style=\"border-radius:10px; margin-bottom:10px; margin-top:-10px; margin-left:15px; width:300px\" \/><\/p>\n<h2 style=\"color: #9bc947; margin-bottom: 15px;\">Reinigung von Flussmitteln und Verunreinigungen von Leiterplatten (PCBs)<\/h2>\n<ul>\n<li>Entfernung von flussmittelr\u00fcckst\u00e4nden<\/li>\n<li>Dampfphasenprozess<\/li>\n<li>F\u00fcr hartn\u00e4ckige flussmittelr\u00fcckst\u00e4nde<\/li>\n<\/ul>\n<h5>PROMOSOLV 70IS DT<\/h5>\n<p>Hat \u00c4hnlichkeiten mit <strong>PROMOSOLV 70IS<\/strong>, ist jedoch mit dem Additiv <strong>PROMOSOLV AD70<\/strong> formuliert, um hartn\u00e4ckigste Flussmittelr\u00fcckst\u00e4nde zu beseitigen und so die Reinigungswirkung zu erh\u00f6hen. Ausschlie\u00dflich zur Verwendung im Reinigungstank. Sp\u00fclung mit <strong>PROMOSOLV 70IS<\/strong> ist erforderlich.<\/p>\n<p>Aufgrund seiner speziellen Formulierung mit Isopropanol ist es im Vergleich zu Formulierungen mit Ethanol weniger anf\u00e4llig f\u00fcr Wasseraufnahme, wodurch das Produkt besser f\u00fcr Umgebungen mit hoher Luftfeuchtigkeit geeignet ist.<\/p>\n<p>Es eignet sich zum Entfernen von Flussmittelr\u00fcckst\u00e4nden und anderen Verunreinigungen auf PCBAs, Leistungsmodulen, Leadframes, BGAs, PoP, SIP-Anwendungen oder LED-Baugruppen. Seine niedrige Oberfl\u00e4chenspannung erm\u00f6glicht eine sehr gute Reinigung und Sp\u00fclung unter Bauteilen mit geringem Abstand und an schwer zug\u00e4nglichen Stellen. Es ist sehr gut mit allen Metallen kompatibel, auch mit sehr empfindlichen, und auch mit den meisten Kunststoffen und Elastomeren. Es wird jedoch empfohlen, es vor der Verwendung zu validieren.<\/p>\n<p><strong>PROMOSOLV 70IS DT<\/strong> wurde unter Sicherheitsaspekten formuliert. Seine Zusammensetzung sorgt f\u00fcr ausgezeichnete Ent-flammbarkeitshemmung, die eine sehr hohe Stabilit\u00e4t bei Verwendung in einer Anlage bieted. Einige auf dem Markt erh\u00e4ltliche Produkte k\u00f6nnen ihre flammhemmende Wirkung durch Verdampfen verlieren, wenn sie in einer Anlage eingesetzt werden.<\/p>\n<p><!-- SPECIFICATIONS Section --><\/p>\n<div style=\"font-weight:bold; text-transform:uppercase; border-bottom:2px solid #9DBB2F; padding-bottom:6px; margin-bottom:10px;\">\n  SPEZIFIKATIONEN\n<\/div>\n<table width=\"100%\" cellpadding=\"0\" cellspacing=\"0\" style=\"border-collapse:collapse; width:100%; max-width:100%;\">\n<tr>\n<th align=\"left\" style=\"background:#7A7A7A; color:#fff; padding:8px 12px; border:1px solid #BDBDBD;\">SPEZIFIKATIONEN<\/th>\n<th align=\"left\" style=\"background:#7A7A7A; color:#fff; padding:8px 12px; border:1px solid #BDBDBD;\">WERTE<\/th>\n<th align=\"left\" style=\"background:#7A7A7A; color:#fff; padding:8px 12px; border:1px solid #BDBDBD;\">METHODEN<\/th>\n<\/tr>\n<tr>\n<td style=\"padding:8px 12px; border:1px solid #BDBDBD;\">Aspekt<\/td>\n<td style=\"padding:8px 12px; border:1px solid #BDBDBD;\">Farblos, klar<\/td>\n<td style=\"padding:8px 12px; border:1px solid #BDBDBD;\">Visuell<\/td>\n<\/tr>\n<tr style=\"background:#E6E6E6;\">\n<td style=\"padding:8px 12px; border:1px solid #BDBDBD;\">Reinheit (% Gewicht)<\/td>\n<td style=\"padding:8px 12px; border:1px solid #BDBDBD;\">&gt;99.5<\/td>\n<td style=\"padding:8px 12px; border:1px solid #BDBDBD;\">Intern \/ MO.SB.10033<\/td>\n<\/tr>\n<tr>\n<td style=\"padding:8px 12px; border:1px solid #BDBDBD;\">Isopropanol (Gew.-%)<\/td>\n<td style=\"padding:8px 12px; border:1px solid #BDBDBD;\">&lt;3<\/td>\n<td style=\"padding:8px 12px; border:1px solid #BDBDBD;\">Intern \/ MO.SB.10033<\/td>\n<\/tr>\n<\/table>\n<p><!-- CHARACTERISTICS Section --><\/p>\n<div style=\"font-weight:bold; text-transform:uppercase; border-bottom:2px solid #9DBB2F; padding-bottom:6px; margin:30px 0 10px 0;\">\n  KENNDATEN\n<\/div>\n<table width=\"100%\" cellpadding=\"0\" cellspacing=\"0\" style=\"border-collapse:collapse; width:100%; max-width:100%;\">\n<tr>\n<th align=\"left\" style=\"background:#7A7A7A; color:#fff; padding:8px 12px; border:1px solid #BDBDBD;\">KENNDATEN<\/th>\n<th align=\"left\" style=\"background:#7A7A7A; color:#fff; padding:8px 12px; border:1px solid #BDBDBD;\">WERTE<\/th>\n<\/tr>\n<tr>\n<td style=\"padding:8px 12px; border:1px solid #BDBDBD;\">Siedepunkt (\u00b0C\/\u00b0F)<\/td>\n<td style=\"padding:8px 12px; border:1px solid #BDBDBD;\">44 \/ 111<\/td>\n<\/tr>\n<tr style=\"background:#E6E6E6;\">\n<td style=\"padding:8px 12px; border:1px solid #BDBDBD;\">Oberfl\u00e4chenspannung (dyn \/ cm @20\u00b0C)<\/td>\n<td style=\"padding:8px 12px; border:1px solid #BDBDBD;\">14<\/td>\n<\/tr>\n<tr>\n<td style=\"padding:8px 12px; border:1px solid #BDBDBD;\">Flammpunkt<\/td>\n<td style=\"padding:8px 12px; border:1px solid #BDBDBD;\">Keine<\/td>\n<\/tr>\n<tr style=\"background:#E6E6E6;\">\n<td style=\"padding:8px 12px; border:1px solid #BDBDBD;\">Dichte (g\/cm3 @ 20\u00b0C)<\/td>\n<td style=\"padding:8px 12px; border:1px solid #BDBDBD;\">1.25<\/td>\n<\/tr>\n<tr>\n<td style=\"padding:8px 12px; border:1px solid #BDBDBD;\">Dynamische Viskosit\u00e4t (mPa.s @ 20\u00b0C)<\/td>\n<td style=\"padding:8px 12px; border:1px solid #BDBDBD;\">0.50<\/td>\n<\/tr>\n<tr style=\"background:#E6E6E6;\">\n<td style=\"padding:8px 12px; border:1px solid #BDBDBD;\">Dampfdruck (kPa @20\u00b0C)<\/td>\n<td style=\"padding:8px 12px; border:1px solid #BDBDBD;\">65<\/td>\n<\/tr>\n<\/table>\n","protected":false},"excerpt":{"rendered":"<ul>\n<li>Entfernung von flussmittelr\u00fcckst\u00e4nden<\/li>\n<li>Dampfphasenprozess<\/li>\n<li>F\u00fcr hartn\u00e4ckige flussmittelr\u00fcckst\u00e4nde<\/li>\n<\/ul>\n<p><a href=\"https:\/\/www.inventec.dehon.com\/wp-content\/uploads\/2021\/04\/GW-Score-40.png\"><img decoding=\"async\" class=\"alignnone size-full wp-image-15225\" src=\"https:\/\/www.inventec.dehon.com\/wp-content\/uploads\/2021\/04\/GW-Score-40.png\" alt=\"\" width=\"278\" height=\"236\" \/><\/a><\/p>\n","protected":false},"featured_media":2277,"comment_status":"closed","ping_status":"closed","template":"","meta":{"_acf_changed":false,"inline_featured_image":false},"product_brand":[],"product_cat":[411,2855],"product_tag":[2474,2659,4278,4768,2660,4286,4318,547,4185,4370,1825,2658,4599],"class_list":{"0":"post-16963","1":"product","2":"type-product","3":"status-publish","4":"has-post-thumbnail","6":"industries-komfort-fahrhilfe-adas","7":"industries-medizinische-gerate-scanner","8":"product_cat-reinigung","9":"product_cat-reinigung-und-flussmittelentfernung-von-leiterplatten","10":"product_tag-70is-de","11":"product_tag-70is-dt-de","12":"product_tag-beschichtungen-de","13":"product_tag-dampfphase","14":"product_tag-dt-de","15":"product_tag-flussmittelentfernung-de","16":"product_tag-klebstoff","17":"product_tag-losungsmittel","18":"product_tag-loesungsmittelbasierte-reinigungsfluessigkeiten","19":"product_tag-mono-losungsmittel","20":"product_tag-promosolv-de","21":"product_tag-promosolv-70is-dt-de","22":"product_tag-recycelbar","23":"pa_application-flussmittelentfernung","24":"pa_application-kleber-beschichtungen","25":"pa_brand-promosolv-de-2","26":"pa_features-recycelbar","27":"pa_processes-mono-losungsmittel","28":"pa_product-category-loesungsmittelbasierte-reinigungsfluessigkeiten","30":"first","31":"instock","32":"shipping-taxable","33":"product-type-simple"},"acf":[],"_links":{"self":[{"href":"https:\/\/www.inventec.dehon.com\/de\/wp-json\/wp\/v2\/product\/16963","targetHints":{"allow":["GET"]}}],"collection":[{"href":"https:\/\/www.inventec.dehon.com\/de\/wp-json\/wp\/v2\/product"}],"about":[{"href":"https:\/\/www.inventec.dehon.com\/de\/wp-json\/wp\/v2\/types\/product"}],"replies":[{"embeddable":true,"href":"https:\/\/www.inventec.dehon.com\/de\/wp-json\/wp\/v2\/comments?post=16963"}],"wp:featuredmedia":[{"embeddable":true,"href":"https:\/\/www.inventec.dehon.com\/de\/wp-json\/wp\/v2\/media\/2277"}],"wp:attachment":[{"href":"https:\/\/www.inventec.dehon.com\/de\/wp-json\/wp\/v2\/media?parent=16963"}],"wp:term":[{"taxonomy":"product_brand","embeddable":true,"href":"https:\/\/www.inventec.dehon.com\/de\/wp-json\/wp\/v2\/product_brand?post=16963"},{"taxonomy":"product_cat","embeddable":true,"href":"https:\/\/www.inventec.dehon.com\/de\/wp-json\/wp\/v2\/product_cat?post=16963"},{"taxonomy":"product_tag","embeddable":true,"href":"https:\/\/www.inventec.dehon.com\/de\/wp-json\/wp\/v2\/product_tag?post=16963"}],"curies":[{"name":"wp","href":"https:\/\/api.w.org\/{rel}","templated":true}]}}